{"id":143,"date":"2023-06-05T15:04:05","date_gmt":"2023-06-05T15:04:05","guid":{"rendered":"https:\/\/www.q-bital.com\/?page_id=143"},"modified":"2024-07-08T09:56:12","modified_gmt":"2024-07-08T09:56:12","slug":"careers","status":"publish","type":"page","link":"https:\/\/www.q-bital.com\/is_is\/careers\/","title":{"rendered":"Starfsferill"},"content":{"rendered":"<section id=\"section-2-14\" class=\"ct-section\" >\n<div class=\"ct-section-inner-wrap\">\n<div id=\"new_columns-3-14\" class=\"ct-new-columns\" >\n<div id=\"div_block-4-14\" class=\"ct-div-block\" >\n<div id=\"div_block-21-223\" class=\"ct-div-block\" ><a id=\"link_text-13-223\" class=\"ct-link-text\" href=\"\/is_is\/\" target=\"_self\"  >Heim<\/a><a id=\"link_text-25-223\" class=\"ct-link-text\" href=\"http:\/\/\" target=\"_self\"  >&gt;<\/a><\/p>\n<div id=\"text_block-26-223\" class=\"ct-text-block\" ><span id=\"span-27-223\" class=\"ct-span\" >Starfsferill<\/span><\/div>\n<\/div>\n<div id=\"div_block-17-223\" class=\"ct-div-block\" >\n<h1 id=\"headline-5-14\" class=\"ct-headline\">Okkar f\u00f3lk<\/h1>\n<\/div>\n<\/div>\n<div id=\"div_block-9-14\" class=\"ct-div-block\" ><link rel='stylesheet' id='oxygen-unslider-css'  href='https:\/\/www.q-bital.com\/wp-content\/plugins\/oxygen\/component-framework\/vendor\/unslider\/unslider.css' type='text\/css' media='all'\/>\n<div id=\"slider-88-14\" class=\"ct-slider ct_unique_slider_6845\" >\n<div class=\"oxygen-unslider-container\">\n<ul>\n<li>\n<div id=\"slide-89-14\" class=\"ct-slide\" ><img decoding=\"async\"  id=\"image-96-14\" alt=\"\" src=\"https:\/\/www.q-bital.com\/wp-content\/uploads\/sites\/8\/legacy\/2023\/07\/IMG_6125_Adjusted-scaled.jpg\" class=\"ct-image\"\/><\/div>\n<\/li>\n<li>\n<div id=\"slide-101-14\" class=\"ct-slide\" ><img decoding=\"async\"  id=\"image-102-14\" alt=\"\" src=\"https:\/\/www.q-bital.com\/wp-content\/uploads\/sites\/8\/2023\/09\/Q-bital_people_sq.jpg\" class=\"ct-image\"\/><\/div>\n<\/li>\n<\/ul>\n<\/div>\n<\/div>\n<p><script class=\"ct-slider-script\">jQuery(document).ready(function($){$('#slider-88-14.ct_unique_slider_6845 .oxygen-unslider-container:not(.unslider-horizontal,.unslider-fade)').unslider({autoplay: true, delay: 3000, animation: 'horizontal', speed : 750, arrows: true, nav: false, infinite: true})});<\/script><\/div>\n<\/div>\n<\/div>\n<\/section>\n<section id=\"section-68-14-text-left-white\" class=\"ct-section\" >\n<div class=\"ct-section-inner-wrap\">\n<div id=\"new_columns-69-14text-left-white\" class=\"ct-new-columns\" >\n<div id=\"div_block-70-14\" class=\"ct-div-block\" >\n<h2 id=\"headline-71-14\" class=\"ct-headline\">Hvernig \u00fea\u00f0 er a\u00f0 vinna fyrir okkur<\/h2>\n<div id=\"_rich_text-72-14\" class=\"oxy-rich-text\" >\n<p dir=\"ltr\">Vi\u00f0 metum f\u00f3lki\u00f0 okkar og veitum stu\u00f0ningsumhverfi svo \u00fea\u00f0 geti bl\u00f3mstra\u00f0.&nbsp;<\/p>\n<p dir=\"ltr\">Vi\u00f0 h\u00f6fum haldi\u00f0 \u00e1fram a\u00f0 vinna sveigjanlega fr\u00e1 heimsfaraldrinum og vi\u00f0urkennum hi\u00f0 j\u00e1kv\u00e6\u00f0a jafnv\u00e6gi \u00ed blendingavinnu fyrir m\u00f6rg af okkar hef\u00f0bundnu skrifstofutengdu stu\u00f0ningshlutverkum.<\/p>\n<p dir=\"ltr\">Vi\u00f0 erum stu\u00f0nings- og umhyggjus\u00f6m teymi og h\u00f6fum \u00fej\u00e1lfa\u00f0 skyndihj\u00e1lparf\u00f3lk \u00ed ge\u00f0heilbrig\u00f0ism\u00e1lum \u00ed h\u00f3pi starfsmanna okkar og \u00fdmsa kosti sem sty\u00f0ja vell\u00ed\u00f0an okkar.<\/p>\n<p dir=\"ltr\">Vi\u00f0 elskum a\u00f0 l\u00e6ra og sty\u00f0ja vi\u00f0 \u00fer\u00f3un \u00fevert \u00e1 fyrirt\u00e6ki\u00f0. Vi\u00f0 veitum endurgrei\u00f0slur fyrir faga\u00f0ild \u00e1 hverju \u00e1ri og sty\u00f0jum marga li\u00f0smenn okkar me\u00f0 fagn\u00e1mi sem hluta af starfs\u00fer\u00f3un \u00feeirra.&nbsp;<\/p>\n<p dir=\"ltr\">Me\u00f0 \u00f6rt st\u00e6kkandi teymi yfir 150 samstarfsmanna \u00e1 al\u00fej\u00f3\u00f0avettvangi, skilgreina gildi okkar hvernig vi\u00f0 eigum vi\u00f0skipti vi\u00f0 vi\u00f0skiptavini okkar, innra og ytra: Sj\u00faklingami\u00f0a\u00f0; N\u00fdst\u00e1rlegt; M\u00f3tt\u00e6kilegur; \u00c1str\u00ed\u00f0ufullur; H\u00f3pvinna.<\/p>\n<p dir=\"ltr\"><span id=\"docs-internal-guid-a22cdb77-7fff-d4c5-d8e3-ee58dff0a232\">Ni\u00f0urst\u00f6\u00f0ur \u00fe\u00e1ttt\u00f6kuk\u00f6nnunar okkar \u00e1ri\u00f0 2023 s\u00fdna fram \u00e1 skuldbindingu okkar vi\u00f0 f\u00f3lki\u00f0 okkar, me\u00f0 82% j\u00e1kv\u00e6\u00f0ri \u00fe\u00e1ttt\u00f6ku \u00ed fyrirt\u00e6kinu og mikilli \u00fe\u00e1ttt\u00f6ku hj\u00e1 Q-bital starfsmannah\u00f3pum okkar.<\/span><\/p>\n<\/div>\n<\/div>\n<div id=\"div_block-74-14\" class=\"ct-div-block\" ><img decoding=\"async\"  id=\"image-75-14\" alt=\"\" src=\"https:\/\/www.q-bital.com\/wp-content\/uploads\/sites\/8\/2023\/09\/Q-bital_people_in_warehouse-1024x683.jpg\" class=\"ct-image\"\/><\/div>\n<\/div>\n<\/div>\n<\/section>\n<section id=\"section-2-802\" class=\"ct-section\" style=\"background-image:linear-gradient(rgba(0,73,131,0.73), rgba(0,73,131,0.73)), url(https:\/\/www.q-bital.com\/wp-content\/uploads\/sites\/8\/2023\/05\/boulders-right.png);background-size:auto,  auto;\" >\n<div class=\"ct-section-inner-wrap\">\n<div id=\"div_block-3-802\" class=\"ct-div-block\" >\n<div id=\"text_block-5-802\" class=\"ct-text-block\" >Framt\u00ed\u00f0ars\u00fdn okkar f\u00f3lks er:<\/div>\n<div id=\"_rich_text-4-802\" class=\"oxy-rich-text\" >\n<p><span id=\"docs-internal-guid-93af1b13-7fff-9522-9323-019a14bd4d7e\">Til a\u00f0 gera f\u00f3lki okkar kleift a\u00f0 n\u00e1 fram\u00farskarandi \u00e1rangri. \u00deetta gerum vi\u00f0 me\u00f0 \u00fev\u00ed a\u00f0 b\u00faa til kraftmiki\u00f0 og lipurt teymi, studd af ekta og sam\u00fa\u00f0arfullri forystu og veita umhverfi fyrir v\u00f6xt \u00e1n a\u00f0greiningar.<\/span><\/p>\n<\/div>\n<\/div>\n<\/div>\n<\/section>\n<section id=\"text-left-blue\" class=\"ct-section\" >\n<div class=\"ct-section-inner-wrap\">\n<div id=\"new_columns-107-34-blue\" class=\"ct-new-columns\" >\n<div id=\"div_block-108-34\" class=\"ct-div-block\" >\n<h2 id=\"headline-109-34\" class=\"ct-headline\">Kostir okkar<\/h2>\n<div id=\"_rich_text-110-34\" class=\"oxy-rich-text\" >\n<p dir=\"ltr\">Vi\u00f0 bj\u00f3\u00f0um upp \u00e1 samkeppnish\u00e6fa launapakka sem endurspegla al\u00fej\u00f3\u00f0lega sta\u00f0setningar okkar.<\/p>\n<p dir=\"ltr\">Vi\u00f0 \u00feekkjum f\u00f3lki\u00f0 okkar reglulega me\u00f0 eftirfarandi vi\u00f0urkenningara\u00f0ger\u00f0um:<\/p>\n<ul>\n<li dir=\"ltr\">\n<p dir=\"ltr\" role=\"presentation\">Q-bital gildi ver\u00f0laun<\/p>\n<\/li>\n<li dir=\"ltr\">\n<p dir=\"ltr\" role=\"presentation\">Starfsmannah\u00e1t\u00ed\u00f0arvi\u00f0bur\u00f0ir<\/p>\n<\/li>\n<\/ul>\n<\/div>\n<\/div>\n<div id=\"div_block-112-34\" class=\"ct-div-block\" ><img decoding=\"async\"  id=\"image-113-34\" alt=\"\" src=\"https:\/\/www.q-bital.com\/wp-content\/uploads\/sites\/8\/2024\/07\/processed-3F837750-D17D-4E3D-BECD-0872DB208850-9AEB91D2-A4ED-4D67-977D-CCC0E54EAE2F-scaled.jpeg\" class=\"ct-image\"\/><\/div>\n<\/div>\n<\/div>\n<\/section>\n<section id=\"section-68-14-text-left-white\" class=\"ct-section\" >\n<div class=\"ct-section-inner-wrap\">\n<div id=\"new_columns-69-14text-left-white\" class=\"ct-new-columns\" >\n<div id=\"div_block-70-14\" class=\"ct-div-block\" >\n<h2 id=\"headline-71-14\" class=\"ct-headline\">Gildi okkar<\/h2>\n<div id=\"_rich_text-72-14\" class=\"oxy-rich-text\" >\n<p dir=\"ltr\">Valin af starfsm\u00f6nnum okkar, gildin okkar liggja til grundvallar \u00f6llu sem vi\u00f0 gerum.<\/p>\n<p dir=\"ltr\">Vi\u00f0 afhendum kl\u00edn\u00edska innvi\u00f0i og \u00feekkingu me\u00f0 \u00feeim hra\u00f0a sem \u00fearf til a\u00f0 auka afkastagetu, stj\u00f3rna kl\u00edn\u00edsku ferlinum og veita samfellda sj\u00faklingami\u00f0a\u00f0a um\u00f6nnun.<\/p>\n<p dir=\"ltr\">Gildin voru \u00e1kve\u00f0in me\u00f0 samr\u00e1\u00f0s\u00e1\u00e6tlun sem f\u00f3l \u00ed s\u00e9r \u00fe\u00e1ttt\u00f6ku alls li\u00f0sins okkar. Vi\u00f0 erum sta\u00f0r\u00e1\u00f0in \u00ed a\u00f0 standa fyrir \u00feessi gildi me\u00f0 ferlum s\u00ednum, v\u00f6rum, \u00fej\u00f3nustu og samskiptum vi\u00f0 b\u00e6\u00f0i innri og ytri vi\u00f0skiptavini.<\/p>\n<p dir=\"ltr\">Gildin h\u00e9r a\u00f0 ne\u00f0an voru valin me\u00f0 samst\u00f6\u00f0u. \u00deeir l\u00fdsa best hvernig vi\u00f0 tryggjum g\u00e6\u00f0i og ver\u00f0m\u00e6ti til utana\u00f0komandi hagsmunaa\u00f0ila og til brei\u00f0ari samf\u00e9lags sj\u00faklinga sem vi\u00f0 \u00fej\u00f3num.<\/p>\n<\/div>\n<\/div>\n<div id=\"div_block-74-14\" class=\"ct-div-block\" ><img decoding=\"async\"  id=\"image-75-14\" alt=\"\" src=\"https:\/\/www.q-bital.com\/wp-content\/uploads\/sites\/8\/2023\/09\/Q-bital_image-1024x683.jpg\" class=\"ct-image\"\/><\/div>\n<\/div>\n<\/div>\n<\/section>\n<section id=\"section-2-149\" class=\"ct-section\" >\n<div class=\"ct-section-inner-wrap\">\n<div id=\"div_block-5-149\" class=\"ct-div-block\" >\n<div id=\"div_block-10-149\" class=\"ct-div-block\" ><img decoding=\"async\"  id=\"image-11-149\" alt=\"Passionate\" src=\"https:\/\/www.q-bital.com\/wp-content\/uploads\/sites\/8\/2023\/06\/passionate.png\" class=\"ct-image\"\/><\/p>\n<div id=\"text_block-12-149\" class=\"ct-text-block\" >\u00c1str\u00ed\u00f0ufullur<\/div>\n<\/div>\n<\/div>\n<div id=\"div_block-6-149\" class=\"ct-div-block\" >\n<div id=\"div_block-13-149\" class=\"ct-div-block\" ><img decoding=\"async\"  id=\"image-14-149\" alt=\"Patient focussed\" src=\"https:\/\/www.q-bital.com\/wp-content\/uploads\/sites\/8\/2023\/06\/patient-focussed.png\" class=\"ct-image\"\/><\/p>\n<div id=\"text_block-15-149\" class=\"ct-text-block\" >Sj\u00faklingami\u00f0u\u00f0<\/div>\n<\/div>\n<\/div>\n<div id=\"div_block-7-149\" class=\"ct-div-block\" >\n<div id=\"div_block-17-149\" class=\"ct-div-block\" ><img decoding=\"async\"  id=\"image-18-149\" alt=\"Responsive\" src=\"https:\/\/www.q-bital.com\/wp-content\/uploads\/sites\/8\/2023\/06\/responsive.png\" class=\"ct-image\"\/><\/p>\n<div id=\"text_block-19-149\" class=\"ct-text-block\" >M\u00f3tt\u00e6kilegur<\/div>\n<\/div>\n<\/div>\n<div id=\"div_block-8-149\" class=\"ct-div-block\" >\n<div id=\"div_block-21-149\" class=\"ct-div-block\" ><img decoding=\"async\"  id=\"image-22-149\" alt=\"Teamwork\" src=\"https:\/\/www.q-bital.com\/wp-content\/uploads\/sites\/8\/2023\/06\/teamwork.png\" class=\"ct-image\"\/><\/p>\n<div id=\"text_block-23-149\" class=\"ct-text-block\" >H\u00f3pvinna<\/div>\n<\/div>\n<\/div>\n<div id=\"div_block-9-149\" class=\"ct-div-block\" >\n<div id=\"div_block-25-149\" class=\"ct-div-block\" ><img decoding=\"async\"  id=\"image-26-149\" alt=\"Innovative\" src=\"https:\/\/www.q-bital.com\/wp-content\/uploads\/sites\/8\/2023\/06\/innovative.png\" class=\"ct-image\"\/><\/p>\n<div id=\"text_block-27-149\" class=\"ct-text-block\" >N\u00fdst\u00e1rlegt<\/div>\n<\/div>\n<\/div>\n<\/div>\n<\/section>\n<section id=\"section-132-34\" class=\"ct-section\" >\n<div class=\"ct-section-inner-wrap\">\n<div id=\"new_columns-133-34\" class=\"ct-new-columns\" >\n<div id=\"div_block-138-34\" class=\"ct-div-block\" ><img decoding=\"async\"  id=\"image-139-34\" alt=\"\" src=\"https:\/\/www.q-bital.com\/wp-content\/uploads\/sites\/8\/2023\/09\/careers.jpg\" class=\"ct-image\"\/><\/div>\n<div id=\"div_block-134-34\" class=\"ct-div-block\" >\n<h2 id=\"headline-135-34\" class=\"ct-headline\">Finndu starfsferil \u00feinn<\/h2>\n<div id=\"_rich_text-136-34\" class=\"oxy-rich-text\" >\n<p dir=\"ltr\">Vi\u00f0 h\u00f6fum margv\u00edsleg t\u00e6kif\u00e6ri til a\u00f0 vera me\u00f0 okkur \u00e1 spennandi fer\u00f0alagi okkar \u00feegar vi\u00f0 f\u00f6rum inn \u00ed n\u00e6sta \u00e1fanga framt\u00ed\u00f0ar okkar \u00ed a\u00f0 skila vaxtarmetna\u00f0i okkar.&nbsp;<\/p>\n<p dir=\"ltr\">Vi\u00f0 n\u00e1um markmi\u00f0um okkar me\u00f0 \u00fev\u00ed a\u00f0 vinna saman sem teymi sem samr\u00e6mist gildum okkar.<\/p>\n<p dir=\"ltr\">Vi\u00f0 leggjum metna\u00f0 okkar \u00ed a\u00f0 hafa fj\u00f6lbreyttan og innifalinn vinnusta\u00f0 og hvetjum eindregi\u00f0 h\u00e6fa ums\u00e6kjendur me\u00f0 fj\u00f6lbreyttan bakgrunn til a\u00f0 s\u00e6kja um a\u00f0 sl\u00e1st \u00ed h\u00f3pinn okkar.&nbsp;<\/p>\n<p dir=\"ltr\">Til a\u00f0 vera gjaldgengur \u00ed \u00feau st\u00f6rf sem augl\u00fdst eru \u00fearftu a\u00f0 hafa r\u00e9ttindi til a\u00f0 starfa \u00ed vi\u00f0komandi landi.<\/p>\n<\/div>\n<\/div>\n<\/div>\n<\/div>\n<\/section>","protected":false},"excerpt":{"rendered":"","protected":false},"author":2,"featured_media":0,"parent":0,"menu_order":0,"comment_status":"closed","ping_status":"closed","template":"","meta":{"_acf_changed":false,"footnotes":""},"class_list":["post-143","page","type-page","status-publish","hentry"],"acf":[],"yoast_head":"<!-- This site is optimized with the Yoast SEO plugin v27.3 - https:\/\/yoast.com\/product\/yoast-seo-wordpress\/ -->\n<title>Careers - Q-bital Healthcare Solutions<\/title>\n<meta name=\"robots\" content=\"index, follow, max-snippet:-1, max-image-preview:large, max-video-preview:-1\" \/>\n<link rel=\"canonical\" href=\"https:\/\/www.q-bital.com\/is_is\/careers\/\" \/>\n<meta property=\"og:locale\" content=\"is_IS\" \/>\n<meta property=\"og:type\" content=\"article\" \/>\n<meta property=\"og:title\" content=\"Careers - Q-bital Healthcare Solutions\" \/>\n<meta property=\"og:url\" content=\"https:\/\/www.q-bital.com\/is_is\/careers\/\" \/>\n<meta property=\"og:site_name\" content=\"Q-bital Healthcare Solutions\" \/>\n<meta property=\"article:modified_time\" content=\"2024-07-08T09:56:12+00:00\" \/>\n<meta name=\"twitter:card\" content=\"summary_large_image\" \/>\n<meta name=\"twitter:label1\" content=\"Est. reading time\" \/>\n\t<meta name=\"twitter:data1\" content=\"1 minute\" \/>\n<script type=\"application\/ld+json\" class=\"yoast-schema-graph\">{\"@context\":\"https:\\\/\\\/schema.org\",\"@graph\":[{\"@type\":\"WebPage\",\"@id\":\"https:\\\/\\\/www.q-bital.com\\\/careers\\\/\",\"url\":\"https:\\\/\\\/www.q-bital.com\\\/careers\\\/\",\"name\":\"Careers - Q-bital Healthcare Solutions\",\"isPartOf\":{\"@id\":\"https:\\\/\\\/www.q-bital.com\\\/#website\"},\"datePublished\":\"2023-06-05T15:04:05+00:00\",\"dateModified\":\"2024-07-08T09:56:12+00:00\",\"inLanguage\":\"is\",\"potentialAction\":[{\"@type\":\"ReadAction\",\"target\":[\"https:\\\/\\\/www.q-bital.com\\\/careers\\\/\"]}]},{\"@type\":\"WebSite\",\"@id\":\"https:\\\/\\\/www.q-bital.com\\\/#website\",\"url\":\"https:\\\/\\\/www.q-bital.com\\\/\",\"name\":\"Q-bital Healthcare Solutions\",\"description\":\"\",\"potentialAction\":[{\"@type\":\"SearchAction\",\"target\":{\"@type\":\"EntryPoint\",\"urlTemplate\":\"https:\\\/\\\/www.q-bital.com\\\/?s={search_term_string}\"},\"query-input\":{\"@type\":\"PropertyValueSpecification\",\"valueRequired\":true,\"valueName\":\"search_term_string\"}}],\"inLanguage\":\"is\"}]}<\/script>\n<!-- \/ Yoast SEO plugin. -->","yoast_head_json":{"title":"Atvinnut\u00e6kif\u00e6ri - Q-bital heilbrig\u00f0islausnir","robots":{"index":"index","follow":"follow","max-snippet":"max-snippet:-1","max-image-preview":"max-image-preview:large","max-video-preview":"max-video-preview:-1"},"canonical":"https:\/\/www.q-bital.com\/is_is\/careers\/","og_locale":"is_IS","og_type":"article","og_title":"Careers - Q-bital Healthcare Solutions","og_url":"https:\/\/www.q-bital.com\/is_is\/careers\/","og_site_name":"Q-bital Healthcare Solutions","article_modified_time":"2024-07-08T09:56:12+00:00","twitter_card":"summary_large_image","twitter_misc":{"Est. reading time":"1 minute"},"schema":{"@context":"https:\/\/schema.org","@graph":[{"@type":"WebPage","@id":"https:\/\/www.q-bital.com\/careers\/","url":"https:\/\/www.q-bital.com\/careers\/","name":"Atvinnut\u00e6kif\u00e6ri - Q-bital heilbrig\u00f0islausnir","isPartOf":{"@id":"https:\/\/www.q-bital.com\/#website"},"datePublished":"2023-06-05T15:04:05+00:00","dateModified":"2024-07-08T09:56:12+00:00","inLanguage":"is","potentialAction":[{"@type":"ReadAction","target":["https:\/\/www.q-bital.com\/careers\/"]}]},{"@type":"WebSite","@id":"https:\/\/www.q-bital.com\/#website","url":"https:\/\/www.q-bital.com\/","name":"Q-bital Healthcare Solutions","description":"","potentialAction":[{"@type":"SearchAction","target":{"@type":"EntryPoint","urlTemplate":"https:\/\/www.q-bital.com\/?s={search_term_string}"},"query-input":{"@type":"PropertyValueSpecification","valueRequired":true,"valueName":"search_term_string"}}],"inLanguage":"is"}]}},"_links":{"self":[{"href":"https:\/\/www.q-bital.com\/is_is\/wp-json\/wp\/v2\/pages\/143","targetHints":{"allow":["GET"]}}],"collection":[{"href":"https:\/\/www.q-bital.com\/is_is\/wp-json\/wp\/v2\/pages"}],"about":[{"href":"https:\/\/www.q-bital.com\/is_is\/wp-json\/wp\/v2\/types\/page"}],"author":[{"embeddable":true,"href":"https:\/\/www.q-bital.com\/is_is\/wp-json\/wp\/v2\/users\/2"}],"replies":[{"embeddable":true,"href":"https:\/\/www.q-bital.com\/is_is\/wp-json\/wp\/v2\/comments?post=143"}],"version-history":[{"count":0,"href":"https:\/\/www.q-bital.com\/is_is\/wp-json\/wp\/v2\/pages\/143\/revisions"}],"wp:attachment":[{"href":"https:\/\/www.q-bital.com\/is_is\/wp-json\/wp\/v2\/media?parent=143"}],"curies":[{"name":"wp","href":"https:\/\/api.w.org\/{rel}","templated":true}]}}