{"id":209,"date":"2023-06-14T14:38:36","date_gmt":"2023-06-14T14:38:36","guid":{"rendered":"https:\/\/www.q-bital.com\/?page_id=209"},"modified":"2023-08-30T15:11:30","modified_gmt":"2023-08-30T15:11:30","slug":"environment","status":"publish","type":"page","link":"https:\/\/www.q-bital.com\/is_is\/environment\/","title":{"rendered":"Umhverfi"},"content":{"rendered":"<section id=\"section-2-59\" class=\"ct-section\" style=\"background-image:url(https:\/\/www.q-bital.com\/wp-content\/uploads\/sites\/8\/2023\/05\/boulders-right.png);background-size: auto;\" >\n<div class=\"ct-section-inner-wrap\">\n<div id=\"div_block-8-59\" class=\"ct-div-block\" ><a id=\"link_text-6-59\" class=\"ct-link-text\" href=\"\/is_is\/\" target=\"_self\"  >Heim<\/a><\/p>\n<h1 id=\"headline-3-59\" class=\"ct-headline\"><span id=\"span-4-59\" class=\"ct-span\" >Umhverfi<\/span><\/h1>\n<\/div>\n<\/div>\n<\/section>\n<section id=\"section-68-14-text-left-white\" class=\"ct-section\" >\n<div class=\"ct-section-inner-wrap\">\n<div id=\"new_columns-69-14text-left-white\" class=\"ct-new-columns\" >\n<div id=\"div_block-70-14\" class=\"ct-div-block\" >\n<h2 id=\"headline-71-14\" class=\"ct-headline\">Skuldbindingar okkar um sj\u00e1lfb\u00e6rni og samf\u00e9lagslega \u00e1byrg\u00f0<\/h2>\n<div id=\"_rich_text-72-14\" class=\"oxy-rich-text\" >\n<p>Vi\u00f0 erum sta\u00f0r\u00e1\u00f0in \u00ed a\u00f0 ver\u00f0a umhverfislega sj\u00e1lfb\u00e6r og samf\u00e9lagslega \u00e1byrg stofnun sem b\u00fdr til lei\u00f0andi kl\u00edn\u00edsk heilsug\u00e6slur\u00fdmi \u00ed heiminum me\u00f0 l\u00e1gmarks\u00e1hrif \u00e1 umhverfi\u00f0.<\/p>\n<p><strong>Markmi\u00f0 okkar<\/strong><\/p>\n<p>1. Vi\u00f0skiptah\u00e6ttir okkar eru alltaf a\u00f0 \u00fer\u00f3ast; Umhverfisvegakorti\u00f0 okkar skuldbindur okkur til a\u00f0 vera kolefnishlutlaus fyrir 1 og 2 losun fyrir \u00e1rslok 2023 og ver\u00f0a kolefnislaus fyrir \u00e1ri\u00f0 2035.<\/p>\n<p>2. Vi\u00f0 leitumst st\u00f6\u00f0ugt vi\u00f0 a\u00f0 bj\u00f3\u00f0a upp \u00e1 v\u00f6rur og \u00fej\u00f3nustu sem hj\u00e1lpa vi\u00f0skiptavinum okkar a\u00f0 n\u00e1 s\u00ednum eigin umhverfismarkmi\u00f0um. Heilsug\u00e6slusv\u00e6\u00f0in okkar ver\u00f0a kolefnishlutlaus fr\u00e1 degi til dags \u00e1ri\u00f0 2025.<\/p>\n<\/div>\n<\/div>\n<div id=\"div_block-74-14\" class=\"ct-div-block\" ><img decoding=\"async\"  id=\"image-75-14\" alt=\"\" src=\"https:\/\/www.q-bital.com\/wp-content\/uploads\/sites\/8\/2023\/07\/Solar-Panels.jpg\" class=\"ct-image\"\/><\/div>\n<\/div>\n<\/div>\n<\/section>\n<section id=\"section-88-34-blue\" class=\"ct-section\" >\n<div class=\"ct-section-inner-wrap\">\n<div id=\"new_columns-89-34-blue\" class=\"ct-new-columns\" >\n<div id=\"div_block-94-34\" class=\"ct-div-block\" ><img decoding=\"async\"  id=\"image-95-34\" alt=\"\" src=\"https:\/\/www.q-bital.com\/wp-content\/uploads\/sites\/8\/2023\/07\/CO2.jpg\" class=\"ct-image\"\/><\/div>\n<div id=\"div_block-90-34\" class=\"ct-div-block\" >\n<h2 id=\"headline-91-34\" class=\"ct-headline\">Skuldbindingar okkar <\/h2>\n<div id=\"_rich_text-92-34\" class=\"oxy-rich-text\" >\n<ul>\n<li>A\u00f0 hafa sk\u00fdra, langt\u00edma stefnum\u00f3tandi \u00e1\u00e6tlun me\u00f0 v\u00edsindalegum markmi\u00f0um til a\u00f0 tryggja a\u00f0 vi\u00f0 n\u00e1um langt\u00edmamarkmi\u00f0um okkar og skilum \u00e1rlegri takt\u00edskri starfsemi okkar<\/li>\n<li>\u00c1rleg \u00fatg\u00e1fa a <a href=\"\/is_is\/carbon-reduction-plan\/\">kolefnisminnkunar\u00e1\u00e6tlun<\/a><\/li>\n<li>\u00c1rleg m\u00e6ling \u00e1 kolefnisf\u00f3tspori okkar<\/li>\n<li>Afhenda n\u00fall byggingareiningasafn fyrir \u00e1ri\u00f0 2024 &nbsp;<\/li>\n<li>A\u00f0 tryggja a\u00f0 vi\u00f0 h\u00f6fum sj\u00e1lfb\u00e6ra a\u00f0fangake\u00f0ju, notum efni og h\u00f6nnun sem getur lengt l\u00edft\u00edma bygginga okkar<\/li>\n<li>H\u00e1marka magn endurnotkunar\/endurn\u00fdtingar e\u00f0a endurvinnslu fyrir framt\u00ed\u00f0arverkefni<\/li>\n<li>Auka notkun endurn\u00fdjanlegra orkugjafa \u00ed h\u00fasn\u00e6\u00f0i okkar \u00fear til vi\u00f0 erum a\u00f0 fullu kn\u00fain endurn\u00fdjanlegum orkugj\u00f6fum \u00e1ri\u00f0 2025<\/li>\n<li>Umskipti \u00ed rafkn\u00fainn flota fyrir \u00e1ri\u00f0 2025, afn\u00e1m jar\u00f0efnaeldsneytis farart\u00e6kja<\/li>\n<li>A\u00f0 draga \u00far losun birg\u00f0ake\u00f0ju um 80%<\/li>\n<li>\u00c1framhaldandi fj\u00e1rfesting \u00ed kolefnishreinsunarverkefnum sem binda kolefni \u00far andr\u00famsloftinu til a\u00f0 fjarl\u00e6gja 500 tonn af CO2 \u00e1 \u00e1ri<\/li>\n<li>A\u00f0 tryggja a\u00f0 a\u00f0fangake\u00f0jan okkar hafi starfsh\u00e6tti til a\u00f0 draga \u00far umhverfis\u00e1hrifum \u00feeirra, \u00fear me\u00f0 tali\u00f0 efnisval&nbsp;<\/li>\n<li>Enginn \u00fargangur fluttur \u00e1 ur\u00f0un<\/li>\n<\/ul>\n<p>Sko\u00f0a\u00f0u fer\u00f0 okkar til&nbsp;<a href=\"\/wp-content\/uploads\/sites\/8\/2023\/07\/Vanguard-Carbon-Net-Zero-Graphics-July-2023-1.pdf\" target=\"_blank\" rel=\"noopener\">Carbon Net Zero vegakort<\/a><\/p>\n<\/div>\n<\/div>\n<\/div>\n<\/div>\n<\/section>\n<section id=\"section-68-14-text-left-white\" class=\"ct-section\" >\n<div class=\"ct-section-inner-wrap\">\n<div id=\"new_columns-69-14text-left-white\" class=\"ct-new-columns\" >\n<div id=\"div_block-70-14\" class=\"ct-div-block\" >\n<h2 id=\"headline-71-14\" class=\"ct-headline\">Hvernig vi\u00f0 afhendum v\u00f6rur og \u00fej\u00f3nustu sem hj\u00e1lpa vi\u00f0skiptavinum okkar a\u00f0 n\u00e1 umhverfismarkmi\u00f0um s\u00ednum:<\/h2>\n<div id=\"_rich_text-72-14\" class=\"oxy-rich-text\" >\n<ul>\n<li>Heilbrig\u00f0isr\u00fdmi framleidd \u00ed okkar eigin verksmi\u00f0just\u00fdr\u00f0u umhverfi<\/li>\n<li>80% verksmi\u00f0julokastig l\u00e1gmarka starfsemi \u00e1 sta\u00f0num<\/li>\n<li>Kynning \u00e1 kolefnishlutlausum einingabyggingum \u00ed \u00fej\u00f3nustusafni\u00f0 okkar&nbsp;<\/li>\n<li>Allar byggingar til a\u00f0 n\u00e1 BREEAM &#039;Excellent&#039; stigum sem sta\u00f0alb\u00fana\u00f0ur<\/li>\n<li>Afhending orkun\u00fdttra bygginga sem ekki sker\u00f0a \u00f6ryggiskr\u00f6fur, hagn\u00fdtar e\u00f0a hagn\u00fdtar kr\u00f6fur&nbsp;<\/li>\n<li>Notkun n\u00fat\u00edmat\u00e6kni til a\u00f0 fanga og n\u00fdta endurn\u00fdjanlega orkugjafa til a\u00f0 stj\u00f3rna rekstrarumhverfi<\/li>\n<li>St\u00e1lgrind, steypt undirg\u00f3lf undirbyggingareiningar framleiddar \u00ed kolefnishlutlausri verksmi\u00f0ju<\/li>\n<\/ul>\n<\/div>\n<\/div>\n<div id=\"div_block-74-14\" class=\"ct-div-block\" ><img decoding=\"async\"  id=\"image-75-14\" alt=\"\" src=\"https:\/\/www.q-bital.com\/wp-content\/uploads\/sites\/8\/2023\/07\/Roof.jpg\" class=\"ct-image\"\/><\/div>\n<\/div>\n<\/div>\n<\/section>\n<section id=\"section-88-34-blue\" class=\"ct-section\" >\n<div class=\"ct-section-inner-wrap\">\n<div id=\"new_columns-89-34-blue\" class=\"ct-new-columns\" >\n<div id=\"div_block-94-34\" class=\"ct-div-block\" ><img decoding=\"async\"  id=\"image-95-34\" alt=\"\" src=\"https:\/\/www.q-bital.com\/wp-content\/uploads\/sites\/8\/2023\/07\/Crane.jpg\" class=\"ct-image\"\/><\/div>\n<div id=\"div_block-90-34\" class=\"ct-div-block\" >\n<h2 id=\"headline-91-34\" class=\"ct-headline\">Hringlaga hagkerfi<\/h2>\n<div id=\"_rich_text-92-34\" class=\"oxy-rich-text\" >\n<p>Me\u00f0 a\u00f0l\u00f6gunarh\u00e6fni og sj\u00e1lfb\u00e6rri h\u00f6nnun gegna m\u00e1t- og hreyfanlegum heilsug\u00e6slust\u00f6\u00f0vum mikilv\u00e6gu hlutverki vi\u00f0 a\u00f0 efla hringlaga hagkerfi\u00f0 \u00e1 sama t\u00edma og \u00feau bj\u00f3\u00f0a upp \u00e1 umhverfislegan og sj\u00e1lfb\u00e6ran \u00e1vinning. Notkun einingahluta gerir kleift a\u00f0 taka \u00ed sundur, flytja og endurstilla, sem gerir heilsug\u00e6slu\u00fej\u00f3nustu kleift a\u00f0 afhenda \u00e1 skilvirkan h\u00e1tt \u00fear sem \u00fe\u00f6rf er \u00e1.&nbsp;<\/p>\n<p>\u00deessi sveigjanleiki dregur ekki a\u00f0eins \u00far byggingar- og rekstrarkostna\u00f0i heldur minnkar einnig umhverfisf\u00f3tspori\u00f0 sem tengist hef\u00f0bundnum f\u00f6stum heilsug\u00e6slumannvirkjum. \u00dear a\u00f0 auki stu\u00f0lar einingaa\u00f0sta\u00f0a a\u00f0 endurnotkun og endurvinnslu efna, stu\u00f0lar a\u00f0 hringr\u00e1sarhagkerfinu me\u00f0 \u00fev\u00ed a\u00f0 lengja l\u00edft\u00edma \u00feeirra og draga \u00far eftirspurn eftir n\u00fdjum au\u00f0lindum.&nbsp;<\/p>\n<\/div>\n<\/div>\n<\/div>\n<\/div>\n<\/section>\n<section id=\"section-332-315\" class=\"ct-section\" >\n<div class=\"ct-section-inner-wrap\">\n<div id=\"new_columns-333-315\" class=\"ct-new-columns\" >\n<div id=\"div_block-334-315\" class=\"ct-div-block\" >\n<div id=\"div_block-345-315\" class=\"ct-div-block box-shadow\" >\n<div id=\"_rich_text-346-315\" class=\"oxy-rich-text\" >\n<h3>A\u00f0fangake\u00f0jan okkar<\/h3>\n<p>\u2022 St\u00e1lgrindar, steyptar undirg\u00f3lfseiningar okkar eru framleiddar \u00ed kolefnishlutlausri verksmi\u00f0ju<\/p>\n<p>\u2022 Veggkerfi okkar eru tilgreind og h\u00f6nnu\u00f0 fyrir byggingar okkar, sem dregur \u00far s\u00f3un og endurger\u00f0 galla<\/p>\n<p>\u2022 Vi\u00f0 erum a\u00f0 vinna me\u00f0 a\u00f0fangake\u00f0jum okkar a\u00f0 \u00fev\u00ed a\u00f0 draga \u00far umhverfis\u00e1hrifum \u00feeirra me\u00f0 valin efni og eigin starfsh\u00e6tti<\/p>\n<\/div>\n<\/div>\n<\/div>\n<div id=\"div_block-335-315\" class=\"ct-div-block\" >\n<div id=\"div_block-342-315\" class=\"ct-div-block box-shadow\" >\n<div id=\"_rich_text-337-315\" class=\"oxy-rich-text\" >\n<h3>Verksmi\u00f0just\u00fdrt umhverfi<\/h3>\n<p>\u2022 Endurvinnslu og galla\u00fe\u00e6ttir eru l\u00e1gmarka\u00f0ir<\/p>\n<p>\u2022 A\u00f0 draga \u00far efniss\u00f3un me\u00f0 framlei\u00f0slust\u00fdringu<\/p>\n<p>\u2022 Auka a\u00f0skilna\u00f0 \u00fargangs og endurvinnslustig<\/p>\n<\/div>\n<\/div>\n<\/div>\n<\/div>\n<div id=\"new_columns-350-315\" class=\"ct-new-columns\" >\n<div id=\"div_block-351-315\" class=\"ct-div-block\" >\n<div id=\"div_block-354-315\" class=\"ct-div-block box-shadow\" >\n<div id=\"_rich_text-355-315\" class=\"oxy-rich-text\" >\n<h3>Orkun\u00fdtni h\u00f6nnun<\/h3>\n<p>\u2022 Nota\u00f0u n\u00e1tt\u00farulegt lj\u00f3s og loftr\u00e6stingu \u00fear sem h\u00e6gt er<\/p>\n<p>\u2022 A\u00f0 skila h\u00e1um einangrunargildum innan einingakerfis okkar fyrir veggi, \u00feak og gler<\/p>\n<p>\u2022 Orkufang \u00fear sem \u00fea\u00f0 er hagkv\u00e6mt<\/p>\n<p>\u2022 Gr\u00e6nn veggur<\/p>\n<\/div>\n<\/div>\n<\/div>\n<div id=\"div_block-356-315\" class=\"ct-div-block\" >\n<div id=\"div_block-359-315\" class=\"ct-div-block box-shadow\" >\n<div id=\"_rich_text-360-315\" class=\"oxy-rich-text\" >\n<h3>Notkun n\u00fat\u00edma sj\u00e1lfb\u00e6rrar t\u00e6kni<\/h3>\n<p>\u2022 Hitunarvalkostir \u00e1 j\u00f6r\u00f0u ni\u00f0ri\/lofti<\/p>\n<p>\u2022 PV spj\u00f6ld<\/p>\n<p>\u2022 Innbyggt CO2 v\u00f6ktun<\/p>\n<p>\u2022 Endurheimt regnvatns<\/p>\n<\/div>\n<\/div>\n<\/div>\n<\/div>\n<\/div>\n<\/section>\n<section id=\"section-68-14-text-left-white\" class=\"ct-section\" >\n<div class=\"ct-section-inner-wrap\">\n<div id=\"new_columns-69-14text-left-white\" class=\"ct-new-columns\" >\n<div id=\"div_block-70-14\" class=\"ct-div-block\" >\n<h2 id=\"headline-71-14\" class=\"ct-headline\">F\u00e9lagsleg \u00e1byrg\u00f0<\/h2>\n<div id=\"_rich_text-72-14\" class=\"oxy-rich-text\" >\n<p>Vi\u00f0 notum fyrirt\u00e6kjasvi\u00f0 okkar til a\u00f0 gagnast umhverfinu, samf\u00e9l\u00f6gum og veita \u00f6rugg, h\u00e1g\u00e6\u00f0a heilsug\u00e6slur\u00fdmi.&nbsp;<\/p>\n<p>\u00c1hersla okkar er \u00e1:<\/p>\n<ul>\n<li>A\u00f0 n\u00e1 ISO14001 og 45001 st\u00f6\u00f0lum<\/li>\n<li>Vinna me\u00f0 d\u00fdraverndunarsj\u00f3\u00f0um til a\u00f0 b\u00e6ta g\u00e6\u00f0i \u00e1a og skur\u00f0a \u00ed Bretlandi&nbsp;<\/li>\n<li>A\u00f0 bj\u00f3\u00f0a starfsm\u00f6nnum upp \u00e1 launu\u00f0 sj\u00e1lfbo\u00f0ali\u00f0ast\u00f6rf me\u00f0 Ark Business Conservation teyminu<\/li>\n<li>A\u00f0 b\u00e6ta l\u00edfsm\u00f6guleika ungs f\u00f3lks me\u00f0 a\u00f0gang a\u00f0 vinnu innan heilsug\u00e6slu og heilbrig\u00f0isverkfr\u00e6\u00f0i. Markviss i\u00f0nn\u00e1m og lei\u00f0beiningar eru 10% af vinnuafli okkar<\/li>\n<li>\u00dej\u00e1lfa 10% starfsmanna okkar til a\u00f0 ver\u00f0a ge\u00f0heilbrig\u00f0isskyndihj\u00e1lparar<\/li>\n<li>Stu\u00f0ningur vi\u00f0 m\u00e1lefni fyrsta \u00fej\u00f3\u00f0ar \u00ed \u00c1stral\u00edu me\u00f0 greiddum sj\u00e1lfbo\u00f0ali\u00f0at\u00e6kif\u00e6rum<\/li>\n<li>A\u00f0 b\u00e6ta umhverfi \u00e1 vinnusta\u00f0<\/li>\n<li>Stu\u00f0ningur vi\u00f0 heilbrig\u00f0isstofnanir og einkaheilbrig\u00f0isgeirann til a\u00f0 hj\u00e1lpa sj\u00faklingum a\u00f0 sn\u00faa aftur til vinnu e\u00f0a \u00ed um\u00f6nnunarskyldu s\u00edna<\/li>\n<li>A\u00f0 skapa tilfinningu fyrir sameiginlegri \u00e1byrg\u00f0 og \u00e1byrg\u00f0 \u00ed rekstri okkar me\u00f0 \u00fej\u00e1lfun og \u00fer\u00f3un, samskiptalei\u00f0um og kerfum<\/li>\n<li>A\u00f0 tryggja B Corp faggildingu fyrir \u00e1ri\u00f0 2025 til a\u00f0 endurspegla skuldbindingu okkar til a\u00f0 uppfylla h\u00e1ar kr\u00f6fur um f\u00e9lagslegan og umhverfislegan \u00e1rangur, gagns\u00e6i og \u00e1byrg\u00f0.&nbsp;<\/li>\n<\/ul>\n<p>Sko\u00f0a\u00f0u okkar <a href=\"\/wp-content\/uploads\/sites\/8\/2023\/07\/Vanguard-Corp-Responsibilty-Graphics-July-2023-1.pdf\" target=\"_blank\" rel=\"noopener\">vegv\u00edsir fyrir samf\u00e9lagslega \u00e1byrg\u00f0 fyrirt\u00e6kja<\/a><\/p>\n<\/div>\n<\/div>\n<div id=\"div_block-74-14\" class=\"ct-div-block\" ><img decoding=\"async\"  id=\"image-75-14\" alt=\"\" src=\"https:\/\/www.q-bital.com\/wp-content\/uploads\/sites\/8\/2023\/07\/Social-Responsibility.jpg\" class=\"ct-image\"\/><\/div>\n<\/div>\n<\/div>\n<\/section>\n<section id=\"section-88-34-blue\" class=\"ct-section\" >\n<div class=\"ct-section-inner-wrap\">\n<div id=\"new_columns-89-34-blue\" class=\"ct-new-columns\" >\n<div id=\"div_block-94-34\" class=\"ct-div-block\" ><img decoding=\"async\"  id=\"image-95-34\" alt=\"\" src=\"https:\/\/www.q-bital.com\/wp-content\/uploads\/sites\/8\/2023\/05\/Staffed-operating-theatre1.jpg\" class=\"ct-image\"\/><\/div>\n<div id=\"div_block-90-34\" class=\"ct-div-block\" >\n<h2 id=\"headline-91-34\" class=\"ct-headline\">Verktakar okkar og a\u00f0fangake\u00f0justj\u00f3rnun<\/h2>\n<div id=\"_rich_text-92-34\" class=\"oxy-rich-text\" >\n<p>Vi\u00f0 tryggjum a\u00f0 verktakar okkar uppfylli str\u00f6ngustu rekstrarkr\u00f6fur um heilsu og \u00f6ryggi, auk \u00feess a\u00f0 uppfylla vi\u00f0eigandi laga- og reglusemiskr\u00f6fur eins og jafnr\u00e9ttisl\u00f6g og <a href=\"..\/modern-slavery-and-human-trafficking-statement\/\">N\u00fat\u00edmal\u00f6g um \u00fer\u00e6lahald og mansal<\/a>.&nbsp;<\/p>\n<p>Vi\u00f0 erum sta\u00f0r\u00e1\u00f0in \u00ed sanngjarna grei\u00f0sluh\u00e6tti eins og l\u00fdst er \u00ed lei\u00f0beiningum fr\u00e1 fyrrverandi skrifstofu r\u00edkisvi\u00f0skipta og meginreglum framkv\u00e6mda 2025:&nbsp;<\/p>\n<ul>\n<li>Gagns\u00e6i \u00ed grei\u00f0sluferli&nbsp;<\/li>\n<li>Sta\u00f0festing grei\u00f0slna gegn \u00e1f\u00f6ngum&nbsp;<\/li>\n<li>Allar fj\u00e1rh\u00e6\u00f0ir sem geymdar eru \u00ed var\u00f0veislu me\u00f0 t\u00edma og \u00e1st\u00e6\u00f0u.&nbsp;<\/li>\n<\/ul>\n<p>Vi\u00f0 erum vi\u00f0urkenndur a\u00f0ili a\u00f0 tillitssama verktakakerfinu og st\u00f6rfum \u00ed gegnum birg\u00f0ake\u00f0ju metinna samstarfsa\u00f0ila.&nbsp;<\/p>\n<\/div>\n<\/div>\n<\/div>\n<\/div>\n<\/section>\n<section id=\"section-68-14-text-left-white\" class=\"ct-section\" >\n<div class=\"ct-section-inner-wrap\">\n<div id=\"new_columns-69-14text-left-white\" class=\"ct-new-columns\" >\n<div id=\"div_block-70-14\" class=\"ct-div-block\" >\n<h2 id=\"headline-71-14\" class=\"ct-headline\">Stj\u00f3rnarh\u00e6ttir<\/h2>\n<div id=\"_rich_text-72-14\" class=\"oxy-rich-text\" >\n<p>Strangar stj\u00f3rnunarstefnur okkar sty\u00f0ja \u00f6ryggi og reglufylgni. \u00d6ryggi sj\u00faklinga, vi\u00f0skiptavina okkar og starfsf\u00f3lks er mi\u00f0punktur alls sem vi\u00f0 gerum. Stj\u00f3rnkerfi okkar hefur veri\u00f0 hanna\u00f0 til a\u00f0 vera \u00f6flugt og skila st\u00f6\u00f0ugum umb\u00f3tum.<\/p>\n<p>Virk sam\u00fe\u00e6tt stj\u00f3rnunarstefna okkar er h\u00f6nnu\u00f0 til a\u00f0 sty\u00f0ja vi\u00f0 afhendingu \u00f6ruggrar og samr\u00e6mdrar \u00fej\u00f3nustu. Vi\u00f0 endursko\u00f0um \u00feessa stefnu og fylgjumst me\u00f0 ni\u00f0urst\u00f6\u00f0um hennar \u00e1 \u00f6llum stigum stofnunarinnar. \u00cd einstaka tilfellum \u00feegar hlutirnir gengu ekki samkv\u00e6mt \u00e1\u00e6tlun, \u00fe\u00e1 lagf\u00e6rum vi\u00f0 \u00fe\u00e1 og n\u00fdtum l\u00e6rd\u00f3minn til a\u00f0 b\u00e6ta framt\u00ed\u00f0ar\u00fej\u00f3nustu okkar.<\/p>\n<p>Strangt g\u00e6\u00f0aferli er til sta\u00f0ar til a\u00f0 bera kennsl \u00e1 og takast \u00e1 vi\u00f0 \u00f6ll kl\u00edn\u00edsk vandam\u00e1l og takast \u00e1 vi\u00f0 allar \u00e1h\u00e6ttur. \u00deetta felur \u00ed s\u00e9r b\u00e6\u00f0i innri og ytri endursko\u00f0unarferli til a\u00f0 fylgjast me\u00f0 og athuga veitta \u00fej\u00f3nustu.<\/p>\n<\/div>\n<\/div>\n<div id=\"div_block-74-14\" class=\"ct-div-block\" ><img decoding=\"async\"  id=\"image-75-14\" alt=\"\" src=\"https:\/\/www.q-bital.com\/wp-content\/uploads\/sites\/8\/2023\/07\/Governance.jpg\" class=\"ct-image\"\/><\/div>\n<\/div>\n<\/div>\n<\/section>","protected":false},"excerpt":{"rendered":"","protected":false},"author":2,"featured_media":0,"parent":0,"menu_order":0,"comment_status":"closed","ping_status":"closed","template":"","meta":{"_acf_changed":false,"footnotes":""},"class_list":["post-209","page","type-page","status-publish","hentry"],"acf":[],"yoast_head":"<!-- This site is optimized with the Yoast SEO plugin v27.3 - https:\/\/yoast.com\/product\/yoast-seo-wordpress\/ -->\n<title>Environment - Q-bital Healthcare Solutions<\/title>\n<meta name=\"robots\" content=\"index, follow, max-snippet:-1, max-image-preview:large, max-video-preview:-1\" \/>\n<link rel=\"canonical\" href=\"https:\/\/www.q-bital.com\/is_is\/environment\/\" \/>\n<meta property=\"og:locale\" content=\"is_IS\" \/>\n<meta property=\"og:type\" content=\"article\" \/>\n<meta property=\"og:title\" content=\"Environment - Q-bital Healthcare Solutions\" \/>\n<meta property=\"og:url\" content=\"https:\/\/www.q-bital.com\/is_is\/environment\/\" \/>\n<meta property=\"og:site_name\" content=\"Q-bital Healthcare Solutions\" \/>\n<meta property=\"article:modified_time\" content=\"2023-08-30T15:11:30+00:00\" \/>\n<meta name=\"twitter:card\" content=\"summary_large_image\" \/>\n<script type=\"application\/ld+json\" class=\"yoast-schema-graph\">{\"@context\":\"https:\\\/\\\/schema.org\",\"@graph\":[{\"@type\":\"WebPage\",\"@id\":\"https:\\\/\\\/www.q-bital.com\\\/environment\\\/\",\"url\":\"https:\\\/\\\/www.q-bital.com\\\/environment\\\/\",\"name\":\"Environment - Q-bital Healthcare Solutions\",\"isPartOf\":{\"@id\":\"https:\\\/\\\/www.q-bital.com\\\/#website\"},\"datePublished\":\"2023-06-14T14:38:36+00:00\",\"dateModified\":\"2023-08-30T15:11:30+00:00\",\"inLanguage\":\"is\",\"potentialAction\":[{\"@type\":\"ReadAction\",\"target\":[\"https:\\\/\\\/www.q-bital.com\\\/environment\\\/\"]}]},{\"@type\":\"WebSite\",\"@id\":\"https:\\\/\\\/www.q-bital.com\\\/#website\",\"url\":\"https:\\\/\\\/www.q-bital.com\\\/\",\"name\":\"Q-bital Healthcare Solutions\",\"description\":\"\",\"potentialAction\":[{\"@type\":\"SearchAction\",\"target\":{\"@type\":\"EntryPoint\",\"urlTemplate\":\"https:\\\/\\\/www.q-bital.com\\\/?s={search_term_string}\"},\"query-input\":{\"@type\":\"PropertyValueSpecification\",\"valueRequired\":true,\"valueName\":\"search_term_string\"}}],\"inLanguage\":\"is\"}]}<\/script>\n<!-- \/ Yoast SEO plugin. -->","yoast_head_json":{"title":"Umhverfi - Q-bital heilbrig\u00f0islausnir","robots":{"index":"index","follow":"follow","max-snippet":"max-snippet:-1","max-image-preview":"max-image-preview:large","max-video-preview":"max-video-preview:-1"},"canonical":"https:\/\/www.q-bital.com\/is_is\/environment\/","og_locale":"is_IS","og_type":"article","og_title":"Environment - Q-bital Healthcare Solutions","og_url":"https:\/\/www.q-bital.com\/is_is\/environment\/","og_site_name":"Q-bital Healthcare Solutions","article_modified_time":"2023-08-30T15:11:30+00:00","twitter_card":"summary_large_image","schema":{"@context":"https:\/\/schema.org","@graph":[{"@type":"WebPage","@id":"https:\/\/www.q-bital.com\/environment\/","url":"https:\/\/www.q-bital.com\/environment\/","name":"Umhverfi - Q-bital heilbrig\u00f0islausnir","isPartOf":{"@id":"https:\/\/www.q-bital.com\/#website"},"datePublished":"2023-06-14T14:38:36+00:00","dateModified":"2023-08-30T15:11:30+00:00","inLanguage":"is","potentialAction":[{"@type":"ReadAction","target":["https:\/\/www.q-bital.com\/environment\/"]}]},{"@type":"WebSite","@id":"https:\/\/www.q-bital.com\/#website","url":"https:\/\/www.q-bital.com\/","name":"Q-bital Healthcare Solutions","description":"","potentialAction":[{"@type":"SearchAction","target":{"@type":"EntryPoint","urlTemplate":"https:\/\/www.q-bital.com\/?s={search_term_string}"},"query-input":{"@type":"PropertyValueSpecification","valueRequired":true,"valueName":"search_term_string"}}],"inLanguage":"is"}]}},"_links":{"self":[{"href":"https:\/\/www.q-bital.com\/is_is\/wp-json\/wp\/v2\/pages\/209","targetHints":{"allow":["GET"]}}],"collection":[{"href":"https:\/\/www.q-bital.com\/is_is\/wp-json\/wp\/v2\/pages"}],"about":[{"href":"https:\/\/www.q-bital.com\/is_is\/wp-json\/wp\/v2\/types\/page"}],"author":[{"embeddable":true,"href":"https:\/\/www.q-bital.com\/is_is\/wp-json\/wp\/v2\/users\/2"}],"replies":[{"embeddable":true,"href":"https:\/\/www.q-bital.com\/is_is\/wp-json\/wp\/v2\/comments?post=209"}],"version-history":[{"count":0,"href":"https:\/\/www.q-bital.com\/is_is\/wp-json\/wp\/v2\/pages\/209\/revisions"}],"wp:attachment":[{"href":"https:\/\/www.q-bital.com\/is_is\/wp-json\/wp\/v2\/media?parent=209"}],"curies":[{"name":"wp","href":"https:\/\/api.w.org\/{rel}","templated":true}]}}