{"id":316,"date":"2023-06-26T15:37:53","date_gmt":"2023-06-26T15:37:53","guid":{"rendered":"https:\/\/www.q-bital.com\/?page_id=316"},"modified":"2023-06-28T09:59:04","modified_gmt":"2023-06-28T09:59:04","slug":"partner-programme","status":"publish","type":"page","link":"https:\/\/www.q-bital.com\/is_is\/partner-programme\/","title":{"rendered":"Samstarfs\u00e1\u00e6tlun"},"content":{"rendered":"<section id=\"section-319-315\" class=\"ct-section\" >\n<div class=\"ct-section-inner-wrap\">\n<div id=\"new_columns-320-315\" class=\"ct-new-columns\" >\n<div id=\"div_block-321-315\" class=\"ct-div-block\" >\n<h2 id=\"headline-322-315\" class=\"ct-headline\">Vandlega valdir samstarfsa\u00f0ilar okkar b\u00e6ta vi\u00f0 \u00fej\u00f3nustu okkar<\/h2>\n<div id=\"_rich_text-323-315\" class=\"oxy-rich-text\" >\n<p>Samstarfs\u00e1\u00e6tlunin sameinar s\u00e9rfr\u00e6\u00f0i\u00feekkingu okkar \u00ed a\u00f0 \u00fatvega sveigjanlega heilsug\u00e6slur\u00fdmi og lausnir me\u00f0 \u00f6\u00f0rum helstu heilbrig\u00f0is\u00fej\u00f3nustua\u00f0ilum til a\u00f0 au\u00f0velda vistkerfi frams\u00fdnna samstarfsa\u00f0ila sem eru sta\u00f0r\u00e1\u00f0nir \u00ed samvinnu og n\u00fdst\u00e1rlegri n\u00e1lgun.<\/p>\n<p>A\u00f0 vinna opinsk\u00e1tt og uppbyggilega me\u00f0 \u00f6\u00f0rum veitendum til a\u00f0 skipuleggja, \u00fatb\u00faa, starfsf\u00f3lk og afhenda \u00feessa n\u00fdju a\u00f0st\u00f6\u00f0u eykur g\u00e6\u00f0i n\u00fdja kl\u00edn\u00edska umhverfisins, b\u00fd\u00f0ur upp \u00e1 end-til-enda n\u00e1lgun og tryggir gildi fyrir peningana fyrir sameiginlega vi\u00f0skiptavini okkar.<\/p>\n<\/div>\n<\/div>\n<div id=\"div_block-324-315\" class=\"ct-div-block\" ><img decoding=\"async\"  id=\"image-325-315\" alt=\"\" src=\"https:\/\/www.q-bital.com\/wp-content\/uploads\/sites\/8\/2023\/06\/partners-info.png\" class=\"ct-image\"\/><\/div>\n<\/div>\n<\/div>\n<\/section>\n<section id=\"section-332-315\" class=\"ct-section\" >\n<div class=\"ct-section-inner-wrap\">\n<h3 id=\"headline-339-315\" class=\"ct-headline\">\u00dea\u00f0 eru fj\u00f3rar helstu ger\u00f0ir samstarfsa\u00f0ila sem vi\u00f0 vinnum venjulega me\u00f0:<\/h3>\n<div id=\"new_columns-333-315\" class=\"ct-new-columns\" >\n<div id=\"div_block-334-315\" class=\"ct-div-block\" >\n<div id=\"div_block-345-315\" class=\"ct-div-block box-shadow\" >\n<div id=\"_rich_text-346-315\" class=\"oxy-rich-text\" >\n<p><strong>Framkv\u00e6mdir<\/strong><br \/>Skila\u00f0u \u00f3a\u00f0finnanlega s\u00e9rfr\u00e6\u00f0ieininga- og fars\u00edmalausnum vi\u00f0 byggingu n\u00fdbygginga og endurb\u00f3taverkefna \u00e1 sj\u00fakrah\u00fasum til a\u00f0 vi\u00f0halda og auka samfellu \u00ed um\u00f6nnun.\u00a0<\/p>\n<\/div>\n<\/div>\n<\/div>\n<div id=\"div_block-335-315\" class=\"ct-div-block\" >\n<div id=\"div_block-342-315\" class=\"ct-div-block box-shadow\" >\n<div id=\"_rich_text-337-315\" class=\"oxy-rich-text\" >\n<p><strong>T\u00e6kjaframlei\u00f0endur<\/strong><br \/>\u00deetta samstarf b\u00fd\u00f0ur sj\u00fakrah\u00fasum upp \u00e1 end-to-end lausn. Eininga- og fars\u00edmaa\u00f0sta\u00f0a er afhent me\u00f0 n\u00fdjustu n\u00fdjungum \u00ed l\u00e6kningat\u00e6kjum, alltaf h\u00f6nnu\u00f0 til a\u00f0 m\u00e6ta \u00fe\u00f6rfum l\u00e6knanna sem nota heilsug\u00e6slur\u00fdmin okkar.<\/p>\n<\/div>\n<\/div>\n<\/div>\n<\/div>\n<div id=\"new_columns-350-315\" class=\"ct-new-columns\" >\n<div id=\"div_block-351-315\" class=\"ct-div-block\" >\n<div id=\"div_block-354-315\" class=\"ct-div-block box-shadow\" >\n<div id=\"_rich_text-355-315\" class=\"oxy-rich-text\" >\n<p><strong>R\u00e1\u00f0gefandi<\/strong><br \/>Vinna n\u00e1i\u00f0 me\u00f0 arkitektum og h\u00f6nnu\u00f0um til a\u00f0 fella n\u00fat\u00edma byggingara\u00f0fer\u00f0ir (MMC) inn \u00ed byggingar- og endurb\u00e6tur \u00e1 sj\u00fakrah\u00fasum. Lokani\u00f0ursta\u00f0an er sj\u00e1lfb\u00e6rt, afkastamiki\u00f0 og hagkv\u00e6mt vinnuumhverfi.\u00a0<\/p>\n<\/div>\n<\/div>\n<\/div>\n<div id=\"div_block-356-315\" class=\"ct-div-block\" >\n<div id=\"div_block-359-315\" class=\"ct-div-block box-shadow\" >\n<div id=\"_rich_text-360-315\" class=\"oxy-rich-text\" >\n<p><strong>Kl\u00edn\u00edskir \u00fej\u00f3nustua\u00f0ilar<\/strong><br \/>H\u00e1g\u00e6\u00f0a heilsug\u00e6slur\u00fdmin okkar eru b\u00e6tt upp me\u00f0 s\u00e9rfr\u00e6\u00f0ilausnum starfsmanna til a\u00f0 veita fullkomlega st\u00fdr\u00f0a \u00fej\u00f3nustu fr\u00e1 enda til enda, sem hj\u00e1lpar sj\u00fakrah\u00fasum a\u00f0 vi\u00f0halda \u00fej\u00f3nustustigi og framlei\u00f0ni.\u00a0<\/p>\n<\/div>\n<\/div>\n<\/div>\n<\/div>\n<\/div>\n<\/section>","protected":false},"excerpt":{"rendered":"","protected":false},"author":2,"featured_media":0,"parent":0,"menu_order":0,"comment_status":"closed","ping_status":"closed","template":"","meta":{"_acf_changed":false,"footnotes":""},"class_list":["post-316","page","type-page","status-publish","hentry"],"acf":[],"yoast_head":"<!-- This site is optimized with the Yoast SEO plugin v27.5 - https:\/\/yoast.com\/product\/yoast-seo-wordpress\/ -->\n<title>Partner programme - Q-bital Healthcare Solutions<\/title>\n<meta name=\"robots\" content=\"index, follow, max-snippet:-1, max-image-preview:large, max-video-preview:-1\" \/>\n<link rel=\"canonical\" href=\"https:\/\/www.q-bital.com\/is_is\/partner-programme\/\" \/>\n<meta property=\"og:locale\" content=\"is_IS\" \/>\n<meta property=\"og:type\" content=\"article\" \/>\n<meta property=\"og:title\" content=\"Partner programme - Q-bital Healthcare Solutions\" \/>\n<meta property=\"og:url\" content=\"https:\/\/www.q-bital.com\/is_is\/partner-programme\/\" \/>\n<meta property=\"og:site_name\" content=\"Q-bital Healthcare Solutions\" \/>\n<meta property=\"article:modified_time\" content=\"2023-06-28T09:59:04+00:00\" \/>\n<meta name=\"twitter:card\" content=\"summary_large_image\" \/>\n<script type=\"application\/ld+json\" class=\"yoast-schema-graph\">{\"@context\":\"https:\\\/\\\/schema.org\",\"@graph\":[{\"@type\":\"WebPage\",\"@id\":\"https:\\\/\\\/www.q-bital.com\\\/partner-programme\\\/\",\"url\":\"https:\\\/\\\/www.q-bital.com\\\/partner-programme\\\/\",\"name\":\"Partner programme - Q-bital Healthcare Solutions\",\"isPartOf\":{\"@id\":\"https:\\\/\\\/www.q-bital.com\\\/#website\"},\"datePublished\":\"2023-06-26T15:37:53+00:00\",\"dateModified\":\"2023-06-28T09:59:04+00:00\",\"inLanguage\":\"is\",\"potentialAction\":[{\"@type\":\"ReadAction\",\"target\":[\"https:\\\/\\\/www.q-bital.com\\\/partner-programme\\\/\"]}]},{\"@type\":\"WebSite\",\"@id\":\"https:\\\/\\\/www.q-bital.com\\\/#website\",\"url\":\"https:\\\/\\\/www.q-bital.com\\\/\",\"name\":\"Q-bital Healthcare Solutions\",\"description\":\"\",\"potentialAction\":[{\"@type\":\"SearchAction\",\"target\":{\"@type\":\"EntryPoint\",\"urlTemplate\":\"https:\\\/\\\/www.q-bital.com\\\/?s={search_term_string}\"},\"query-input\":{\"@type\":\"PropertyValueSpecification\",\"valueRequired\":true,\"valueName\":\"search_term_string\"}}],\"inLanguage\":\"is\"}]}<\/script>\n<!-- \/ Yoast SEO plugin. -->","yoast_head_json":{"title":"Samstarfs\u00e1\u00e6tlun - Q-bital heilbrig\u00f0islausnir","robots":{"index":"index","follow":"follow","max-snippet":"max-snippet:-1","max-image-preview":"max-image-preview:large","max-video-preview":"max-video-preview:-1"},"canonical":"https:\/\/www.q-bital.com\/is_is\/partner-programme\/","og_locale":"is_IS","og_type":"article","og_title":"Partner programme - Q-bital Healthcare Solutions","og_url":"https:\/\/www.q-bital.com\/is_is\/partner-programme\/","og_site_name":"Q-bital Healthcare Solutions","article_modified_time":"2023-06-28T09:59:04+00:00","twitter_card":"summary_large_image","schema":{"@context":"https:\/\/schema.org","@graph":[{"@type":"WebPage","@id":"https:\/\/www.q-bital.com\/partner-programme\/","url":"https:\/\/www.q-bital.com\/partner-programme\/","name":"Samstarfs\u00e1\u00e6tlun - Q-bital heilbrig\u00f0islausnir","isPartOf":{"@id":"https:\/\/www.q-bital.com\/#website"},"datePublished":"2023-06-26T15:37:53+00:00","dateModified":"2023-06-28T09:59:04+00:00","inLanguage":"is","potentialAction":[{"@type":"ReadAction","target":["https:\/\/www.q-bital.com\/partner-programme\/"]}]},{"@type":"WebSite","@id":"https:\/\/www.q-bital.com\/#website","url":"https:\/\/www.q-bital.com\/","name":"Q-bital Healthcare Solutions","description":"","potentialAction":[{"@type":"SearchAction","target":{"@type":"EntryPoint","urlTemplate":"https:\/\/www.q-bital.com\/?s={search_term_string}"},"query-input":{"@type":"PropertyValueSpecification","valueRequired":true,"valueName":"search_term_string"}}],"inLanguage":"is"}]}},"_links":{"self":[{"href":"https:\/\/www.q-bital.com\/is_is\/wp-json\/wp\/v2\/pages\/316","targetHints":{"allow":["GET"]}}],"collection":[{"href":"https:\/\/www.q-bital.com\/is_is\/wp-json\/wp\/v2\/pages"}],"about":[{"href":"https:\/\/www.q-bital.com\/is_is\/wp-json\/wp\/v2\/types\/page"}],"author":[{"embeddable":true,"href":"https:\/\/www.q-bital.com\/is_is\/wp-json\/wp\/v2\/users\/2"}],"replies":[{"embeddable":true,"href":"https:\/\/www.q-bital.com\/is_is\/wp-json\/wp\/v2\/comments?post=316"}],"version-history":[{"count":0,"href":"https:\/\/www.q-bital.com\/is_is\/wp-json\/wp\/v2\/pages\/316\/revisions"}],"wp:attachment":[{"href":"https:\/\/www.q-bital.com\/is_is\/wp-json\/wp\/v2\/media?parent=316"}],"curies":[{"name":"wp","href":"https:\/\/api.w.org\/{rel}","templated":true}]}}