{"id":59,"date":"2023-05-31T14:28:45","date_gmt":"2023-05-31T14:28:45","guid":{"rendered":"https:\/\/www.q-bital.com\/?page_id=59"},"modified":"2023-08-16T14:55:12","modified_gmt":"2023-08-16T14:55:12","slug":"our-team","status":"publish","type":"page","link":"https:\/\/www.q-bital.com\/is_is\/our-team\/","title":{"rendered":"Hittu li\u00f0i\u00f0 okkar"},"content":{"rendered":"<section id=\"section-2-59\" class=\"ct-section\" style=\"background-image:url(https:\/\/www.q-bital.com\/wp-content\/uploads\/sites\/8\/2023\/05\/boulders-right.png);background-size: auto;\" >\n<div class=\"ct-section-inner-wrap\">\n<div id=\"div_block-8-59\" class=\"ct-div-block\" ><a id=\"link_text-6-59\" class=\"ct-link-text\" href=\"\/is_is\/\" target=\"_self\"  >Heim<\/a><\/p>\n<h1 id=\"headline-3-59\" class=\"ct-headline\"><span id=\"span-4-59\" class=\"ct-span\" >Hittu li\u00f0i\u00f0 okkar<\/span><\/h1>\n<\/div>\n<\/div>\n<\/section>\n<section id=\"section-13-59\" class=\"ct-section\" >\n<div class=\"ct-section-inner-wrap\">\n<h2 id=\"headline-14-59\" class=\"ct-headline\">Framkv\u00e6mdah\u00f3purinn okkar<\/h2>\n<div id=\"_rich_text-70-62\" class=\"oxy-rich-text\" >\n<p>Vi\u00f0 erum leidd af \u00f6flugu stj\u00f3rnendah\u00f3pi sem hefur margra \u00e1ra reynslu \u00ed heilbrig\u00f0is\u00fej\u00f3nustu.<\/p>\n<\/div>\n<div id=\"_dynamic_list-16-59\" class=\"oxy-dynamic-list\">\n<div id=\"div_block-17-59-1\" class=\"ct-div-block\" data-id=\"div_block-17-59\">\n<div id=\"div_block-115-62-1\" class=\"ct-div-block\" data-id=\"div_block-115-62\"><a id=\"link-141-59-1\" class=\"ct-link\" href=\"https:\/\/www.q-bital.com\/is_is\/our-team\/graham-rich\/\" data-id=\"link-141-59\"><img decoding=\"async\" id=\"image-25-59-1\" alt=\"\" src=\"https:\/\/www.q-bital.com\/wp-content\/uploads\/sites\/8\/2025\/11\/Graham-Rich-Picture.jpg\" class=\"ct-image\" data-id=\"image-25-59\"><\/a><\/div>\n<div id=\"div_block-49-59-1\" class=\"ct-div-block\" data-id=\"div_block-49-59\">\n<h3 id=\"headline-34-59-1\" class=\"ct-headline\" data-id=\"headline-34-59\"><span id=\"span-42-59\" class=\"ct-span\" ><a href='https:\/\/www.q-bital.com\/is_is\/our-team\/graham-rich\/'>Graham Rich<\/a><\/span><\/h3>\n<div id=\"text_block-50-59-1\" class=\"ct-text-block\" data-id=\"text_block-50-59\"><span id=\"span-64-59\" class=\"ct-span\" ><\/span><\/div>\n<div id=\"text_block-71-59-1\" class=\"ct-text-block\" data-id=\"text_block-71-59\"><span id=\"span-78-59\" class=\"ct-span\" >Graham var skipa\u00f0ur stj\u00f3rnarforma\u00f0ur Vanguard Healthcare Solutions \u00ed j\u00fal\u00ed 2021 og gegnir n\u00fa einnig st\u00f6\u00f0u forstj\u00f3ra. Hann b\u00fdr yfir mikilli reynslu af stefnum\u00f3tun og rekstrarstj\u00f3rnun sem hann hefur afla\u00f0 s\u00e9r \u00e1 svi\u00f0i heilbrig\u00f0is\u00fej\u00f3nustu, stafr\u00e6nnar umbreytingar og stj\u00f3rnarh\u00e1tta fyrirt\u00e6kja. <\/span><\/div>\n<p><a id=\"link_text-86-59-1\" class=\"ct-link-text\" href=\"https:\/\/www.q-bital.com\/is_is\/our-team\/graham-rich\/\" target=\"_self\" data-id=\"link_text-86-59\">Lestu meira<\/a><\/div>\n<\/div>\n<div id=\"div_block-17-59-2\" class=\"ct-div-block\" data-id=\"div_block-17-59\">\n<div id=\"div_block-115-62-2\" class=\"ct-div-block\" data-id=\"div_block-115-62\"><a id=\"link-141-59-2\" class=\"ct-link\" href=\"https:\/\/www.q-bital.com\/is_is\/our-team\/tobi-gowers\/\" data-id=\"link-141-59\"><img decoding=\"async\" id=\"image-25-59-2\" alt=\"\" src=\"https:\/\/www.q-bital.com\/wp-content\/uploads\/sites\/8\/2023\/05\/Tobi-Gowers-square.jpg\" class=\"ct-image\" data-id=\"image-25-59\"><\/a><\/div>\n<div id=\"div_block-49-59-2\" class=\"ct-div-block\" data-id=\"div_block-49-59\">\n<h3 id=\"headline-34-59-2\" class=\"ct-headline\" data-id=\"headline-34-59\"><span id=\"span-42-59\" class=\"ct-span\" ><a href='https:\/\/www.q-bital.com\/is_is\/our-team\/tobi-gowers\/'>Tobi Gowers<\/a><\/span><\/h3>\n<div id=\"text_block-50-59-2\" class=\"ct-text-block\" data-id=\"text_block-50-59\"><span id=\"span-64-59\" class=\"ct-span\" ><\/span><\/div>\n<div id=\"text_block-71-59-2\" class=\"ct-text-block\" data-id=\"text_block-71-59\"><span id=\"span-78-59\" class=\"ct-span\" >Tobi gekk til li\u00f0s vi\u00f0 Vanguard \u00ed jan\u00faar 2019 sem fj\u00e1rm\u00e1lastj\u00f3ri.<\/span><\/div>\n<p><a id=\"link_text-86-59-2\" class=\"ct-link-text\" href=\"https:\/\/www.q-bital.com\/is_is\/our-team\/tobi-gowers\/\" target=\"_self\" data-id=\"link_text-86-59\">Lestu meira<\/a><\/div>\n<\/div>\n<div id=\"div_block-17-59-3\" class=\"ct-div-block\" data-id=\"div_block-17-59\">\n<div id=\"div_block-115-62-3\" class=\"ct-div-block\" data-id=\"div_block-115-62\"><a id=\"link-141-59-3\" class=\"ct-link\" href=\"https:\/\/www.q-bital.com\/is_is\/our-team\/lindsay-dransfield\/\" data-id=\"link-141-59\"><img decoding=\"async\" id=\"image-25-59-3\" alt=\"\" src=\"https:\/\/www.q-bital.com\/wp-content\/uploads\/sites\/8\/2023\/05\/Lindsay-Dransfield-square-1.jpg\" class=\"ct-image\" data-id=\"image-25-59\"><\/a><\/div>\n<div id=\"div_block-49-59-3\" class=\"ct-div-block\" data-id=\"div_block-49-59\">\n<h3 id=\"headline-34-59-3\" class=\"ct-headline\" data-id=\"headline-34-59\"><span id=\"span-42-59\" class=\"ct-span\" ><a href='https:\/\/www.q-bital.com\/is_is\/our-team\/lindsay-dransfield\/'>Lindsay Dransfield<\/a><\/span><\/h3>\n<div id=\"text_block-50-59-3\" class=\"ct-text-block\" data-id=\"text_block-50-59\"><span id=\"span-64-59\" class=\"ct-span\" ><\/span><\/div>\n<div id=\"text_block-71-59-3\" class=\"ct-text-block\" data-id=\"text_block-71-59\"><span id=\"span-78-59\" class=\"ct-span\" >Lindsay gekk til li\u00f0s vi\u00f0 Vanguard \u00ed september 2018 og f\u00e6rir umtalsver\u00f0a reynslu \u00ed s\u00f6lu og vi\u00f0skipta\u00fer\u00f3un \u00ed hlutverki\u00f0.<\/span><\/div>\n<p><a id=\"link_text-86-59-3\" class=\"ct-link-text\" href=\"https:\/\/www.q-bital.com\/is_is\/our-team\/lindsay-dransfield\/\" target=\"_self\" data-id=\"link_text-86-59\">Lestu meira<\/a><\/div>\n<\/div>\n<div id=\"div_block-17-59-4\" class=\"ct-div-block\" data-id=\"div_block-17-59\">\n<div id=\"div_block-115-62-4\" class=\"ct-div-block\" data-id=\"div_block-115-62\"><a id=\"link-141-59-4\" class=\"ct-link\" href=\"https:\/\/www.q-bital.com\/is_is\/our-team\/angela-dillon\/\" data-id=\"link-141-59\"><img decoding=\"async\" id=\"image-25-59-4\" alt=\"\" src=\"https:\/\/www.q-bital.com\/wp-content\/uploads\/sites\/8\/2023\/05\/Ange-Dillon-picture.png\" class=\"ct-image\" data-id=\"image-25-59\"><\/a><\/div>\n<div id=\"div_block-49-59-4\" class=\"ct-div-block\" data-id=\"div_block-49-59\">\n<h3 id=\"headline-34-59-4\" class=\"ct-headline\" data-id=\"headline-34-59\"><span id=\"span-42-59\" class=\"ct-span\" ><a href='https:\/\/www.q-bital.com\/is_is\/our-team\/angela-dillon\/'>Angela Dillon<\/a><\/span><\/h3>\n<div id=\"text_block-50-59-4\" class=\"ct-text-block\" data-id=\"text_block-50-59\"><span id=\"span-64-59\" class=\"ct-span\" ><\/span><\/div>\n<div id=\"text_block-71-59-4\" class=\"ct-text-block\" data-id=\"text_block-71-59\"><span id=\"span-78-59\" class=\"ct-span\" >Angela var skipu\u00f0 \u00ed framkv\u00e6mdastj\u00f3rn \u00e1ri\u00f0 2017 sem fj\u00e1rm\u00e1lastj\u00f3ri og var r\u00e1\u00f0in rekstrarfj\u00e1rm\u00e1lastj\u00f3ri \u00e1ri\u00f0 2020.<\/span><\/div>\n<p><a id=\"link_text-86-59-4\" class=\"ct-link-text\" href=\"https:\/\/www.q-bital.com\/is_is\/our-team\/angela-dillon\/\" target=\"_self\" data-id=\"link_text-86-59\">Lestu meira<\/a><\/div>\n<\/div>\n<div id=\"div_block-17-59-5\" class=\"ct-div-block\" data-id=\"div_block-17-59\">\n<div id=\"div_block-115-62-5\" class=\"ct-div-block\" data-id=\"div_block-115-62\"><a id=\"link-141-59-5\" class=\"ct-link\" href=\"https:\/\/www.q-bital.com\/is_is\/our-team\/mark-fox\/\" data-id=\"link-141-59\"><img decoding=\"async\" id=\"image-25-59-5\" alt=\"\" src=\"https:\/\/www.q-bital.com\/wp-content\/uploads\/sites\/8\/2025\/11\/Mark-Fox-Picture.jpg\" class=\"ct-image\" data-id=\"image-25-59\"><\/a><\/div>\n<div id=\"div_block-49-59-5\" class=\"ct-div-block\" data-id=\"div_block-49-59\">\n<h3 id=\"headline-34-59-5\" class=\"ct-headline\" data-id=\"headline-34-59\"><span id=\"span-42-59\" class=\"ct-span\" ><a href='https:\/\/www.q-bital.com\/is_is\/our-team\/mark-fox\/'>Mark Fox<\/a><\/span><\/h3>\n<div id=\"text_block-50-59-5\" class=\"ct-text-block\" data-id=\"text_block-50-59\"><span id=\"span-64-59\" class=\"ct-span\" ><\/span><\/div>\n<div id=\"text_block-71-59-5\" class=\"ct-text-block\" data-id=\"text_block-71-59\"><span id=\"span-78-59\" class=\"ct-span\" >Mark gekk til li\u00f0s vi\u00f0 Vanguard \u00ed n\u00f3vember 2023 me\u00f0 meira en tveggja \u00e1ratuga reynslu \u00ed byggingari\u00f0na\u00f0i utan byggingarsv\u00e6\u00f0is, framlei\u00f0slu og st\u00f3rum rekstri.  <\/span><\/div>\n<p><a id=\"link_text-86-59-5\" class=\"ct-link-text\" href=\"https:\/\/www.q-bital.com\/is_is\/our-team\/mark-fox\/\" target=\"_self\" data-id=\"link_text-86-59\">Lestu meira<\/a><\/div>\n<\/div>\n<div id=\"div_block-17-59-6\" class=\"ct-div-block\" data-id=\"div_block-17-59\">\n<div id=\"div_block-115-62-6\" class=\"ct-div-block\" data-id=\"div_block-115-62\"><a id=\"link-141-59-6\" class=\"ct-link\" href=\"https:\/\/www.q-bital.com\/is_is\/our-team\/lucy-williams\/\" data-id=\"link-141-59\"><img decoding=\"async\" id=\"image-25-59-6\" alt=\"\" src=\"https:\/\/www.q-bital.com\/wp-content\/uploads\/sites\/8\/2025\/11\/Lucy-Williams-Picture.jpg\" class=\"ct-image\" data-id=\"image-25-59\"><\/a><\/div>\n<div id=\"div_block-49-59-6\" class=\"ct-div-block\" data-id=\"div_block-49-59\">\n<h3 id=\"headline-34-59-6\" class=\"ct-headline\" data-id=\"headline-34-59\"><span id=\"span-42-59\" class=\"ct-span\" ><a href='https:\/\/www.q-bital.com\/is_is\/our-team\/lucy-williams\/'>L\u00fas\u00eda Williams<\/a><\/span><\/h3>\n<div id=\"text_block-50-59-6\" class=\"ct-text-block\" data-id=\"text_block-50-59\"><span id=\"span-64-59\" class=\"ct-span\" ><\/span><\/div>\n<div id=\"text_block-71-59-6\" class=\"ct-text-block\" data-id=\"text_block-71-59\"><span id=\"span-78-59\" class=\"ct-span\" >Lucy h\u00f3f st\u00f6rf hj\u00e1 Vanguard Healthcare Solutions \u00e1ri\u00f0 2021 og veitir stefnum\u00f3tandi forystu \u00ed starfsmannam\u00e1lum samst\u00e6\u00f0unnar um allt Bretland og \u00e1 al\u00fej\u00f3\u00f0avettvangi.<\/span><\/div>\n<p><a id=\"link_text-86-59-6\" class=\"ct-link-text\" href=\"https:\/\/www.q-bital.com\/is_is\/our-team\/lucy-williams\/\" target=\"_self\" data-id=\"link_text-86-59\">Lestu meira<\/a><\/div>\n<\/div><\/div>\n<\/div>\n<\/section>\n<section id=\"section-13-59\" class=\"ct-section\" >\n<div class=\"ct-section-inner-wrap\">\n<h2 id=\"headline-93-328\" class=\"ct-headline\">Al\u00fej\u00f3\u00f0lega li\u00f0i\u00f0 okkar<\/h2>\n<div id=\"_rich_text-96-328\" class=\"oxy-rich-text\" >\n<p>Li\u00f0 okkar sv\u00e6\u00f0isbundinna s\u00e9rfr\u00e6\u00f0inga er h\u00e9r til a\u00f0 sty\u00f0ja \u00feig \u00ed gegnum innkaupafer\u00f0ina og eru til sta\u00f0ar til a\u00f0 svara \u00f6llum spurningum sem \u00fe\u00fa g\u00e6tir haft hven\u00e6r sem er.<\/p>\n<\/div>\n<div id=\"_dynamic_list-16-59\" class=\"oxy-dynamic-list\">\n<div id=\"div_block-17-59-1\" class=\"ct-div-block\" data-id=\"div_block-17-59\">\n<div id=\"div_block-175-328-1\" class=\"ct-div-block\" data-id=\"div_block-175-328\">\n<div id=\"div_block-176-328-1\" class=\"ct-div-block\" data-id=\"div_block-176-328\"><a id=\"link-177-328-1\" class=\"ct-link\" href=\"https:\/\/www.q-bital.com\/is_is\/our-team\/peter-spryszynski\/\" data-id=\"link-177-328\"><img decoding=\"async\" id=\"image-178-328-1\" alt=\"\" src=\"https:\/\/www.q-bital.com\/wp-content\/uploads\/sites\/8\/2023\/08\/Peter-Spryszynski-.jpg\" class=\"ct-image\" data-id=\"image-178-328\"><\/a><\/div>\n<div id=\"div_block-179-328-1\" class=\"ct-div-block\" data-id=\"div_block-179-328\">\n<h3 id=\"headline-180-328-1\" class=\"ct-headline\" data-id=\"headline-180-328\"><span id=\"span-181-328\" class=\"ct-span\" ><a href='https:\/\/www.q-bital.com\/is_is\/our-team\/peter-spryszynski\/'>Peter Spryszynski<\/a><\/span><\/h3>\n<div id=\"text_block-182-328-1\" class=\"ct-text-block\" data-id=\"text_block-182-328\"><span id=\"span-183-328\" class=\"ct-span\" ><\/span><\/div>\n<div id=\"text_block-184-328-1\" class=\"ct-text-block\" data-id=\"text_block-184-328\"><span id=\"span-185-328\" class=\"ct-span\" >Peter gekk til li\u00f0s vi\u00f0 Q-bital Healthcare Solutions (\u00c1stral\u00edu) \u00e1ri\u00f0 2019 sem landsstj\u00f3ri \u00fear sem hann st\u00fdrir stofnuninni.<\/span><\/div>\n<p><a id=\"link_text-186-328-1\" class=\"ct-link-text\" href=\"https:\/\/www.q-bital.com\/is_is\/our-team\/peter-spryszynski\/\" target=\"_self\" data-id=\"link_text-186-328\">Lestu meira<\/a><\/div>\n<\/div>\n<\/div><\/div>\n<\/div>\n<\/section>\n<section id=\"section-144-59\" class=\"ct-section\" >\n<div class=\"ct-section-inner-wrap\">\n<div id=\"new_columns-145-59\" class=\"ct-new-columns\" >\n<div id=\"div_block-146-59\" class=\"ct-div-block\" >\n<div id=\"_rich_text-9-63\" class=\"oxy-rich-text\" >\n<p>A\u00f0 finna lausn sem virkar fyrir sj\u00fakrah\u00fasi\u00f0 \u00feitt g\u00e6ti byrja\u00f0 h\u00e9r ...<\/p>\n<\/div>\n<p><a id=\"link_button-149-59\" class=\"ct-link-button\" href=\"\/is_is\/contact\/\" target=\"_self\"  >Komast \u00ed samband<\/a><\/div>\n<div id=\"div_block-150-59\" class=\"ct-div-block\" ><img decoding=\"async\"  id=\"image-151-59\" alt=\"\" src=\"https:\/\/www.q-bital.com\/wp-content\/uploads\/sites\/8\/2023\/06\/kettering-2-1.jpg\" class=\"ct-image\"\/><\/div>\n<\/div>\n<\/div>\n<\/section>","protected":false},"excerpt":{"rendered":"","protected":false},"author":2,"featured_media":0,"parent":0,"menu_order":0,"comment_status":"closed","ping_status":"closed","template":"","meta":{"_acf_changed":false,"footnotes":""},"class_list":["post-59","page","type-page","status-publish","hentry"],"acf":[],"yoast_head":"<!-- This site is optimized with the Yoast SEO plugin v27.4 - https:\/\/yoast.com\/product\/yoast-seo-wordpress\/ -->\n<title>Meet our team - Q-bital Healthcare Solutions<\/title>\n<meta name=\"robots\" content=\"index, follow, max-snippet:-1, max-image-preview:large, max-video-preview:-1\" \/>\n<link rel=\"canonical\" href=\"https:\/\/www.q-bital.com\/is_is\/our-team\/\" \/>\n<meta property=\"og:locale\" content=\"is_IS\" \/>\n<meta property=\"og:type\" content=\"article\" \/>\n<meta property=\"og:title\" content=\"Meet our team - Q-bital Healthcare Solutions\" \/>\n<meta property=\"og:url\" content=\"https:\/\/www.q-bital.com\/is_is\/our-team\/\" \/>\n<meta property=\"og:site_name\" content=\"Q-bital Healthcare Solutions\" \/>\n<meta property=\"article:modified_time\" content=\"2023-08-16T14:55:12+00:00\" \/>\n<meta name=\"twitter:card\" content=\"summary_large_image\" \/>\n<script type=\"application\/ld+json\" class=\"yoast-schema-graph\">{\"@context\":\"https:\\\/\\\/schema.org\",\"@graph\":[{\"@type\":\"WebPage\",\"@id\":\"https:\\\/\\\/www.q-bital.com\\\/our-team\\\/\",\"url\":\"https:\\\/\\\/www.q-bital.com\\\/our-team\\\/\",\"name\":\"Meet our team - Q-bital Healthcare Solutions\",\"isPartOf\":{\"@id\":\"https:\\\/\\\/www.q-bital.com\\\/#website\"},\"datePublished\":\"2023-05-31T14:28:45+00:00\",\"dateModified\":\"2023-08-16T14:55:12+00:00\",\"inLanguage\":\"is\",\"potentialAction\":[{\"@type\":\"ReadAction\",\"target\":[\"https:\\\/\\\/www.q-bital.com\\\/our-team\\\/\"]}]},{\"@type\":\"WebSite\",\"@id\":\"https:\\\/\\\/www.q-bital.com\\\/#website\",\"url\":\"https:\\\/\\\/www.q-bital.com\\\/\",\"name\":\"Q-bital Healthcare Solutions\",\"description\":\"\",\"potentialAction\":[{\"@type\":\"SearchAction\",\"target\":{\"@type\":\"EntryPoint\",\"urlTemplate\":\"https:\\\/\\\/www.q-bital.com\\\/?s={search_term_string}\"},\"query-input\":{\"@type\":\"PropertyValueSpecification\",\"valueRequired\":true,\"valueName\":\"search_term_string\"}}],\"inLanguage\":\"is\"}]}<\/script>\n<!-- \/ Yoast SEO plugin. -->","yoast_head_json":{"title":"Kynntu \u00fe\u00e9r teymi\u00f0 okkar - Q-bital heilbrig\u00f0islausnir","robots":{"index":"index","follow":"follow","max-snippet":"max-snippet:-1","max-image-preview":"max-image-preview:large","max-video-preview":"max-video-preview:-1"},"canonical":"https:\/\/www.q-bital.com\/is_is\/our-team\/","og_locale":"is_IS","og_type":"article","og_title":"Meet our team - Q-bital Healthcare Solutions","og_url":"https:\/\/www.q-bital.com\/is_is\/our-team\/","og_site_name":"Q-bital Healthcare Solutions","article_modified_time":"2023-08-16T14:55:12+00:00","twitter_card":"summary_large_image","schema":{"@context":"https:\/\/schema.org","@graph":[{"@type":"WebPage","@id":"https:\/\/www.q-bital.com\/our-team\/","url":"https:\/\/www.q-bital.com\/our-team\/","name":"Kynntu \u00fe\u00e9r teymi\u00f0 okkar - Q-bital heilbrig\u00f0islausnir","isPartOf":{"@id":"https:\/\/www.q-bital.com\/#website"},"datePublished":"2023-05-31T14:28:45+00:00","dateModified":"2023-08-16T14:55:12+00:00","inLanguage":"is","potentialAction":[{"@type":"ReadAction","target":["https:\/\/www.q-bital.com\/our-team\/"]}]},{"@type":"WebSite","@id":"https:\/\/www.q-bital.com\/#website","url":"https:\/\/www.q-bital.com\/","name":"Q-bital Healthcare Solutions","description":"","potentialAction":[{"@type":"SearchAction","target":{"@type":"EntryPoint","urlTemplate":"https:\/\/www.q-bital.com\/?s={search_term_string}"},"query-input":{"@type":"PropertyValueSpecification","valueRequired":true,"valueName":"search_term_string"}}],"inLanguage":"is"}]}},"_links":{"self":[{"href":"https:\/\/www.q-bital.com\/is_is\/wp-json\/wp\/v2\/pages\/59","targetHints":{"allow":["GET"]}}],"collection":[{"href":"https:\/\/www.q-bital.com\/is_is\/wp-json\/wp\/v2\/pages"}],"about":[{"href":"https:\/\/www.q-bital.com\/is_is\/wp-json\/wp\/v2\/types\/page"}],"author":[{"embeddable":true,"href":"https:\/\/www.q-bital.com\/is_is\/wp-json\/wp\/v2\/users\/2"}],"replies":[{"embeddable":true,"href":"https:\/\/www.q-bital.com\/is_is\/wp-json\/wp\/v2\/comments?post=59"}],"version-history":[{"count":0,"href":"https:\/\/www.q-bital.com\/is_is\/wp-json\/wp\/v2\/pages\/59\/revisions"}],"wp:attachment":[{"href":"https:\/\/www.q-bital.com\/is_is\/wp-json\/wp\/v2\/media?parent=59"}],"curies":[{"name":"wp","href":"https:\/\/api.w.org\/{rel}","templated":true}]}}