{"id":689,"date":"2023-07-19T15:15:33","date_gmt":"2023-07-19T15:15:33","guid":{"rendered":"https:\/\/www.q-bital.com\/?page_id=689"},"modified":"2023-09-08T13:41:12","modified_gmt":"2023-09-08T13:41:12","slug":"who-we-help","status":"publish","type":"page","link":"https:\/\/www.q-bital.com\/is_is\/who-we-help\/","title":{"rendered":"Hverjum vi\u00f0 hj\u00e1lpum"},"content":{"rendered":"<section id=\"section-2-59\" class=\"ct-section\" style=\"background-image:url(https:\/\/www.q-bital.com\/wp-content\/uploads\/sites\/8\/2023\/05\/boulders-right.png);background-size: auto;\" >\n<div class=\"ct-section-inner-wrap\">\n<div id=\"div_block-8-59\" class=\"ct-div-block\" ><a id=\"link_text-6-59\" class=\"ct-link-text\" href=\"\/is_is\/\" target=\"_self\"  >Heim<\/a><\/p>\n<h1 id=\"headline-3-59\" class=\"ct-headline\"><span id=\"span-4-59\" class=\"ct-span\" >Hverjum vi\u00f0 hj\u00e1lpum<\/span><\/h1>\n<\/div>\n<\/div>\n<\/section>\n<section id=\"section-68-14-text-left-white\" class=\"ct-section\" >\n<div class=\"ct-section-inner-wrap\">\n<div id=\"new_columns-69-14text-left-white\" class=\"ct-new-columns\" >\n<div id=\"div_block-70-14\" class=\"ct-div-block\" >\n<h2 id=\"headline-71-14\" class=\"ct-headline\">Hverjum vi\u00f0 hj\u00e1lpum<\/h2>\n<div id=\"_rich_text-72-14\" class=\"oxy-rich-text\" >\n<p dir=\"ltr\">\u00deegar vi\u00f0 vinnum a\u00f0 n\u00fdju verkefni me\u00f0 vi\u00f0skiptavinum viljum vi\u00f0 tryggja a\u00f0 ferli\u00f0 s\u00e9 eins hn\u00f6kralaust og m\u00f6gulegt er fyrir alla sem taka \u00fe\u00e1tt. H\u00e9r eru nokkur d\u00e6mi um hvernig vi\u00f0 getum stutt mismunandi yfirstj\u00f3rnarteymi innan sj\u00fakrah\u00fasa.<\/p>\n<\/div>\n<\/div>\n<div id=\"div_block-74-14\" class=\"ct-div-block\" ><img decoding=\"async\"  id=\"image-75-14\" alt=\"\" src=\"https:\/\/www.q-bital.com\/wp-content\/uploads\/sites\/8\/2023\/07\/team-4.jpg\" class=\"ct-image\"\/><\/div>\n<\/div>\n<\/div>\n<\/section>\n<section id=\"section-88-34-blue\" class=\"ct-section\" >\n<div class=\"ct-section-inner-wrap\">\n<div id=\"new_columns-89-34-blue\" class=\"ct-new-columns\" >\n<div id=\"div_block-94-34\" class=\"ct-div-block\" ><img decoding=\"async\"  id=\"image-95-34\" alt=\"\" src=\"https:\/\/www.q-bital.com\/wp-content\/uploads\/sites\/8\/2023\/07\/How-we-help-management-executives-image.jpg\" class=\"ct-image\"\/><\/div>\n<div id=\"div_block-90-34\" class=\"ct-div-block\" >\n<h2 id=\"headline-91-34\" class=\"ct-headline\">Hvernig vi\u00f0 hj\u00e1lpum stj\u00f3rnendum<\/h2>\n<div id=\"_rich_text-92-34\" class=\"oxy-rich-text\" >\n<p dir=\"ltr\">Vi\u00f0 \u00fer\u00f3un vi\u00f0skiptahugmynda fyrir sam\u00fe\u00e6ttingu vi\u00f0b\u00f3tar\u00fej\u00f3nustu \u00ed verkfl\u00e6\u00f0i sj\u00fakrah\u00fassins er nau\u00f0synlegt a\u00f0 geta au\u00f0veldlega sett fram kosti og lykilframmist\u00f6\u00f0uv\u00edsa. \u00dea\u00f0 getur veri\u00f0 mikilv\u00e6gt a\u00f0 s\u00fdna fram \u00e1 ar\u00f0semi verkefnisins af fj\u00e1rfestingu, s\u00e9rstaklega \u00fear sem um verulegan fyrirframkostna\u00f0 er a\u00f0 r\u00e6\u00f0a. Tveggja \u00e1ratuga reynsla okkar setur okkur \u00ed fullkomna st\u00f6\u00f0u til a\u00f0 hj\u00e1lpa.<\/p>\n<p dir=\"ltr\">Hvert verkefni hefur s\u00ednar einst\u00f6ku kr\u00f6fur og \u00e1skoranir sem \u00fearf a\u00f0 sigrast \u00e1, en nokkur d\u00e6mi um \u00e1rangursr\u00edkar dreifingar eru:<\/p>\n<ul>\n<li dir=\"ltr\" aria-level=\"1\">\n<p dir=\"ltr\" role=\"presentation\">Auknar tekjur fyrir frekari a\u00f0ger\u00f0ir<\/p>\n<\/li>\n<li dir=\"ltr\" aria-level=\"1\">\n<p dir=\"ltr\" role=\"presentation\">Pr\u00f3fa m\u00e1li\u00f0 fyrir n\u00fdja \u00fej\u00f3nustu\u00fer\u00f3un<\/p>\n<\/li>\n<li dir=\"ltr\" aria-level=\"1\">\n<p dir=\"ltr\" role=\"presentation\">Koma \u00ed veg fyrir tapa\u00f0a tekjur me\u00f0an \u00e1 st\u00f6\u00f0vun stendur<\/p>\n<\/li>\n<li dir=\"ltr\" aria-level=\"1\">\n<p dir=\"ltr\" role=\"presentation\">For\u00f0astu vi\u00f0url\u00f6g vi\u00f0 samningsbrotum og \u00f6\u00f0rum frammist\u00f6\u00f0ur\u00e1\u00f0st\u00f6funum<\/p>\n<\/li>\n<li dir=\"ltr\" aria-level=\"1\">\n<p dir=\"ltr\" role=\"presentation\">A\u00f0 draga \u00far fer\u00f0at\u00edma fyrir l\u00e6kna \u00e1 milli sta\u00f0a<\/p>\n<\/li>\n<li dir=\"ltr\" aria-level=\"1\">\n<p dir=\"ltr\" role=\"presentation\">A\u00f0 b\u00e6ta afkomu sj\u00faklinga<\/p>\n<\/li>\n<li dir=\"ltr\" aria-level=\"1\">\n<p dir=\"ltr\" role=\"presentation\">For\u00f0ast truflun \u00e1 vinnumynstri starfsf\u00f3lks<\/p>\n<\/li>\n<li dir=\"ltr\" aria-level=\"1\">\n<p dir=\"ltr\" role=\"presentation\">\u00datr\u00fdma \u00fej\u00f3nustustoppi<\/p>\n<\/li>\n<li dir=\"ltr\" aria-level=\"1\">\n<p dir=\"ltr\" role=\"presentation\">A\u00f0 sigrast \u00e1 h\u00f6rmulegum bilun<\/p>\n<\/li>\n<li dir=\"ltr\" aria-level=\"1\">\n<p dir=\"ltr\" role=\"presentation\">A\u00f0 draga \u00far t\u00edmam\u00f6rkum verkefna<\/p>\n<\/li>\n<\/ul>\n<p dir=\"ltr\">S\u00e9rstakur teymi okkar mun vera til sta\u00f0ar til a\u00f0 hj\u00e1lpa \u00ed hverju skrefi \u00ed ferlinu og er \u00f3skipt me\u00f0 \u00fev\u00ed a\u00f0 taka \u00e1 m\u00f3ti afbrig\u00f0um ef verkefni\u00f0 \u00fearf a\u00f0 taka a\u00f0ra stefnu.<\/p>\n<\/div>\n<\/div>\n<\/div>\n<\/div>\n<\/section>\n<section id=\"section-68-14-text-left-white\" class=\"ct-section\" >\n<div class=\"ct-section-inner-wrap\">\n<div id=\"new_columns-69-14text-left-white\" class=\"ct-new-columns\" >\n<div id=\"div_block-70-14\" class=\"ct-div-block\" >\n<h2 id=\"headline-71-14\" class=\"ct-headline\">Hvernig vi\u00f0 a\u00f0sto\u00f0um l\u00e6kna<\/h2>\n<div id=\"_rich_text-72-14\" class=\"oxy-rich-text\" >\n<p dir=\"ltr\">Vi\u00f0 h\u00f6fum veri\u00f0 \u00e1byrg fyrir afhendingu h\u00e1g\u00e6\u00f0a, \u00f6ruggs og samh\u00e6f\u00f0s kl\u00edn\u00edsks umhverfis \u00ed m\u00f6rgum s\u00e9rgreinum \u00ed meira en tvo \u00e1ratugi, svo \u00fe\u00fa ert \u00ed \u00f6ruggum h\u00f6ndum.<\/p>\n<p dir=\"ltr\"><strong>\u00darval okkar af kl\u00edn\u00edskum a\u00f0st\u00f6\u00f0u inniheldur:&nbsp;<\/strong><\/p>\n<ul>\n<li dir=\"ltr\" aria-level=\"1\">\n<p dir=\"ltr\" role=\"presentation\">Venjulegar skur\u00f0stofur<\/p>\n<\/li>\n<li dir=\"ltr\" aria-level=\"1\">\n<p dir=\"ltr\" role=\"presentation\">Lagskiptu skur\u00f0stofur<\/p>\n<\/li>\n<li dir=\"ltr\" aria-level=\"1\">\n<p dir=\"ltr\" role=\"presentation\">Ofurhreinar skur\u00f0stofur<\/p>\n<\/li>\n<li dir=\"ltr\" aria-level=\"1\">\n<p dir=\"ltr\" role=\"presentation\">Hybrid skur\u00f0stofur<\/p>\n<\/li>\n<li dir=\"ltr\" aria-level=\"1\">\n<p dir=\"ltr\" role=\"presentation\">Dagm\u00e1lsa\u00f0sta\u00f0a<\/p>\n<\/li>\n<li dir=\"ltr\" aria-level=\"1\">\n<p dir=\"ltr\" role=\"presentation\">Endoscopy sv\u00edtur<\/p>\n<\/li>\n<li dir=\"ltr\" aria-level=\"1\">\n<p dir=\"ltr\" role=\"presentation\">Afmengunara\u00f0sta\u00f0a fyrir holsj\u00e1r<\/p>\n<\/li>\n<li dir=\"ltr\" aria-level=\"1\">\n<p dir=\"ltr\" role=\"presentation\">Mi\u00f0l\u00e6g \u00f3frj\u00f3semis\u00fej\u00f3nustudeildir<\/p>\n<\/li>\n<li dir=\"ltr\" aria-level=\"1\">\n<p dir=\"ltr\" role=\"presentation\">G\u00f6ngudeildir<\/p>\n<\/li>\n<li dir=\"ltr\" aria-level=\"1\">\n<p dir=\"ltr\" role=\"presentation\">Sj\u00fakradeildir<\/p>\n<\/li>\n<li dir=\"ltr\" aria-level=\"1\">\n<p dir=\"ltr\" role=\"presentation\">Heims\u00f3kn \u00e1 sj\u00fakrah\u00fas<\/p>\n<\/li>\n<li dir=\"ltr\" aria-level=\"1\">\n<p dir=\"ltr\" role=\"presentation\">Greiningarst\u00f6\u00f0var samf\u00e9lagsins<\/p>\n<\/li>\n<\/ul>\n<p dir=\"ltr\">Einn af einst\u00f6kum kostum \u00feess a\u00f0 vinna me\u00f0 okkur er a\u00f0 vi\u00f0 getum veitt kl\u00edn\u00edskt eftirlit og yfirs\u00fdn yfir hvern samning sem vi\u00f0 afhendum, fr\u00e1 getna\u00f0i til fullna\u00f0ar. S\u00e9rhver samningur er undir stj\u00f3rn kl\u00edn\u00edskrar \u00fej\u00f3nustustj\u00f3ra (CSM) sem er reyndur kl\u00edn\u00edskur lei\u00f0togi me\u00f0 n\u00faverandi kl\u00edn\u00edska skr\u00e1ningu (NMC e\u00f0a HCPC) og v\u00ed\u00f0t\u00e6ka \u00feekkingu \u00e1 a\u00f0st\u00f6\u00f0u okkar, b\u00e6\u00f0i fars\u00edma og m\u00e1t.<\/p>\n<\/div>\n<\/div>\n<div id=\"div_block-74-14\" class=\"ct-div-block\" ><img decoding=\"async\"  id=\"image-75-14\" alt=\"\" src=\"https:\/\/www.q-bital.com\/wp-content\/uploads\/sites\/8\/2023\/07\/clinical.jpg\" class=\"ct-image\"\/><\/div>\n<\/div>\n<\/div>\n<\/section>\n<section id=\"section-144-59\" class=\"ct-section\" >\n<div class=\"ct-section-inner-wrap\">\n<div id=\"new_columns-145-59\" class=\"ct-new-columns\" >\n<div id=\"div_block-146-59\" class=\"ct-div-block\" >\n<div id=\"_rich_text-9-63\" class=\"oxy-rich-text\" >\n<p>A\u00f0 finna lausn sem virkar fyrir sj\u00fakrah\u00fasi\u00f0 \u00feitt g\u00e6ti byrja\u00f0 h\u00e9r ...<\/p>\n<\/div>\n<p><a id=\"link_button-149-59\" class=\"ct-link-button\" href=\"\/is_is\/contact\/\" target=\"_self\"  >Komast \u00ed samband<\/a><\/div>\n<div id=\"div_block-150-59\" class=\"ct-div-block\" ><img decoding=\"async\"  id=\"image-151-59\" alt=\"\" src=\"https:\/\/www.q-bital.com\/wp-content\/uploads\/sites\/8\/2023\/06\/kettering-2-1.jpg\" class=\"ct-image\"\/><\/div>\n<\/div>\n<\/div>\n<\/section>","protected":false},"excerpt":{"rendered":"","protected":false},"author":2,"featured_media":0,"parent":0,"menu_order":0,"comment_status":"closed","ping_status":"closed","template":"","meta":{"_acf_changed":false,"footnotes":""},"class_list":["post-689","page","type-page","status-publish","hentry"],"acf":[],"yoast_head":"<!-- This site is optimized with the Yoast SEO plugin v27.5 - https:\/\/yoast.com\/product\/yoast-seo-wordpress\/ -->\n<title>Who we help - Q-bital Healthcare Solutions<\/title>\n<meta name=\"robots\" content=\"index, follow, max-snippet:-1, max-image-preview:large, max-video-preview:-1\" \/>\n<link rel=\"canonical\" href=\"https:\/\/www.q-bital.com\/is_is\/who-we-help\/\" \/>\n<meta property=\"og:locale\" content=\"is_IS\" \/>\n<meta property=\"og:type\" content=\"article\" \/>\n<meta property=\"og:title\" content=\"Who we help - Q-bital Healthcare Solutions\" \/>\n<meta property=\"og:url\" content=\"https:\/\/www.q-bital.com\/is_is\/who-we-help\/\" \/>\n<meta property=\"og:site_name\" content=\"Q-bital Healthcare Solutions\" \/>\n<meta property=\"article:modified_time\" content=\"2023-09-08T13:41:12+00:00\" \/>\n<meta name=\"twitter:card\" content=\"summary_large_image\" \/>\n<script type=\"application\/ld+json\" class=\"yoast-schema-graph\">{\"@context\":\"https:\\\/\\\/schema.org\",\"@graph\":[{\"@type\":\"WebPage\",\"@id\":\"https:\\\/\\\/www.q-bital.com\\\/who-we-help\\\/\",\"url\":\"https:\\\/\\\/www.q-bital.com\\\/who-we-help\\\/\",\"name\":\"Who we help - Q-bital Healthcare Solutions\",\"isPartOf\":{\"@id\":\"https:\\\/\\\/www.q-bital.com\\\/#website\"},\"datePublished\":\"2023-07-19T15:15:33+00:00\",\"dateModified\":\"2023-09-08T13:41:12+00:00\",\"inLanguage\":\"is\",\"potentialAction\":[{\"@type\":\"ReadAction\",\"target\":[\"https:\\\/\\\/www.q-bital.com\\\/who-we-help\\\/\"]}]},{\"@type\":\"WebSite\",\"@id\":\"https:\\\/\\\/www.q-bital.com\\\/#website\",\"url\":\"https:\\\/\\\/www.q-bital.com\\\/\",\"name\":\"Q-bital Healthcare Solutions\",\"description\":\"\",\"potentialAction\":[{\"@type\":\"SearchAction\",\"target\":{\"@type\":\"EntryPoint\",\"urlTemplate\":\"https:\\\/\\\/www.q-bital.com\\\/?s={search_term_string}\"},\"query-input\":{\"@type\":\"PropertyValueSpecification\",\"valueRequired\":true,\"valueName\":\"search_term_string\"}}],\"inLanguage\":\"is\"}]}<\/script>\n<!-- \/ Yoast SEO plugin. -->","yoast_head_json":{"title":"Hverjum vi\u00f0 a\u00f0sto\u00f0um - Q-bital heilbrig\u00f0islausnir","robots":{"index":"index","follow":"follow","max-snippet":"max-snippet:-1","max-image-preview":"max-image-preview:large","max-video-preview":"max-video-preview:-1"},"canonical":"https:\/\/www.q-bital.com\/is_is\/who-we-help\/","og_locale":"is_IS","og_type":"article","og_title":"Who we help - Q-bital Healthcare Solutions","og_url":"https:\/\/www.q-bital.com\/is_is\/who-we-help\/","og_site_name":"Q-bital Healthcare Solutions","article_modified_time":"2023-09-08T13:41:12+00:00","twitter_card":"summary_large_image","schema":{"@context":"https:\/\/schema.org","@graph":[{"@type":"WebPage","@id":"https:\/\/www.q-bital.com\/who-we-help\/","url":"https:\/\/www.q-bital.com\/who-we-help\/","name":"Hverjum vi\u00f0 a\u00f0sto\u00f0um - Q-bital heilbrig\u00f0islausnir","isPartOf":{"@id":"https:\/\/www.q-bital.com\/#website"},"datePublished":"2023-07-19T15:15:33+00:00","dateModified":"2023-09-08T13:41:12+00:00","inLanguage":"is","potentialAction":[{"@type":"ReadAction","target":["https:\/\/www.q-bital.com\/who-we-help\/"]}]},{"@type":"WebSite","@id":"https:\/\/www.q-bital.com\/#website","url":"https:\/\/www.q-bital.com\/","name":"Q-bital Healthcare Solutions","description":"","potentialAction":[{"@type":"SearchAction","target":{"@type":"EntryPoint","urlTemplate":"https:\/\/www.q-bital.com\/?s={search_term_string}"},"query-input":{"@type":"PropertyValueSpecification","valueRequired":true,"valueName":"search_term_string"}}],"inLanguage":"is"}]}},"_links":{"self":[{"href":"https:\/\/www.q-bital.com\/is_is\/wp-json\/wp\/v2\/pages\/689","targetHints":{"allow":["GET"]}}],"collection":[{"href":"https:\/\/www.q-bital.com\/is_is\/wp-json\/wp\/v2\/pages"}],"about":[{"href":"https:\/\/www.q-bital.com\/is_is\/wp-json\/wp\/v2\/types\/page"}],"author":[{"embeddable":true,"href":"https:\/\/www.q-bital.com\/is_is\/wp-json\/wp\/v2\/users\/2"}],"replies":[{"embeddable":true,"href":"https:\/\/www.q-bital.com\/is_is\/wp-json\/wp\/v2\/comments?post=689"}],"version-history":[{"count":0,"href":"https:\/\/www.q-bital.com\/is_is\/wp-json\/wp\/v2\/pages\/689\/revisions"}],"wp:attachment":[{"href":"https:\/\/www.q-bital.com\/is_is\/wp-json\/wp\/v2\/media?parent=689"}],"curies":[{"name":"wp","href":"https:\/\/api.w.org\/{rel}","templated":true}]}}