{"id":693,"date":"2023-07-19T15:41:55","date_gmt":"2023-07-19T15:41:55","guid":{"rendered":"https:\/\/www.q-bital.com\/?page_id=693"},"modified":"2023-10-20T11:41:54","modified_gmt":"2023-10-20T11:41:54","slug":"faqs","status":"publish","type":"page","link":"https:\/\/www.q-bital.com\/is_is\/faqs\/","title":{"rendered":"Algengar spurningar"},"content":{"rendered":"<section id=\"section-2-59\" class=\"ct-section\" style=\"background-image:url(https:\/\/www.q-bital.com\/wp-content\/uploads\/sites\/8\/2023\/05\/boulders-right.png);background-size: auto;\" >\n<div class=\"ct-section-inner-wrap\">\n<div id=\"div_block-8-59\" class=\"ct-div-block\" ><a id=\"link_text-6-59\" class=\"ct-link-text\" href=\"\/is_is\/\" target=\"_self\"  >Heim<\/a><\/p>\n<h1 id=\"headline-3-59\" class=\"ct-headline\"><span id=\"span-4-59\" class=\"ct-span\" >Algengar spurningar<\/span><\/h1>\n<\/div>\n<\/div>\n<\/section>\n<div class=\"wp-block-vanguard-concertina\">\n<section class=\"ct-section\">\n<div class=\"ct-section-inner-wrap\">\n<div id=\"accordion-i9PUm1SAuAIPWb4o\" class=\"concertina accordion concertina-2col\">\n<div class=\"wp-block-vanguard-concertina-item accordion-item\">\n<h2 class=\"accordion-header\" id=\"heading-d078635e-3876-4394-8c4b-860ab9bdab1a\">\n<div class=\"title\">Hversu langan t\u00edma tekur \u00fea\u00f0 a\u00f0 setja upp einingaa\u00f0st\u00f6\u00f0u?<\/div>\n<p><span class=\"indicator\"><\/span><\/h2>\n<div id=\"collapse-d078635e-3876-4394-8c4b-860ab9bdab1a\" class=\"accordion-collapse collapse\" aria-labelledby=\"heading-d078635e-3876-4394-8c4b-860ab9bdab1a\" data-bs-parent=\"#accordion-i9PUm1SAuAIPWb4o\">\n<div class=\"accordion-body\">\n<div class=\"text\">Stutta svari\u00f0 er styttri t\u00edmi sem \u00fe\u00fa g\u00e6tir hugsa\u00f0 \u00fe\u00e9r. Einingaa\u00f0st\u00f6\u00f0u sem notar n\u00fat\u00edma byggingara\u00f0fer\u00f0ir er h\u00e6gt a\u00f0 \u00fer\u00f3a mun hra\u00f0ar en hef\u00f0bundnar byggingar \u00far m\u00farsteinum og steypuhr\u00e6ra. Sem d\u00e6mi, fr\u00e1 innkaupap\u00f6ntun til afhendingar, g\u00e6ti bygging fj\u00f6gurra eininga daga\u00f0ger\u00f0astofna, batar\u00fdmis og annarra stu\u00f0ningsherbergja \u00e1 sj\u00fakrah\u00fasi teki\u00f0 allt a\u00f0 12 vikur e\u00f0a allt a\u00f0 26 vikur ef \u00fe\u00f6rf er \u00e1 s\u00e9rsni\u00f0inni heilsug\u00e6slulausn.<\/p>\n<p><a href=\"\/is_is\/facilities\/operating-rooms\/\">Uppg\u00f6tva\u00f0u hversu flj\u00f3tt einingaa\u00f0sta\u00f0a g\u00e6ti komi\u00f0 \u00e1 sj\u00fakrah\u00fasi\u00f0 \u00feitt<\/a>.<\/div>\n<\/div>\n<\/div>\n<\/div>\n<div class=\"wp-block-vanguard-concertina-item accordion-item\">\n<h2 class=\"accordion-header\" id=\"heading-1de95927-d811-4aff-adcf-0aefddbe059e\">\n<div class=\"title\">Get \u00e9g leigt e\u00f0a keypt a\u00f0st\u00f6\u00f0u?<\/div>\n<p><span class=\"indicator\"><\/span><\/h2>\n<div id=\"collapse-1de95927-d811-4aff-adcf-0aefddbe059e\" class=\"accordion-collapse collapse\" aria-labelledby=\"heading-1de95927-d811-4aff-adcf-0aefddbe059e\" data-bs-parent=\"#accordion-i9PUm1SAuAIPWb4o\">\n<div class=\"accordion-body\">\n<div class=\"text\">Svari\u00f0 er j\u00e1 vi\u00f0 b\u00e1\u00f0um. Vi\u00f0 bj\u00f3\u00f0um upp \u00e1 sveigjanlegt <a data-type=\"page\" data-id=\"455\" href=\"\/is_is\/procurement\/\">innkaupaa\u00f0fer\u00f0<\/a> fyrir einingaa\u00f0st\u00f6\u00f0u okkar me\u00f0 leigu-, leigu-\/kaupa- og kaupm\u00f6guleikum \u00ed bo\u00f0i anna\u00f0hvort beint e\u00f0a \u00ed gegnum \u00fdmsa ramma.<\/p>\n<p><a data-type=\"page\" data-id=\"164\" href=\"\/is_is\/our-facilities\/\">Fars\u00edmaeiningarnar okkar<\/a> eru a\u00f0eins til leigu, \u00feetta gerir okkur kleift a\u00f0 breg\u00f0ast vi\u00f0 br\u00fdnum \u00fe\u00f6rfum.<\/div>\n<\/div>\n<\/div>\n<\/div>\n<div class=\"wp-block-vanguard-concertina-item accordion-item\">\n<h2 class=\"accordion-header\" id=\"heading-6af607bb-17f3-405d-a620-f36c0dc0e622\">\n<div class=\"title\">Er l\u00e1gmarks leigut\u00edmi?<\/div>\n<p><span class=\"indicator\"><\/span><\/h2>\n<div id=\"collapse-6af607bb-17f3-405d-a620-f36c0dc0e622\" class=\"accordion-collapse collapse\" aria-labelledby=\"heading-6af607bb-17f3-405d-a620-f36c0dc0e622\" data-bs-parent=\"#accordion-i9PUm1SAuAIPWb4o\">\n<div class=\"accordion-body\">\n<div class=\"text\">Almennt s\u00e9\u00f0 er a\u00f0 l\u00e1gmarki 13 vikna leigut\u00edmi fyrir fars\u00edmaa\u00f0st\u00f6\u00f0u okkar og vi\u00f0 getum sm\u00ed\u00f0a\u00f0 ver\u00f0l\u00edkan fyrir einingaa\u00f0st\u00f6\u00f0u okkar fr\u00e1 26 vikum og \u00e1fram. Hins vegar t\u00f6kum vi\u00f0 sveigjanlega n\u00e1lgun \u00fear sem forgangsverkefni okkar er alltaf a\u00f0 byggja lausnir okkar \u00e1 \u00fe\u00f6rfum vi\u00f0skiptavina okkar \u00ed sta\u00f0 \u00feess a\u00f0 setja skor\u00f0ur.<\/div>\n<\/div>\n<\/div>\n<\/div>\n<div class=\"wp-block-vanguard-concertina-item accordion-item\">\n<h2 class=\"accordion-header\" id=\"heading-343fc496-20ba-4e00-a725-9d3b2efbdbb7\">\n<div class=\"title\">Hva\u00f0a a\u00f0ger\u00f0ir er h\u00e6gt a\u00f0 framkv\u00e6ma \u00e1 f\u00e6ranlegum skur\u00f0stofua\u00f0st\u00f6\u00f0u?<\/div>\n<p><span class=\"indicator\"><\/span><\/h2>\n<div id=\"collapse-343fc496-20ba-4e00-a725-9d3b2efbdbb7\" class=\"accordion-collapse collapse\" aria-labelledby=\"heading-343fc496-20ba-4e00-a725-9d3b2efbdbb7\" data-bs-parent=\"#accordion-i9PUm1SAuAIPWb4o\">\n<div class=\"accordion-body\">\n<div class=\"text\">75% af \u00f6llum kl\u00edn\u00edskum a\u00f0ger\u00f0um sem framkv\u00e6mdar eru \u00e1 st\u00f3ru br\u00e1\u00f0asj\u00fakrah\u00fasi er h\u00e6gt a\u00f0 framkv\u00e6ma \u00e1 f\u00e6ranlegum skur\u00f0stofum okkar, allt fr\u00e1 mja\u00f0maskiptum til drera\u00f0ger\u00f0a, speglunara\u00f0ger\u00f0a til l\u00fdtaa\u00f0ger\u00f0a. Auk s\u00e9rh\u00e6f\u00f0ra hjartaskur\u00f0a\u00f0ger\u00f0a og fl\u00f3kinna krabbameinsa\u00f0ger\u00f0a. Allur listinn er allt of langur til a\u00f0 vera me\u00f0 h\u00e9r, en \u00fe\u00fa getur fundi\u00f0 \u00fat meira \u00e1 okkar <a data-type=\"page\" data-id=\"674\" href=\"\/is_is\/heritage\/\">S\u00ed\u00f0a um arfleif\u00f0<\/a>.<\/div>\n<\/div>\n<\/div>\n<\/div>\n<div class=\"wp-block-vanguard-concertina-item accordion-item\">\n<h2 class=\"accordion-header\" id=\"heading-63aa3f64-7374-48b4-9834-2e0222f8eb3d\">\n<div class=\"title\">Hva\u00f0a kosti bj\u00f3\u00f0a einingabyggingar fram yfir hef\u00f0bundnar heilsug\u00e6slubyggingar?<\/div>\n<p><span class=\"indicator\"><\/span><\/h2>\n<div id=\"collapse-63aa3f64-7374-48b4-9834-2e0222f8eb3d\" class=\"accordion-collapse collapse\" aria-labelledby=\"heading-63aa3f64-7374-48b4-9834-2e0222f8eb3d\" data-bs-parent=\"#accordion-i9PUm1SAuAIPWb4o\">\n<div class=\"accordion-body\">\n<div class=\"text\">Helsti \u00e1vinningurinn er s\u00e1 hra\u00f0i sem \u00feeir geta komi\u00f0 \u00e1 sta\u00f0inn og hleypt fyrstu sj\u00faklingunum inn um dyrnar. MMC og byggingarbyggingar utan l\u00f3\u00f0ar eru jafn \u00f6flugar og vanda\u00f0ar og hef\u00f0bundnar \u201em\u00farsteins- og steypubyggingar\u201c, st\u00f3ri munurinn er s\u00e1 a\u00f0 h\u00e6gt er a\u00f0 byggja \u00fe\u00e6r \u00e1 sama t\u00edma og undirbyggingarvinna \u00e1 sta\u00f0num fer fram.<\/p>\n<p>H\u00f6nnun eininga og MMC getur stytt byggingart\u00edma um allt a\u00f0 45%, l\u00e6kka\u00f0 kostna\u00f0 um 16% og auki\u00f0 framlei\u00f0ni um 30% \u00ed gegnum byggingarferli\u00f0.<sup>1<\/sup> \u00dea\u00f0 er l\u00edka umhverfislegur \u00e1vinningur, me\u00f0 takm\u00f6rku\u00f0um \u00fargangi, og minnka\u00f0 kolefni \u00e1 m\u00f3ti hef\u00f0bundnum byggingasv\u00e6\u00f0um.<\/p>\n<p>Sem d\u00e6mi - St Joseph&#039;s sj\u00fakrah\u00fasi\u00f0 \u00ed Denver, Colorado fann a\u00f0 byggingu a\u00f0st\u00f6\u00f0u \u00feeirra utan sta\u00f0num var raka\u00f0 \u00ed 72 daga fr\u00e1 afhendingart\u00edma og l\u00e6kka\u00f0i kostna\u00f0inn um \u00e1\u00e6tla\u00f0a $4,3 millj\u00f3nir.<sup>2<\/sup><\/p>\n<p>1. A\u00f0 byggja upp betri heilsug\u00e6slu hv\u00edtb\u00f3k.<br \/>2. Geiger, 2017.<\/div>\n<\/div>\n<\/div>\n<\/div>\n<div class=\"wp-block-vanguard-concertina-item accordion-item\">\n<h2 class=\"accordion-header\" id=\"heading-34124cfa-e6e2-45a3-bf73-0b32f35190c3\">\n<div class=\"title\">Getur \u00fe\u00fa b\u00fai\u00f0 til a\u00f0st\u00f6\u00f0u sem er s\u00e9rsni\u00f0in a\u00f0 kr\u00f6fum okkar?<\/div>\n<p><span class=\"indicator\"><\/span><\/h2>\n<div id=\"collapse-34124cfa-e6e2-45a3-bf73-0b32f35190c3\" class=\"accordion-collapse collapse\" aria-labelledby=\"heading-34124cfa-e6e2-45a3-bf73-0b32f35190c3\" data-bs-parent=\"#accordion-i9PUm1SAuAIPWb4o\">\n<div class=\"accordion-body\">\n<div class=\"text\">Algj\u00f6rlega, \u00fea\u00f0 er \u00fea\u00f0 sem vi\u00f0 erum \u00feekkt fyrir. Vi\u00f0 munum vinna me\u00f0 \u00fe\u00e9r a\u00f0 \u00fev\u00ed a\u00f0 b\u00faa til heilsug\u00e6slur\u00fdmi sem er hanna\u00f0 til a\u00f0 passa vi\u00f0 s\u00e9rstakar kr\u00f6fur \u00fe\u00ednar, allt fr\u00e1 stj\u00f3rnun \u00e1 fl\u00e6\u00f0i sj\u00faklinga, skilvirknir\u00e1\u00f0st\u00f6funum til ytra \u00fatlits.<\/div>\n<\/div>\n<\/div>\n<\/div>\n<div class=\"wp-block-vanguard-concertina-item accordion-item\">\n<h2 class=\"accordion-header\" id=\"heading-b2903f31-9b7b-4f6b-8001-9561a50b590e\">\n<div class=\"title\">Hvernig get \u00e9g fengi\u00f0 frekari uppl\u00fdsingar um a\u00f0 f\u00e1 skur\u00f0stofu \u00e1 sta\u00f0num?<\/div>\n<p><span class=\"indicator\"><\/span><\/h2>\n<div id=\"collapse-b2903f31-9b7b-4f6b-8001-9561a50b590e\" class=\"accordion-collapse collapse\" aria-labelledby=\"heading-b2903f31-9b7b-4f6b-8001-9561a50b590e\" data-bs-parent=\"#accordion-i9PUm1SAuAIPWb4o\">\n<div class=\"accordion-body\">\n<div class=\"text\">Haf\u00f0u bara samband vi\u00f0 vinalega teymi\u00f0 okkar og \u00fea\u00f0 mun lei\u00f0a \u00feig \u00ed gegnum skrefin, \u00fe\u00fa munt l\u00edklega finna a\u00f0 ferli\u00f0 er einfaldara en \u00fe\u00fa haf\u00f0ir \u00edmynda\u00f0 \u00fe\u00e9r. Vi\u00f0 getum teki\u00f0 \u00ed burtu erfi\u00f0i\u00f0 fyrir \u00feig, og jafnvel veitt a <a data-type=\"service\" href=\"\/is_is\/service\/turnkey-solutions\/\">turnkey lausn<\/a> ef \u00fea\u00f0 hentar \u00fe\u00e9r best.<\/p>\n<p><a data-type=\"page\" data-id=\"117\" href=\"\/is_is\/contact\/\" class=\"gform_button\">Komast \u00ed samband<\/a><\/div>\n<\/div>\n<\/div>\n<\/div>\n<div class=\"wp-block-vanguard-concertina-item accordion-item\">\n<h2 class=\"accordion-header\" id=\"heading-868c76d8-3257-4fcf-957d-67bf4859f5ec\">\n<div class=\"title\">Veitir \u00fe\u00fa a\u00f0st\u00f6\u00f0u um allan heim?<\/div>\n<p><span class=\"indicator\"><\/span><\/h2>\n<div id=\"collapse-868c76d8-3257-4fcf-957d-67bf4859f5ec\" class=\"accordion-collapse collapse\" aria-labelledby=\"heading-868c76d8-3257-4fcf-957d-67bf4859f5ec\" data-bs-parent=\"#accordion-i9PUm1SAuAIPWb4o\">\n<div class=\"accordion-body\">\n<div class=\"text\">J\u00e1, vi\u00f0 st\u00f6rfum \u00e1 al\u00fej\u00f3\u00f0avettvangi. Vi\u00f0 h\u00f6fum reynslu af a\u00f0 \u00fatvega a\u00f0st\u00f6\u00f0u \u00ed \u00c1stral\u00edu, N\u00fdja Sj\u00e1landi, Benelux, Nor\u00f0url\u00f6ndunum, \u00cdrlandi og Bretlandi. Innan Bretlands starfa vi\u00f0 undir v\u00f6rumerkinu ###Vanguard### Healthcare Solutions v\u00f6rumerkinu okkar, fyrir frekari uppl\u00fdsingar heims\u00e6kja <a href=\"https:\/\/www.vanguardhealthcare.co.uk\">www.vanguardhealthcare.co.uk<\/a>.<\/div>\n<\/div>\n<\/div>\n<\/div>\n<div class=\"wp-block-vanguard-concertina-item accordion-item\">\n<h2 class=\"accordion-header\" id=\"heading-32b61ab8-f388-43b3-8c99-1399b90140cf\">\n<div class=\"title\">Hvernig stj\u00f3rnar \u00fe\u00fa \u00e1hrifum \u00fe\u00ednum \u00e1 umhverfi\u00f0, s\u00e9rstaklega me\u00f0 st\u00e6rri a\u00f0st\u00f6\u00f0u \u00fe\u00edna?<\/div>\n<p><span class=\"indicator\"><\/span><\/h2>\n<div id=\"collapse-32b61ab8-f388-43b3-8c99-1399b90140cf\" class=\"accordion-collapse collapse\" aria-labelledby=\"heading-32b61ab8-f388-43b3-8c99-1399b90140cf\" data-bs-parent=\"#accordion-i9PUm1SAuAIPWb4o\">\n<div class=\"accordion-body\">\n<div class=\"text\">Lausnirnar okkar eru hanna\u00f0ar, sm\u00ed\u00f0a\u00f0ar og afhentar af mikilli al\u00fa\u00f0 og tillitssemi vi\u00f0 umhverfi\u00f0, sem minnkar kolefni \u00ed hverju skrefi \u00ed framlei\u00f0sluferlinu okkar. Vi\u00f0 leitum st\u00f6\u00f0ugt a\u00f0 lei\u00f0um til a\u00f0 l\u00e1gmarka \u00e1hrif \u00feess hvernig vi\u00f0 notum au\u00f0lindir me\u00f0 s\u00e9rstakri \u00e1herslu \u00e1 a\u00f0 tryggja a\u00f0 vi\u00f0 stu\u00f0lum a\u00f0 al\u00fej\u00f3\u00f0legri dagskr\u00e1 um loftslagsbreytingar.<\/p>\n<p>Markmi\u00f0 okkar er a\u00f0 vera hreint kolefnisn\u00fall fyrir losun umfangs 1 og 2 fyrir \u00e1rslok 2023, og fyrir umfang 3 fyrir \u00e1ri\u00f0 2035; vi\u00f0 erum me\u00f0 \u00f6fluga kolefnisminnkunar\u00e1\u00e6tlun til a\u00f0 hj\u00e1lpa okkur a\u00f0 n\u00e1 \u00feessu. Vi\u00f0 erum stolt af framf\u00f6rum okkar \u00e1 lei\u00f0inni \u00ed \u00e1tt a\u00f0 kolefnisn\u00fall, <a data-type=\"page\" data-id=\"705\" href=\"\/is_is\/carbon-reduction-plan\/\">sko\u00f0a n\u00e1nar h\u00e9r\u2026<\/a> <\/p>\n<p>Vi\u00f0 vorum n\u00fdlega \u00ed samstarfi vi\u00f0 Klimate til a\u00f0 b\u00faa til stefnu til a\u00f0 fjarl\u00e6gja kolefni til a\u00f0 hj\u00e1lpa okkur a\u00f0 n\u00e1 markmi\u00f0um okkar um n\u00fall. Hi\u00f0 n\u00fdst\u00e1rlega safn kolefnishreinsunarverkefna inniheldur verkefni eins og beina loftt\u00f6ku, dj\u00fapgeymslu l\u00edfol\u00edu, sj\u00e1var\u00feara og endurn\u00e6randi trj\u00e1pl\u00f6ntun. Allir eru sj\u00e1lfst\u00e6tt sta\u00f0festir til a\u00f0 tryggja heilindi \u00feeirra.<\/p><\/div>\n<\/div>\n<\/div>\n<\/div>\n<div class=\"wp-block-vanguard-concertina-item accordion-item\">\n<h2 class=\"accordion-header\" id=\"heading-7562bf47-5278-48e0-b4d4-61a2e1dac74f\">\n<div class=\"title\">Vinnur \u00fe\u00fa me\u00f0 samstarfsa\u00f0ilum?<\/div>\n<p><span class=\"indicator\"><\/span><\/h2>\n<div id=\"collapse-7562bf47-5278-48e0-b4d4-61a2e1dac74f\" class=\"accordion-collapse collapse\" aria-labelledby=\"heading-7562bf47-5278-48e0-b4d4-61a2e1dac74f\" data-bs-parent=\"#accordion-i9PUm1SAuAIPWb4o\">\n<div class=\"accordion-body\">\n<div class=\"text\">J\u00e1, vi\u00f0 erum alltaf til \u00ed a\u00f0 rannsaka m\u00e1li\u00f0 <a href=\"\/is_is\/partner-programme\/\" data-type=\"page\" data-id=\"316\">t\u00e6kif\u00e6ri til samstarfs<\/a> og vinna n\u00fa me\u00f0 t\u00e6kjaframlei\u00f0endum, arkitektum, byggingari\u00f0na\u00f0i og rekstrara\u00f0ilum \u00ed kl\u00edn\u00edskri \u00fej\u00f3nustu.<\/div>\n<\/div>\n<\/div>\n<\/div>\n<div class=\"wp-block-vanguard-concertina-item accordion-item\">\n<h2 class=\"accordion-header\" id=\"heading-fa666c52-3c78-40f9-895c-adcd67fb5d8b\">\n<div class=\"title\">Er heildarlausn \u00ed bo\u00f0i?<\/div>\n<p><span class=\"indicator\"><\/span><\/h2>\n<div id=\"collapse-fa666c52-3c78-40f9-895c-adcd67fb5d8b\" class=\"accordion-collapse collapse\" aria-labelledby=\"heading-fa666c52-3c78-40f9-895c-adcd67fb5d8b\" data-bs-parent=\"#accordion-i9PUm1SAuAIPWb4o\">\n<div class=\"accordion-body\">\n<div class=\"text\">Algj\u00f6rlega, vi\u00f0 getum s\u00e9\u00f0 um allt ferli\u00f0 og skila\u00f0 a <a href=\"\/is_is\/service\/turnkey-solutions\/\" data-type=\"service\" data-id=\"185\">turnkey lausn<\/a>. \u00deessi \u00fej\u00f3nusta felur \u00ed s\u00e9r fulla stj\u00f3rnun \u00e1 h\u00f6nnunarferlinu (\u00fear \u00e1 me\u00f0al sam\u00feykki vi\u00f0skiptatilvika), framlei\u00f0slu innanh\u00fass, uppsetningu \u00e1 sta\u00f0num og gangsetningu verks. Vi\u00f0 h\u00f6fum mikla reynslu \u00ed a\u00f0 \u00fatvega og afhenda \u00f6ll verk \u00e1 sta\u00f0num \u00ed gegnum s\u00e9rh\u00e6f\u00f0a h\u00f6nnunarteymi\u00f0 okkar \u00ed heilbrig\u00f0is\u00fej\u00f3nustu.<\/div>\n<\/div>\n<\/div>\n<\/div>\n<\/div>\n<\/div>\n<\/section>\n<\/div>\n<section id=\"section-144-59\" class=\"ct-section\" >\n<div class=\"ct-section-inner-wrap\">\n<div id=\"new_columns-145-59\" class=\"ct-new-columns\" >\n<div id=\"div_block-146-59\" class=\"ct-div-block\" >\n<div id=\"_rich_text-9-63\" class=\"oxy-rich-text\" >\n<p>A\u00f0 finna lausn sem virkar fyrir sj\u00fakrah\u00fasi\u00f0 \u00feitt byrjar h\u00e9r...<\/p>\n<\/div>\n<p><a id=\"link_button-149-59\" class=\"ct-link-button\" href=\"\/is_is\/contact\/\" target=\"_self\"  >Komast \u00ed samband<\/a><\/div>\n<div id=\"div_block-150-59\" class=\"ct-div-block\" ><img decoding=\"async\"  id=\"image-151-59\" alt=\"\" src=\"https:\/\/www.q-bital.com\/wp-content\/uploads\/2023\/06\/kettering-2-scaled.jpg\" class=\"ct-image\"\/><\/div>\n<\/div>\n<\/div>\n<\/section>","protected":false},"excerpt":{"rendered":"","protected":false},"author":2,"featured_media":0,"parent":0,"menu_order":0,"comment_status":"closed","ping_status":"closed","template":"","meta":{"_acf_changed":false,"footnotes":""},"class_list":["post-693","page","type-page","status-publish","hentry"],"acf":[],"yoast_head":"<!-- This site is optimized with the Yoast SEO plugin v27.5 - https:\/\/yoast.com\/product\/yoast-seo-wordpress\/ -->\n<title>FAQs - Q-bital Healthcare Solutions<\/title>\n<meta name=\"robots\" content=\"index, follow, max-snippet:-1, max-image-preview:large, max-video-preview:-1\" \/>\n<link rel=\"canonical\" href=\"https:\/\/www.q-bital.com\/is_is\/faqs\/\" \/>\n<meta property=\"og:locale\" content=\"is_IS\" \/>\n<meta property=\"og:type\" content=\"article\" \/>\n<meta property=\"og:title\" content=\"FAQs - Q-bital Healthcare Solutions\" \/>\n<meta property=\"og:url\" content=\"https:\/\/www.q-bital.com\/is_is\/faqs\/\" \/>\n<meta property=\"og:site_name\" content=\"Q-bital Healthcare Solutions\" \/>\n<meta property=\"article:modified_time\" content=\"2023-10-20T11:41:54+00:00\" \/>\n<meta name=\"twitter:card\" content=\"summary_large_image\" \/>\n<meta name=\"twitter:label1\" content=\"Est. reading time\" \/>\n\t<meta name=\"twitter:data1\" content=\"4 minutes\" \/>\n<script type=\"application\/ld+json\" class=\"yoast-schema-graph\">{\"@context\":\"https:\\\/\\\/schema.org\",\"@graph\":[{\"@type\":\"WebPage\",\"@id\":\"https:\\\/\\\/www.q-bital.com\\\/faqs\\\/\",\"url\":\"https:\\\/\\\/www.q-bital.com\\\/faqs\\\/\",\"name\":\"FAQs - Q-bital Healthcare Solutions\",\"isPartOf\":{\"@id\":\"https:\\\/\\\/www.q-bital.com\\\/#website\"},\"datePublished\":\"2023-07-19T15:41:55+00:00\",\"dateModified\":\"2023-10-20T11:41:54+00:00\",\"inLanguage\":\"is\",\"potentialAction\":[{\"@type\":\"ReadAction\",\"target\":[\"https:\\\/\\\/www.q-bital.com\\\/faqs\\\/\"]}]},{\"@type\":\"WebSite\",\"@id\":\"https:\\\/\\\/www.q-bital.com\\\/#website\",\"url\":\"https:\\\/\\\/www.q-bital.com\\\/\",\"name\":\"Q-bital Healthcare Solutions\",\"description\":\"\",\"potentialAction\":[{\"@type\":\"SearchAction\",\"target\":{\"@type\":\"EntryPoint\",\"urlTemplate\":\"https:\\\/\\\/www.q-bital.com\\\/?s={search_term_string}\"},\"query-input\":{\"@type\":\"PropertyValueSpecification\",\"valueRequired\":true,\"valueName\":\"search_term_string\"}}],\"inLanguage\":\"is\"}]}<\/script>\n<!-- \/ Yoast SEO plugin. -->","yoast_head_json":{"title":"Algengar spurningar - Q-bital heilbrig\u00f0islausnir","robots":{"index":"index","follow":"follow","max-snippet":"max-snippet:-1","max-image-preview":"max-image-preview:large","max-video-preview":"max-video-preview:-1"},"canonical":"https:\/\/www.q-bital.com\/is_is\/faqs\/","og_locale":"is_IS","og_type":"article","og_title":"FAQs - Q-bital Healthcare Solutions","og_url":"https:\/\/www.q-bital.com\/is_is\/faqs\/","og_site_name":"Q-bital Healthcare Solutions","article_modified_time":"2023-10-20T11:41:54+00:00","twitter_card":"summary_large_image","twitter_misc":{"Est. reading time":"4 minutes"},"schema":{"@context":"https:\/\/schema.org","@graph":[{"@type":"WebPage","@id":"https:\/\/www.q-bital.com\/faqs\/","url":"https:\/\/www.q-bital.com\/faqs\/","name":"Algengar spurningar - Q-bital heilbrig\u00f0islausnir","isPartOf":{"@id":"https:\/\/www.q-bital.com\/#website"},"datePublished":"2023-07-19T15:41:55+00:00","dateModified":"2023-10-20T11:41:54+00:00","inLanguage":"is","potentialAction":[{"@type":"ReadAction","target":["https:\/\/www.q-bital.com\/faqs\/"]}]},{"@type":"WebSite","@id":"https:\/\/www.q-bital.com\/#website","url":"https:\/\/www.q-bital.com\/","name":"Q-bital Healthcare Solutions","description":"","potentialAction":[{"@type":"SearchAction","target":{"@type":"EntryPoint","urlTemplate":"https:\/\/www.q-bital.com\/?s={search_term_string}"},"query-input":{"@type":"PropertyValueSpecification","valueRequired":true,"valueName":"search_term_string"}}],"inLanguage":"is"}]}},"_links":{"self":[{"href":"https:\/\/www.q-bital.com\/is_is\/wp-json\/wp\/v2\/pages\/693","targetHints":{"allow":["GET"]}}],"collection":[{"href":"https:\/\/www.q-bital.com\/is_is\/wp-json\/wp\/v2\/pages"}],"about":[{"href":"https:\/\/www.q-bital.com\/is_is\/wp-json\/wp\/v2\/types\/page"}],"author":[{"embeddable":true,"href":"https:\/\/www.q-bital.com\/is_is\/wp-json\/wp\/v2\/users\/2"}],"replies":[{"embeddable":true,"href":"https:\/\/www.q-bital.com\/is_is\/wp-json\/wp\/v2\/comments?post=693"}],"version-history":[{"count":0,"href":"https:\/\/www.q-bital.com\/is_is\/wp-json\/wp\/v2\/pages\/693\/revisions"}],"wp:attachment":[{"href":"https:\/\/www.q-bital.com\/is_is\/wp-json\/wp\/v2\/media?parent=693"}],"curies":[{"name":"wp","href":"https:\/\/api.w.org\/{rel}","templated":true}]}}