{"id":7163,"date":"2024-07-05T14:09:53","date_gmt":"2024-07-05T14:09:53","guid":{"rendered":"https:\/\/www.q-bital.com\/?page_id=7163"},"modified":"2024-07-08T15:15:56","modified_gmt":"2024-07-08T15:15:56","slug":"advisory-board","status":"publish","type":"page","link":"https:\/\/www.q-bital.com\/is_is\/advisory-board\/","title":{"rendered":"R\u00e1\u00f0gjafanefnd"},"content":{"rendered":"<section id=\"section-2-59\" class=\"ct-section\" style=\"background-image:url(https:\/\/www.q-bital.com\/wp-content\/uploads\/sites\/8\/2023\/05\/boulders-right.png);background-size: auto;\" >\n<div class=\"ct-section-inner-wrap\">\n<div id=\"div_block-8-59\" class=\"ct-div-block\" ><a id=\"link_text-6-59\" class=\"ct-link-text\" href=\"\/is_is\/\" target=\"_self\"  >Heim<\/a><\/p>\n<h1 id=\"headline-3-59\" class=\"ct-headline\"><span id=\"span-4-59\" class=\"ct-span\" >R\u00e1\u00f0gjafanefnd<\/span><\/h1>\n<\/div>\n<\/div>\n<\/section>\n<section id=\"section-319-315\" class=\"ct-section\" >\n<div class=\"ct-section-inner-wrap\">\n<div id=\"new_columns-320-315\" class=\"ct-new-columns\" >\n<div id=\"div_block-321-315\" class=\"ct-div-block\" >\n<h2 id=\"headline-322-315\" class=\"ct-headline\">Vandlega vali\u00f0 r\u00e1\u00f0gjafar\u00e1\u00f0 okkar b\u00e6tir vir\u00f0i vi\u00f0 \u00fej\u00f3nustu okkar<\/h2>\n<div id=\"_rich_text-323-315\" class=\"oxy-rich-text\" >\n<p>Vi\u00f0 erum stolt af \u00fev\u00ed a\u00f0 eiga samstarf vi\u00f0 virta r\u00e1\u00f0gjafarnefnd sem samanstendur af tr\u00faver\u00f0ugum og virtum fyrirt\u00e6kjum \u00far \u00fdmsum atvinnugreinum. \u00deessir samstarfsa\u00f0ilar koma me\u00f0 \u00f3metanlega inns\u00fdn, s\u00e9rfr\u00e6\u00f0i\u00feekkingu og lei\u00f0beiningar, sem gerir okkur kleift a\u00f0 st\u00f6\u00f0ugt n\u00fdsk\u00f6pun og vi\u00f0halda str\u00f6ngustu st\u00f6\u00f0lum.<\/p>\n<\/div>\n<\/div>\n<div id=\"div_block-324-315\" class=\"ct-div-block\" ><img decoding=\"async\"  id=\"image-325-315\" alt=\"\" src=\"https:\/\/www.q-bital.com\/wp-content\/uploads\/sites\/8\/2024\/07\/Advisory-Board.png\" class=\"ct-image\"\/><\/div>\n<\/div>\n<\/div>\n<\/section>\n<div class=\"wp-block-vanguard-vanguard-listing-boxes-container\">\n<section class=\"ct-section vanguard-listing-boxes\">\n<div class=\"ct-section-inner-wrap\">\n<div class=\"\">\n<h3 identifier=\"heading\" class=\"vanguard-listing-boxes__heading\">R\u00e1\u00f0gjafanefnd<\/h3>\n<div class=\"vanguard-listing-boxes__container\">\n<div class=\"wp-block-vanguard-vanguard-listing-boxes-box\">\n<div class=\"vanguard-listing-box\">\n<div class=\"vanguard-listing-box__image\"><img decoding=\"async\" src=\"https:\/\/www.q-bital.com\/wp-content\/uploads\/sites\/8\/2024\/07\/BRE_logo_Indigo_100mm.jpg\"\/><\/div>\n<div class=\"vanguard-listing-box__copy\">\n<h3 identifier=\"heading\" class=\"vanguard-listing-box__heading\">Breska ranns\u00f3knarstofnunin (BRE)<\/h3>\n<h4 identifier=\"subheading\" class=\"vanguard-listing-box__subeading\"><\/h4>\n<p>Vinna \u00ed samstarfi vi\u00f0 BRE til a\u00f0 tryggja a\u00f0 varmal\u00edk\u00f6n standist<\/p>\n<p><a href=\"https:\/\/www.q-bital.com\/is_is\/working-in-partnership-with-bre-to-ensure-thermal-modelling-meets-regulations\/\" class=\"vanguard-listing-box__button\"><span identifier=\"buttonText\" class=\"vanguard-listing-box__button__text\">\u00ddttu h\u00e9r<\/span><\/a><\/div>\n<\/div>\n<\/div>\n<div class=\"wp-block-vanguard-vanguard-listing-boxes-box\">\n<div class=\"vanguard-listing-box\">\n<div class=\"vanguard-listing-box__image\"><img decoding=\"async\" src=\"https:\/\/www.q-bital.com\/wp-content\/uploads\/sites\/8\/2024\/07\/TAB_col_white_background.png\"\/><\/div>\n<div class=\"vanguard-listing-box__copy\">\n<h3 identifier=\"heading\" class=\"vanguard-listing-box__heading\">H\u00e1sk\u00f3linn \u00ed Manchester<\/h3>\n<h4 identifier=\"subheading\" class=\"vanguard-listing-box__subeading\"><\/h4>\n<p>Vinna me\u00f0 h\u00e1sk\u00f3lanum \u00ed Manchester til a\u00f0 tryggja s\u00e9rh\u00e6f\u00f0a bur\u00f0arvirki eld\u00feol<\/p>\n<p><a href=\"https:\/\/www.q-bital.com\/is_is\/working-with-the-university-of-manchester-to-ensure-specialist-structural-fire-resistance\/\" class=\"vanguard-listing-box__button\"><span identifier=\"buttonText\" class=\"vanguard-listing-box__button__text\">\u00ddttu h\u00e9r<\/span><\/a><\/div>\n<\/div>\n<\/div>\n<div class=\"wp-block-vanguard-vanguard-listing-boxes-box\">\n<div class=\"vanguard-listing-box\">\n<div class=\"vanguard-listing-box__image\"><img decoding=\"async\" src=\"https:\/\/www.q-bital.com\/wp-content\/uploads\/sites\/8\/2024\/07\/AVIE-Logo-RGB.svg\"\/><\/div>\n<div class=\"vanguard-listing-box__copy\">\n<h3 identifier=\"heading\" class=\"vanguard-listing-box__heading\">Avie r\u00e1\u00f0gj\u00f6f ehf<\/h3>\n<h4 identifier=\"subheading\" class=\"vanguard-listing-box__subeading\"><\/h4>\n<p>Vinna \u00ed samstarfi vi\u00f0 Avie Consulting um byggingarverkfr\u00e6\u00f0i og samr\u00e6mi vi\u00f0 g\u00f3lf titring<\/p>\n<p><a href=\"https:\/\/www.q-bital.com\/is_is\/working-in-partnership-with-avie-consulting-on-structural-engineering-and-floor-vibration-compliance\/\" class=\"vanguard-listing-box__button\"><span identifier=\"buttonText\" class=\"vanguard-listing-box__button__text\">\u00ddttu h\u00e9r<\/span><\/a><\/div>\n<\/div>\n<\/div>\n<\/div>\n<\/div>\n<\/div>\n<\/section>\n<\/div>","protected":false},"excerpt":{"rendered":"","protected":false},"author":11,"featured_media":0,"parent":0,"menu_order":0,"comment_status":"closed","ping_status":"closed","template":"","meta":{"_acf_changed":false,"footnotes":""},"class_list":["post-7163","page","type-page","status-publish","hentry"],"acf":[],"yoast_head":"<!-- This site is optimized with the Yoast SEO plugin v27.3 - https:\/\/yoast.com\/product\/yoast-seo-wordpress\/ -->\n<title>Advisory board - Q-bital Healthcare Solutions<\/title>\n<meta name=\"robots\" content=\"index, follow, max-snippet:-1, max-image-preview:large, max-video-preview:-1\" \/>\n<link rel=\"canonical\" href=\"https:\/\/www.q-bital.com\/is_is\/advisory-board\/\" \/>\n<meta property=\"og:locale\" content=\"is_IS\" \/>\n<meta property=\"og:type\" content=\"article\" \/>\n<meta property=\"og:title\" content=\"Advisory board - Q-bital Healthcare Solutions\" \/>\n<meta property=\"og:url\" content=\"https:\/\/www.q-bital.com\/is_is\/advisory-board\/\" \/>\n<meta property=\"og:site_name\" content=\"Q-bital Healthcare Solutions\" \/>\n<meta property=\"article:modified_time\" content=\"2024-07-08T15:15:56+00:00\" \/>\n<meta property=\"og:image\" content=\"https:\/\/www.q-bital.com\/wp-content\/uploads\/sites\/8\/2024\/07\/BRE_logo_Indigo_100mm.jpg\" \/>\n<meta name=\"twitter:card\" content=\"summary_large_image\" \/>\n<meta name=\"twitter:label1\" content=\"Est. reading time\" \/>\n\t<meta name=\"twitter:data1\" content=\"1 minute\" \/>\n<script type=\"application\/ld+json\" class=\"yoast-schema-graph\">{\"@context\":\"https:\\\/\\\/schema.org\",\"@graph\":[{\"@type\":\"WebPage\",\"@id\":\"https:\\\/\\\/www.q-bital.com\\\/advisory-board\\\/\",\"url\":\"https:\\\/\\\/www.q-bital.com\\\/advisory-board\\\/\",\"name\":\"Advisory board - Q-bital Healthcare Solutions\",\"isPartOf\":{\"@id\":\"https:\\\/\\\/www.q-bital.com\\\/#website\"},\"primaryImageOfPage\":{\"@id\":\"https:\\\/\\\/www.q-bital.com\\\/advisory-board\\\/#primaryimage\"},\"image\":{\"@id\":\"https:\\\/\\\/www.q-bital.com\\\/advisory-board\\\/#primaryimage\"},\"thumbnailUrl\":\"https:\\\/\\\/www.q-bital.com\\\/wp-content\\\/uploads\\\/sites\\\/8\\\/2024\\\/07\\\/BRE_logo_Indigo_100mm.jpg\",\"datePublished\":\"2024-07-05T14:09:53+00:00\",\"dateModified\":\"2024-07-08T15:15:56+00:00\",\"inLanguage\":\"is\",\"potentialAction\":[{\"@type\":\"ReadAction\",\"target\":[\"https:\\\/\\\/www.q-bital.com\\\/advisory-board\\\/\"]}]},{\"@type\":\"ImageObject\",\"inLanguage\":\"is\",\"@id\":\"https:\\\/\\\/www.q-bital.com\\\/advisory-board\\\/#primaryimage\",\"url\":\"https:\\\/\\\/www.q-bital.com\\\/wp-content\\\/uploads\\\/sites\\\/8\\\/2024\\\/07\\\/BRE_logo_Indigo_100mm.jpg\",\"contentUrl\":\"https:\\\/\\\/www.q-bital.com\\\/wp-content\\\/uploads\\\/sites\\\/8\\\/2024\\\/07\\\/BRE_logo_Indigo_100mm.jpg\"},{\"@type\":\"WebSite\",\"@id\":\"https:\\\/\\\/www.q-bital.com\\\/#website\",\"url\":\"https:\\\/\\\/www.q-bital.com\\\/\",\"name\":\"Q-bital Healthcare Solutions\",\"description\":\"\",\"potentialAction\":[{\"@type\":\"SearchAction\",\"target\":{\"@type\":\"EntryPoint\",\"urlTemplate\":\"https:\\\/\\\/www.q-bital.com\\\/?s={search_term_string}\"},\"query-input\":{\"@type\":\"PropertyValueSpecification\",\"valueRequired\":true,\"valueName\":\"search_term_string\"}}],\"inLanguage\":\"is\"}]}<\/script>\n<!-- \/ Yoast SEO plugin. -->","yoast_head_json":{"title":"R\u00e1\u00f0gjafarnefnd - Q-bital heilbrig\u00f0islausnir","robots":{"index":"index","follow":"follow","max-snippet":"max-snippet:-1","max-image-preview":"max-image-preview:large","max-video-preview":"max-video-preview:-1"},"canonical":"https:\/\/www.q-bital.com\/is_is\/advisory-board\/","og_locale":"is_IS","og_type":"article","og_title":"Advisory board - Q-bital Healthcare Solutions","og_url":"https:\/\/www.q-bital.com\/is_is\/advisory-board\/","og_site_name":"Q-bital Healthcare Solutions","article_modified_time":"2024-07-08T15:15:56+00:00","og_image":[{"url":"https:\/\/www.q-bital.com\/wp-content\/uploads\/sites\/8\/2024\/07\/BRE_logo_Indigo_100mm.jpg","type":"","width":"","height":""}],"twitter_card":"summary_large_image","twitter_misc":{"Est. reading time":"1 minute"},"schema":{"@context":"https:\/\/schema.org","@graph":[{"@type":"WebPage","@id":"https:\/\/www.q-bital.com\/advisory-board\/","url":"https:\/\/www.q-bital.com\/advisory-board\/","name":"R\u00e1\u00f0gjafarnefnd - Q-bital heilbrig\u00f0islausnir","isPartOf":{"@id":"https:\/\/www.q-bital.com\/#website"},"primaryImageOfPage":{"@id":"https:\/\/www.q-bital.com\/advisory-board\/#primaryimage"},"image":{"@id":"https:\/\/www.q-bital.com\/advisory-board\/#primaryimage"},"thumbnailUrl":"https:\/\/www.q-bital.com\/wp-content\/uploads\/sites\/8\/2024\/07\/BRE_logo_Indigo_100mm.jpg","datePublished":"2024-07-05T14:09:53+00:00","dateModified":"2024-07-08T15:15:56+00:00","inLanguage":"is","potentialAction":[{"@type":"ReadAction","target":["https:\/\/www.q-bital.com\/advisory-board\/"]}]},{"@type":"ImageObject","inLanguage":"is","@id":"https:\/\/www.q-bital.com\/advisory-board\/#primaryimage","url":"https:\/\/www.q-bital.com\/wp-content\/uploads\/sites\/8\/2024\/07\/BRE_logo_Indigo_100mm.jpg","contentUrl":"https:\/\/www.q-bital.com\/wp-content\/uploads\/sites\/8\/2024\/07\/BRE_logo_Indigo_100mm.jpg"},{"@type":"WebSite","@id":"https:\/\/www.q-bital.com\/#website","url":"https:\/\/www.q-bital.com\/","name":"Q-bital Healthcare Solutions","description":"","potentialAction":[{"@type":"SearchAction","target":{"@type":"EntryPoint","urlTemplate":"https:\/\/www.q-bital.com\/?s={search_term_string}"},"query-input":{"@type":"PropertyValueSpecification","valueRequired":true,"valueName":"search_term_string"}}],"inLanguage":"is"}]}},"_links":{"self":[{"href":"https:\/\/www.q-bital.com\/is_is\/wp-json\/wp\/v2\/pages\/7163","targetHints":{"allow":["GET"]}}],"collection":[{"href":"https:\/\/www.q-bital.com\/is_is\/wp-json\/wp\/v2\/pages"}],"about":[{"href":"https:\/\/www.q-bital.com\/is_is\/wp-json\/wp\/v2\/types\/page"}],"author":[{"embeddable":true,"href":"https:\/\/www.q-bital.com\/is_is\/wp-json\/wp\/v2\/users\/11"}],"replies":[{"embeddable":true,"href":"https:\/\/www.q-bital.com\/is_is\/wp-json\/wp\/v2\/comments?post=7163"}],"version-history":[{"count":0,"href":"https:\/\/www.q-bital.com\/is_is\/wp-json\/wp\/v2\/pages\/7163\/revisions"}],"wp:attachment":[{"href":"https:\/\/www.q-bital.com\/is_is\/wp-json\/wp\/v2\/media?parent=7163"}],"curies":[{"name":"wp","href":"https:\/\/api.w.org\/{rel}","templated":true}]}}