{"id":7284,"date":"2025-02-12T17:18:20","date_gmt":"2025-02-12T17:18:20","guid":{"rendered":"https:\/\/www.vanguardhealthcare.co.uk\/?page_id=7785"},"modified":"2026-01-13T16:04:17","modified_gmt":"2026-01-13T16:04:17","slug":"accreditations-and-certifications","status":"publish","type":"page","link":"https:\/\/www.q-bital.com\/is_is\/accreditations-and-certifications\/","title":{"rendered":"Vi\u00f0urkenningar og vottanir"},"content":{"rendered":"<p>Vi\u00f0 vitum hva\u00f0a gildi vottun hefur fyrir fyrirt\u00e6ki og vi\u00f0skiptavini \u00feeirra og \u00feess vegna erum vi\u00f0 \u00e1rlega \u00fattektu\u00f0 af utana\u00f0komandi a\u00f0ila samkv\u00e6mt eftirfarandi st\u00f6\u00f0lum. <strong>Vi\u00f0urkenningarnar og vottanirnar h\u00e9r a\u00f0 ne\u00f0an eru flokka\u00f0ar eftir starfsst\u00f6\u00f0vum til sk\u00fdrleika.<\/strong><\/p>\n<div style=\"height:58px\" aria-hidden=\"true\" class=\"wp-block-spacer\"><\/div>\n<h2 class=\"wp-block-heading has-text-align-center\">Bretland og \u00cdrland<\/h2>\n<div style=\"height:24px\" aria-hidden=\"true\" class=\"wp-block-spacer\"><\/div>\n<div class=\"wp-block-media-text is-stacked-on-mobile\" style=\"grid-template-columns:25% auto\">\n<figure class=\"wp-block-media-text__media\"><img decoding=\"async\" src=\"https:\/\/www.vanguardhealthcare.co.uk\/wp-content\/uploads\/2025\/03\/Untitled-design-2.png\" alt=\"\" class=\"wp-image-7876 size-full\" \/><\/figure>\n<div class=\"wp-block-media-text__content\">\n<p><strong>Netn\u00e1mskei\u00f0 me\u00f0 vottun<\/strong>&nbsp;<\/p>\n<p>Cyber Essentials Plus er kerfi sem breska r\u00edkisstj\u00f3rnin sty\u00f0ur og er hanna\u00f0 til a\u00f0 hj\u00e1lpa fyrirt\u00e6kjum a\u00f0 verjast algengum net\u00f3gnum. \u00deetta veitir aukna vissu fyrir \u00fev\u00ed a\u00f0 vi\u00f0 s\u00e9um a\u00f0 vernda g\u00f6gn vi\u00f0skiptavina gegn net\u00f3gnum me\u00f0 nau\u00f0synlegum t\u00e6knilegum eftirliti.<\/p>\n<\/div>\n<\/div>\n<div class=\"wp-block-media-text is-stacked-on-mobile\" style=\"grid-template-columns:25% auto\">\n<figure class=\"wp-block-media-text__media\"><img decoding=\"async\" src=\"https:\/\/www.vanguardhealthcare.co.uk\/wp-content\/uploads\/2025\/02\/ISO9001_BAB-1024x1024.jpg\" alt=\"\" class=\"wp-image-7787 size-full\" \/><\/figure>\n<div class=\"wp-block-media-text__content\">\n<p><strong>ISO 9001 g\u00e6\u00f0astj\u00f3rnunarvottun<\/strong><\/p>\n<p>Vi\u00f0 leggjum okkur fram um a\u00f0 fara fram \u00far v\u00e6ntingum vi\u00f0skiptavina og veita fram\u00farskarandi \u00fej\u00f3nustu. ISO 9001 vottun okkar styrkir \u00feessa skuldbindingu og tryggir a\u00f0 vi\u00f0 uppfyllum st\u00f6\u00f0ugt \u00fearfir vi\u00f0skiptavina og leitum virkt eftir \u00e1bendingum \u00feeirra. \u00deessi a\u00f0fer\u00f0 hj\u00e1lpar okkur a\u00f0 bera kennsl \u00e1 t\u00e6kif\u00e6ri til \u00farb\u00f3ta, b\u00e6ta upplifun vi\u00f0skiptavina okkar og tryggja a\u00f0 vi\u00f0 veitum st\u00f6\u00f0ugt fimm stj\u00f6rnu \u00fej\u00f3nustu.<\/p>\n<\/div>\n<\/div>\n<div class=\"wp-block-media-text is-stacked-on-mobile\" style=\"grid-template-columns:25% auto\">\n<figure class=\"wp-block-media-text__media\"><img decoding=\"async\" src=\"https:\/\/www.vanguardhealthcare.co.uk\/wp-content\/uploads\/2025\/02\/ISO14001_BAB-1024x1024.jpg\" alt=\"\" class=\"wp-image-7788 size-full\" \/><\/figure>\n<div class=\"wp-block-media-text__content\">\n<p><strong>ISO 14001 vottun fyrir umhverfisstj\u00f3rnun<\/strong><\/p>\n<p>Fyrir vi\u00f0skiptavini sem forgangsra\u00f0a sj\u00e1lfb\u00e6rni, geti\u00f0 \u00fei\u00f0 veri\u00f0 vissir um a\u00f0 vi\u00f0 erum sta\u00f0r\u00e1\u00f0in \u00ed a\u00f0 l\u00e1gmarka umhverfisf\u00f3tspor okkar.<\/p>\n<p>ISO 14001 vottun okkar gerir okkur kleift a\u00f0 innlei\u00f0a \u00e1rangursr\u00edkar a\u00f0ger\u00f0ir til a\u00f0 stj\u00f3rna umhverfis\u00e1hrifum okkar. <\/p>\n<\/div>\n<\/div>\n<div class=\"wp-block-media-text is-stacked-on-mobile\" style=\"grid-template-columns:25% auto\">\n<figure class=\"wp-block-media-text__media\"><img decoding=\"async\" src=\"https:\/\/www.vanguardhealthcare.co.uk\/wp-content\/uploads\/2025\/02\/ISO45001_BAB-1024x1024.jpg\" alt=\"\" class=\"wp-image-7789 size-full\" \/><\/figure>\n<div class=\"wp-block-media-text__content\">\n<p><strong>ISO 45001 vottun fyrir heilbrig\u00f0is- og \u00f6ryggisstj\u00f3rnun<\/strong><\/p>\n<p>Vi\u00f0 leggjum okkur fram um a\u00f0 fara fram \u00far v\u00e6ntingum vi\u00f0skiptavina okkar og veita fram\u00farskarandi \u00fej\u00f3nustu. ISO 45001 vottun okkar undirstrikar \u00feessa skuldbindingu og tryggir a\u00f0 vi\u00f0 uppfyllum st\u00f6\u00f0ugt kr\u00f6fur um vinnuvernd og \u00f6ryggi og leitum virkt eftir endurgj\u00f6f. \u00deessi a\u00f0fer\u00f0 hj\u00e1lpar okkur a\u00f0 bera kennsl \u00e1 t\u00e6kif\u00e6ri til \u00farb\u00f3ta, auka \u00f6ryggi \u00e1 vinnusta\u00f0 og tryggja a\u00f0 vi\u00f0 veitum st\u00f6\u00f0ugt \u00f6ruggt og heilbrigt umhverfi fyrir starfsmenn okkar og vi\u00f0skiptavini.<\/p>\n<\/div>\n<\/div>\n<div class=\"wp-block-media-text is-stacked-on-mobile is-vertically-aligned-center\" style=\"grid-template-columns:25% auto\">\n<figure class=\"wp-block-media-text__media\"><img loading=\"lazy\" decoding=\"async\" width=\"1280\" height=\"650\" src=\"https:\/\/www.q-bital.com\/wp-content\/uploads\/sites\/8\/2026\/01\/mark-of-trust-certificate-of-conformity-BIMdesignandconstruction-black-logo-En-GB-0524.jpg\" alt=\"\" class=\"wp-image-7292 size-full\" srcset=\"https:\/\/www.q-bital.com\/wp-content\/uploads\/sites\/8\/2026\/01\/mark-of-trust-certificate-of-conformity-BIMdesignandconstruction-black-logo-En-GB-0524.jpg 1280w, https:\/\/www.q-bital.com\/wp-content\/uploads\/sites\/8\/2026\/01\/mark-of-trust-certificate-of-conformity-BIMdesignandconstruction-black-logo-En-GB-0524-300x152.jpg 300w, https:\/\/www.q-bital.com\/wp-content\/uploads\/sites\/8\/2026\/01\/mark-of-trust-certificate-of-conformity-BIMdesignandconstruction-black-logo-En-GB-0524-768x390.jpg 768w, https:\/\/www.q-bital.com\/wp-content\/uploads\/sites\/8\/2026\/01\/mark-of-trust-certificate-of-conformity-BIMdesignandconstruction-black-logo-En-GB-0524-18x9.jpg 18w\" sizes=\"auto, (max-width: 1280px) 100vw, 1280px\" \/><\/figure>\n<div class=\"wp-block-media-text__content\">\n<p><strong><strong>ISO 19650-2 vottun<\/strong><\/strong><\/p>\n<p>BSI vottun til&nbsp;<strong>BS EN ISO 19650-2:2018<\/strong>&nbsp;s\u00fdnir fram \u00e1 a\u00f0 Vanguard Healthcare Solutions stj\u00f3rnar uppl\u00fdsingum \u00e1 samr\u00e6mdan, \u00f6ruggan og al\u00fej\u00f3\u00f0lega vi\u00f0urkenndan h\u00e1tt vi\u00f0 framkv\u00e6md heilbrig\u00f0isstofnana. Fyrir vi\u00f0skiptavini okkar veitir \u00feetta tryggingu fyrir \u00fev\u00ed a\u00f0 uppl\u00fdsingar um kl\u00edn\u00edska h\u00f6nnun og samningager\u00f0 s\u00e9u n\u00e1kv\u00e6mar, vel stj\u00f3rna\u00f0ar og stj\u00f3rna\u00f0ar \u00ed samvinnu me\u00f0 byggingaruppl\u00fdsingal\u00edk\u00f6num, sem hj\u00e1lpar til vi\u00f0 a\u00f0 draga \u00far \u00e1h\u00e6ttu, b\u00e6ta samr\u00e6mingu og sty\u00f0ja \u00f6rugga \u00e1kvar\u00f0anat\u00f6ku \u00ed fl\u00f3knum heilbrig\u00f0isverkefnum.<\/p>\n<\/div>\n<\/div>\n<div class=\"wp-block-media-text is-stacked-on-mobile is-vertically-aligned-center\" style=\"grid-template-columns:25% auto\">\n<figure class=\"wp-block-media-text__media\"><img decoding=\"async\" src=\"https:\/\/www.vanguardhealthcare.co.uk\/wp-content\/uploads\/2025\/07\/White-VF-CHAS_LtBG_jpg-1024x725.jpg\" alt=\"\" class=\"wp-image-8067 size-full\" \/><\/figure>\n<div class=\"wp-block-media-text__content\">\n<p><strong>CHAS Elite<\/strong><\/p>\n<p>A\u00f0 f\u00e1 CHAS Elite Status vottun veitir okkur \u00f6ryggi fyrir \u00fev\u00ed a\u00f0 vi\u00f0 uppfyllum str\u00f6ng skilyr\u00f0i og tryggjum ekki a\u00f0eins a\u00f0 fari\u00f0 s\u00e9 a\u00f0 lagalegum kr\u00f6fum heldur einnig a\u00f0 bestu starfsvenjum s\u00e9 framfylgt vi\u00f0 verndun b\u00e6\u00f0i starfsf\u00f3lks og vi\u00f0skiptavina. \u00dea\u00f0 styrkir skuldbindingu okkar vi\u00f0 a\u00f0 vi\u00f0halda \u00f6ruggu vinnuumhverfi og draga \u00far \u00e1h\u00e6ttu \u00e1 skilvirkan h\u00e1tt. CHAS Elite Status veitir okkur hugarr\u00f3 vegna \u00feess a\u00f0 vi\u00f0 st\u00f6rfum af hei\u00f0arleika, \u00e1byrg\u00f0 og fagmennsku. <\/p>\n<\/p>\n<\/p>\n<\/div>\n<\/div>\n<div style=\"height:42px\" aria-hidden=\"true\" class=\"wp-block-spacer\"><\/div>\n<h2 class=\"wp-block-heading has-text-align-center\">\u00c1stral\u00eda<\/h2>\n<div style=\"height:38px\" aria-hidden=\"true\" class=\"wp-block-spacer\"><\/div>\n<div class=\"wp-block-media-text is-stacked-on-mobile is-vertically-aligned-center\" style=\"grid-template-columns:25% auto\">\n<figure class=\"wp-block-media-text__media\"><img loading=\"lazy\" decoding=\"async\" width=\"569\" height=\"1024\" src=\"https:\/\/www.q-bital.com\/wp-content\/uploads\/sites\/8\/2026\/01\/Certifi_StandardsLogos_PORTRAIT_11.04.24_9001-569x1024.png\" alt=\"\" class=\"wp-image-7287 size-full\" srcset=\"https:\/\/www.q-bital.com\/wp-content\/uploads\/sites\/8\/2026\/01\/Certifi_StandardsLogos_PORTRAIT_11.04.24_9001-569x1024.png 569w, https:\/\/www.q-bital.com\/wp-content\/uploads\/sites\/8\/2026\/01\/Certifi_StandardsLogos_PORTRAIT_11.04.24_9001-167x300.png 167w, https:\/\/www.q-bital.com\/wp-content\/uploads\/sites\/8\/2026\/01\/Certifi_StandardsLogos_PORTRAIT_11.04.24_9001-768x1382.png 768w, https:\/\/www.q-bital.com\/wp-content\/uploads\/sites\/8\/2026\/01\/Certifi_StandardsLogos_PORTRAIT_11.04.24_9001-853x1536.png 853w, https:\/\/www.q-bital.com\/wp-content\/uploads\/sites\/8\/2026\/01\/Certifi_StandardsLogos_PORTRAIT_11.04.24_9001-7x12.png 7w, https:\/\/www.q-bital.com\/wp-content\/uploads\/sites\/8\/2026\/01\/Certifi_StandardsLogos_PORTRAIT_11.04.24_9001.png 945w\" sizes=\"auto, (max-width: 569px) 100vw, 569px\" \/><\/figure>\n<div class=\"wp-block-media-text__content\">\n<p><strong>ISO 9001 g\u00e6\u00f0astj\u00f3rnunarvottun<\/strong><\/p>\n<p>Vi\u00f0 leggjum okkur fram um a\u00f0 fara fram \u00far v\u00e6ntingum vi\u00f0skiptavina og veita fram\u00farskarandi \u00fej\u00f3nustu. ISO 9001 vottun okkar styrkir \u00feessa skuldbindingu og tryggir a\u00f0 vi\u00f0 uppfyllum st\u00f6\u00f0ugt \u00fearfir vi\u00f0skiptavina og leitum virkt eftir \u00e1bendingum \u00feeirra. \u00deessi a\u00f0fer\u00f0 hj\u00e1lpar okkur a\u00f0 bera kennsl \u00e1 t\u00e6kif\u00e6ri til \u00farb\u00f3ta, b\u00e6ta upplifun vi\u00f0skiptavina okkar og tryggja a\u00f0 vi\u00f0 veitum st\u00f6\u00f0ugt fimm stj\u00f6rnu \u00fej\u00f3nustu.<\/p>\n<\/p>\n<\/p>\n<\/div>\n<\/div>\n<div class=\"wp-block-media-text is-stacked-on-mobile is-vertically-aligned-center\" style=\"grid-template-columns:25% auto\">\n<figure class=\"wp-block-media-text__media\"><img loading=\"lazy\" decoding=\"async\" width=\"569\" height=\"1024\" src=\"https:\/\/www.q-bital.com\/wp-content\/uploads\/sites\/8\/2026\/01\/Certifi_StandardsLogos_PORTRAIT_11.04.24_14001-569x1024.png\" alt=\"\" class=\"wp-image-7288 size-full\" srcset=\"https:\/\/www.q-bital.com\/wp-content\/uploads\/sites\/8\/2026\/01\/Certifi_StandardsLogos_PORTRAIT_11.04.24_14001-569x1024.png 569w, https:\/\/www.q-bital.com\/wp-content\/uploads\/sites\/8\/2026\/01\/Certifi_StandardsLogos_PORTRAIT_11.04.24_14001-167x300.png 167w, https:\/\/www.q-bital.com\/wp-content\/uploads\/sites\/8\/2026\/01\/Certifi_StandardsLogos_PORTRAIT_11.04.24_14001-768x1382.png 768w, https:\/\/www.q-bital.com\/wp-content\/uploads\/sites\/8\/2026\/01\/Certifi_StandardsLogos_PORTRAIT_11.04.24_14001-853x1536.png 853w, https:\/\/www.q-bital.com\/wp-content\/uploads\/sites\/8\/2026\/01\/Certifi_StandardsLogos_PORTRAIT_11.04.24_14001-7x12.png 7w, https:\/\/www.q-bital.com\/wp-content\/uploads\/sites\/8\/2026\/01\/Certifi_StandardsLogos_PORTRAIT_11.04.24_14001.png 945w\" sizes=\"auto, (max-width: 569px) 100vw, 569px\" \/><\/figure>\n<div class=\"wp-block-media-text__content\">\n<p><strong>ISO 14001 vottun fyrir umhverfisstj\u00f3rnun<\/strong><\/p>\n<p>Fyrir vi\u00f0skiptavini sem forgangsra\u00f0a sj\u00e1lfb\u00e6rni, geti\u00f0 \u00fei\u00f0 veri\u00f0 vissir um a\u00f0 vi\u00f0 erum sta\u00f0r\u00e1\u00f0in \u00ed a\u00f0 l\u00e1gmarka umhverfisf\u00f3tspor okkar.<\/p>\n<p>ISO 14001 vottun okkar gerir okkur kleift a\u00f0 innlei\u00f0a \u00e1rangursr\u00edkar a\u00f0ger\u00f0ir til a\u00f0 stj\u00f3rna umhverfis\u00e1hrifum okkar.<\/p>\n<\/p>\n<\/p>\n<\/div>\n<\/div>","protected":false},"excerpt":{"rendered":"<p>We know the value that certification brings to businesses and their customers, which is why we are externally audited on an annual basis against the following standards. The accreditations and certifications below are grouped by operational location for clarity. UK &amp; Ireland Cyber Essentials Plus Certification&nbsp; Cyber Essentials Plus is a UK government-backed scheme designed [&hellip;]<\/p>\n","protected":false},"author":11,"featured_media":0,"parent":0,"menu_order":0,"comment_status":"closed","ping_status":"closed","template":"","meta":{"_acf_changed":false,"footnotes":""},"class_list":["post-7284","page","type-page","status-publish","hentry"],"acf":[],"yoast_head":"<!-- This site is optimized with the Yoast SEO plugin v27.3 - https:\/\/yoast.com\/product\/yoast-seo-wordpress\/ -->\n<title>Accreditations and Certifications - Q-bital Healthcare Solutions<\/title>\n<meta name=\"robots\" content=\"index, follow, max-snippet:-1, max-image-preview:large, max-video-preview:-1\" \/>\n<link rel=\"canonical\" href=\"https:\/\/www.q-bital.com\/is_is\/accreditations-and-certifications\/\" \/>\n<meta property=\"og:locale\" content=\"is_IS\" \/>\n<meta property=\"og:type\" content=\"article\" \/>\n<meta property=\"og:title\" content=\"Accreditations and Certifications - Q-bital Healthcare Solutions\" \/>\n<meta property=\"og:description\" content=\"We know the value that certification brings to businesses and their customers, which is why we are externally audited on an annual basis against the following standards. The accreditations and certifications below are grouped by operational location for clarity. UK &amp; Ireland Cyber Essentials Plus Certification&nbsp; Cyber Essentials Plus is a UK government-backed scheme designed [&hellip;]\" \/>\n<meta property=\"og:url\" content=\"https:\/\/www.q-bital.com\/is_is\/accreditations-and-certifications\/\" \/>\n<meta property=\"og:site_name\" content=\"Q-bital Healthcare Solutions\" \/>\n<meta property=\"article:modified_time\" content=\"2026-01-13T16:04:17+00:00\" \/>\n<meta name=\"twitter:card\" content=\"summary_large_image\" \/>\n<meta name=\"twitter:label1\" content=\"Est. reading time\" \/>\n\t<meta name=\"twitter:data1\" content=\"4 minutes\" \/>\n<script type=\"application\/ld+json\" class=\"yoast-schema-graph\">{\"@context\":\"https:\\\/\\\/schema.org\",\"@graph\":[{\"@type\":\"WebPage\",\"@id\":\"https:\\\/\\\/www.q-bital.com\\\/accreditations-and-certifications\\\/\",\"url\":\"https:\\\/\\\/www.q-bital.com\\\/accreditations-and-certifications\\\/\",\"name\":\"Accreditations and Certifications - Q-bital Healthcare Solutions\",\"isPartOf\":{\"@id\":\"https:\\\/\\\/www.q-bital.com\\\/#website\"},\"primaryImageOfPage\":{\"@id\":\"https:\\\/\\\/www.q-bital.com\\\/accreditations-and-certifications\\\/#primaryimage\"},\"image\":{\"@id\":\"https:\\\/\\\/www.q-bital.com\\\/accreditations-and-certifications\\\/#primaryimage\"},\"thumbnailUrl\":\"https:\\\/\\\/www.vanguardhealthcare.co.uk\\\/wp-content\\\/uploads\\\/2025\\\/03\\\/Untitled-design-2.png\",\"datePublished\":\"2025-02-12T17:18:20+00:00\",\"dateModified\":\"2026-01-13T16:04:17+00:00\",\"inLanguage\":\"is\",\"potentialAction\":[{\"@type\":\"ReadAction\",\"target\":[\"https:\\\/\\\/www.q-bital.com\\\/accreditations-and-certifications\\\/\"]}]},{\"@type\":\"ImageObject\",\"inLanguage\":\"is\",\"@id\":\"https:\\\/\\\/www.q-bital.com\\\/accreditations-and-certifications\\\/#primaryimage\",\"url\":\"https:\\\/\\\/www.vanguardhealthcare.co.uk\\\/wp-content\\\/uploads\\\/2025\\\/03\\\/Untitled-design-2.png\",\"contentUrl\":\"https:\\\/\\\/www.vanguardhealthcare.co.uk\\\/wp-content\\\/uploads\\\/2025\\\/03\\\/Untitled-design-2.png\"},{\"@type\":\"WebSite\",\"@id\":\"https:\\\/\\\/www.q-bital.com\\\/#website\",\"url\":\"https:\\\/\\\/www.q-bital.com\\\/\",\"name\":\"Q-bital Healthcare Solutions\",\"description\":\"\",\"potentialAction\":[{\"@type\":\"SearchAction\",\"target\":{\"@type\":\"EntryPoint\",\"urlTemplate\":\"https:\\\/\\\/www.q-bital.com\\\/?s={search_term_string}\"},\"query-input\":{\"@type\":\"PropertyValueSpecification\",\"valueRequired\":true,\"valueName\":\"search_term_string\"}}],\"inLanguage\":\"is\"}]}<\/script>\n<!-- \/ Yoast SEO plugin. -->","yoast_head_json":{"title":"Vi\u00f0urkenningar og vottanir - Q-bital heilbrig\u00f0islausnir","robots":{"index":"index","follow":"follow","max-snippet":"max-snippet:-1","max-image-preview":"max-image-preview:large","max-video-preview":"max-video-preview:-1"},"canonical":"https:\/\/www.q-bital.com\/is_is\/accreditations-and-certifications\/","og_locale":"is_IS","og_type":"article","og_title":"Accreditations and Certifications - Q-bital Healthcare Solutions","og_description":"We know the value that certification brings to businesses and their customers, which is why we are externally audited on an annual basis against the following standards. The accreditations and certifications below are grouped by operational location for clarity. UK &amp; Ireland Cyber Essentials Plus Certification&nbsp; Cyber Essentials Plus is a UK government-backed scheme designed [&hellip;]","og_url":"https:\/\/www.q-bital.com\/is_is\/accreditations-and-certifications\/","og_site_name":"Q-bital Healthcare Solutions","article_modified_time":"2026-01-13T16:04:17+00:00","twitter_card":"summary_large_image","twitter_misc":{"Est. reading time":"4 minutes"},"schema":{"@context":"https:\/\/schema.org","@graph":[{"@type":"WebPage","@id":"https:\/\/www.q-bital.com\/accreditations-and-certifications\/","url":"https:\/\/www.q-bital.com\/accreditations-and-certifications\/","name":"Vi\u00f0urkenningar og vottanir - Q-bital heilbrig\u00f0islausnir","isPartOf":{"@id":"https:\/\/www.q-bital.com\/#website"},"primaryImageOfPage":{"@id":"https:\/\/www.q-bital.com\/accreditations-and-certifications\/#primaryimage"},"image":{"@id":"https:\/\/www.q-bital.com\/accreditations-and-certifications\/#primaryimage"},"thumbnailUrl":"https:\/\/www.vanguardhealthcare.co.uk\/wp-content\/uploads\/2025\/03\/Untitled-design-2.png","datePublished":"2025-02-12T17:18:20+00:00","dateModified":"2026-01-13T16:04:17+00:00","inLanguage":"is","potentialAction":[{"@type":"ReadAction","target":["https:\/\/www.q-bital.com\/accreditations-and-certifications\/"]}]},{"@type":"ImageObject","inLanguage":"is","@id":"https:\/\/www.q-bital.com\/accreditations-and-certifications\/#primaryimage","url":"https:\/\/www.vanguardhealthcare.co.uk\/wp-content\/uploads\/2025\/03\/Untitled-design-2.png","contentUrl":"https:\/\/www.vanguardhealthcare.co.uk\/wp-content\/uploads\/2025\/03\/Untitled-design-2.png"},{"@type":"WebSite","@id":"https:\/\/www.q-bital.com\/#website","url":"https:\/\/www.q-bital.com\/","name":"Q-bital Healthcare Solutions","description":"","potentialAction":[{"@type":"SearchAction","target":{"@type":"EntryPoint","urlTemplate":"https:\/\/www.q-bital.com\/?s={search_term_string}"},"query-input":{"@type":"PropertyValueSpecification","valueRequired":true,"valueName":"search_term_string"}}],"inLanguage":"is"}]}},"_links":{"self":[{"href":"https:\/\/www.q-bital.com\/is_is\/wp-json\/wp\/v2\/pages\/7284","targetHints":{"allow":["GET"]}}],"collection":[{"href":"https:\/\/www.q-bital.com\/is_is\/wp-json\/wp\/v2\/pages"}],"about":[{"href":"https:\/\/www.q-bital.com\/is_is\/wp-json\/wp\/v2\/types\/page"}],"author":[{"embeddable":true,"href":"https:\/\/www.q-bital.com\/is_is\/wp-json\/wp\/v2\/users\/11"}],"replies":[{"embeddable":true,"href":"https:\/\/www.q-bital.com\/is_is\/wp-json\/wp\/v2\/comments?post=7284"}],"version-history":[{"count":0,"href":"https:\/\/www.q-bital.com\/is_is\/wp-json\/wp\/v2\/pages\/7284\/revisions"}],"wp:attachment":[{"href":"https:\/\/www.q-bital.com\/is_is\/wp-json\/wp\/v2\/media?parent=7284"}],"curies":[{"name":"wp","href":"https:\/\/api.w.org\/{rel}","templated":true}]}}