{"id":209,"date":"2023-06-14T14:38:36","date_gmt":"2023-06-14T14:38:36","guid":{"rendered":"https:\/\/www.q-bital.com\/?page_id=209"},"modified":"2023-08-30T15:11:30","modified_gmt":"2023-08-30T15:11:30","slug":"environment","status":"publish","type":"page","link":"https:\/\/www.q-bital.com\/it_it\/environment\/","title":{"rendered":"Ambiente"},"content":{"rendered":"<section id=\"section-2-59\" class=\"ct-section\" style=\"background-image:url(https:\/\/www.q-bital.com\/wp-content\/uploads\/sites\/8\/2023\/05\/boulders-right.png);background-size: auto;\" >\n<div class=\"ct-section-inner-wrap\">\n<div id=\"div_block-8-59\" class=\"ct-div-block\" ><a id=\"link_text-6-59\" class=\"ct-link-text\" href=\"\/it_it\/\" target=\"_self\"  >Casa<\/a><\/p>\n<h1 id=\"headline-3-59\" class=\"ct-headline\"><span id=\"span-4-59\" class=\"ct-span\" >Ambiente<\/span><\/h1>\n<\/div>\n<\/div>\n<\/section>\n<section id=\"section-68-14-text-left-white\" class=\"ct-section\" >\n<div class=\"ct-section-inner-wrap\">\n<div id=\"new_columns-69-14text-left-white\" class=\"ct-new-columns\" >\n<div id=\"div_block-70-14\" class=\"ct-div-block\" >\n<h2 id=\"headline-71-14\" class=\"ct-headline\">I nostri impegni in materia di sostenibilit\u00e0 e responsabilit\u00e0 sociale<\/h2>\n<div id=\"_rich_text-72-14\" class=\"oxy-rich-text\" >\n<p>Ci impegniamo a diventare un&#039;organizzazione sostenibile dal punto di vista ambientale e socialmente responsabile che crea spazi sanitari clinici leader a livello mondiale con un impatto minimo sull&#039;ambiente.<\/p>\n<p><strong>I nostri obiettivi<\/strong><\/p>\n<p>1. Le nostre pratiche commerciali sono in continua evoluzione; la nostra road map ambientale ci impegna a essere carbon neutral per le emissioni 1 e 2 entro la fine del 2023 e a diventare carbon net zero entro il 2035.<\/p>\n<p>2. Ci sforziamo costantemente di offrire prodotti e servizi che aiutino i nostri clienti a raggiungere i propri obiettivi ambientali. I nostri spazi sanitari saranno a zero emissioni di carbonio su base giornaliera entro il 2025.<\/p>\n<\/div>\n<\/div>\n<div id=\"div_block-74-14\" class=\"ct-div-block\" ><img decoding=\"async\"  id=\"image-75-14\" alt=\"\" src=\"https:\/\/www.q-bital.com\/wp-content\/uploads\/sites\/8\/2023\/07\/Solar-Panels.jpg\" class=\"ct-image\"\/><\/div>\n<\/div>\n<\/div>\n<\/section>\n<section id=\"section-88-34-blue\" class=\"ct-section\" >\n<div class=\"ct-section-inner-wrap\">\n<div id=\"new_columns-89-34-blue\" class=\"ct-new-columns\" >\n<div id=\"div_block-94-34\" class=\"ct-div-block\" ><img decoding=\"async\"  id=\"image-95-34\" alt=\"\" src=\"https:\/\/www.q-bital.com\/wp-content\/uploads\/sites\/8\/2023\/07\/CO2.jpg\" class=\"ct-image\"\/><\/div>\n<div id=\"div_block-90-34\" class=\"ct-div-block\" >\n<h2 id=\"headline-91-34\" class=\"ct-headline\">I nostri impegni <\/h2>\n<div id=\"_rich_text-92-34\" class=\"oxy-rich-text\" >\n<ul>\n<li>Avere un piano strategico chiaro a lungo termine con obiettivi scientifici per garantire il raggiungimento dei nostri obiettivi a lungo termine e la realizzazione della nostra attivit\u00e0 tattica annuale<\/li>\n<li>Pubblicazione annuale di a <a href=\"\/it_it\/carbon-reduction-plan\/\">piano di riduzione del carbonio<\/a><\/li>\n<li>Misurazione annuale della nostra impronta di carbonio<\/li>\n<li>Fornire un portafoglio modulare di edifici a zero emissioni entro il 2024 &nbsp;<\/li>\n<li>Garantire una catena di fornitura sostenibile, utilizzando materiali e progetti in grado di prolungare la durata di vita dei nostri edifici<\/li>\n<li>Massimizzare il livello di riutilizzo\/riutilizzo o riciclaggio per progetti futuri<\/li>\n<li>Aumentare l\u2019uso di fonti di energia rinnovabile nelle nostre sedi fino a quando non saremo completamente alimentati da fonti rinnovabili nel 2025<\/li>\n<li>Transizione a una flotta a propulsione elettrica entro il 2025, eliminando gradualmente i veicoli a combustibili fossili<\/li>\n<li>Ridurre le emissioni della catena di fornitura mediante 80%<\/li>\n<li>Investimenti continui in progetti di rimozione del carbonio che sequestrano il carbonio dall\u2019atmosfera per rimuovere 500 t di CO2 all\u2019anno<\/li>\n<li>Garantire che la nostra catena di fornitura adotti pratiche per ridurre l\u2019impatto ambientale, inclusa la scelta dei materiali&nbsp;<\/li>\n<li>Nessun rifiuto conferito in discarica<\/li>\n<\/ul>\n<p>Visualizza il nostro viaggio verso&nbsp;<a href=\"\/wp-content\/uploads\/sites\/8\/2023\/07\/Vanguard-Carbon-Net-Zero-Graphics-July-2023-1.pdf\" target=\"_blank\" rel=\"noopener\">Tabella di marcia per Carbon Net Zero<\/a><\/p>\n<\/div>\n<\/div>\n<\/div>\n<\/div>\n<\/section>\n<section id=\"section-68-14-text-left-white\" class=\"ct-section\" >\n<div class=\"ct-section-inner-wrap\">\n<div id=\"new_columns-69-14text-left-white\" class=\"ct-new-columns\" >\n<div id=\"div_block-70-14\" class=\"ct-div-block\" >\n<h2 id=\"headline-71-14\" class=\"ct-headline\">Come forniamo prodotti e servizi che aiutano i nostri clienti a raggiungere i loro obiettivi ambientali:<\/h2>\n<div id=\"_rich_text-72-14\" class=\"oxy-rich-text\" >\n<ul>\n<li>Spazi sanitari realizzati all&#039;interno dei nostri ambienti controllati in fabbrica<\/li>\n<li>I livelli di completamento in fabbrica dell&#039;80% riducono al minimo le attivit\u00e0 in loco<\/li>\n<li>Introduzione di edifici modulari a zero emissioni di carbonio nel nostro portafoglio di servizi&nbsp;<\/li>\n<li>Tutti gli edifici raggiungono di serie i livelli BREEAM &quot;Eccellente&quot;.<\/li>\n<li>Fornitura di edifici ad alta efficienza energetica che non compromettano i requisiti di sicurezza, pratici o funzionali&nbsp;<\/li>\n<li>Utilizzo di moderne tecnologie per catturare e utilizzare fonti di energia rinnovabile per controllare gli ambienti operativi<\/li>\n<li>Moduli sottostruttura con sottopavimento in cemento con struttura in acciaio, prodotti in uno stabilimento a zero emissioni di carbonio<\/li>\n<\/ul>\n<\/div>\n<\/div>\n<div id=\"div_block-74-14\" class=\"ct-div-block\" ><img decoding=\"async\"  id=\"image-75-14\" alt=\"\" src=\"https:\/\/www.q-bital.com\/wp-content\/uploads\/sites\/8\/2023\/07\/Roof.jpg\" class=\"ct-image\"\/><\/div>\n<\/div>\n<\/div>\n<\/section>\n<section id=\"section-88-34-blue\" class=\"ct-section\" >\n<div class=\"ct-section-inner-wrap\">\n<div id=\"new_columns-89-34-blue\" class=\"ct-new-columns\" >\n<div id=\"div_block-94-34\" class=\"ct-div-block\" ><img decoding=\"async\"  id=\"image-95-34\" alt=\"\" src=\"https:\/\/www.q-bital.com\/wp-content\/uploads\/sites\/8\/2023\/07\/Crane.jpg\" class=\"ct-image\"\/><\/div>\n<div id=\"div_block-90-34\" class=\"ct-div-block\" >\n<h2 id=\"headline-91-34\" class=\"ct-headline\">Un\u2019economia circolare<\/h2>\n<div id=\"_rich_text-92-34\" class=\"oxy-rich-text\" >\n<p>Attraverso la loro progettazione adattabile e sostenibile, le strutture sanitarie modulari e mobili svolgono un ruolo fondamentale nel far avanzare l\u2019economia circolare offrendo allo stesso tempo vantaggi ambientali e sostenibili. L&#039;uso di componenti modulari consente un facile smontaggio, riposizionamento e riconfigurazione, consentendo di fornire in modo efficiente i servizi sanitari dove necessario.&nbsp;<\/p>\n<p>Questa flessibilit\u00e0 non solo riduce i costi di costruzione e operativi, ma diminuisce anche l\u2019impatto ambientale associato alle tradizionali strutture sanitarie fisse. Inoltre, le strutture modulari promuovono il riutilizzo e il riciclaggio dei materiali, contribuendo all\u2019economia circolare estendendone la durata di vita e riducendo la domanda di nuove risorse.&nbsp;<\/p>\n<\/div>\n<\/div>\n<\/div>\n<\/div>\n<\/section>\n<section id=\"section-332-315\" class=\"ct-section\" >\n<div class=\"ct-section-inner-wrap\">\n<div id=\"new_columns-333-315\" class=\"ct-new-columns\" >\n<div id=\"div_block-334-315\" class=\"ct-div-block\" >\n<div id=\"div_block-345-315\" class=\"ct-div-block box-shadow\" >\n<div id=\"_rich_text-346-315\" class=\"oxy-rich-text\" >\n<h3>La nostra filiera<\/h3>\n<p>\u2022 I nostri moduli sottostruttura in cemento con telaio in acciaio sono prodotti in uno stabilimento a zero emissioni di carbonio<\/p>\n<p>\u2022 I nostri sistemi di pareti sono specificati e progettati per i nostri edifici, riducendo gli sprechi e la rilavorazione dei difetti<\/p>\n<p>\u2022 Stiamo lavorando con le nostre catene di fornitura per ridurre il loro impatto ambientale attraverso i materiali selezionati e le loro pratiche<\/p>\n<\/div>\n<\/div>\n<\/div>\n<div id=\"div_block-335-315\" class=\"ct-div-block\" >\n<div id=\"div_block-342-315\" class=\"ct-div-block box-shadow\" >\n<div id=\"_rich_text-337-315\" class=\"oxy-rich-text\" >\n<h3>Ambiente controllato in fabbrica<\/h3>\n<p>\u2022 Gli episodi di rilavorazione e di difetti sono ridotti al minimo<\/p>\n<p>\u2022 Riduzione degli sprechi di materiale attraverso il controllo della produzione<\/p>\n<p>\u2022 Aumentare la separazione dei rifiuti e i livelli di riciclaggio<\/p>\n<\/div>\n<\/div>\n<\/div>\n<\/div>\n<div id=\"new_columns-350-315\" class=\"ct-new-columns\" >\n<div id=\"div_block-351-315\" class=\"ct-div-block\" >\n<div id=\"div_block-354-315\" class=\"ct-div-block box-shadow\" >\n<div id=\"_rich_text-355-315\" class=\"oxy-rich-text\" >\n<h3>Progettazioni efficienti dal punto di vista energetico<\/h3>\n<p>\u2022 Utilizzando la luce naturale e la ventilazione ove possibile<\/p>\n<p>\u2022 Fornire elevati valori di isolamento all&#039;interno dei nostri sistemi modulari per pareti, coperture e vetrate<\/p>\n<p>\u2022 Cattura dell&#039;energia dove possibile<\/p>\n<p>\u2022 Murature verdi<\/p>\n<\/div>\n<\/div>\n<\/div>\n<div id=\"div_block-356-315\" class=\"ct-div-block\" >\n<div id=\"div_block-359-315\" class=\"ct-div-block box-shadow\" >\n<div id=\"_rich_text-360-315\" class=\"oxy-rich-text\" >\n<h3>Utilizzo di moderne tecnologie sostenibili<\/h3>\n<p>\u2022 Opzioni di riscaldamento con sorgente terra\/aria<\/p>\n<p>\u2022 Pannelli fotovoltaici<\/p>\n<p>\u2022 Monitoraggio integrato della CO2<\/p>\n<p>\u2022 Recupero delle acque piovane<\/p>\n<\/div>\n<\/div>\n<\/div>\n<\/div>\n<\/div>\n<\/section>\n<section id=\"section-68-14-text-left-white\" class=\"ct-section\" >\n<div class=\"ct-section-inner-wrap\">\n<div id=\"new_columns-69-14text-left-white\" class=\"ct-new-columns\" >\n<div id=\"div_block-70-14\" class=\"ct-div-block\" >\n<h2 id=\"headline-71-14\" class=\"ct-headline\">Responsabilit\u00e0 sociale<\/h2>\n<div id=\"_rich_text-72-14\" class=\"oxy-rich-text\" >\n<p>Usiamo la nostra portata aziendale a beneficio dell&#039;ambiente e delle comunit\u00e0 e forniamo spazi sanitari sicuri e di alta qualit\u00e0.&nbsp;<\/p>\n<p>La nostra attenzione \u00e8 rivolta a:<\/p>\n<ul>\n<li>Raggiungimento degli standard ISO14001 e 45001<\/li>\n<li>Collaborare con enti di conservazione della fauna selvatica per migliorare la qualit\u00e0 dei fiumi e dei canali del Regno Unito&nbsp;<\/li>\n<li>Offrire ai dipendenti lavoro di volontariato retribuito con il team di Ark Business Conservation<\/li>\n<li>Migliorare le opportunit\u00e0 di vita per i giovani che hanno accesso al lavoro nel settore sanitario e dell\u2019ingegneria sanitaria. Apprendistati e tutoraggio mirati costituiscono il 10% della nostra forza lavoro<\/li>\n<li>Formazione 10% della nostra forza lavoro per diventare operatori di pronto soccorso per la salute mentale<\/li>\n<li>Sostenere le cause della prima nazione in Australia attraverso opportunit\u00e0 di volontariato retribuito<\/li>\n<li>Migliorare gli ambienti di lavoro<\/li>\n<li>Supportare le organizzazioni sanitarie e il settore sanitario privato per aiutare i pazienti a tornare al lavoro o alle loro responsabilit\u00e0 assistenziali<\/li>\n<li>Creare un senso di responsabilit\u00e0 condivisa e responsabilit\u00e0 in tutta la nostra azienda attraverso formazione e sviluppo, percorsi e sistemi di comunicazione<\/li>\n<li>Garantire l&#039;accreditamento B Corp entro il 2025 per riflettere il nostro impegno a soddisfare elevati standard di prestazioni sociali e ambientali, trasparenza e responsabilit\u00e0.&nbsp;<\/li>\n<\/ul>\n<p>Visualizza il nostro <a href=\"\/wp-content\/uploads\/sites\/8\/2023\/07\/Vanguard-Corp-Responsibilty-Graphics-July-2023-1.pdf\" target=\"_blank\" rel=\"noopener\">roadmap del percorso di responsabilit\u00e0 sociale delle imprese<\/a><\/p>\n<\/div>\n<\/div>\n<div id=\"div_block-74-14\" class=\"ct-div-block\" ><img decoding=\"async\"  id=\"image-75-14\" alt=\"\" src=\"https:\/\/www.q-bital.com\/wp-content\/uploads\/sites\/8\/2023\/07\/Social-Responsibility.jpg\" class=\"ct-image\"\/><\/div>\n<\/div>\n<\/div>\n<\/section>\n<section id=\"section-88-34-blue\" class=\"ct-section\" >\n<div class=\"ct-section-inner-wrap\">\n<div id=\"new_columns-89-34-blue\" class=\"ct-new-columns\" >\n<div id=\"div_block-94-34\" class=\"ct-div-block\" ><img decoding=\"async\"  id=\"image-95-34\" alt=\"\" src=\"https:\/\/www.q-bital.com\/wp-content\/uploads\/sites\/8\/2023\/05\/Staffed-operating-theatre1.jpg\" class=\"ct-image\"\/><\/div>\n<div id=\"div_block-90-34\" class=\"ct-div-block\" >\n<h2 id=\"headline-91-34\" class=\"ct-headline\">I nostri appaltatori e la gestione della catena di fornitura<\/h2>\n<div id=\"_rich_text-92-34\" class=\"oxy-rich-text\" >\n<p>Garantiamo che i nostri appaltatori soddisfino i pi\u00f9 elevati standard operativi di salute e sicurezza, nonch\u00e9 rispettino i requisiti di legge e di regolarit\u00e0 pertinenti come l&#039;Equality Act e <a href=\"..\/modern-slavery-and-human-trafficking-statement\/\">Legge sulla schiavit\u00f9 moderna e sulla tratta di esseri umani<\/a>.&nbsp;<\/p>\n<p>Ci impegniamo a adottare pratiche di pagamento eque come delineato nelle linee guida dell&#039;ex Ufficio del Commercio Governativo e nei principi di Construction 2025:&nbsp;<\/p>\n<ul>\n<li>Trasparenza nelle procedure di pagamento&nbsp;<\/li>\n<li>Conferma dei pagamenti rispetto ai traguardi raggiunti&nbsp;<\/li>\n<li>Eventuali importi trattenuti in trattenuta con periodo di tempo e motivo.&nbsp;<\/li>\n<\/ul>\n<p>Siamo un membro accreditato del Considerate Contractors Scheme e operiamo attraverso una catena di fornitura di preziosi partner.&nbsp;<\/p>\n<\/div>\n<\/div>\n<\/div>\n<\/div>\n<\/section>\n<section id=\"section-68-14-text-left-white\" class=\"ct-section\" >\n<div class=\"ct-section-inner-wrap\">\n<div id=\"new_columns-69-14text-left-white\" class=\"ct-new-columns\" >\n<div id=\"div_block-70-14\" class=\"ct-div-block\" >\n<h2 id=\"headline-71-14\" class=\"ct-headline\">Governo<\/h2>\n<div id=\"_rich_text-72-14\" class=\"oxy-rich-text\" >\n<p>Le nostre rigorose politiche di governance supportano la sicurezza e la conformit\u00e0. La sicurezza dei pazienti, dei nostri clienti e del nostro personale \u00e8 al centro di tutto ci\u00f2 che facciamo. Il nostro sistema di governance \u00e8 stato progettato per essere solido e garantire un miglioramento continuo.<\/p>\n<p>La nostra politica di governance attiva e integrata \u00e8 progettata per supportare la fornitura di un servizio sicuro e conforme. Controlliamo questa politica e ne monitoriamo i risultati a ogni livello della nostra organizzazione. Nelle rare occasioni in cui le cose non sono andate secondo i piani, le mettiamo a posto e utilizziamo quanto appreso per migliorare i nostri servizi futuri.<\/p>\n<p>\u00c8 in atto un rigoroso processo di qualit\u00e0 per identificare e affrontare eventuali problemi clinici e affrontare tutti i rischi. Ci\u00f2 include processi di audit sia interni che esterni per monitorare e verificare i servizi forniti.<\/p>\n<\/div>\n<\/div>\n<div id=\"div_block-74-14\" class=\"ct-div-block\" ><img decoding=\"async\"  id=\"image-75-14\" alt=\"\" src=\"https:\/\/www.q-bital.com\/wp-content\/uploads\/sites\/8\/2023\/07\/Governance.jpg\" class=\"ct-image\"\/><\/div>\n<\/div>\n<\/div>\n<\/section>","protected":false},"excerpt":{"rendered":"","protected":false},"author":2,"featured_media":0,"parent":0,"menu_order":0,"comment_status":"closed","ping_status":"closed","template":"","meta":{"_acf_changed":false,"footnotes":""},"class_list":["post-209","page","type-page","status-publish","hentry"],"acf":[],"yoast_head":"<!-- This site is optimized with the Yoast SEO plugin v27.5 - https:\/\/yoast.com\/product\/yoast-seo-wordpress\/ -->\n<title>Environment - Q-bital Healthcare Solutions<\/title>\n<meta name=\"robots\" content=\"index, follow, max-snippet:-1, max-image-preview:large, max-video-preview:-1\" \/>\n<link rel=\"canonical\" href=\"https:\/\/www.q-bital.com\/it_it\/environment\/\" \/>\n<meta property=\"og:locale\" content=\"it_IT\" \/>\n<meta property=\"og:type\" content=\"article\" \/>\n<meta property=\"og:title\" content=\"Environment - Q-bital Healthcare Solutions\" \/>\n<meta property=\"og:url\" content=\"https:\/\/www.q-bital.com\/it_it\/environment\/\" \/>\n<meta property=\"og:site_name\" content=\"Q-bital Healthcare Solutions\" \/>\n<meta property=\"article:modified_time\" content=\"2023-08-30T15:11:30+00:00\" \/>\n<meta name=\"twitter:card\" content=\"summary_large_image\" \/>\n<script type=\"application\/ld+json\" class=\"yoast-schema-graph\">{\"@context\":\"https:\\\/\\\/schema.org\",\"@graph\":[{\"@type\":\"WebPage\",\"@id\":\"https:\\\/\\\/www.q-bital.com\\\/environment\\\/\",\"url\":\"https:\\\/\\\/www.q-bital.com\\\/environment\\\/\",\"name\":\"Environment - Q-bital Healthcare Solutions\",\"isPartOf\":{\"@id\":\"https:\\\/\\\/www.q-bital.com\\\/#website\"},\"datePublished\":\"2023-06-14T14:38:36+00:00\",\"dateModified\":\"2023-08-30T15:11:30+00:00\",\"inLanguage\":\"it-IT\",\"potentialAction\":[{\"@type\":\"ReadAction\",\"target\":[\"https:\\\/\\\/www.q-bital.com\\\/environment\\\/\"]}]},{\"@type\":\"WebSite\",\"@id\":\"https:\\\/\\\/www.q-bital.com\\\/#website\",\"url\":\"https:\\\/\\\/www.q-bital.com\\\/\",\"name\":\"Q-bital Healthcare Solutions\",\"description\":\"\",\"potentialAction\":[{\"@type\":\"SearchAction\",\"target\":{\"@type\":\"EntryPoint\",\"urlTemplate\":\"https:\\\/\\\/www.q-bital.com\\\/?s={search_term_string}\"},\"query-input\":{\"@type\":\"PropertyValueSpecification\",\"valueRequired\":true,\"valueName\":\"search_term_string\"}}],\"inLanguage\":\"it-IT\"}]}<\/script>\n<!-- \/ Yoast SEO plugin. -->","yoast_head_json":{"title":"Ambiente - Soluzioni sanitarie Q-bital","robots":{"index":"index","follow":"follow","max-snippet":"max-snippet:-1","max-image-preview":"max-image-preview:large","max-video-preview":"max-video-preview:-1"},"canonical":"https:\/\/www.q-bital.com\/it_it\/environment\/","og_locale":"it_IT","og_type":"article","og_title":"Environment - Q-bital Healthcare Solutions","og_url":"https:\/\/www.q-bital.com\/it_it\/environment\/","og_site_name":"Q-bital Healthcare Solutions","article_modified_time":"2023-08-30T15:11:30+00:00","twitter_card":"summary_large_image","schema":{"@context":"https:\/\/schema.org","@graph":[{"@type":"WebPage","@id":"https:\/\/www.q-bital.com\/environment\/","url":"https:\/\/www.q-bital.com\/environment\/","name":"Ambiente - Soluzioni sanitarie Q-bital","isPartOf":{"@id":"https:\/\/www.q-bital.com\/#website"},"datePublished":"2023-06-14T14:38:36+00:00","dateModified":"2023-08-30T15:11:30+00:00","inLanguage":"it-IT","potentialAction":[{"@type":"ReadAction","target":["https:\/\/www.q-bital.com\/environment\/"]}]},{"@type":"WebSite","@id":"https:\/\/www.q-bital.com\/#website","url":"https:\/\/www.q-bital.com\/","name":"Q-bital Healthcare Solutions","description":"","potentialAction":[{"@type":"SearchAction","target":{"@type":"EntryPoint","urlTemplate":"https:\/\/www.q-bital.com\/?s={search_term_string}"},"query-input":{"@type":"PropertyValueSpecification","valueRequired":true,"valueName":"search_term_string"}}],"inLanguage":"it-IT"}]}},"_links":{"self":[{"href":"https:\/\/www.q-bital.com\/it_it\/wp-json\/wp\/v2\/pages\/209","targetHints":{"allow":["GET"]}}],"collection":[{"href":"https:\/\/www.q-bital.com\/it_it\/wp-json\/wp\/v2\/pages"}],"about":[{"href":"https:\/\/www.q-bital.com\/it_it\/wp-json\/wp\/v2\/types\/page"}],"author":[{"embeddable":true,"href":"https:\/\/www.q-bital.com\/it_it\/wp-json\/wp\/v2\/users\/2"}],"replies":[{"embeddable":true,"href":"https:\/\/www.q-bital.com\/it_it\/wp-json\/wp\/v2\/comments?post=209"}],"version-history":[{"count":0,"href":"https:\/\/www.q-bital.com\/it_it\/wp-json\/wp\/v2\/pages\/209\/revisions"}],"wp:attachment":[{"href":"https:\/\/www.q-bital.com\/it_it\/wp-json\/wp\/v2\/media?parent=209"}],"curies":[{"name":"wp","href":"https:\/\/api.w.org\/{rel}","templated":true}]}}