{"id":693,"date":"2023-07-19T15:41:55","date_gmt":"2023-07-19T15:41:55","guid":{"rendered":"https:\/\/www.q-bital.com\/?page_id=693"},"modified":"2023-10-20T11:41:54","modified_gmt":"2023-10-20T11:41:54","slug":"faqs","status":"publish","type":"page","link":"https:\/\/www.q-bital.com\/it_it\/faqs\/","title":{"rendered":"Domande frequenti"},"content":{"rendered":"<section id=\"section-2-59\" class=\"ct-section\" style=\"background-image:url(https:\/\/www.q-bital.com\/wp-content\/uploads\/sites\/8\/2023\/05\/boulders-right.png);background-size: auto;\" >\n<div class=\"ct-section-inner-wrap\">\n<div id=\"div_block-8-59\" class=\"ct-div-block\" ><a id=\"link_text-6-59\" class=\"ct-link-text\" href=\"\/it_it\/\" target=\"_self\"  >Casa<\/a><\/p>\n<h1 id=\"headline-3-59\" class=\"ct-headline\"><span id=\"span-4-59\" class=\"ct-span\" >Domande frequenti<\/span><\/h1>\n<\/div>\n<\/div>\n<\/section>\n<div class=\"wp-block-vanguard-concertina\">\n<section class=\"ct-section\">\n<div class=\"ct-section-inner-wrap\">\n<div id=\"accordion-i9PUm1SAuAIPWb4o\" class=\"concertina accordion concertina-2col\">\n<div class=\"wp-block-vanguard-concertina-item accordion-item\">\n<h2 class=\"accordion-header\" id=\"heading-d078635e-3876-4394-8c4b-860ab9bdab1a\">\n<div class=\"title\">Quanto tempo occorre per installare un impianto modulare?<\/div>\n<p><span class=\"indicator\"><\/span><\/h2>\n<div id=\"collapse-d078635e-3876-4394-8c4b-860ab9bdab1a\" class=\"accordion-collapse collapse\" aria-labelledby=\"heading-d078635e-3876-4394-8c4b-860ab9bdab1a\" data-bs-parent=\"#accordion-i9PUm1SAuAIPWb4o\">\n<div class=\"accordion-body\">\n<div class=\"text\">La risposta breve \u00e8 meno tempo di quanto potresti pensare. Le strutture modulari che utilizzano metodi di costruzione moderni possono essere sviluppate molto pi\u00f9 rapidamente rispetto agli edifici tradizionali in mattoni e malta. Ad esempio, dall&#039;ordine di acquisto alla consegna, la costruzione di quattro sale operatorie modulari, spazi di recupero e altre stanze di supporto in un ospedale potrebbe richiedere un minimo di 12 settimane o un massimo di 26 settimane se \u00e8 necessaria una soluzione Healthcare Space su misura.<\/p>\n<p><a href=\"\/it_it\/facilities\/operating-rooms\/\">Scopri quanto velocemente una struttura modulare potrebbe arrivare presso la tua sede ospedaliera<\/a>.<\/div>\n<\/div>\n<\/div>\n<\/div>\n<div class=\"wp-block-vanguard-concertina-item accordion-item\">\n<h2 class=\"accordion-header\" id=\"heading-1de95927-d811-4aff-adcf-0aefddbe059e\">\n<div class=\"title\">Posso affittare o acquistare una struttura?<\/div>\n<p><span class=\"indicator\"><\/span><\/h2>\n<div id=\"collapse-1de95927-d811-4aff-adcf-0aefddbe059e\" class=\"accordion-collapse collapse\" aria-labelledby=\"heading-1de95927-d811-4aff-adcf-0aefddbe059e\" data-bs-parent=\"#accordion-i9PUm1SAuAIPWb4o\">\n<div class=\"accordion-body\">\n<div class=\"text\">La risposta \u00e8 s\u00ec per entrambi. Offriamo un flessibile <a data-type=\"page\" data-id=\"455\" href=\"\/it_it\/procurement\/\">approccio agli appalti<\/a> per le nostre strutture modulari con opzioni di noleggio, noleggio\/acquisto e acquisto disponibili direttamente o tramite vari framework.<\/p>\n<p><a data-type=\"page\" data-id=\"164\" href=\"\/it_it\/our-facilities\/\">Le nostre unit\u00e0 mobili<\/a> sono disponibili solo per il noleggio, questo ci permette di poter rispondere a necessit\u00e0 urgenti.<\/div>\n<\/div>\n<\/div>\n<\/div>\n<div class=\"wp-block-vanguard-concertina-item accordion-item\">\n<h2 class=\"accordion-header\" id=\"heading-6af607bb-17f3-405d-a620-f36c0dc0e622\">\n<div class=\"title\">C&#039;\u00e8 un periodo minimo di noleggio?<\/div>\n<p><span class=\"indicator\"><\/span><\/h2>\n<div id=\"collapse-6af607bb-17f3-405d-a620-f36c0dc0e622\" class=\"accordion-collapse collapse\" aria-labelledby=\"heading-6af607bb-17f3-405d-a620-f36c0dc0e622\" data-bs-parent=\"#accordion-i9PUm1SAuAIPWb4o\">\n<div class=\"accordion-body\">\n<div class=\"text\">In generale, il periodo di noleggio minimo per le nostre strutture mobili \u00e8 di 13 settimane e possiamo costruire un modello di prezzo per le nostre strutture modulari da 26 settimane in poi. Tuttavia, adottiamo un approccio flessibile poich\u00e9 la nostra priorit\u00e0 \u00e8 sempre quella di basare le nostre soluzioni sulle esigenze dei nostri clienti invece di imporre vincoli.<\/div>\n<\/div>\n<\/div>\n<\/div>\n<div class=\"wp-block-vanguard-concertina-item accordion-item\">\n<h2 class=\"accordion-header\" id=\"heading-343fc496-20ba-4e00-a725-9d3b2efbdbb7\">\n<div class=\"title\">Quali procedure possono essere eseguite in una sala operatoria mobile?<\/div>\n<p><span class=\"indicator\"><\/span><\/h2>\n<div id=\"collapse-343fc496-20ba-4e00-a725-9d3b2efbdbb7\" class=\"accordion-collapse collapse\" aria-labelledby=\"heading-343fc496-20ba-4e00-a725-9d3b2efbdbb7\" data-bs-parent=\"#accordion-i9PUm1SAuAIPWb4o\">\n<div class=\"accordion-body\">\n<div class=\"text\">75% nelle nostre sale operatorie mobili \u00e8 possibile eseguire tutti i tipi di procedure cliniche eseguite in un grande ospedale per acuti, dalle protesi d&#039;anca alla chirurgia della cataratta, dalle procedure endoscopiche alla chirurgia plastica. Inoltre chirurgia cardiaca specialistica e procedure oncologiche complesse. L&#039;elenco completo \u00e8 troppo lungo per essere incluso qui, ma puoi saperne di pi\u00f9 sul nostro <a data-type=\"page\" data-id=\"674\" href=\"\/it_it\/heritage\/\">Pagina del patrimonio<\/a>.<\/div>\n<\/div>\n<\/div>\n<\/div>\n<div class=\"wp-block-vanguard-concertina-item accordion-item\">\n<h2 class=\"accordion-header\" id=\"heading-63aa3f64-7374-48b4-9834-2e0222f8eb3d\">\n<div class=\"title\">Quali vantaggi offrono gli edifici modulari rispetto agli edifici sanitari tradizionali?<\/div>\n<p><span class=\"indicator\"><\/span><\/h2>\n<div id=\"collapse-63aa3f64-7374-48b4-9834-2e0222f8eb3d\" class=\"accordion-collapse collapse\" aria-labelledby=\"heading-63aa3f64-7374-48b4-9834-2e0222f8eb3d\" data-bs-parent=\"#accordion-i9PUm1SAuAIPWb4o\">\n<div class=\"accordion-body\">\n<div class=\"text\">Il vantaggio principale \u00e8 la velocit\u00e0 con cui possono arrivare sul posto e far passare i primi pazienti. Gli edifici MMC e quelli per l&#039;edilizia fuori sede sono robusti e di alta qualit\u00e0 quanto gli edifici tradizionali in &quot;mattoni e malta&quot;, la grande differenza \u00e8 che possono essere costruiti contemporaneamente all&#039;esecuzione dei lavori di sottostruttura in loco.<\/p>\n<p>La progettazione del modulo e l&#039;MMC possono ridurre i tempi di costruzione fino al 45%, ridurre i costi del 16% e aumentare la produttivit\u00e0 del 30% durante tutto il processo di costruzione.<sup>1<\/sup> Ci sono anche vantaggi ambientali, con rifiuti limitati e emissioni di carbonio ridotte rispetto alle tradizionali consegne in cantiere.<\/p>\n<p>Ad esempio: il St Joseph&#039;s Hospital di Denver, in Colorado, ha riscontrato che la costruzione fuori sede delle proprie strutture ha ridotto di 72 giorni i tempi di consegna e ha ridotto i costi di circa $4,3 milioni.<sup>2<\/sup><\/p>\n<p>1. Libro bianco Costruire una sanit\u00e0 migliore.<br \/>2.Geiger, 2017.<\/div>\n<\/div>\n<\/div>\n<\/div>\n<div class=\"wp-block-vanguard-concertina-item accordion-item\">\n<h2 class=\"accordion-header\" id=\"heading-34124cfa-e6e2-45a3-bf73-0b32f35190c3\">\n<div class=\"title\">Potete realizzare una struttura su misura per le nostre esigenze?<\/div>\n<p><span class=\"indicator\"><\/span><\/h2>\n<div id=\"collapse-34124cfa-e6e2-45a3-bf73-0b32f35190c3\" class=\"accordion-collapse collapse\" aria-labelledby=\"heading-34124cfa-e6e2-45a3-bf73-0b32f35190c3\" data-bs-parent=\"#accordion-i9PUm1SAuAIPWb4o\">\n<div class=\"accordion-body\">\n<div class=\"text\">Assolutamente, \u00e8 ci\u00f2 per cui siamo conosciuti. Lavoreremo con voi per creare uno spazio sanitario progettato per soddisfare le vostre esigenze specifiche, dalla gestione del flusso di pazienti, alle misure di efficienza, fino all&#039;aspetto esterno.<\/div>\n<\/div>\n<\/div>\n<\/div>\n<div class=\"wp-block-vanguard-concertina-item accordion-item\">\n<h2 class=\"accordion-header\" id=\"heading-b2903f31-9b7b-4f6b-8001-9561a50b590e\">\n<div class=\"title\">Come posso saperne di pi\u00f9 su come ottenere una sala operatoria in loco?<\/div>\n<p><span class=\"indicator\"><\/span><\/h2>\n<div id=\"collapse-b2903f31-9b7b-4f6b-8001-9561a50b590e\" class=\"accordion-collapse collapse\" aria-labelledby=\"heading-b2903f31-9b7b-4f6b-8001-9561a50b590e\" data-bs-parent=\"#accordion-i9PUm1SAuAIPWb4o\">\n<div class=\"accordion-body\">\n<div class=\"text\">Mettiti in contatto con il nostro team amichevole e ti guideranno attraverso i passaggi, probabilmente scoprirai che il processo \u00e8 pi\u00f9 semplice di quanto avresti immaginato. Possiamo toglierti il duro lavoro e persino fornirti un servizio <a data-type=\"service\" href=\"\/it_it\/service\/turnkey-solutions\/\">soluzione chiavi in mano<\/a> se ti va meglio.<\/p>\n<p><a data-type=\"page\" data-id=\"117\" href=\"\/it_it\/contact\/\" class=\"gform_button\">Mettiti in contatto<\/a><\/div>\n<\/div>\n<\/div>\n<\/div>\n<div class=\"wp-block-vanguard-concertina-item accordion-item\">\n<h2 class=\"accordion-header\" id=\"heading-868c76d8-3257-4fcf-957d-67bf4859f5ec\">\n<div class=\"title\">Fornite strutture in tutto il mondo?<\/div>\n<p><span class=\"indicator\"><\/span><\/h2>\n<div id=\"collapse-868c76d8-3257-4fcf-957d-67bf4859f5ec\" class=\"accordion-collapse collapse\" aria-labelledby=\"heading-868c76d8-3257-4fcf-957d-67bf4859f5ec\" data-bs-parent=\"#accordion-i9PUm1SAuAIPWb4o\">\n<div class=\"accordion-body\">\n<div class=\"text\">S\u00ec, operiamo a livello internazionale. Abbiamo esperienza nella fornitura di strutture in Australia, Nuova Zelanda, Benelux, Paesi nordici, Irlanda e Regno Unito. In Gran Bretagna operiamo con il nostro marchio ###Vanguard### Healthcare Solutions, per ulteriori informazioni visita <a href=\"https:\/\/www.vanguardhealthcare.co.uk\">www.vanguardhealthcare.co.uk<\/a>.<\/div>\n<\/div>\n<\/div>\n<\/div>\n<div class=\"wp-block-vanguard-concertina-item accordion-item\">\n<h2 class=\"accordion-header\" id=\"heading-32b61ab8-f388-43b3-8c99-1399b90140cf\">\n<div class=\"title\">Come gestite il vostro impatto sull&#039;ambiente, in particolare con le vostre strutture pi\u00f9 grandi?<\/div>\n<p><span class=\"indicator\"><\/span><\/h2>\n<div id=\"collapse-32b61ab8-f388-43b3-8c99-1399b90140cf\" class=\"accordion-collapse collapse\" aria-labelledby=\"heading-32b61ab8-f388-43b3-8c99-1399b90140cf\" data-bs-parent=\"#accordion-i9PUm1SAuAIPWb4o\">\n<div class=\"accordion-body\">\n<div class=\"text\">Le nostre soluzioni sono progettate, costruite e fornite con grande cura e considerazione per l&#039;ambiente, riducendo le emissioni di carbonio in ogni fase del nostro processo di produzione. Cerchiamo costantemente modi per ridurre al minimo l\u2019impatto del modo in cui utilizziamo le risorse, con particolare attenzione a garantire il nostro contributo all\u2019agenda globale sul cambiamento climatico.<\/p>\n<p>Il nostro obiettivo \u00e8 arrivare a zero emissioni nette di carbonio per le emissioni di ambito 1 e 2 entro la fine del 2023 e per le emissioni di ambito 3 entro il 2035; abbiamo in atto un solido piano di riduzione del carbonio per aiutarci a raggiungere questo obiettivo. Siamo orgogliosi dei nostri progressi nel viaggio verso l&#039;azzeramento delle emissioni di carbonio, <a data-type=\"page\" data-id=\"705\" href=\"\/it_it\/carbon-reduction-plan\/\">dai un&#039;occhiata pi\u00f9 da vicino qui...<\/a> <\/p>\n<p>Recentemente abbiamo collaborato con Klimate per creare una strategia di rimozione del carbonio che ci aiuti a raggiungere le nostre ambizioni di zero emissioni nette. L\u2019innovativo portafoglio di progetti di rimozione del carbonio comprende progetti come la cattura diretta dell\u2019aria, lo stoccaggio in profondit\u00e0 del bioolio, le alghe oceaniche e la piantumazione di alberi ricostituenti. Tutti sono verificati in modo indipendente per garantirne l&#039;integrit\u00e0.<\/p><\/div>\n<\/div>\n<\/div>\n<\/div>\n<div class=\"wp-block-vanguard-concertina-item accordion-item\">\n<h2 class=\"accordion-header\" id=\"heading-7562bf47-5278-48e0-b4d4-61a2e1dac74f\">\n<div class=\"title\">Lavori con partner?<\/div>\n<p><span class=\"indicator\"><\/span><\/h2>\n<div id=\"collapse-7562bf47-5278-48e0-b4d4-61a2e1dac74f\" class=\"accordion-collapse collapse\" aria-labelledby=\"heading-7562bf47-5278-48e0-b4d4-61a2e1dac74f\" data-bs-parent=\"#accordion-i9PUm1SAuAIPWb4o\">\n<div class=\"accordion-body\">\n<div class=\"text\">S\u00ec, siamo sempre disposti a indagare <a href=\"\/it_it\/partner-programme\/\" data-type=\"page\" data-id=\"316\">opportunit\u00e0 di partenariato<\/a> e stanno attualmente collaborando con produttori di apparecchiature, architetti, operatori edili e di servizi clinici.<\/div>\n<\/div>\n<\/div>\n<\/div>\n<div class=\"wp-block-vanguard-concertina-item accordion-item\">\n<h2 class=\"accordion-header\" id=\"heading-fa666c52-3c78-40f9-895c-adcd67fb5d8b\">\n<div class=\"title\">\u00c8 disponibile una soluzione completa chiavi in mano?<\/div>\n<p><span class=\"indicator\"><\/span><\/h2>\n<div id=\"collapse-fa666c52-3c78-40f9-895c-adcd67fb5d8b\" class=\"accordion-collapse collapse\" aria-labelledby=\"heading-fa666c52-3c78-40f9-895c-adcd67fb5d8b\" data-bs-parent=\"#accordion-i9PUm1SAuAIPWb4o\">\n<div class=\"accordion-body\">\n<div class=\"text\">Assolutamente, possiamo occuparci dell&#039;intero processo e fornire a <a href=\"\/it_it\/service\/turnkey-solutions\/\" data-type=\"service\" data-id=\"185\">soluzione chiavi in mano<\/a>. Questo servizio comprende la gestione completa del processo di progettazione (inclusa l&#039;approvazione del business case), la produzione interna, l&#039;installazione in loco e la messa in servizio del progetto. Abbiamo una vasta esperienza nell&#039;approvvigionamento e nella fornitura di tutti i lavori in loco attraverso il nostro team di progettazione sanitaria specializzata.<\/div>\n<\/div>\n<\/div>\n<\/div>\n<\/div>\n<\/div>\n<\/section>\n<\/div>\n<section id=\"section-144-59\" class=\"ct-section\" >\n<div class=\"ct-section-inner-wrap\">\n<div id=\"new_columns-145-59\" class=\"ct-new-columns\" >\n<div id=\"div_block-146-59\" class=\"ct-div-block\" >\n<div id=\"_rich_text-9-63\" class=\"oxy-rich-text\" >\n<p>La ricerca di una soluzione adatta al tuo ospedale inizia da qui...<\/p>\n<\/div>\n<p><a id=\"link_button-149-59\" class=\"ct-link-button\" href=\"\/it_it\/contact\/\" target=\"_self\"  >Mettiti in contatto<\/a><\/div>\n<div id=\"div_block-150-59\" class=\"ct-div-block\" ><img decoding=\"async\"  id=\"image-151-59\" alt=\"\" src=\"https:\/\/www.q-bital.com\/wp-content\/uploads\/2023\/06\/kettering-2-scaled.jpg\" class=\"ct-image\"\/><\/div>\n<\/div>\n<\/div>\n<\/section>","protected":false},"excerpt":{"rendered":"","protected":false},"author":2,"featured_media":0,"parent":0,"menu_order":0,"comment_status":"closed","ping_status":"closed","template":"","meta":{"_acf_changed":false,"footnotes":""},"class_list":["post-693","page","type-page","status-publish","hentry"],"acf":[],"yoast_head":"<!-- This site is optimized with the Yoast SEO plugin v27.5 - https:\/\/yoast.com\/product\/yoast-seo-wordpress\/ -->\n<title>FAQs - Q-bital Healthcare Solutions<\/title>\n<meta name=\"robots\" content=\"index, follow, max-snippet:-1, max-image-preview:large, max-video-preview:-1\" \/>\n<link rel=\"canonical\" href=\"https:\/\/www.q-bital.com\/it_it\/faqs\/\" \/>\n<meta property=\"og:locale\" content=\"it_IT\" \/>\n<meta property=\"og:type\" content=\"article\" \/>\n<meta property=\"og:title\" content=\"FAQs - Q-bital Healthcare Solutions\" \/>\n<meta property=\"og:url\" content=\"https:\/\/www.q-bital.com\/it_it\/faqs\/\" \/>\n<meta property=\"og:site_name\" content=\"Q-bital Healthcare Solutions\" \/>\n<meta property=\"article:modified_time\" content=\"2023-10-20T11:41:54+00:00\" \/>\n<meta name=\"twitter:card\" content=\"summary_large_image\" \/>\n<meta name=\"twitter:label1\" content=\"Tempo di lettura stimato\" \/>\n\t<meta name=\"twitter:data1\" content=\"4 minuti\" \/>\n<script type=\"application\/ld+json\" class=\"yoast-schema-graph\">{\"@context\":\"https:\\\/\\\/schema.org\",\"@graph\":[{\"@type\":\"WebPage\",\"@id\":\"https:\\\/\\\/www.q-bital.com\\\/faqs\\\/\",\"url\":\"https:\\\/\\\/www.q-bital.com\\\/faqs\\\/\",\"name\":\"FAQs - Q-bital Healthcare Solutions\",\"isPartOf\":{\"@id\":\"https:\\\/\\\/www.q-bital.com\\\/#website\"},\"datePublished\":\"2023-07-19T15:41:55+00:00\",\"dateModified\":\"2023-10-20T11:41:54+00:00\",\"inLanguage\":\"it-IT\",\"potentialAction\":[{\"@type\":\"ReadAction\",\"target\":[\"https:\\\/\\\/www.q-bital.com\\\/faqs\\\/\"]}]},{\"@type\":\"WebSite\",\"@id\":\"https:\\\/\\\/www.q-bital.com\\\/#website\",\"url\":\"https:\\\/\\\/www.q-bital.com\\\/\",\"name\":\"Q-bital Healthcare Solutions\",\"description\":\"\",\"potentialAction\":[{\"@type\":\"SearchAction\",\"target\":{\"@type\":\"EntryPoint\",\"urlTemplate\":\"https:\\\/\\\/www.q-bital.com\\\/?s={search_term_string}\"},\"query-input\":{\"@type\":\"PropertyValueSpecification\",\"valueRequired\":true,\"valueName\":\"search_term_string\"}}],\"inLanguage\":\"it-IT\"}]}<\/script>\n<!-- \/ Yoast SEO plugin. -->","yoast_head_json":{"title":"Domande frequenti - Soluzioni sanitarie Q-bital","robots":{"index":"index","follow":"follow","max-snippet":"max-snippet:-1","max-image-preview":"max-image-preview:large","max-video-preview":"max-video-preview:-1"},"canonical":"https:\/\/www.q-bital.com\/it_it\/faqs\/","og_locale":"it_IT","og_type":"article","og_title":"FAQs - Q-bital Healthcare Solutions","og_url":"https:\/\/www.q-bital.com\/it_it\/faqs\/","og_site_name":"Q-bital Healthcare Solutions","article_modified_time":"2023-10-20T11:41:54+00:00","twitter_card":"summary_large_image","twitter_misc":{"Tempo di lettura stimato":"4 minuti"},"schema":{"@context":"https:\/\/schema.org","@graph":[{"@type":"WebPage","@id":"https:\/\/www.q-bital.com\/faqs\/","url":"https:\/\/www.q-bital.com\/faqs\/","name":"Domande frequenti - Soluzioni sanitarie Q-bital","isPartOf":{"@id":"https:\/\/www.q-bital.com\/#website"},"datePublished":"2023-07-19T15:41:55+00:00","dateModified":"2023-10-20T11:41:54+00:00","inLanguage":"it-IT","potentialAction":[{"@type":"ReadAction","target":["https:\/\/www.q-bital.com\/faqs\/"]}]},{"@type":"WebSite","@id":"https:\/\/www.q-bital.com\/#website","url":"https:\/\/www.q-bital.com\/","name":"Q-bital Healthcare Solutions","description":"","potentialAction":[{"@type":"SearchAction","target":{"@type":"EntryPoint","urlTemplate":"https:\/\/www.q-bital.com\/?s={search_term_string}"},"query-input":{"@type":"PropertyValueSpecification","valueRequired":true,"valueName":"search_term_string"}}],"inLanguage":"it-IT"}]}},"_links":{"self":[{"href":"https:\/\/www.q-bital.com\/it_it\/wp-json\/wp\/v2\/pages\/693","targetHints":{"allow":["GET"]}}],"collection":[{"href":"https:\/\/www.q-bital.com\/it_it\/wp-json\/wp\/v2\/pages"}],"about":[{"href":"https:\/\/www.q-bital.com\/it_it\/wp-json\/wp\/v2\/types\/page"}],"author":[{"embeddable":true,"href":"https:\/\/www.q-bital.com\/it_it\/wp-json\/wp\/v2\/users\/2"}],"replies":[{"embeddable":true,"href":"https:\/\/www.q-bital.com\/it_it\/wp-json\/wp\/v2\/comments?post=693"}],"version-history":[{"count":0,"href":"https:\/\/www.q-bital.com\/it_it\/wp-json\/wp\/v2\/pages\/693\/revisions"}],"wp:attachment":[{"href":"https:\/\/www.q-bital.com\/it_it\/wp-json\/wp\/v2\/media?parent=693"}],"curies":[{"name":"wp","href":"https:\/\/api.w.org\/{rel}","templated":true}]}}