{"id":693,"date":"2023-07-19T15:41:55","date_gmt":"2023-07-19T15:41:55","guid":{"rendered":"https:\/\/www.q-bital.com\/?page_id=693"},"modified":"2023-10-20T11:41:54","modified_gmt":"2023-10-20T11:41:54","slug":"faqs","status":"publish","type":"page","link":"https:\/\/www.q-bital.com\/nl_nl\/faqs\/","title":{"rendered":"Veelgestelde vragen"},"content":{"rendered":"<section id=\"section-2-59\" class=\"ct-section\" style=\"background-image:url(https:\/\/www.q-bital.com\/wp-content\/uploads\/sites\/8\/2023\/05\/boulders-right.png);background-size: auto;\" >\n<div class=\"ct-section-inner-wrap\">\n<div id=\"div_block-8-59\" class=\"ct-div-block\" ><a id=\"link_text-6-59\" class=\"ct-link-text\" href=\"\/nl_nl\/\" target=\"_self\"  >Thuis<\/a><\/p>\n<h1 id=\"headline-3-59\" class=\"ct-headline\"><span id=\"span-4-59\" class=\"ct-span\" >Veelgestelde vragen<\/span><\/h1>\n<\/div>\n<\/div>\n<\/section>\n<div class=\"wp-block-vanguard-concertina\">\n<section class=\"ct-section\">\n<div class=\"ct-section-inner-wrap\">\n<div id=\"accordion-i9PUm1SAuAIPWb4o\" class=\"concertina accordion concertina-2col\">\n<div class=\"wp-block-vanguard-concertina-item accordion-item\">\n<h2 class=\"accordion-header\" id=\"heading-d078635e-3876-4394-8c4b-860ab9bdab1a\">\n<div class=\"title\">Hoe lang duurt het om een modulaire faciliteit te installeren?<\/div>\n<p><span class=\"indicator\"><\/span><\/h2>\n<div id=\"collapse-d078635e-3876-4394-8c4b-860ab9bdab1a\" class=\"accordion-collapse collapse\" aria-labelledby=\"heading-d078635e-3876-4394-8c4b-860ab9bdab1a\" data-bs-parent=\"#accordion-i9PUm1SAuAIPWb4o\">\n<div class=\"accordion-body\">\n<div class=\"text\">Het korte antwoord is minder tijd dan je zou denken. Modulaire faciliteiten met behulp van moderne bouwmethoden kunnen veel sneller worden ontwikkeld dan traditionele bakstenen en mortelgebouwen. Zo kan de bouw van vier modulaire operatiekamers, verkoeverruimte en andere ondersteuningskamers in een ziekenhuis vanaf de inkooporder tot de overdracht slechts 12 weken of zelfs 26 weken in beslag nemen als een op maat gemaakte gezondheidszorgruimteoplossing vereist is.<\/p>\n<p><a href=\"\/nl_nl\/facilities\/operating-rooms\/\">Ontdek hoe snel een modulaire faciliteit op uw ziekenhuislocatie kan arriveren<\/a>.<\/div>\n<\/div>\n<\/div>\n<\/div>\n<div class=\"wp-block-vanguard-concertina-item accordion-item\">\n<h2 class=\"accordion-header\" id=\"heading-1de95927-d811-4aff-adcf-0aefddbe059e\">\n<div class=\"title\">Kan ik een voorziening huren of kopen?<\/div>\n<p><span class=\"indicator\"><\/span><\/h2>\n<div id=\"collapse-1de95927-d811-4aff-adcf-0aefddbe059e\" class=\"accordion-collapse collapse\" aria-labelledby=\"heading-1de95927-d811-4aff-adcf-0aefddbe059e\" data-bs-parent=\"#accordion-i9PUm1SAuAIPWb4o\">\n<div class=\"accordion-body\">\n<div class=\"text\">Het antwoord is ja op beide. Wij bieden een flexibele <a data-type=\"page\" data-id=\"455\" href=\"\/nl_nl\/procurement\/\">inkoop aanpak<\/a> voor onze modulaire faciliteiten met huur-, huur\/koop- en aankoopopties die direct of via verschillende raamwerken beschikbaar zijn.<\/p>\n<p><a data-type=\"page\" data-id=\"164\" href=\"\/nl_nl\/our-facilities\/\">Onze mobiele eenheden<\/a> zijn alleen beschikbaar voor verhuur, hierdoor kunnen wij inspelen op dringende behoeften.<\/div>\n<\/div>\n<\/div>\n<\/div>\n<div class=\"wp-block-vanguard-concertina-item accordion-item\">\n<h2 class=\"accordion-header\" id=\"heading-6af607bb-17f3-405d-a620-f36c0dc0e622\">\n<div class=\"title\">Is er een minimale huurperiode?<\/div>\n<p><span class=\"indicator\"><\/span><\/h2>\n<div id=\"collapse-6af607bb-17f3-405d-a620-f36c0dc0e622\" class=\"accordion-collapse collapse\" aria-labelledby=\"heading-6af607bb-17f3-405d-a620-f36c0dc0e622\" data-bs-parent=\"#accordion-i9PUm1SAuAIPWb4o\">\n<div class=\"accordion-body\">\n<div class=\"text\">Over het algemeen geldt een huurperiode van minimaal 13 weken voor onze mobiele faciliteiten en kunnen we vanaf 26 weken een prijsmodel opstellen voor onze modulaire faciliteiten. We hanteren echter een flexibele aanpak, omdat het onze prioriteit altijd is om onze oplossingen te baseren op de behoeften van onze klanten, in plaats van beperkingen op te leggen.<\/div>\n<\/div>\n<\/div>\n<\/div>\n<div class=\"wp-block-vanguard-concertina-item accordion-item\">\n<h2 class=\"accordion-header\" id=\"heading-343fc496-20ba-4e00-a725-9d3b2efbdbb7\">\n<div class=\"title\">Welke procedures kunnen worden uitgevoerd in een mobiele operatiekamerfaciliteit?<\/div>\n<p><span class=\"indicator\"><\/span><\/h2>\n<div id=\"collapse-343fc496-20ba-4e00-a725-9d3b2efbdbb7\" class=\"accordion-collapse collapse\" aria-labelledby=\"heading-343fc496-20ba-4e00-a725-9d3b2efbdbb7\" data-bs-parent=\"#accordion-i9PUm1SAuAIPWb4o\">\n<div class=\"accordion-body\">\n<div class=\"text\">75% van alle soorten klinische procedures die in een groot acuut ziekenhuis worden uitgevoerd, kunnen worden uitgevoerd in onze mobiele operatiekamers, van heupvervangingen tot cataractchirurgie, endoscopieprocedures tot plastische chirurgie. Plus specialistische hartchirurgie en complexe kankerprocedures. De volledige lijst is veel te lang om hier op te nemen, maar u kunt meer informatie vinden op onze <a data-type=\"page\" data-id=\"674\" href=\"\/nl_nl\/heritage\/\">Erfgoed pagina<\/a>.<\/div>\n<\/div>\n<\/div>\n<\/div>\n<div class=\"wp-block-vanguard-concertina-item accordion-item\">\n<h2 class=\"accordion-header\" id=\"heading-63aa3f64-7374-48b4-9834-2e0222f8eb3d\">\n<div class=\"title\">Welke voordelen bieden modulaire gebouwen ten opzichte van traditionele zorggebouwen?<\/div>\n<p><span class=\"indicator\"><\/span><\/h2>\n<div id=\"collapse-63aa3f64-7374-48b4-9834-2e0222f8eb3d\" class=\"accordion-collapse collapse\" aria-labelledby=\"heading-63aa3f64-7374-48b4-9834-2e0222f8eb3d\" data-bs-parent=\"#accordion-i9PUm1SAuAIPWb4o\">\n<div class=\"accordion-body\">\n<div class=\"text\">Het belangrijkste voordeel is de snelheid waarmee ze ter plaatse kunnen komen en de eerste pati\u00ebnten door kunnen laten. MMC en off-site bouwgebouwen zijn net zo robuust en kwalitatief hoogstaand als traditionele \u2018bakstenen\u2019 gebouwen, het grote verschil is dat ze tegelijk gebouwd kunnen worden met de uitvoering van de onderbouwwerkzaamheden op locatie.<\/p>\n<p>Moduleontwerp en MMC kunnen de bouwtijd met maximaal 45% verkorten, de kosten met 16% verlagen en de productiviteit gedurende het hele bouwproces met 30% verhogen.<sup>1<\/sup> Er zijn ook voordelen voor het milieu, met beperkt afval en minder CO2-uitstoot ten opzichte van traditionele leveringen op bouwplaatsen.<\/p>\n<p>Een voorbeeld: het St Joseph&#039;s Hospital in Denver, Colorado ontdekte dat de externe bouw van hun faciliteiten de levertijd met 72 dagen verkortte en de kosten met naar schatting $4,3 miljoen verlaagde.<sup>2<\/sup><\/p>\n<p>1. Witboek Bouwen aan een betere gezondheidszorg.<br \/>2. Geiger, 2017.<\/div>\n<\/div>\n<\/div>\n<\/div>\n<div class=\"wp-block-vanguard-concertina-item accordion-item\">\n<h2 class=\"accordion-header\" id=\"heading-34124cfa-e6e2-45a3-bf73-0b32f35190c3\">\n<div class=\"title\">Kunt u een faciliteit maken die op maat is gemaakt voor onze vereisten?<\/div>\n<p><span class=\"indicator\"><\/span><\/h2>\n<div id=\"collapse-34124cfa-e6e2-45a3-bf73-0b32f35190c3\" class=\"accordion-collapse collapse\" aria-labelledby=\"heading-34124cfa-e6e2-45a3-bf73-0b32f35190c3\" data-bs-parent=\"#accordion-i9PUm1SAuAIPWb4o\">\n<div class=\"accordion-body\">\n<div class=\"text\">Absoluut, daar staan we om bekend. Wij zullen met u samenwerken om een gezondheidszorgruimte te cre\u00ebren die is ontworpen om aan uw specifieke vereisten te voldoen, van het beheer van de pati\u00ebntenstroom, effici\u00ebntiemaatregelen tot de externe look en feel.<\/div>\n<\/div>\n<\/div>\n<\/div>\n<div class=\"wp-block-vanguard-concertina-item accordion-item\">\n<h2 class=\"accordion-header\" id=\"heading-b2903f31-9b7b-4f6b-8001-9561a50b590e\">\n<div class=\"title\">Hoe kom ik meer te weten over het ter plaatse krijgen van een operatiekamer?<\/div>\n<p><span class=\"indicator\"><\/span><\/h2>\n<div id=\"collapse-b2903f31-9b7b-4f6b-8001-9561a50b590e\" class=\"accordion-collapse collapse\" aria-labelledby=\"heading-b2903f31-9b7b-4f6b-8001-9561a50b590e\" data-bs-parent=\"#accordion-i9PUm1SAuAIPWb4o\">\n<div class=\"accordion-body\">\n<div class=\"text\">Neem gewoon contact op met ons vriendelijke team en zij zullen u door de stappen leiden. U zult waarschijnlijk merken dat het proces eenvoudiger is dan u zich had voorgesteld. Wij kunnen u het harde werk uit handen nemen en zelfs een <a data-type=\"service\" href=\"\/nl_nl\/service\/turnkey-solutions\/\">gebruiksklare oplossing<\/a> als dat je het beste uitkomt.<\/p>\n<p><a data-type=\"page\" data-id=\"117\" href=\"\/nl_nl\/contact\/\" class=\"gform_button\">Neem contact op<\/a><\/div>\n<\/div>\n<\/div>\n<\/div>\n<div class=\"wp-block-vanguard-concertina-item accordion-item\">\n<h2 class=\"accordion-header\" id=\"heading-868c76d8-3257-4fcf-957d-67bf4859f5ec\">\n<div class=\"title\">Leveren jullie faciliteiten wereldwijd?<\/div>\n<p><span class=\"indicator\"><\/span><\/h2>\n<div id=\"collapse-868c76d8-3257-4fcf-957d-67bf4859f5ec\" class=\"accordion-collapse collapse\" aria-labelledby=\"heading-868c76d8-3257-4fcf-957d-67bf4859f5ec\" data-bs-parent=\"#accordion-i9PUm1SAuAIPWb4o\">\n<div class=\"accordion-body\">\n<div class=\"text\">Ja, we opereren internationaal. We hebben ervaring met het aanbieden van faciliteiten in Australi\u00eb, Nieuw-Zeeland, de Benelux, Scandinavi\u00eb, Ierland en het Verenigd Koninkrijk. Binnen Groot-Brittanni\u00eb opereren we onder ons merk ###Vanguard### Healthcare Solutions. Ga voor meer informatie naar <a href=\"https:\/\/www.vanguardhealthcare.co.uk\">www.vanguardhealthcare.co.uk<\/a>.<\/div>\n<\/div>\n<\/div>\n<\/div>\n<div class=\"wp-block-vanguard-concertina-item accordion-item\">\n<h2 class=\"accordion-header\" id=\"heading-32b61ab8-f388-43b3-8c99-1399b90140cf\">\n<div class=\"title\">Hoe beheert u uw impact op het milieu, vooral met uw grotere faciliteiten?<\/div>\n<p><span class=\"indicator\"><\/span><\/h2>\n<div id=\"collapse-32b61ab8-f388-43b3-8c99-1399b90140cf\" class=\"accordion-collapse collapse\" aria-labelledby=\"heading-32b61ab8-f388-43b3-8c99-1399b90140cf\" data-bs-parent=\"#accordion-i9PUm1SAuAIPWb4o\">\n<div class=\"accordion-body\">\n<div class=\"text\">Onze oplossingen zijn ontworpen, gebouwd en geleverd met grote zorg en aandacht voor het milieu, waarbij de CO2-uitstoot bij elke stap van ons productieproces wordt verminderd. We zoeken voortdurend naar manieren om de impact van de manier waarop we hulpbronnen gebruiken te minimaliseren, met een bijzondere nadruk op het garanderen dat we bijdragen aan de mondiale agenda inzake klimaatverandering.<\/p>\n<p>Ons doel is om tegen eind 2023 netto CO2-nul te zijn voor de emissies van scope 1 en 2, en voor scope 3 in 2035; we hebben een robuust CO2-reductieplan opgesteld om ons te helpen dit te bereiken. We zijn trots op onze vooruitgang op weg naar CO2-neutraliteit, <a data-type=\"page\" data-id=\"705\" href=\"\/nl_nl\/carbon-reduction-plan\/\">kijk hier eens nader...<\/a> <\/p>\n<p>We hebben onlangs samengewerkt met Klimate om een strategie voor koolstofverwijdering te ontwikkelen om ons te helpen onze netto-nulambities te verwezenlijken. Het innovatieve portfolio van koolstofverwijderingsprojecten omvat projecten zoals directe luchtopvang, diepe opslag van bio-olie, oceaankelp en herstellende boomplanting. Ze zijn allemaal onafhankelijk geverifieerd om hun integriteit te garanderen.<\/p><\/div>\n<\/div>\n<\/div>\n<\/div>\n<div class=\"wp-block-vanguard-concertina-item accordion-item\">\n<h2 class=\"accordion-header\" id=\"heading-7562bf47-5278-48e0-b4d4-61a2e1dac74f\">\n<div class=\"title\">Werkt u samen met partners?<\/div>\n<p><span class=\"indicator\"><\/span><\/h2>\n<div id=\"collapse-7562bf47-5278-48e0-b4d4-61a2e1dac74f\" class=\"accordion-collapse collapse\" aria-labelledby=\"heading-7562bf47-5278-48e0-b4d4-61a2e1dac74f\" data-bs-parent=\"#accordion-i9PUm1SAuAIPWb4o\">\n<div class=\"accordion-body\">\n<div class=\"text\">Ja, wij zijn altijd bereid om onderzoek te doen <a href=\"\/nl_nl\/partner-programme\/\" data-type=\"page\" data-id=\"316\">samenwerkingsmogelijkheden<\/a> en werken momenteel samen met fabrikanten van apparatuur, architecten, bouwbedrijven en exploitanten van klinische diensten.<\/div>\n<\/div>\n<\/div>\n<\/div>\n<div class=\"wp-block-vanguard-concertina-item accordion-item\">\n<h2 class=\"accordion-header\" id=\"heading-fa666c52-3c78-40f9-895c-adcd67fb5d8b\">\n<div class=\"title\">Is er een volledige Kant en klare oplossing beschikbaar?<\/div>\n<p><span class=\"indicator\"><\/span><\/h2>\n<div id=\"collapse-fa666c52-3c78-40f9-895c-adcd67fb5d8b\" class=\"accordion-collapse collapse\" aria-labelledby=\"heading-fa666c52-3c78-40f9-895c-adcd67fb5d8b\" data-bs-parent=\"#accordion-i9PUm1SAuAIPWb4o\">\n<div class=\"accordion-body\">\n<div class=\"text\">Absoluut, wij kunnen het hele proces verzorgen en een <a href=\"\/nl_nl\/service\/turnkey-solutions\/\" data-type=\"service\" data-id=\"185\">gebruiksklare oplossing<\/a>. Deze service omvat het volledige beheer van het ontwerpproces (inclusief de goedkeuring van de business case), de interne productie, de installatie op locatie en de inbedrijfstelling van het project. We hebben een schat aan ervaring in het verwerven en leveren van alle werkzaamheden op locatie via ons gespecialiseerde ontwerpteam voor de gezondheidszorg.<\/div>\n<\/div>\n<\/div>\n<\/div>\n<\/div>\n<\/div>\n<\/section>\n<\/div>\n<section id=\"section-144-59\" class=\"ct-section\" >\n<div class=\"ct-section-inner-wrap\">\n<div id=\"new_columns-145-59\" class=\"ct-new-columns\" >\n<div id=\"div_block-146-59\" class=\"ct-div-block\" >\n<div id=\"_rich_text-9-63\" class=\"oxy-rich-text\" >\n<p>Het vinden van een oplossing die voor uw ziekenhuis werkt, begint hier...<\/p>\n<\/div>\n<p><a id=\"link_button-149-59\" class=\"ct-link-button\" href=\"\/nl_nl\/contact\/\" target=\"_self\"  >Neem contact op<\/a><\/div>\n<div id=\"div_block-150-59\" class=\"ct-div-block\" ><img decoding=\"async\"  id=\"image-151-59\" alt=\"\" src=\"https:\/\/www.q-bital.com\/wp-content\/uploads\/2023\/06\/kettering-2-scaled.jpg\" class=\"ct-image\"\/><\/div>\n<\/div>\n<\/div>\n<\/section>","protected":false},"excerpt":{"rendered":"","protected":false},"author":2,"featured_media":0,"parent":0,"menu_order":0,"comment_status":"closed","ping_status":"closed","template":"","meta":{"_acf_changed":false,"footnotes":""},"class_list":["post-693","page","type-page","status-publish","hentry"],"acf":[],"yoast_head":"<!-- This site is optimized with the Yoast SEO plugin v27.5 - https:\/\/yoast.com\/product\/yoast-seo-wordpress\/ -->\n<title>FAQs - Q-bital Healthcare Solutions<\/title>\n<meta name=\"robots\" content=\"index, follow, max-snippet:-1, max-image-preview:large, max-video-preview:-1\" \/>\n<link rel=\"canonical\" href=\"https:\/\/www.q-bital.com\/nl_nl\/faqs\/\" \/>\n<meta property=\"og:locale\" content=\"nl_NL\" \/>\n<meta property=\"og:type\" content=\"article\" \/>\n<meta property=\"og:title\" content=\"FAQs - Q-bital Healthcare Solutions\" \/>\n<meta property=\"og:url\" content=\"https:\/\/www.q-bital.com\/nl_nl\/faqs\/\" \/>\n<meta property=\"og:site_name\" content=\"Q-bital Healthcare Solutions\" \/>\n<meta property=\"article:modified_time\" content=\"2023-10-20T11:41:54+00:00\" \/>\n<meta name=\"twitter:card\" content=\"summary_large_image\" \/>\n<meta name=\"twitter:label1\" content=\"Geschatte leestijd\" \/>\n\t<meta name=\"twitter:data1\" content=\"4 minuten\" \/>\n<script type=\"application\/ld+json\" class=\"yoast-schema-graph\">{\"@context\":\"https:\\\/\\\/schema.org\",\"@graph\":[{\"@type\":\"WebPage\",\"@id\":\"https:\\\/\\\/www.q-bital.com\\\/faqs\\\/\",\"url\":\"https:\\\/\\\/www.q-bital.com\\\/faqs\\\/\",\"name\":\"FAQs - Q-bital Healthcare Solutions\",\"isPartOf\":{\"@id\":\"https:\\\/\\\/www.q-bital.com\\\/#website\"},\"datePublished\":\"2023-07-19T15:41:55+00:00\",\"dateModified\":\"2023-10-20T11:41:54+00:00\",\"inLanguage\":\"nl-NL\",\"potentialAction\":[{\"@type\":\"ReadAction\",\"target\":[\"https:\\\/\\\/www.q-bital.com\\\/faqs\\\/\"]}]},{\"@type\":\"WebSite\",\"@id\":\"https:\\\/\\\/www.q-bital.com\\\/#website\",\"url\":\"https:\\\/\\\/www.q-bital.com\\\/\",\"name\":\"Q-bital Healthcare Solutions\",\"description\":\"\",\"potentialAction\":[{\"@type\":\"SearchAction\",\"target\":{\"@type\":\"EntryPoint\",\"urlTemplate\":\"https:\\\/\\\/www.q-bital.com\\\/?s={search_term_string}\"},\"query-input\":{\"@type\":\"PropertyValueSpecification\",\"valueRequired\":true,\"valueName\":\"search_term_string\"}}],\"inLanguage\":\"nl-NL\"}]}<\/script>\n<!-- \/ Yoast SEO plugin. -->","yoast_head_json":{"title":"Veelgestelde vragen - Q-bital Healthcare Solutions","robots":{"index":"index","follow":"follow","max-snippet":"max-snippet:-1","max-image-preview":"max-image-preview:large","max-video-preview":"max-video-preview:-1"},"canonical":"https:\/\/www.q-bital.com\/nl_nl\/faqs\/","og_locale":"nl_NL","og_type":"article","og_title":"FAQs - Q-bital Healthcare Solutions","og_url":"https:\/\/www.q-bital.com\/nl_nl\/faqs\/","og_site_name":"Q-bital Healthcare Solutions","article_modified_time":"2023-10-20T11:41:54+00:00","twitter_card":"summary_large_image","twitter_misc":{"Geschatte leestijd":"4 minuten"},"schema":{"@context":"https:\/\/schema.org","@graph":[{"@type":"WebPage","@id":"https:\/\/www.q-bital.com\/faqs\/","url":"https:\/\/www.q-bital.com\/faqs\/","name":"Veelgestelde vragen - Q-bital Healthcare Solutions","isPartOf":{"@id":"https:\/\/www.q-bital.com\/#website"},"datePublished":"2023-07-19T15:41:55+00:00","dateModified":"2023-10-20T11:41:54+00:00","inLanguage":"nl-NL","potentialAction":[{"@type":"ReadAction","target":["https:\/\/www.q-bital.com\/faqs\/"]}]},{"@type":"WebSite","@id":"https:\/\/www.q-bital.com\/#website","url":"https:\/\/www.q-bital.com\/","name":"Q-bital Healthcare Solutions","description":"","potentialAction":[{"@type":"SearchAction","target":{"@type":"EntryPoint","urlTemplate":"https:\/\/www.q-bital.com\/?s={search_term_string}"},"query-input":{"@type":"PropertyValueSpecification","valueRequired":true,"valueName":"search_term_string"}}],"inLanguage":"nl-NL"}]}},"_links":{"self":[{"href":"https:\/\/www.q-bital.com\/nl_nl\/wp-json\/wp\/v2\/pages\/693","targetHints":{"allow":["GET"]}}],"collection":[{"href":"https:\/\/www.q-bital.com\/nl_nl\/wp-json\/wp\/v2\/pages"}],"about":[{"href":"https:\/\/www.q-bital.com\/nl_nl\/wp-json\/wp\/v2\/types\/page"}],"author":[{"embeddable":true,"href":"https:\/\/www.q-bital.com\/nl_nl\/wp-json\/wp\/v2\/users\/2"}],"replies":[{"embeddable":true,"href":"https:\/\/www.q-bital.com\/nl_nl\/wp-json\/wp\/v2\/comments?post=693"}],"version-history":[{"count":0,"href":"https:\/\/www.q-bital.com\/nl_nl\/wp-json\/wp\/v2\/pages\/693\/revisions"}],"wp:attachment":[{"href":"https:\/\/www.q-bital.com\/nl_nl\/wp-json\/wp\/v2\/media?parent=693"}],"curies":[{"name":"wp","href":"https:\/\/api.w.org\/{rel}","templated":true}]}}