{"id":316,"date":"2023-06-26T15:37:53","date_gmt":"2023-06-26T15:37:53","guid":{"rendered":"https:\/\/www.q-bital.com\/?page_id=316"},"modified":"2023-06-28T09:59:04","modified_gmt":"2023-06-28T09:59:04","slug":"partner-programme","status":"publish","type":"page","link":"https:\/\/www.q-bital.com\/pl_pl\/partner-programme\/","title":{"rendered":"Program partnerski"},"content":{"rendered":"<section id=\"section-319-315\" class=\"ct-section\" >\n<div class=\"ct-section-inner-wrap\">\n<div id=\"new_columns-320-315\" class=\"ct-new-columns\" >\n<div id=\"div_block-321-315\" class=\"ct-div-block\" >\n<h2 id=\"headline-322-315\" class=\"ct-headline\">Nasi starannie wybrani partnerzy dodaj\u0105 warto\u015b\u0107 naszym us\u0142ugom<\/h2>\n<div id=\"_rich_text-323-315\" class=\"oxy-rich-text\" >\n<p>Program partnerski \u0142\u0105czy nasz\u0105 wiedz\u0119 specjalistyczn\u0105 w zakresie zapewniania elastycznych przestrzeni i rozwi\u0105za\u0144 opieki zdrowotnej z innymi kluczowymi \u015bwiadczeniodawcami, aby stworzy\u0107 ekosystem przysz\u0142o\u015bciowo my\u015bl\u0105cych partner\u00f3w, kt\u00f3rzy s\u0105 zaanga\u017cowani we wsp\u00f3lne i innowacyjne podej\u015bcie.<\/p>\n<p>Otwarta i konstruktywna wsp\u00f3\u0142praca z innymi dostawcami w celu planowania, wyposa\u017cania, personelu i dostarczania tych nowych obiekt\u00f3w podnosi jako\u015b\u0107 nowego \u015brodowiska klinicznego, oferuje kompleksowe podej\u015bcie i zapewnia naszym wsp\u00f3lnym klientom stosunek jako\u015bci do ceny.<\/p>\n<\/div>\n<\/div>\n<div id=\"div_block-324-315\" class=\"ct-div-block\" ><img decoding=\"async\"  id=\"image-325-315\" alt=\"\" src=\"https:\/\/www.q-bital.com\/wp-content\/uploads\/sites\/8\/2023\/06\/partners-info.png\" class=\"ct-image\"\/><\/div>\n<\/div>\n<\/div>\n<\/section>\n<section id=\"section-332-315\" class=\"ct-section\" >\n<div class=\"ct-section-inner-wrap\">\n<h3 id=\"headline-339-315\" class=\"ct-headline\">Istniej\u0105 cztery g\u0142\u00f3wne typy partner\u00f3w, z kt\u00f3rymi zazwyczaj wsp\u00f3\u0142pracujemy:<\/h3>\n<div id=\"new_columns-333-315\" class=\"ct-new-columns\" >\n<div id=\"div_block-334-315\" class=\"ct-div-block\" >\n<div id=\"div_block-345-315\" class=\"ct-div-block box-shadow\" >\n<div id=\"_rich_text-346-315\" class=\"oxy-rich-text\" >\n<p><strong>Budowa<\/strong><br \/>Bezproblemowo dostarczaj modu\u0142owe i mobilne rozwi\u0105zania specjalistycznej opieki zdrowotnej podczas budowy nowych i remont\u00f3w szpitali, aby utrzyma\u0107 i zwi\u0119kszy\u0107 ci\u0105g\u0142o\u015b\u0107 opieki.\u00a0<\/p>\n<\/div>\n<\/div>\n<\/div>\n<div id=\"div_block-335-315\" class=\"ct-div-block\" >\n<div id=\"div_block-342-315\" class=\"ct-div-block box-shadow\" >\n<div id=\"_rich_text-337-315\" class=\"oxy-rich-text\" >\n<p><strong>Producenci sprz\u0119tu<\/strong><br \/>To partnerstwo zapewnia szpitalom kompleksowe rozwi\u0105zanie. Obiekty modu\u0142owe i mobilne s\u0105 dostarczane wraz z najnowszymi innowacjami w sprz\u0119cie medycznym, zawsze zaprojektowanym tak, aby spe\u0142nia\u0107 potrzeby lekarzy korzystaj\u0105cych z naszych przestrzeni opieki zdrowotnej.<\/p>\n<\/div>\n<\/div>\n<\/div>\n<\/div>\n<div id=\"new_columns-350-315\" class=\"ct-new-columns\" >\n<div id=\"div_block-351-315\" class=\"ct-div-block\" >\n<div id=\"div_block-354-315\" class=\"ct-div-block box-shadow\" >\n<div id=\"_rich_text-355-315\" class=\"oxy-rich-text\" >\n<p><strong>Doradczy<\/strong><br \/>\u015acis\u0142a wsp\u00f3\u0142praca z architektami i projektantami w celu w\u0142\u0105czenia nowoczesnych metod budowy (MMC) do program\u00f3w budowy i renowacji szpitali. Efektem ko\u0144cowym jest zr\u00f3wnowa\u017cone, produktywne i op\u0142acalne \u015brodowisko pracy.\u00a0<\/p>\n<\/div>\n<\/div>\n<\/div>\n<div id=\"div_block-356-315\" class=\"ct-div-block\" >\n<div id=\"div_block-359-315\" class=\"ct-div-block box-shadow\" >\n<div id=\"_rich_text-360-315\" class=\"oxy-rich-text\" >\n<p><strong>Operatorzy us\u0142ug klinicznych<\/strong><br \/>Uzupe\u0142nieniem naszych wysokiej jako\u015bci obiekt\u00f3w Healthcare Spaces s\u0105 specjalistyczne rozwi\u0105zania w zakresie personelu, aby zapewni\u0107 w pe\u0142ni kompleksowe us\u0142ugi zarz\u0105dzane, pomagaj\u0105c szpitalom w utrzymaniu poziomu us\u0142ug i produktywno\u015bci.\u00a0<\/p>\n<\/div>\n<\/div>\n<\/div>\n<\/div>\n<\/div>\n<\/section>","protected":false},"excerpt":{"rendered":"","protected":false},"author":2,"featured_media":0,"parent":0,"menu_order":0,"comment_status":"closed","ping_status":"closed","template":"","meta":{"_acf_changed":false,"footnotes":""},"class_list":["post-316","page","type-page","status-publish","hentry"],"acf":[],"yoast_head":"<!-- This site is optimized with the Yoast SEO plugin v27.3 - https:\/\/yoast.com\/product\/yoast-seo-wordpress\/ -->\n<title>Partner programme - Q-bital Healthcare Solutions<\/title>\n<meta name=\"robots\" content=\"index, follow, max-snippet:-1, max-image-preview:large, max-video-preview:-1\" \/>\n<link rel=\"canonical\" href=\"https:\/\/www.q-bital.com\/pl_pl\/partner-programme\/\" \/>\n<meta property=\"og:locale\" content=\"pl_PL\" \/>\n<meta property=\"og:type\" content=\"article\" \/>\n<meta property=\"og:title\" content=\"Partner programme - Q-bital Healthcare Solutions\" \/>\n<meta property=\"og:url\" content=\"https:\/\/www.q-bital.com\/pl_pl\/partner-programme\/\" \/>\n<meta property=\"og:site_name\" content=\"Q-bital Healthcare Solutions\" \/>\n<meta property=\"article:modified_time\" content=\"2023-06-28T09:59:04+00:00\" \/>\n<meta name=\"twitter:card\" content=\"summary_large_image\" \/>\n<script type=\"application\/ld+json\" class=\"yoast-schema-graph\">{\"@context\":\"https:\\\/\\\/schema.org\",\"@graph\":[{\"@type\":\"WebPage\",\"@id\":\"https:\\\/\\\/www.q-bital.com\\\/partner-programme\\\/\",\"url\":\"https:\\\/\\\/www.q-bital.com\\\/partner-programme\\\/\",\"name\":\"Partner programme - Q-bital Healthcare Solutions\",\"isPartOf\":{\"@id\":\"https:\\\/\\\/www.q-bital.com\\\/#website\"},\"datePublished\":\"2023-06-26T15:37:53+00:00\",\"dateModified\":\"2023-06-28T09:59:04+00:00\",\"inLanguage\":\"pl-PL\",\"potentialAction\":[{\"@type\":\"ReadAction\",\"target\":[\"https:\\\/\\\/www.q-bital.com\\\/partner-programme\\\/\"]}]},{\"@type\":\"WebSite\",\"@id\":\"https:\\\/\\\/www.q-bital.com\\\/#website\",\"url\":\"https:\\\/\\\/www.q-bital.com\\\/\",\"name\":\"Q-bital Healthcare Solutions\",\"description\":\"\",\"potentialAction\":[{\"@type\":\"SearchAction\",\"target\":{\"@type\":\"EntryPoint\",\"urlTemplate\":\"https:\\\/\\\/www.q-bital.com\\\/?s={search_term_string}\"},\"query-input\":{\"@type\":\"PropertyValueSpecification\",\"valueRequired\":true,\"valueName\":\"search_term_string\"}}],\"inLanguage\":\"pl-PL\"}]}<\/script>\n<!-- \/ Yoast SEO plugin. -->","yoast_head_json":{"title":"Program partnerski - Q-bital Healthcare Solutions","robots":{"index":"index","follow":"follow","max-snippet":"max-snippet:-1","max-image-preview":"max-image-preview:large","max-video-preview":"max-video-preview:-1"},"canonical":"https:\/\/www.q-bital.com\/pl_pl\/partner-programme\/","og_locale":"pl_PL","og_type":"article","og_title":"Partner programme - Q-bital Healthcare Solutions","og_url":"https:\/\/www.q-bital.com\/pl_pl\/partner-programme\/","og_site_name":"Q-bital Healthcare Solutions","article_modified_time":"2023-06-28T09:59:04+00:00","twitter_card":"summary_large_image","schema":{"@context":"https:\/\/schema.org","@graph":[{"@type":"WebPage","@id":"https:\/\/www.q-bital.com\/partner-programme\/","url":"https:\/\/www.q-bital.com\/partner-programme\/","name":"Program partnerski - Q-bital Healthcare Solutions","isPartOf":{"@id":"https:\/\/www.q-bital.com\/#website"},"datePublished":"2023-06-26T15:37:53+00:00","dateModified":"2023-06-28T09:59:04+00:00","inLanguage":"pl-PL","potentialAction":[{"@type":"ReadAction","target":["https:\/\/www.q-bital.com\/partner-programme\/"]}]},{"@type":"WebSite","@id":"https:\/\/www.q-bital.com\/#website","url":"https:\/\/www.q-bital.com\/","name":"Q-bital Healthcare Solutions","description":"","potentialAction":[{"@type":"SearchAction","target":{"@type":"EntryPoint","urlTemplate":"https:\/\/www.q-bital.com\/?s={search_term_string}"},"query-input":{"@type":"PropertyValueSpecification","valueRequired":true,"valueName":"search_term_string"}}],"inLanguage":"pl-PL"}]}},"_links":{"self":[{"href":"https:\/\/www.q-bital.com\/pl_pl\/wp-json\/wp\/v2\/pages\/316","targetHints":{"allow":["GET"]}}],"collection":[{"href":"https:\/\/www.q-bital.com\/pl_pl\/wp-json\/wp\/v2\/pages"}],"about":[{"href":"https:\/\/www.q-bital.com\/pl_pl\/wp-json\/wp\/v2\/types\/page"}],"author":[{"embeddable":true,"href":"https:\/\/www.q-bital.com\/pl_pl\/wp-json\/wp\/v2\/users\/2"}],"replies":[{"embeddable":true,"href":"https:\/\/www.q-bital.com\/pl_pl\/wp-json\/wp\/v2\/comments?post=316"}],"version-history":[{"count":0,"href":"https:\/\/www.q-bital.com\/pl_pl\/wp-json\/wp\/v2\/pages\/316\/revisions"}],"wp:attachment":[{"href":"https:\/\/www.q-bital.com\/pl_pl\/wp-json\/wp\/v2\/media?parent=316"}],"curies":[{"name":"wp","href":"https:\/\/api.w.org\/{rel}","templated":true}]}}