{"id":455,"date":"2023-07-03T14:28:23","date_gmt":"2023-07-03T14:28:23","guid":{"rendered":"https:\/\/www.q-bital.com\/?page_id=455"},"modified":"2023-09-07T11:11:00","modified_gmt":"2023-09-07T11:11:00","slug":"procurement","status":"publish","type":"page","link":"https:\/\/www.q-bital.com\/pl_pl\/procurement\/","title":{"rendered":"Nabywanie"},"content":{"rendered":"<section id=\"section-2-59\" class=\"ct-section\" style=\"background-image:url(https:\/\/www.q-bital.com\/wp-content\/uploads\/sites\/8\/2023\/05\/boulders-right.png);background-size: auto;\" >\n<div class=\"ct-section-inner-wrap\">\n<div id=\"div_block-8-59\" class=\"ct-div-block\" ><a id=\"link_text-6-59\" class=\"ct-link-text\" href=\"\/pl_pl\/\" target=\"_self\"  >Dom<\/a><\/p>\n<h1 id=\"headline-3-59\" class=\"ct-headline\"><span id=\"span-4-59\" class=\"ct-span\" >Nabywanie<\/span><\/h1>\n<\/div>\n<\/div>\n<\/section>\n<section id=\"section-68-14-text-left-white\" class=\"ct-section\" >\n<div class=\"ct-section-inner-wrap\">\n<div id=\"new_columns-69-14text-left-white\" class=\"ct-new-columns\" >\n<div id=\"div_block-70-14\" class=\"ct-div-block\" >\n<h2 id=\"headline-71-14\" class=\"ct-headline\">Plany zakup\u00f3w dostosowane do Twoich potrzeb<\/h2>\n<div id=\"_rich_text-72-14\" class=\"oxy-rich-text\" >\n<p dir=\"ltr\">Jeste\u015bmy specjalistami w oferowaniu rozwi\u0105za\u0144 dla plac\u00f3wek opieki zdrowotnej, kt\u00f3re mog\u0105 by\u0107 standaryzowane lub dostosowane do indywidualnych potrzeb, wynajmowane lub kupowane, w zale\u017cno\u015bci od Twoich wymaga\u0144.&nbsp;<\/p>\n<p dir=\"ltr\">Oferujemy szereg opcji kontraktowania i mo\u017cemy dostosowa\u0107 si\u0119 do Twoich priorytet\u00f3w w zakresie wydatk\u00f3w kapita\u0142owych lub operacyjnych. Dla prostoty i wygody nasze przestrzenie opieki zdrowotnej s\u0105 dost\u0119pne w kilku r\u00f3\u017cnych ramach.&nbsp;<a href=\"\/pl_pl\/our-team\/\">Nasz zesp\u00f3\u0142<\/a>&nbsp;przeprowadzi Ci\u0119 przez opcje i poprowadzi Ci\u0119 na ka\u017cdym kroku.<\/p>\n<\/div>\n<\/div>\n<div id=\"div_block-74-14\" class=\"ct-div-block\" ><img decoding=\"async\"  id=\"image-75-14\" alt=\"\" src=\"https:\/\/www.q-bital.com\/wp-content\/uploads\/sites\/8\/2023\/05\/Staffed-operating-theatre1.jpg\" class=\"ct-image\"\/><\/div>\n<\/div>\n<\/div>\n<\/section>\n<section id=\"section-88-34-blue\" class=\"ct-section\" >\n<div class=\"ct-section-inner-wrap\">\n<div id=\"new_columns-89-34-blue\" class=\"ct-new-columns\" >\n<div id=\"div_block-94-34\" class=\"ct-div-block\" ><img decoding=\"async\"  id=\"image-95-34\" alt=\"\" src=\"https:\/\/www.q-bital.com\/wp-content\/uploads\/sites\/8\/2023\/09\/CO2_v2-1024x1024.jpg\" class=\"ct-image\"\/><\/div>\n<div id=\"div_block-90-34\" class=\"ct-div-block\" >\n<h2 id=\"headline-91-34\" class=\"ct-headline\">\u015arodowisko, warto\u015b\u0107 spo\u0142eczna i zarz\u0105dzanie (ESG)<\/h2>\n<div id=\"_rich_text-92-34\" class=\"oxy-rich-text\" >\n<p dir=\"ltr\">Powa\u017cnie podchodzimy do naszych obowi\u0105zk\u00f3w etycznych, zwi\u0105zanych ze zr\u00f3wnowa\u017conym rozwojem i odpowiedzialno\u015bci\u0105 spo\u0142eczn\u0105, dlatego konsekwentnie osadzamy i stosujemy nasze korporacyjne warto\u015bci spo\u0142eczne w naszej dzia\u0142alno\u015bci komercyjnej. Jako firma mi\u0119dzynarodowa, priorytetem jest dla nas znalezienie sposob\u00f3w na zmniejszenie przebytych kilometr\u00f3w i podr\u00f3\u017cy mi\u0119dzynarodowych, tam gdzie to mo\u017cliwe. Czasami, gdy nie jest to mo\u017cliwe, r\u00f3wnowa\u017cymy wp\u0142yw naszej podr\u00f3\u017cy na \u015brodowisko.<\/p>\n<p dir=\"ltr\">Jako kluczowy dostawca podmiot\u00f3w \u015bwiadcz\u0105cych opiek\u0119 zdrowotn\u0105 mamy obowi\u0105zki, kt\u00f3re musz\u0105 znale\u017a\u0107 odzwierciedlenie w naszej dzia\u0142alno\u015bci i \u0142a\u0144cuchu dostaw. Chcemy, aby nasi dostawcy, kt\u00f3rzy maj\u0105 kluczowe znaczenie dla naszego dzia\u0142ania, wykazywali si\u0119 tymi warto\u015bciami etycznymi, a w przysz\u0142o\u015bci b\u0119dziemy patrze\u0107 na naszych kluczowych dostawc\u00f3w posiadaj\u0105cych normy ISO 14001 i 45001 lub inne odpowiednie akredytacje zawodowe.&nbsp;&nbsp;<\/p>\n<p dir=\"ltr\">Oczekujemy, \u017ce wszyscy nasi dostawcy b\u0119d\u0105 przestrzega\u0107 obowi\u0105zuj\u0105cych przepis\u00f3w, regulacji i norm dotycz\u0105cych ochrony \u015brodowiska. Je\u015bli jeszcze tego nie robi\u0105, prosimy o utworzenie system\u00f3w i kontroli w celu identyfikacji i wyeliminowania potencjalnych zagro\u017ce\u0144 dla \u015brodowiska&nbsp;<a href=\"\/pl_pl\/environment\/\">\u015brodowisko<\/a>, kt\u00f3re s\u0105 proporcjonalne do ryzyka.&nbsp;<\/p>\n<p>&nbsp;<\/p>\n<p>&nbsp;<\/p>\n<\/div>\n<\/div>\n<\/div>\n<\/div>\n<\/section>\n<section id=\"section-68-14-text-left-white\" class=\"ct-section\" >\n<div class=\"ct-section-inner-wrap\">\n<div id=\"new_columns-69-14text-left-white\" class=\"ct-new-columns\" >\n<div id=\"div_block-70-14\" class=\"ct-div-block\" >\n<h2 id=\"headline-71-14\" class=\"ct-headline\">Nasz \u0142a\u0144cuch dostaw<\/h2>\n<div id=\"_rich_text-72-14\" class=\"oxy-rich-text\" >\n<p dir=\"ltr\">Nasz \u0142a\u0144cuch dostaw rozci\u0105ga si\u0119 na terenie Wielkiej Brytanii, Europy i Australii. W naszych umowach i relacjach handlowych jasno okre\u015blamy standardy operacyjne naszych dostawc\u00f3w.&nbsp;&nbsp;<\/p>\n<p dir=\"ltr\">W naszej dzia\u0142alno\u015bci, naszych pracownikach i \u0142a\u0144cuchu dostaw uwzgl\u0119dniamy nasze warto\u015bci ESG. Wspieramy nasz \u0142a\u0144cuch dostaw tam, gdzie istnieje potrzeba dostosowania, aby osi\u0105gn\u0105\u0107 nasze cele&nbsp;<a href=\"..\/environment\/\">Cele ESG<\/a>.&nbsp;<\/p>\n<p dir=\"ltr\">Nasza strategia ESG opiera si\u0119 na:<\/p>\n<ul>\n<li dir=\"ltr\" aria-level=\"1\">\n<p dir=\"ltr\" role=\"presentation\">Obowi\u0105zki jako kluczowy dostawca dla NHS<\/p>\n<\/li>\n<li dir=\"ltr\" aria-level=\"1\">\n<p dir=\"ltr\" role=\"presentation\">Wsp\u00f3lne cele okre\u015blone w Zielonym Planie NHS<\/p>\n<\/li>\n<li dir=\"ltr\" aria-level=\"1\">\n<p dir=\"ltr\" role=\"presentation\">Ch\u0119\u0107 dzia\u0142ania etycznego i odpowiedzialnego<\/p>\n<\/li>\n<li dir=\"ltr\" aria-level=\"1\">\n<p dir=\"ltr\" role=\"presentation\">Gotowo\u015b\u0107 do regulacji ESG<\/p>\n<\/li>\n<li dir=\"ltr\" aria-level=\"1\">\n<p dir=\"ltr\" role=\"presentation\">Mo\u017cliwo\u015b\u0107 wykazania inwestorom (obecnym i przysz\u0142ym) naszego zaanga\u017cowania w ESG i etyczne dzia\u0142ania<\/p>\n<\/li>\n<\/ul>\n<\/div>\n<\/div>\n<div id=\"div_block-74-14\" class=\"ct-div-block\" ><img decoding=\"async\"  id=\"image-75-14\" alt=\"\" src=\"https:\/\/www.q-bital.com\/wp-content\/uploads\/sites\/8\/2023\/08\/Hospital_ward_delivery2-1024x768.jpg\" class=\"ct-image\"\/><\/div>\n<\/div>\n<\/div>\n<\/section>\n<section id=\"section-88-34-blue\" class=\"ct-section\" >\n<div class=\"ct-section-inner-wrap\">\n<div id=\"new_columns-89-34-blue\" class=\"ct-new-columns\" >\n<div id=\"div_block-94-34\" class=\"ct-div-block\" ><img decoding=\"async\"  id=\"image-95-34\" alt=\"\" src=\"https:\/\/www.q-bital.com\/wp-content\/uploads\/sites\/8\/2023\/06\/modular-surgical-hub-1024x683.jpg\" class=\"ct-image\"\/><\/div>\n<div id=\"div_block-90-34\" class=\"ct-div-block\" >\n<h2 id=\"headline-91-34\" class=\"ct-headline\">Oceniamy naszych dostawc\u00f3w pod wzgl\u0119dem ryzyka i dojrza\u0142o\u015bci<\/h2>\n<div id=\"_rich_text-92-34\" class=\"oxy-rich-text\" >\n<p dir=\"ltr\">Uwa\u017camy, \u017ce nasi dostawcy:<\/p>\n<ul>\n<li dir=\"ltr\" aria-level=\"1\">\n<p dir=\"ltr\" role=\"presentation\"><a href=\"..\/environment\/\">Spo\u0142eczna odpowiedzialno\u015b\u0107 biznesu<\/a>&nbsp;(CSR)<\/p>\n<\/li>\n<li dir=\"ltr\" aria-level=\"1\">\n<p dir=\"ltr\" role=\"presentation\">Efektywno\u015b\u0107 energetyczna i paliwowa<\/p>\n<\/li>\n<li dir=\"ltr\" aria-level=\"1\">\n<p dir=\"ltr\" role=\"presentation\">Polityka BHP<\/p>\n<\/li>\n<li dir=\"ltr\" aria-level=\"1\">\n<p dir=\"ltr\" role=\"presentation\">Polityka transportowa<\/p>\n<\/li>\n<li dir=\"ltr\" aria-level=\"1\">\n<p dir=\"ltr\" role=\"presentation\">Wykorzystanie lokalnego zatrudnienia<\/p>\n<\/li>\n<li dir=\"ltr\" aria-level=\"1\">\n<p dir=\"ltr\" role=\"presentation\">Dokumentacja praktyk i szkole\u0144<\/p>\n<\/li>\n<\/ul>\n<p dir=\"ltr\">Jako dostawca rozwi\u0105za\u0144 w zakresie opieki zdrowotnej jeste\u015bmy skupieni na pacjencie. Naszym priorytetem jest zawsze troska i bezpiecze\u0144stwo pacjent\u00f3w i naszych klient\u00f3w; oczekujemy, \u017ce nasi dostawcy podzielaj\u0105 te priorytety.&nbsp;&nbsp;<\/p>\n<p dir=\"ltr\">Nasza reputacja opiera si\u0119 na naszej zdolno\u015bci do zapewniania wysokiej jako\u015bci przestrzeni opieki zdrowotnej. W miar\u0119 zwi\u0119kszania si\u0119 naszych wymaga\u0144 regulacyjnych chcemy zatrzyma\u0107 dostawc\u00f3w, kt\u00f3rzy spe\u0142niaj\u0105 nasze standardy, aby\u015bmy mogli w dalszym ci\u0105gu budowa\u0107 na naszym dotychczasowym sukcesie.<\/p>\n<\/div>\n<\/div>\n<\/div>\n<\/div>\n<\/section>\n<section id=\"section-68-14-text-left-white\" class=\"ct-section\" >\n<div class=\"ct-section-inner-wrap\">\n<div id=\"new_columns-69-14text-left-white\" class=\"ct-new-columns\" >\n<div id=\"div_block-70-14\" class=\"ct-div-block\" >\n<h2 id=\"headline-71-14\" class=\"ct-headline\">Nowoczesne metody budownictwa i innowacje<\/h2>\n<div id=\"_rich_text-72-14\" class=\"oxy-rich-text\" >\n<p dir=\"ltr\">Pozostaj\u0105c konkurencyjnymi, zapewniamy, \u017ce nasz \u0142a\u0144cuch dostaw wspiera nasze ambicje korporacyjne, poprzez badanie i pilota\u017c nowych produkt\u00f3w, materia\u0142\u00f3w i us\u0142ug.<\/p>\n<\/div>\n<\/div>\n<div id=\"div_block-74-14\" class=\"ct-div-block\" ><img decoding=\"async\"  id=\"image-75-14\" alt=\"\" src=\"https:\/\/www.q-bital.com\/wp-content\/uploads\/sites\/8\/2023\/09\/Mobile_hospital_ward_first_floor_elevation_q-bital.jpg\" class=\"ct-image\"\/><\/div>\n<\/div>\n<\/div>\n<\/section>\n<section id=\"section-88-34-blue\" class=\"ct-section\" >\n<div class=\"ct-section-inner-wrap\">\n<div id=\"new_columns-89-34-blue\" class=\"ct-new-columns\" >\n<div id=\"div_block-94-34\" class=\"ct-div-block\" ><img decoding=\"async\"  id=\"image-95-34\" alt=\"\" src=\"https:\/\/www.q-bital.com\/wp-content\/uploads\/sites\/8\/2023\/09\/ESG_-_Earth_with_stethoscope-1017x1024.jpg\" class=\"ct-image\"\/><\/div>\n<div id=\"div_block-90-34\" class=\"ct-div-block\" >\n<h2 id=\"headline-91-34\" class=\"ct-headline\">Zr\u00f3wnowa\u017cony rozw\u00f3j<\/h2>\n<div id=\"_rich_text-92-34\" class=\"oxy-rich-text\" >\n<p dir=\"ltr\">Jeste\u015bmy grup\u0105 mi\u0119dzynarodow\u0105 i pod\u0105\u017camy w kierunku neutralno\u015bci pod wzgl\u0119dem emisji dwutlenku w\u0119gla. Opieraj\u0105c si\u0119 na naszym dotychczasowym zaanga\u017cowaniu, b\u0119dziemy w dalszym ci\u0105gu doskonali\u0107 nasze kompetencje w zakresie ochrony \u015brodowiska, aby umo\u017cliwi\u0107 nam osi\u0105gni\u0119cie cel\u00f3w w zakresie zr\u00f3wnowa\u017conego rozwoju, kt\u00f3re sobie wyznaczyli\u015bmy w naszych&nbsp;<a href=\"..\/environment\/\">Strategia ESG<\/a>&nbsp;2022\u20142035.<\/p>\n<\/div>\n<\/div>\n<\/div>\n<\/div>\n<\/section>\n<section id=\"section-144-59\" class=\"ct-section\" >\n<div class=\"ct-section-inner-wrap\">\n<div id=\"new_columns-145-59\" class=\"ct-new-columns\" >\n<div id=\"div_block-146-59\" class=\"ct-div-block\" >\n<div id=\"_rich_text-9-63\" class=\"oxy-rich-text\" >\n<p>Znalezienie rozwi\u0105zania, kt\u00f3re sprawdzi si\u0119 w Twoim szpitalu, zaczyna si\u0119 tutaj\u2026<\/p>\n<\/div>\n<p><a id=\"link_button-149-59\" class=\"ct-link-button\" href=\"\/pl_pl\/contact\/\" target=\"_self\"  >Skontaktuj si\u0119 z nami<\/a><\/div>\n<div id=\"div_block-150-59\" class=\"ct-div-block\" ><img decoding=\"async\"  id=\"image-151-59\" alt=\"\" src=\"https:\/\/www.q-bital.com\/wp-content\/uploads\/2023\/06\/kettering-2-scaled.jpg\" class=\"ct-image\"\/><\/div>\n<\/div>\n<\/div>\n<\/section>","protected":false},"excerpt":{"rendered":"","protected":false},"author":2,"featured_media":0,"parent":0,"menu_order":0,"comment_status":"closed","ping_status":"closed","template":"","meta":{"_acf_changed":false,"footnotes":""},"class_list":["post-455","page","type-page","status-publish","hentry"],"acf":[],"yoast_head":"<!-- This site is optimized with the Yoast SEO plugin v27.4 - https:\/\/yoast.com\/product\/yoast-seo-wordpress\/ -->\n<title>Procurement - Q-bital Healthcare Solutions<\/title>\n<meta name=\"robots\" content=\"index, follow, max-snippet:-1, max-image-preview:large, max-video-preview:-1\" \/>\n<link rel=\"canonical\" href=\"https:\/\/www.q-bital.com\/pl_pl\/procurement\/\" \/>\n<meta property=\"og:locale\" content=\"pl_PL\" \/>\n<meta property=\"og:type\" content=\"article\" \/>\n<meta property=\"og:title\" content=\"Procurement - Q-bital Healthcare Solutions\" \/>\n<meta property=\"og:url\" content=\"https:\/\/www.q-bital.com\/pl_pl\/procurement\/\" \/>\n<meta property=\"og:site_name\" content=\"Q-bital Healthcare Solutions\" \/>\n<meta property=\"article:modified_time\" content=\"2023-09-07T11:11:00+00:00\" \/>\n<meta name=\"twitter:card\" content=\"summary_large_image\" \/>\n<script type=\"application\/ld+json\" class=\"yoast-schema-graph\">{\"@context\":\"https:\\\/\\\/schema.org\",\"@graph\":[{\"@type\":\"WebPage\",\"@id\":\"https:\\\/\\\/www.q-bital.com\\\/procurement\\\/\",\"url\":\"https:\\\/\\\/www.q-bital.com\\\/procurement\\\/\",\"name\":\"Procurement - Q-bital Healthcare Solutions\",\"isPartOf\":{\"@id\":\"https:\\\/\\\/www.q-bital.com\\\/#website\"},\"datePublished\":\"2023-07-03T14:28:23+00:00\",\"dateModified\":\"2023-09-07T11:11:00+00:00\",\"inLanguage\":\"pl-PL\",\"potentialAction\":[{\"@type\":\"ReadAction\",\"target\":[\"https:\\\/\\\/www.q-bital.com\\\/procurement\\\/\"]}]},{\"@type\":\"WebSite\",\"@id\":\"https:\\\/\\\/www.q-bital.com\\\/#website\",\"url\":\"https:\\\/\\\/www.q-bital.com\\\/\",\"name\":\"Q-bital Healthcare Solutions\",\"description\":\"\",\"potentialAction\":[{\"@type\":\"SearchAction\",\"target\":{\"@type\":\"EntryPoint\",\"urlTemplate\":\"https:\\\/\\\/www.q-bital.com\\\/?s={search_term_string}\"},\"query-input\":{\"@type\":\"PropertyValueSpecification\",\"valueRequired\":true,\"valueName\":\"search_term_string\"}}],\"inLanguage\":\"pl-PL\"}]}<\/script>\n<!-- \/ Yoast SEO plugin. -->","yoast_head_json":{"title":"Zaopatrzenie \u2013 Q-bital Healthcare Solutions","robots":{"index":"index","follow":"follow","max-snippet":"max-snippet:-1","max-image-preview":"max-image-preview:large","max-video-preview":"max-video-preview:-1"},"canonical":"https:\/\/www.q-bital.com\/pl_pl\/procurement\/","og_locale":"pl_PL","og_type":"article","og_title":"Procurement - Q-bital Healthcare Solutions","og_url":"https:\/\/www.q-bital.com\/pl_pl\/procurement\/","og_site_name":"Q-bital Healthcare Solutions","article_modified_time":"2023-09-07T11:11:00+00:00","twitter_card":"summary_large_image","schema":{"@context":"https:\/\/schema.org","@graph":[{"@type":"WebPage","@id":"https:\/\/www.q-bital.com\/procurement\/","url":"https:\/\/www.q-bital.com\/procurement\/","name":"Zaopatrzenie \u2013 Q-bital Healthcare Solutions","isPartOf":{"@id":"https:\/\/www.q-bital.com\/#website"},"datePublished":"2023-07-03T14:28:23+00:00","dateModified":"2023-09-07T11:11:00+00:00","inLanguage":"pl-PL","potentialAction":[{"@type":"ReadAction","target":["https:\/\/www.q-bital.com\/procurement\/"]}]},{"@type":"WebSite","@id":"https:\/\/www.q-bital.com\/#website","url":"https:\/\/www.q-bital.com\/","name":"Q-bital Healthcare Solutions","description":"","potentialAction":[{"@type":"SearchAction","target":{"@type":"EntryPoint","urlTemplate":"https:\/\/www.q-bital.com\/?s={search_term_string}"},"query-input":{"@type":"PropertyValueSpecification","valueRequired":true,"valueName":"search_term_string"}}],"inLanguage":"pl-PL"}]}},"_links":{"self":[{"href":"https:\/\/www.q-bital.com\/pl_pl\/wp-json\/wp\/v2\/pages\/455","targetHints":{"allow":["GET"]}}],"collection":[{"href":"https:\/\/www.q-bital.com\/pl_pl\/wp-json\/wp\/v2\/pages"}],"about":[{"href":"https:\/\/www.q-bital.com\/pl_pl\/wp-json\/wp\/v2\/types\/page"}],"author":[{"embeddable":true,"href":"https:\/\/www.q-bital.com\/pl_pl\/wp-json\/wp\/v2\/users\/2"}],"replies":[{"embeddable":true,"href":"https:\/\/www.q-bital.com\/pl_pl\/wp-json\/wp\/v2\/comments?post=455"}],"version-history":[{"count":0,"href":"https:\/\/www.q-bital.com\/pl_pl\/wp-json\/wp\/v2\/pages\/455\/revisions"}],"wp:attachment":[{"href":"https:\/\/www.q-bital.com\/pl_pl\/wp-json\/wp\/v2\/media?parent=455"}],"curies":[{"name":"wp","href":"https:\/\/api.w.org\/{rel}","templated":true}]}}