{"id":693,"date":"2023-07-19T15:41:55","date_gmt":"2023-07-19T15:41:55","guid":{"rendered":"https:\/\/www.q-bital.com\/?page_id=693"},"modified":"2023-10-20T11:41:54","modified_gmt":"2023-10-20T11:41:54","slug":"faqs","status":"publish","type":"page","link":"https:\/\/www.q-bital.com\/pl_pl\/faqs\/","title":{"rendered":"Cz\u0119sto zadawane pytania"},"content":{"rendered":"<section id=\"section-2-59\" class=\"ct-section\" style=\"background-image:url(https:\/\/www.q-bital.com\/wp-content\/uploads\/sites\/8\/2023\/05\/boulders-right.png);background-size: auto;\" >\n<div class=\"ct-section-inner-wrap\">\n<div id=\"div_block-8-59\" class=\"ct-div-block\" ><a id=\"link_text-6-59\" class=\"ct-link-text\" href=\"\/pl_pl\/\" target=\"_self\"  >Dom<\/a><\/p>\n<h1 id=\"headline-3-59\" class=\"ct-headline\"><span id=\"span-4-59\" class=\"ct-span\" >Cz\u0119sto zadawane pytania<\/span><\/h1>\n<\/div>\n<\/div>\n<\/section>\n<div class=\"wp-block-vanguard-concertina\">\n<section class=\"ct-section\">\n<div class=\"ct-section-inner-wrap\">\n<div id=\"accordion-i9PUm1SAuAIPWb4o\" class=\"concertina accordion concertina-2col\">\n<div class=\"wp-block-vanguard-concertina-item accordion-item\">\n<h2 class=\"accordion-header\" id=\"heading-d078635e-3876-4394-8c4b-860ab9bdab1a\">\n<div class=\"title\">Ile czasu zajmuje monta\u017c obiektu modu\u0142owego?<\/div>\n<p><span class=\"indicator\"><\/span><\/h2>\n<div id=\"collapse-d078635e-3876-4394-8c4b-860ab9bdab1a\" class=\"accordion-collapse collapse\" aria-labelledby=\"heading-d078635e-3876-4394-8c4b-860ab9bdab1a\" data-bs-parent=\"#accordion-i9PUm1SAuAIPWb4o\">\n<div class=\"accordion-body\">\n<div class=\"text\">Kr\u00f3tka odpowied\u017a to mniej czasu, ni\u017c mog\u0142oby si\u0119 wydawa\u0107. Obiekty modu\u0142owe wykorzystuj\u0105ce nowoczesne metody konstrukcyjne mo\u017cna budowa\u0107 znacznie szybciej ni\u017c tradycyjne budynki z ceg\u0142y i zaprawy. Na przyk\u0142ad od zam\u00f3wienia do przekazania budowa czterech modu\u0142owych sal operacyjnych na oddzia\u0142 dzienny, sali pooperacyjnej i innych pomieszcze\u0144 wsparcia w szpitalu mo\u017ce zaj\u0105\u0107 zaledwie 12 tygodni lub nawet 26 tygodni, je\u015bli wymagane jest dostosowane do indywidualnych potrzeb rozwi\u0105zanie Healthcare Space.<\/p>\n<p><a href=\"\/pl_pl\/facilities\/operating-rooms\/\">Dowiedz si\u0119, jak szybko obiekt modu\u0142owy mo\u017ce dotrze\u0107 do Twojego szpitala<\/a>.<\/div>\n<\/div>\n<\/div>\n<\/div>\n<div class=\"wp-block-vanguard-concertina-item accordion-item\">\n<h2 class=\"accordion-header\" id=\"heading-1de95927-d811-4aff-adcf-0aefddbe059e\">\n<div class=\"title\">Czy mog\u0119 wynaj\u0105\u0107 lub kupi\u0107 obiekt?<\/div>\n<p><span class=\"indicator\"><\/span><\/h2>\n<div id=\"collapse-1de95927-d811-4aff-adcf-0aefddbe059e\" class=\"accordion-collapse collapse\" aria-labelledby=\"heading-1de95927-d811-4aff-adcf-0aefddbe059e\" data-bs-parent=\"#accordion-i9PUm1SAuAIPWb4o\">\n<div class=\"accordion-body\">\n<div class=\"text\">Odpowied\u017a brzmi \u201etak\u201d w obu przypadkach. Oferujemy elastyczne <a data-type=\"page\" data-id=\"455\" href=\"\/pl_pl\/procurement\/\">podej\u015bcie do zakup\u00f3w<\/a> dla naszych obiekt\u00f3w modu\u0142owych z opcjami wynajmu, wynajmu\/zakupu i zakupu dost\u0119pnych bezpo\u015brednio lub za po\u015brednictwem r\u00f3\u017cnych platform.<\/p>\n<p><a data-type=\"page\" data-id=\"164\" href=\"\/pl_pl\/our-facilities\/\">Nasze jednostki mobilne<\/a> dost\u0119pne s\u0105 wy\u0142\u0105cznie na wynajem, dzi\u0119ki temu jeste\u015bmy w stanie reagowa\u0107 na pilne potrzeby.<\/div>\n<\/div>\n<\/div>\n<\/div>\n<div class=\"wp-block-vanguard-concertina-item accordion-item\">\n<h2 class=\"accordion-header\" id=\"heading-6af607bb-17f3-405d-a620-f36c0dc0e622\">\n<div class=\"title\">Czy istnieje minimalny okres wynajmu?<\/div>\n<p><span class=\"indicator\"><\/span><\/h2>\n<div id=\"collapse-6af607bb-17f3-405d-a620-f36c0dc0e622\" class=\"accordion-collapse collapse\" aria-labelledby=\"heading-6af607bb-17f3-405d-a620-f36c0dc0e622\" data-bs-parent=\"#accordion-i9PUm1SAuAIPWb4o\">\n<div class=\"accordion-body\">\n<div class=\"text\">Og\u00f3lnie rzecz bior\u0105c, okres wynajmu naszych obiekt\u00f3w mobilnych wynosi co najmniej 13 tygodni, a model cenowy dla naszych obiekt\u00f3w modu\u0142owych mo\u017cemy zbudowa\u0107 ju\u017c od 26 tygodni. Cechuje nas jednak elastyczne podej\u015bcie, poniewa\u017c naszym priorytetem jest zawsze oparcie naszych rozwi\u0105za\u0144 na potrzebach naszych klient\u00f3w, a nie narzucanie ogranicze\u0144.<\/div>\n<\/div>\n<\/div>\n<\/div>\n<div class=\"wp-block-vanguard-concertina-item accordion-item\">\n<h2 class=\"accordion-header\" id=\"heading-343fc496-20ba-4e00-a725-9d3b2efbdbb7\">\n<div class=\"title\">Jakie zabiegi mo\u017cna przeprowadzi\u0107 w mobilnej sali operacyjnej?<\/div>\n<p><span class=\"indicator\"><\/span><\/h2>\n<div id=\"collapse-343fc496-20ba-4e00-a725-9d3b2efbdbb7\" class=\"accordion-collapse collapse\" aria-labelledby=\"heading-343fc496-20ba-4e00-a725-9d3b2efbdbb7\" data-bs-parent=\"#accordion-i9PUm1SAuAIPWb4o\">\n<div class=\"accordion-body\">\n<div class=\"text\">75% wszystkich rodzaj\u00f3w procedur klinicznych przeprowadzanych w du\u017cym szpitalu ostrym mo\u017ce by\u0107 wykonywany w naszych mobilnych salach operacyjnych, od endoprotezoplastyki stawu biodrowego po operacj\u0119 za\u0107my, zabiegi endoskopowe po chirurgi\u0119 plastyczn\u0105. Do tego specjalistyczna kardiochirurgia i skomplikowane zabiegi onkologiczne. Pe\u0142na lista jest zbyt d\u0142uga, aby j\u0105 tutaj zamie\u015bci\u0107, ale mo\u017cesz dowiedzie\u0107 si\u0119 wi\u0119cej na naszej stronie <a data-type=\"page\" data-id=\"674\" href=\"\/pl_pl\/heritage\/\">Strona dziedzictwa<\/a>.<\/div>\n<\/div>\n<\/div>\n<\/div>\n<div class=\"wp-block-vanguard-concertina-item accordion-item\">\n<h2 class=\"accordion-header\" id=\"heading-63aa3f64-7374-48b4-9834-2e0222f8eb3d\">\n<div class=\"title\">Jakie zalety maj\u0105 budynki modu\u0142owe w por\u00f3wnaniu z tradycyjnymi budynkami s\u0142u\u017cby zdrowia?<\/div>\n<p><span class=\"indicator\"><\/span><\/h2>\n<div id=\"collapse-63aa3f64-7374-48b4-9834-2e0222f8eb3d\" class=\"accordion-collapse collapse\" aria-labelledby=\"heading-63aa3f64-7374-48b4-9834-2e0222f8eb3d\" data-bs-parent=\"#accordion-i9PUm1SAuAIPWb4o\">\n<div class=\"accordion-body\">\n<div class=\"text\">G\u0142\u00f3wn\u0105 zalet\u0105 jest szybko\u015b\u0107, z jak\u0105 mog\u0105 dotrze\u0107 na miejsce i przepu\u015bci\u0107 pierwszych pacjent\u00f3w. Budynki MMC i budynki do budowy poza terenem budowy s\u0105 tak samo wytrzyma\u0142e i wysokiej jako\u015bci jak tradycyjne budynki z ceg\u0142y i zaprawy, a du\u017ca r\u00f3\u017cnica polega na tym, \u017ce mo\u017cna je budowa\u0107 w tym samym czasie, w kt\u00f3rym prowadzone s\u0105 prace podkonstrukcyjne na miejscu.<\/p>\n<p>Projekt modu\u0142u i MMC mog\u0105 skr\u00f3ci\u0107 czas budowy nawet o 45%, obni\u017cy\u0107 koszty o 16% i zwi\u0119kszy\u0107 produktywno\u015b\u0107 o 30% w ca\u0142ym procesie budowy.<sup>1<\/sup> Istniej\u0105 r\u00f3wnie\u017c korzy\u015bci dla \u015brodowiska, obejmuj\u0105ce ograniczon\u0105 ilo\u015b\u0107 odpad\u00f3w i zmniejszon\u0105 emisj\u0119 dwutlenku w\u0119gla w por\u00f3wnaniu z tradycyjnymi dostawami na plac budowy.<\/p>\n<p>Na przyk\u0142ad szpital St Joseph&#039;s w Denver w stanie Kolorado stwierdzi\u0142, \u017ce budowa obiekt\u00f3w poza terenem budowy skr\u00f3ci\u0142a czas dostawy o 72 dni i obni\u017cy\u0142a koszty o szacunkowo $4,3 miliona.<sup>2<\/sup><\/p>\n<p>1. Bia\u0142a ksi\u0119ga \u201eBudowanie lepszej opieki zdrowotnej\u201d.<br \/>2. Geigera, 2017.<\/div>\n<\/div>\n<\/div>\n<\/div>\n<div class=\"wp-block-vanguard-concertina-item accordion-item\">\n<h2 class=\"accordion-header\" id=\"heading-34124cfa-e6e2-45a3-bf73-0b32f35190c3\">\n<div class=\"title\">Czy jeste\u015bcie w stanie wykona\u0107 obiekt dostosowany do naszych wymaga\u0144?<\/div>\n<p><span class=\"indicator\"><\/span><\/h2>\n<div id=\"collapse-34124cfa-e6e2-45a3-bf73-0b32f35190c3\" class=\"accordion-collapse collapse\" aria-labelledby=\"heading-34124cfa-e6e2-45a3-bf73-0b32f35190c3\" data-bs-parent=\"#accordion-i9PUm1SAuAIPWb4o\">\n<div class=\"accordion-body\">\n<div class=\"text\">Zdecydowanie, z tego jeste\u015bmy znani. B\u0119dziemy wsp\u00f3\u0142pracowa\u0107 z Tob\u0105, aby stworzy\u0107 przestrze\u0144 opieki zdrowotnej zaprojektowan\u0105 tak, aby odpowiada\u0142a Twoim konkretnym wymaganiom, od zarz\u0105dzania przep\u0142ywem pacjent\u00f3w, miernikami wydajno\u015bci, a\u017c po wygl\u0105d zewn\u0119trzny.<\/div>\n<\/div>\n<\/div>\n<\/div>\n<div class=\"wp-block-vanguard-concertina-item accordion-item\">\n<h2 class=\"accordion-header\" id=\"heading-b2903f31-9b7b-4f6b-8001-9561a50b590e\">\n<div class=\"title\">Jak mog\u0119 dowiedzie\u0107 si\u0119 wi\u0119cej na temat zapewnienia sali operacyjnej na miejscu?<\/div>\n<p><span class=\"indicator\"><\/span><\/h2>\n<div id=\"collapse-b2903f31-9b7b-4f6b-8001-9561a50b590e\" class=\"accordion-collapse collapse\" aria-labelledby=\"heading-b2903f31-9b7b-4f6b-8001-9561a50b590e\" data-bs-parent=\"#accordion-i9PUm1SAuAIPWb4o\">\n<div class=\"accordion-body\">\n<div class=\"text\">Po prostu skontaktuj si\u0119 z naszym przyjaznym zespo\u0142em, a on przeprowadzi Ci\u0119 przez kolejne kroki. Prawdopodobnie oka\u017ce si\u0119, \u017ce proces jest prostszy, ni\u017c sobie wyobra\u017ca\u0142e\u015b. Mo\u017cemy odci\u0105\u017cy\u0107 Ci\u0119 od ci\u0119\u017ckiej pracy, a nawet zapewni\u0107 <a data-type=\"service\" href=\"\/pl_pl\/service\/turnkey-solutions\/\">rozwi\u0105zanie pod klucz<\/a> je\u015bli to Ci najbardziej odpowiada.<\/p>\n<p><a data-type=\"page\" data-id=\"117\" href=\"\/pl_pl\/contact\/\" class=\"gform_button\">Skontaktuj si\u0119 z nami<\/a><\/div>\n<\/div>\n<\/div>\n<\/div>\n<div class=\"wp-block-vanguard-concertina-item accordion-item\">\n<h2 class=\"accordion-header\" id=\"heading-868c76d8-3257-4fcf-957d-67bf4859f5ec\">\n<div class=\"title\">Czy zaopatrujecie obiekty na ca\u0142ym \u015bwiecie?<\/div>\n<p><span class=\"indicator\"><\/span><\/h2>\n<div id=\"collapse-868c76d8-3257-4fcf-957d-67bf4859f5ec\" class=\"accordion-collapse collapse\" aria-labelledby=\"heading-868c76d8-3257-4fcf-957d-67bf4859f5ec\" data-bs-parent=\"#accordion-i9PUm1SAuAIPWb4o\">\n<div class=\"accordion-body\">\n<div class=\"text\">Tak, dzia\u0142amy na arenie mi\u0119dzynarodowej. Mamy do\u015bwiadczenie w zapewnianiu obiekt\u00f3w w Australii, Nowej Zelandii, krajach Beneluksu, krajach nordyckich, Irlandii i Wielkiej Brytanii. Na terenie Wielkiej Brytanii dzia\u0142amy pod nasz\u0105 mark\u0105 ###Vanguard### Healthcare Solutions, wi\u0119cej informacji znajdziesz na stronie <a href=\"https:\/\/www.vanguardhealthcare.co.uk\">www.vanguardhealthcare.co.uk<\/a>.<\/div>\n<\/div>\n<\/div>\n<\/div>\n<div class=\"wp-block-vanguard-concertina-item accordion-item\">\n<h2 class=\"accordion-header\" id=\"heading-32b61ab8-f388-43b3-8c99-1399b90140cf\">\n<div class=\"title\">Jak zarz\u0105dzasz swoim wp\u0142ywem na \u015brodowisko, szczeg\u00f3lnie w przypadku wi\u0119kszych obiekt\u00f3w?<\/div>\n<p><span class=\"indicator\"><\/span><\/h2>\n<div id=\"collapse-32b61ab8-f388-43b3-8c99-1399b90140cf\" class=\"accordion-collapse collapse\" aria-labelledby=\"heading-32b61ab8-f388-43b3-8c99-1399b90140cf\" data-bs-parent=\"#accordion-i9PUm1SAuAIPWb4o\">\n<div class=\"accordion-body\">\n<div class=\"text\">Nasze rozwi\u0105zania s\u0105 projektowane, budowane i dostarczane z wielk\u0105 staranno\u015bci\u0105 i uwzgl\u0119dnieniem \u015brodowiska, redukuj\u0105c emisj\u0119 dwutlenku w\u0119gla na ka\u017cdym etapie naszego procesu produkcyjnego. Nieustannie szukamy sposob\u00f3w na zminimalizowanie wp\u0142ywu sposobu, w jaki wykorzystujemy zasoby, ze szczeg\u00f3lnym naciskiem na zapewnienie naszego wk\u0142adu w globalny program przeciwdzia\u0142ania zmianom klimatycznym.<\/p>\n<p>Naszym celem jest osi\u0105gni\u0119cie zerowej emisji dwutlenku w\u0119gla netto w przypadku emisji w zakresie 1 i 2 do ko\u0144ca 2023 r. oraz w zakresie 3 do 2035 r.; mamy solidny plan redukcji emisji dwutlenku w\u0119gla, kt\u00f3ry pomo\u017ce nam to osi\u0105gn\u0105\u0107. Jeste\u015bmy dumni z naszych post\u0119p\u00f3w na drodze do zerowej emisji dwutlenku w\u0119gla, <a data-type=\"page\" data-id=\"705\" href=\"\/pl_pl\/carbon-reduction-plan\/\">przyjrzyj si\u0119 tutaj bli\u017cej\u2026<\/a> <\/p>\n<p>Niedawno nawi\u0105zali\u015bmy wsp\u00f3\u0142prac\u0119 z Klimate, aby stworzy\u0107 strategi\u0119 usuwania dwutlenku w\u0119gla, kt\u00f3ra pomo\u017ce nam osi\u0105gn\u0105\u0107 nasze ambicje zerowej emisji netto. Innowacyjne portfolio projekt\u00f3w usuwania dwutlenku w\u0119gla obejmuje projekty takie jak bezpo\u015brednie wychwytywanie powietrza, bioolej do g\u0142\u0119bokiego sk\u0142adowania, wodorosty oceaniczne i sadzenie drzew w celach regeneracyjnych. Wszystkie s\u0105 niezale\u017cnie weryfikowane w celu zapewnienia ich integralno\u015bci.<\/p><\/div>\n<\/div>\n<\/div>\n<\/div>\n<div class=\"wp-block-vanguard-concertina-item accordion-item\">\n<h2 class=\"accordion-header\" id=\"heading-7562bf47-5278-48e0-b4d4-61a2e1dac74f\">\n<div class=\"title\">Czy wsp\u00f3\u0142pracujesz z partnerami?<\/div>\n<p><span class=\"indicator\"><\/span><\/h2>\n<div id=\"collapse-7562bf47-5278-48e0-b4d4-61a2e1dac74f\" class=\"accordion-collapse collapse\" aria-labelledby=\"heading-7562bf47-5278-48e0-b4d4-61a2e1dac74f\" data-bs-parent=\"#accordion-i9PUm1SAuAIPWb4o\">\n<div class=\"accordion-body\">\n<div class=\"text\">Tak, zawsze jeste\u015bmy gotowi to zbada\u0107 <a href=\"\/pl_pl\/partner-programme\/\" data-type=\"page\" data-id=\"316\">mo\u017cliwo\u015bci partnerstwa<\/a> i obecnie wsp\u00f3\u0142pracuj\u0105 z producentami sprz\u0119tu, architektami, operatorami budowlanymi i us\u0142ugami klinicznymi.<\/div>\n<\/div>\n<\/div>\n<\/div>\n<div class=\"wp-block-vanguard-concertina-item accordion-item\">\n<h2 class=\"accordion-header\" id=\"heading-fa666c52-3c78-40f9-895c-adcd67fb5d8b\">\n<div class=\"title\">Czy dost\u0119pne jest kompletne rozwi\u0105zanie \u201epod klucz\u201d?<\/div>\n<p><span class=\"indicator\"><\/span><\/h2>\n<div id=\"collapse-fa666c52-3c78-40f9-895c-adcd67fb5d8b\" class=\"accordion-collapse collapse\" aria-labelledby=\"heading-fa666c52-3c78-40f9-895c-adcd67fb5d8b\" data-bs-parent=\"#accordion-i9PUm1SAuAIPWb4o\">\n<div class=\"accordion-body\">\n<div class=\"text\">Oczywi\u015bcie, mo\u017cemy zaj\u0105\u0107 si\u0119 ca\u0142ym procesem i dostarczy\u0107 <a href=\"\/pl_pl\/service\/turnkey-solutions\/\" data-type=\"service\" data-id=\"185\">rozwi\u0105zanie pod klucz<\/a>. Us\u0142uga ta obejmuje pe\u0142ne zarz\u0105dzanie procesem projektowania (w tym zatwierdzenie uzasadnienia biznesowego), produkcj\u0119 we w\u0142asnym zakresie, instalacj\u0119 na miejscu i uruchomienie projektu. Mamy bogate do\u015bwiadczenie w pozyskiwaniu i dostarczaniu wszystkich prac budowlanych dzi\u0119ki naszemu specjalistycznemu zespo\u0142owi projektowemu w zakresie opieki zdrowotnej.<\/div>\n<\/div>\n<\/div>\n<\/div>\n<\/div>\n<\/div>\n<\/section>\n<\/div>\n<section id=\"section-144-59\" class=\"ct-section\" >\n<div class=\"ct-section-inner-wrap\">\n<div id=\"new_columns-145-59\" class=\"ct-new-columns\" >\n<div id=\"div_block-146-59\" class=\"ct-div-block\" >\n<div id=\"_rich_text-9-63\" class=\"oxy-rich-text\" >\n<p>Znalezienie rozwi\u0105zania, kt\u00f3re sprawdzi si\u0119 w Twoim szpitalu, zaczyna si\u0119 tutaj\u2026<\/p>\n<\/div>\n<p><a id=\"link_button-149-59\" class=\"ct-link-button\" href=\"\/pl_pl\/contact\/\" target=\"_self\"  >Skontaktuj si\u0119 z nami<\/a><\/div>\n<div id=\"div_block-150-59\" class=\"ct-div-block\" ><img decoding=\"async\"  id=\"image-151-59\" alt=\"\" src=\"https:\/\/www.q-bital.com\/wp-content\/uploads\/2023\/06\/kettering-2-scaled.jpg\" class=\"ct-image\"\/><\/div>\n<\/div>\n<\/div>\n<\/section>","protected":false},"excerpt":{"rendered":"","protected":false},"author":2,"featured_media":0,"parent":0,"menu_order":0,"comment_status":"closed","ping_status":"closed","template":"","meta":{"_acf_changed":false,"footnotes":""},"class_list":["post-693","page","type-page","status-publish","hentry"],"acf":[],"yoast_head":"<!-- This site is optimized with the Yoast SEO plugin v27.5 - https:\/\/yoast.com\/product\/yoast-seo-wordpress\/ -->\n<title>FAQs - Q-bital Healthcare Solutions<\/title>\n<meta name=\"robots\" content=\"index, follow, max-snippet:-1, max-image-preview:large, max-video-preview:-1\" \/>\n<link rel=\"canonical\" href=\"https:\/\/www.q-bital.com\/pl_pl\/faqs\/\" \/>\n<meta property=\"og:locale\" content=\"pl_PL\" \/>\n<meta property=\"og:type\" content=\"article\" \/>\n<meta property=\"og:title\" content=\"FAQs - Q-bital Healthcare Solutions\" \/>\n<meta property=\"og:url\" content=\"https:\/\/www.q-bital.com\/pl_pl\/faqs\/\" \/>\n<meta property=\"og:site_name\" content=\"Q-bital Healthcare Solutions\" \/>\n<meta property=\"article:modified_time\" content=\"2023-10-20T11:41:54+00:00\" \/>\n<meta name=\"twitter:card\" content=\"summary_large_image\" \/>\n<meta name=\"twitter:label1\" content=\"Szacowany czas czytania\" \/>\n\t<meta name=\"twitter:data1\" content=\"4 minuty\" \/>\n<script type=\"application\/ld+json\" class=\"yoast-schema-graph\">{\"@context\":\"https:\\\/\\\/schema.org\",\"@graph\":[{\"@type\":\"WebPage\",\"@id\":\"https:\\\/\\\/www.q-bital.com\\\/faqs\\\/\",\"url\":\"https:\\\/\\\/www.q-bital.com\\\/faqs\\\/\",\"name\":\"FAQs - Q-bital Healthcare Solutions\",\"isPartOf\":{\"@id\":\"https:\\\/\\\/www.q-bital.com\\\/#website\"},\"datePublished\":\"2023-07-19T15:41:55+00:00\",\"dateModified\":\"2023-10-20T11:41:54+00:00\",\"inLanguage\":\"pl-PL\",\"potentialAction\":[{\"@type\":\"ReadAction\",\"target\":[\"https:\\\/\\\/www.q-bital.com\\\/faqs\\\/\"]}]},{\"@type\":\"WebSite\",\"@id\":\"https:\\\/\\\/www.q-bital.com\\\/#website\",\"url\":\"https:\\\/\\\/www.q-bital.com\\\/\",\"name\":\"Q-bital Healthcare Solutions\",\"description\":\"\",\"potentialAction\":[{\"@type\":\"SearchAction\",\"target\":{\"@type\":\"EntryPoint\",\"urlTemplate\":\"https:\\\/\\\/www.q-bital.com\\\/?s={search_term_string}\"},\"query-input\":{\"@type\":\"PropertyValueSpecification\",\"valueRequired\":true,\"valueName\":\"search_term_string\"}}],\"inLanguage\":\"pl-PL\"}]}<\/script>\n<!-- \/ Yoast SEO plugin. -->","yoast_head_json":{"title":"Najcz\u0119\u015bciej zadawane pytania \u2013 Q-bital Healthcare Solutions","robots":{"index":"index","follow":"follow","max-snippet":"max-snippet:-1","max-image-preview":"max-image-preview:large","max-video-preview":"max-video-preview:-1"},"canonical":"https:\/\/www.q-bital.com\/pl_pl\/faqs\/","og_locale":"pl_PL","og_type":"article","og_title":"FAQs - Q-bital Healthcare Solutions","og_url":"https:\/\/www.q-bital.com\/pl_pl\/faqs\/","og_site_name":"Q-bital Healthcare Solutions","article_modified_time":"2023-10-20T11:41:54+00:00","twitter_card":"summary_large_image","twitter_misc":{"Szacowany czas czytania":"4 minuty"},"schema":{"@context":"https:\/\/schema.org","@graph":[{"@type":"WebPage","@id":"https:\/\/www.q-bital.com\/faqs\/","url":"https:\/\/www.q-bital.com\/faqs\/","name":"Najcz\u0119\u015bciej zadawane pytania \u2013 Q-bital Healthcare Solutions","isPartOf":{"@id":"https:\/\/www.q-bital.com\/#website"},"datePublished":"2023-07-19T15:41:55+00:00","dateModified":"2023-10-20T11:41:54+00:00","inLanguage":"pl-PL","potentialAction":[{"@type":"ReadAction","target":["https:\/\/www.q-bital.com\/faqs\/"]}]},{"@type":"WebSite","@id":"https:\/\/www.q-bital.com\/#website","url":"https:\/\/www.q-bital.com\/","name":"Q-bital Healthcare Solutions","description":"","potentialAction":[{"@type":"SearchAction","target":{"@type":"EntryPoint","urlTemplate":"https:\/\/www.q-bital.com\/?s={search_term_string}"},"query-input":{"@type":"PropertyValueSpecification","valueRequired":true,"valueName":"search_term_string"}}],"inLanguage":"pl-PL"}]}},"_links":{"self":[{"href":"https:\/\/www.q-bital.com\/pl_pl\/wp-json\/wp\/v2\/pages\/693","targetHints":{"allow":["GET"]}}],"collection":[{"href":"https:\/\/www.q-bital.com\/pl_pl\/wp-json\/wp\/v2\/pages"}],"about":[{"href":"https:\/\/www.q-bital.com\/pl_pl\/wp-json\/wp\/v2\/types\/page"}],"author":[{"embeddable":true,"href":"https:\/\/www.q-bital.com\/pl_pl\/wp-json\/wp\/v2\/users\/2"}],"replies":[{"embeddable":true,"href":"https:\/\/www.q-bital.com\/pl_pl\/wp-json\/wp\/v2\/comments?post=693"}],"version-history":[{"count":0,"href":"https:\/\/www.q-bital.com\/pl_pl\/wp-json\/wp\/v2\/pages\/693\/revisions"}],"wp:attachment":[{"href":"https:\/\/www.q-bital.com\/pl_pl\/wp-json\/wp\/v2\/media?parent=693"}],"curies":[{"name":"wp","href":"https:\/\/api.w.org\/{rel}","templated":true}]}}