{"id":366,"date":"2023-06-28T13:13:23","date_gmt":"2023-06-28T13:13:23","guid":{"rendered":"https:\/\/www.q-bital.com\/?page_id=366"},"modified":"2025-06-18T10:30:44","modified_gmt":"2025-06-18T10:30:44","slug":"modern-slavery-and-human-trafficking-statement","status":"publish","type":"page","link":"https:\/\/www.q-bital.com\/pt_pt\/modern-slavery-and-human-trafficking-statement\/","title":{"rendered":"Escravid\u00e3o Moderna e Declara\u00e7\u00e3o de Tr\u00e1fico Humano"},"content":{"rendered":"<h3 class=\"wp-block-heading\">Pol\u00edtica<\/h3>\n<p>A escravatura moderna \u00e9 um crime e uma viola\u00e7\u00e3o dos direitos humanos fundamentais. Assume diversas formas, como a escravatura, a servid\u00e3o, o trabalho for\u00e7ado e obrigat\u00f3rio e o tr\u00e1fico de seres humanos, todas elas tendo em comum a priva\u00e7\u00e3o da liberdade de uma pessoa por outra, a fim de a explorar para ganho pessoal ou comercial. O Grupo tem uma abordagem de toler\u00e2ncia zero \u00e0 escravatura moderna. Agiremos de forma \u00e9tica e \u00edntegra em todas as nossas negocia\u00e7\u00f5es e rela\u00e7\u00f5es comerciais, implementando e aplicando sistemas e controlos eficazes para garantir que a escravatura moderna n\u00e3o ocorra em nenhum lugar do nosso Grupo ou das nossas cadeias de abastecimento. Entendemos que a escravatura e o tr\u00e1fico de seres humanos s\u00e3o frequentemente utilizados em conjunto.<\/p>\n<p>Estamos empenhados em garantir que haja transpar\u00eancia no nosso Grupo, nas opera\u00e7\u00f5es comerciais e na nossa abordagem para combater a escravatura moderna em todas as nossas cadeias de abastecimento. Isto \u00e9 consistente com as nossas obriga\u00e7\u00f5es de divulga\u00e7\u00e3o ao abrigo da Lei da Escravatura Moderna de 2015.<\/p>\n<h4 class=\"wp-block-heading\">Nossa cadeia de suprimentos e pessoas<\/h4>\n<p>Esperamos os mesmos elevados padr\u00f5es \u00e9ticos de todos os nossos prestadores de servi\u00e7os, fornecedores e outros parceiros de neg\u00f3cios. Como parte do nosso processo de contrata\u00e7\u00e3o, estas normas e requisitos fazem parte do nosso acordo com os nossos subcontratados.<\/p>\n<p>Esta declara\u00e7\u00e3o se aplica a todas as pessoas que trabalham para n\u00f3s em nossa cadeia de fornecimento, em nosso nome, em qualquer fun\u00e7\u00e3o. Isso inclui funcion\u00e1rios de todos os n\u00edveis, diretores, executivos, trabalhadores tempor\u00e1rios, trabalhadores destacados, volunt\u00e1rios, agentes, prestadores de servi\u00e7os, consultores externos, representantes de terceiros e parceiros de neg\u00f3cios.<\/p>\n<p>Trabalhamos em estreita colabora\u00e7\u00e3o com nossos fornecedores, o que nos permite identificar quaisquer riscos potenciais de n\u00e3o conformidade.<\/p>\n<h4 class=\"wp-block-heading\">Governan\u00e7a<\/h4>\n<p>Desenvolvemos continuamente nossa governan\u00e7a e controles internos para identificar preocupa\u00e7\u00f5es ou riscos relacionados ao uso de trabalho for\u00e7ado, compuls\u00f3rio ou traficado, ou a qualquer pessoa mantida em escravid\u00e3o ou servid\u00e3o, sejam adultos ou crian\u00e7as. Estabelecemos controles para manter a cadeia de suprimentos nos mesmos padr\u00f5es elevados. Estamos cientes dos riscos e possu\u00edmos controles para gerenci\u00e1-los, e a garantia \u00e9 fornecida por meio de nossa estrutura de governan\u00e7a.<\/p>\n<h3 class=\"wp-block-heading\">Declara\u00e7\u00e3o<\/h3>\n<ol class=\"wp-block-list\">\n<li><strong>Introdu\u00e7\u00e3o<\/strong><br \/>Esta declara\u00e7\u00e3o \u00e9 feita de acordo com a Se\u00e7\u00e3o 54(6) da Lei da Escravid\u00e3o Moderna de 2015 e define nossas a\u00e7\u00f5es para compreender todos os riscos potenciais de escravid\u00e3o moderna relacionados aos nossos neg\u00f3cios e para implementar controles que visem garantir que n\u00e3o haja escravid\u00e3o ou tr\u00e1fico de pessoas em nossos pr\u00f3prios neg\u00f3cios e cadeias de suprimentos. Esta declara\u00e7\u00e3o se refere \u00e0s a\u00e7\u00f5es e atividades realizadas durante o exerc\u00edcio financeiro encerrado em 31 de dezembro de 2024.<\/li>\n<\/ol>\n<p>2. <strong>O neg\u00f3cio<\/strong><br \/>Esta declara\u00e7\u00e3o abrange as atividades das seguintes entidades do Reino Unido no Grupo ###Vanguard### (\u201cGrupo\u201d):<\/p>\n<ul class=\"wp-block-list\">\n<li>###Vanguard### Healthcare Solutions Limited<\/li>\n<li>Armada Topco Limited <\/li>\n<li>Armada Midco Limited<\/li>\n<li>Armada Bidco Limited <\/li>\n<li>Projeto Darwin Bidco Limited<\/li>\n<li>###Vanguard### Healthcare Solutions (Modular) Limited<\/li>\n<\/ul>\n<p>O Grupo fornece infraestrutura cl\u00ednica flex\u00edvel h\u00e1 mais de 25 anos, incluindo equipamentos, equipe e servi\u00e7os auxiliares para os setores de sa\u00fade p\u00fablico e privado no Reino Unido e no exterior. O Grupo possui unidades no Reino Unido e na Austr\u00e1lia. Em 2024, t\u00ednhamos uma m\u00e9dia de 153 funcion\u00e1rios, mas, como organiza\u00e7\u00e3o, dependemos de trabalhadores tempor\u00e1rios e contratados.<\/p>\n<p>3. <strong>A cadeia de suprimentos e nosso pessoal<\/strong><br \/>A cadeia de abastecimento envolvida na gest\u00e3o e concep\u00e7\u00e3o, fabrico e instala\u00e7\u00e3o da nossa estrutura cl\u00ednica flex\u00edvel, e no subsequente fornecimento de pessoal e equipamento, \u00e9 complexa. Envolve v\u00e1rios n\u00edveis e organiza\u00e7\u00f5es de diferentes tamanhos. Todos os nossos fornecedores est\u00e3o baseados no Reino Unido, Europa ou Austr\u00e1lia. Utilizaremos os nossos fornecedores diretos para gerir os riscos da escravatura moderna e do tr\u00e1fico de seres humanos ao longo de toda a cadeia de abastecimento. Comunicamos as nossas expectativas e requisitos sobre as normas para nos tornarmos um dos nossos fornecedores aprovados para o nosso Grupo, transmitindo isso atrav\u00e9s da cadeia de fornecimento.<\/p>\n<p>Operamos pol\u00edticas e procedimentos de emprego concebidos para tratar todos os indiv\u00edduos que trabalham na nossa empresa com dignidade e respeito. N\u00f3s os recompensamos de forma justa pelo seu trabalho e n\u00e3o os exploramos. Isto se aplica a compromissos com trabalhadores tempor\u00e1rios e empreiteiros. S\u00e3o realizadas revis\u00f5es anuais para avaliar se os n\u00edveis salariais permanecem suficientemente superiores ao sal\u00e1rio m\u00ednimo nacional. Realizamos verifica\u00e7\u00f5es pr\u00e9-contrata\u00e7\u00e3o apropriadas em todos os nossos funcion\u00e1rios. Exigimos que todas as ag\u00eancias de emprego fa\u00e7am o mesmo e a nossa equipa de Pessoal procura obter garantias de que isso foi realizado. Defendemos c\u00f3digos de conduta profissional para todos os nossos funcion\u00e1rios e trabalhadores qualificados.<\/p>\n<p>\u00c0 medida que nos desenvolvemos, queremos garantir que mantemos a cultura certa em todo o Grupo. Funcion\u00e1rios e trabalhadores s\u00e3o incentivados a relatar quaisquer preocupa\u00e7\u00f5es de acordo com nossa Pol\u00edtica de Liberdade de Express\u00e3o: Levantamento de Preocupa\u00e7\u00f5es (Denuncia de Den\u00fancias). Realizamos treinamento em Fatores Humanos em todo o Grupo. Continuamos a construir o nosso <em>Apenas Cultura<\/em>, garantindo um ambiente seguro onde os indiv\u00edduos confiam que podem e devem relatar preocupa\u00e7\u00f5es sem culpa. Temos um Gerente de Sa\u00fade, Seguran\u00e7a e Meio Ambiente em nosso Grupo, respons\u00e1vel por garantir a manuten\u00e7\u00e3o da cultura de trabalho correta. Nossa estrutura de governan\u00e7a garante que li\u00e7\u00f5es aprendidas ou erros sejam relatados organizacionalmente e acompanhados, informando nossa melhoria cont\u00ednua e a ISO9001.<\/p>\n<p>Temos um processo de pr\u00e9-qualifica\u00e7\u00e3o para nossa cadeia de suprimentos que avalia nossas cadeias de suprimentos e os riscos potenciais de escravid\u00e3o, trabalho infantil e tr\u00e1fico de pessoas. Como a maioria de nossos fornecedores est\u00e1 sediada no Reino Unido e na Austr\u00e1lia, e muitos operam em setores especializados, e n\u00e3o em setores de baixa qualifica\u00e7\u00e3o, nossas cadeias de suprimentos foram avaliadas, em geral, como apresentando baixo risco em termos de n\u00e3o conformidade com a Lei. No entanto, os riscos para nossa cadeia de suprimentos s\u00e3o monitorados e atualizamos nosso processo de pr\u00e9-qualifica\u00e7\u00e3o conforme necess\u00e1rio.<\/p>\n<p>Trabalharemos apenas com organiza\u00e7\u00f5es da nossa cadeia de abastecimento que tenham compromissos alinhados com o Grupo e possam fornecer garantias de que n\u00e3o est\u00e3o envolvidas na escravatura moderna ou no tr\u00e1fico de seres humanos. Embora seja obriga\u00e7\u00e3o dessas organiza\u00e7\u00f5es operar as suas pr\u00f3prias pol\u00edticas e procedimentos para atingir esse objetivo, monitorizamos atrav\u00e9s do nosso processo de pr\u00e9-qualifica\u00e7\u00e3o, a gest\u00e3o de contratos e as nossas pr\u00e1ticas existentes para garantir que tomamos todas as medidas razo\u00e1veis para verificar a conformidade com a Lei.<\/p>\n<p>4. <strong>A\u00e7\u00f5es realizadas nos \u00faltimos 12 meses<\/strong><\/p>\n<p>N\u00f3s temos:<\/p>\n<ul class=\"wp-block-list\">\n<li>Revisamos e aprimoramos os riscos e mitiga\u00e7\u00f5es relacionados \u00e0 nossa cadeia de suprimentos.<\/li>\n<li>Realizamos uma revis\u00e3o de nossa cadeia de suprimentos para garantir a conformidade com a lei.<\/li>\n<li>Revisamos que nossos padr\u00f5es de fornecedores est\u00e3o sendo operados por toda nossa cadeia de suprimentos, para fornecedores existentes e novos fornecedores.<\/li>\n<li>Avaliar continuamente a efic\u00e1cia da nossa estrutura de governan\u00e7a e fazer altera\u00e7\u00f5es para garantir que os controles estejam em vigor para cumprir a Lei.<\/li>\n<li>Continuamos a aumentar a conscientiza\u00e7\u00e3o sobre a Lei e os riscos associados como parte do nosso processo de indu\u00e7\u00e3o.<\/li>\n<\/ul>\n<p>5. <strong>Planos de melhoria<\/strong><\/p>\n<p>Seremos:<\/p>\n<ul class=\"wp-block-list\">\n<li>Monitorar o progresso da poss\u00edvel altera\u00e7\u00e3o da Lei da Escravid\u00e3o Moderna e revisar continuamente as disposi\u00e7\u00f5es da Lei conforme aplic\u00e1veis \u00e0s nossas atividades comerciais.<\/li>\n<li>Progredir no nosso compromisso corporativo Ambiental, Social e de Governan\u00e7a (ESG) em todo o nosso Grupo.<\/li>\n<li>Atualizando nossa governan\u00e7a para garantir que as metas ESG sejam cumpridas e monitoradas.<\/li>\n<li>Revisar nossa cadeia de suprimentos no m\u00ednimo uma vez por ano ou quando o risco for identificado como parte do gerenciamento da nossa cadeia de suprimentos.<\/li>\n<li>Realize uma avalia\u00e7\u00e3o de risco de escravid\u00e3o moderna com nossas ag\u00eancias e fornecedores cr\u00edticos.<\/li>\n<li>Manter o padr\u00e3o do nosso fornecedor para garantir que ele atenda \u00e0s nossas ambi\u00e7\u00f5es ESG e de valor social.<\/li>\n<li>Monitorizar os requisitos das normas dos fornecedores do SNS para os cumprirmos, mas a nossa ambi\u00e7\u00e3o continua a ser exced\u00ea-los.<\/li>\n<li>Capacitar a nossa estrutura de governa\u00e7\u00e3o para apoiar a melhoria cont\u00ednua para mitigar os riscos associados ao n\u00e3o cumprimento da Lei ou \u00e0s m\u00e1s pr\u00e1ticas na nossa cadeia de abastecimento.<\/li>\n<li>Melhorar a conscientiza\u00e7\u00e3o do Grupo sobre o cumprimento da Lei, incluindo suborno, corrup\u00e7\u00e3o e trabalho infantil.<\/li>\n<li>Estabelecer controles e uma cultura para incentivar a\u00e7\u00f5es para mitigar os riscos de n\u00e3o conformidade com a Lei em todo o nosso Grupo.<\/li>\n<\/ul>\n<p>Esta declara\u00e7\u00e3o foi aprovada pelo Conselho de Administra\u00e7\u00e3o em 6 de junho de 2025, que a revisar\u00e1 e atualizar\u00e1 anualmente.<\/p>\n<p><strong>Chris Blackwell-Frost<br \/>CEO<br \/>6 de junho de 2025<\/strong><\/p>","protected":false},"excerpt":{"rendered":"<p>Policy Modern slavery is a crime and a violation of fundamental human rights. It takes various forms, such as slavery, servitude, forced and compulsory labour and human trafficking, all of which have in common the deprivation of a person\u2019s liberty by another in order to exploit them for personal or commercial gain. The Group has [&hellip;]<\/p>\n","protected":false},"author":2,"featured_media":0,"parent":0,"menu_order":0,"comment_status":"closed","ping_status":"closed","template":"","meta":{"_acf_changed":false,"footnotes":""},"class_list":["post-366","page","type-page","status-publish","hentry"],"acf":[],"yoast_head":"<!-- This site is optimized with the Yoast SEO plugin v27.5 - https:\/\/yoast.com\/product\/yoast-seo-wordpress\/ -->\n<title>Modern slavery and human trafficking statement - Q-bital Healthcare Solutions<\/title>\n<meta name=\"robots\" content=\"index, follow, max-snippet:-1, max-image-preview:large, max-video-preview:-1\" \/>\n<link rel=\"canonical\" href=\"https:\/\/www.q-bital.com\/pt_pt\/modern-slavery-and-human-trafficking-statement\/\" \/>\n<meta property=\"og:locale\" content=\"pt_PT\" \/>\n<meta property=\"og:type\" content=\"article\" \/>\n<meta property=\"og:title\" content=\"Modern slavery and human trafficking statement - Q-bital Healthcare Solutions\" \/>\n<meta property=\"og:description\" content=\"Policy Modern slavery is a crime and a violation of fundamental human rights. It takes various forms, such as slavery, servitude, forced and compulsory labour and human trafficking, all of which have in common the deprivation of a person\u2019s liberty by another in order to exploit them for personal or commercial gain. The Group has [&hellip;]\" \/>\n<meta property=\"og:url\" content=\"https:\/\/www.q-bital.com\/pt_pt\/modern-slavery-and-human-trafficking-statement\/\" \/>\n<meta property=\"og:site_name\" content=\"Q-bital Healthcare Solutions\" \/>\n<meta property=\"article:modified_time\" content=\"2025-06-18T10:30:44+00:00\" \/>\n<meta name=\"twitter:card\" content=\"summary_large_image\" \/>\n<meta name=\"twitter:label1\" content=\"Tempo estimado de leitura\" \/>\n\t<meta name=\"twitter:data1\" content=\"6 minutos\" \/>\n<script type=\"application\/ld+json\" class=\"yoast-schema-graph\">{\"@context\":\"https:\\\/\\\/schema.org\",\"@graph\":[{\"@type\":\"WebPage\",\"@id\":\"https:\\\/\\\/www.q-bital.com\\\/modern-slavery-and-human-trafficking-statement\\\/\",\"url\":\"https:\\\/\\\/www.q-bital.com\\\/modern-slavery-and-human-trafficking-statement\\\/\",\"name\":\"Modern slavery and human trafficking statement - Q-bital Healthcare Solutions\",\"isPartOf\":{\"@id\":\"https:\\\/\\\/www.q-bital.com\\\/#website\"},\"datePublished\":\"2023-06-28T13:13:23+00:00\",\"dateModified\":\"2025-06-18T10:30:44+00:00\",\"inLanguage\":\"pt-PT\",\"potentialAction\":[{\"@type\":\"ReadAction\",\"target\":[\"https:\\\/\\\/www.q-bital.com\\\/modern-slavery-and-human-trafficking-statement\\\/\"]}]},{\"@type\":\"WebSite\",\"@id\":\"https:\\\/\\\/www.q-bital.com\\\/#website\",\"url\":\"https:\\\/\\\/www.q-bital.com\\\/\",\"name\":\"Q-bital Healthcare Solutions\",\"description\":\"\",\"potentialAction\":[{\"@type\":\"SearchAction\",\"target\":{\"@type\":\"EntryPoint\",\"urlTemplate\":\"https:\\\/\\\/www.q-bital.com\\\/?s={search_term_string}\"},\"query-input\":{\"@type\":\"PropertyValueSpecification\",\"valueRequired\":true,\"valueName\":\"search_term_string\"}}],\"inLanguage\":\"pt-PT\"}]}<\/script>\n<!-- \/ Yoast SEO plugin. -->","yoast_head_json":{"title":"Declara\u00e7\u00e3o sobre escravid\u00e3o moderna e tr\u00e1fico de seres humanos - Q-bital Healthcare Solutions","robots":{"index":"index","follow":"follow","max-snippet":"max-snippet:-1","max-image-preview":"max-image-preview:large","max-video-preview":"max-video-preview:-1"},"canonical":"https:\/\/www.q-bital.com\/pt_pt\/modern-slavery-and-human-trafficking-statement\/","og_locale":"pt_PT","og_type":"article","og_title":"Modern slavery and human trafficking statement - Q-bital Healthcare Solutions","og_description":"Policy Modern slavery is a crime and a violation of fundamental human rights. It takes various forms, such as slavery, servitude, forced and compulsory labour and human trafficking, all of which have in common the deprivation of a person\u2019s liberty by another in order to exploit them for personal or commercial gain. The Group has [&hellip;]","og_url":"https:\/\/www.q-bital.com\/pt_pt\/modern-slavery-and-human-trafficking-statement\/","og_site_name":"Q-bital Healthcare Solutions","article_modified_time":"2025-06-18T10:30:44+00:00","twitter_card":"summary_large_image","twitter_misc":{"Tempo estimado de leitura":"6 minutos"},"schema":{"@context":"https:\/\/schema.org","@graph":[{"@type":"WebPage","@id":"https:\/\/www.q-bital.com\/modern-slavery-and-human-trafficking-statement\/","url":"https:\/\/www.q-bital.com\/modern-slavery-and-human-trafficking-statement\/","name":"Declara\u00e7\u00e3o sobre escravid\u00e3o moderna e tr\u00e1fico de seres humanos - Q-bital Healthcare Solutions","isPartOf":{"@id":"https:\/\/www.q-bital.com\/#website"},"datePublished":"2023-06-28T13:13:23+00:00","dateModified":"2025-06-18T10:30:44+00:00","inLanguage":"pt-PT","potentialAction":[{"@type":"ReadAction","target":["https:\/\/www.q-bital.com\/modern-slavery-and-human-trafficking-statement\/"]}]},{"@type":"WebSite","@id":"https:\/\/www.q-bital.com\/#website","url":"https:\/\/www.q-bital.com\/","name":"Q-bital Healthcare Solutions","description":"","potentialAction":[{"@type":"SearchAction","target":{"@type":"EntryPoint","urlTemplate":"https:\/\/www.q-bital.com\/?s={search_term_string}"},"query-input":{"@type":"PropertyValueSpecification","valueRequired":true,"valueName":"search_term_string"}}],"inLanguage":"pt-PT"}]}},"_links":{"self":[{"href":"https:\/\/www.q-bital.com\/pt_pt\/wp-json\/wp\/v2\/pages\/366","targetHints":{"allow":["GET"]}}],"collection":[{"href":"https:\/\/www.q-bital.com\/pt_pt\/wp-json\/wp\/v2\/pages"}],"about":[{"href":"https:\/\/www.q-bital.com\/pt_pt\/wp-json\/wp\/v2\/types\/page"}],"author":[{"embeddable":true,"href":"https:\/\/www.q-bital.com\/pt_pt\/wp-json\/wp\/v2\/users\/2"}],"replies":[{"embeddable":true,"href":"https:\/\/www.q-bital.com\/pt_pt\/wp-json\/wp\/v2\/comments?post=366"}],"version-history":[{"count":0,"href":"https:\/\/www.q-bital.com\/pt_pt\/wp-json\/wp\/v2\/pages\/366\/revisions"}],"wp:attachment":[{"href":"https:\/\/www.q-bital.com\/pt_pt\/wp-json\/wp\/v2\/media?parent=366"}],"curies":[{"name":"wp","href":"https:\/\/api.w.org\/{rel}","templated":true}]}}