{"id":7284,"date":"2025-02-12T17:18:20","date_gmt":"2025-02-12T17:18:20","guid":{"rendered":"https:\/\/www.vanguardhealthcare.co.uk\/?page_id=7785"},"modified":"2026-01-13T16:04:17","modified_gmt":"2026-01-13T16:04:17","slug":"accreditations-and-certifications","status":"publish","type":"page","link":"https:\/\/www.q-bital.com\/pt_pt\/accreditations-and-certifications\/","title":{"rendered":"Acredita\u00e7\u00f5es e Certifica\u00e7\u00f5es"},"content":{"rendered":"<p>Sabemos o valor que a certifica\u00e7\u00e3o traz para as empresas e seus clientes, e \u00e9 por isso que somos auditados externamente anualmente de acordo com os seguintes padr\u00f5es. <strong>As acredita\u00e7\u00f5es e certifica\u00e7\u00f5es abaixo est\u00e3o agrupadas por local de opera\u00e7\u00e3o para maior clareza.<\/strong><\/p>\n<div style=\"height:58px\" aria-hidden=\"true\" class=\"wp-block-spacer\"><\/div>\n<h2 class=\"wp-block-heading has-text-align-center\">Reino Unido e Irlanda<\/h2>\n<div style=\"height:24px\" aria-hidden=\"true\" class=\"wp-block-spacer\"><\/div>\n<div class=\"wp-block-media-text is-stacked-on-mobile\" style=\"grid-template-columns:25% auto\">\n<figure class=\"wp-block-media-text__media\"><img decoding=\"async\" src=\"https:\/\/www.vanguardhealthcare.co.uk\/wp-content\/uploads\/2025\/03\/Untitled-design-2.png\" alt=\"\" class=\"wp-image-7876 size-full\" \/><\/figure>\n<div class=\"wp-block-media-text__content\">\n<p><strong>Certifica\u00e7\u00e3o Cyber Essentials Plus<\/strong>&nbsp;<\/p>\n<p>O Cyber Essentials Plus \u00e9 um programa apoiado pelo governo do Reino Unido, concebido para ajudar as organiza\u00e7\u00f5es a protegerem-se contra amea\u00e7as online comuns. Isto proporciona uma garantia adicional de que estamos a proteger os dados dos clientes contra ciberataques, com os controlos t\u00e9cnicos necess\u00e1rios.<\/p>\n<\/div>\n<\/div>\n<div class=\"wp-block-media-text is-stacked-on-mobile\" style=\"grid-template-columns:25% auto\">\n<figure class=\"wp-block-media-text__media\"><img decoding=\"async\" src=\"https:\/\/www.vanguardhealthcare.co.uk\/wp-content\/uploads\/2025\/02\/ISO9001_BAB-1024x1024.jpg\" alt=\"\" class=\"wp-image-7787 size-full\" \/><\/figure>\n<div class=\"wp-block-media-text__content\">\n<p><strong>Acredita\u00e7\u00e3o ISO 9001 em Gest\u00e3o da Qualidade<\/strong><\/p>\n<p>Estamos empenhados em superar as expectativas dos clientes e em fornecer um servi\u00e7o excepcional. Nossa certifica\u00e7\u00e3o ISO 9001 refor\u00e7a esse compromisso, garantindo que atendamos consistentemente \u00e0s necessidades dos clientes e busquemos ativamente seu feedback. Essa abordagem nos ajuda a identificar oportunidades de melhoria, aprimorando a experi\u00eancia do cliente e garantindo que ofere\u00e7amos consistentemente um servi\u00e7o de cinco estrelas.<\/p>\n<\/div>\n<\/div>\n<div class=\"wp-block-media-text is-stacked-on-mobile\" style=\"grid-template-columns:25% auto\">\n<figure class=\"wp-block-media-text__media\"><img decoding=\"async\" src=\"https:\/\/www.vanguardhealthcare.co.uk\/wp-content\/uploads\/2025\/02\/ISO14001_BAB-1024x1024.jpg\" alt=\"\" class=\"wp-image-7788 size-full\" \/><\/figure>\n<div class=\"wp-block-media-text__content\">\n<p><strong>Certifica\u00e7\u00e3o ISO 14001 em Gest\u00e3o Ambiental<\/strong><\/p>\n<p>Para os clientes que priorizam a sustentabilidade, podem ter certeza de que estamos empenhados em minimizar nosso impacto ambiental.<\/p>\n<p>Nossa certifica\u00e7\u00e3o ISO 14001 nos permite implementar medidas eficazes para gerenciar nosso impacto ambiental. <\/p>\n<\/div>\n<\/div>\n<div class=\"wp-block-media-text is-stacked-on-mobile\" style=\"grid-template-columns:25% auto\">\n<figure class=\"wp-block-media-text__media\"><img decoding=\"async\" src=\"https:\/\/www.vanguardhealthcare.co.uk\/wp-content\/uploads\/2025\/02\/ISO45001_BAB-1024x1024.jpg\" alt=\"\" class=\"wp-image-7789 size-full\" \/><\/figure>\n<div class=\"wp-block-media-text__content\">\n<p><strong>Certifica\u00e7\u00e3o ISO 45001 em Gest\u00e3o de Sa\u00fade e Seguran\u00e7a<\/strong><\/p>\n<p>Estamos empenhados em superar as expectativas dos nossos clientes e em prestar um servi\u00e7o excepcional. A nossa certifica\u00e7\u00e3o ISO 45001 refor\u00e7a este compromisso, garantindo que cumprimos consistentemente os requisitos de sa\u00fade e seguran\u00e7a no trabalho e que procuramos ativamente o feedback dos nossos colaboradores. Esta abordagem ajuda-nos a identificar oportunidades de melhoria, refor\u00e7ando a seguran\u00e7a no local de trabalho e assegurando que proporcionamos continuamente um ambiente seguro e saud\u00e1vel para os nossos colaboradores e clientes.<\/p>\n<\/div>\n<\/div>\n<div class=\"wp-block-media-text is-stacked-on-mobile is-vertically-aligned-center\" style=\"grid-template-columns:25% auto\">\n<figure class=\"wp-block-media-text__media\"><img loading=\"lazy\" decoding=\"async\" width=\"1280\" height=\"650\" src=\"https:\/\/www.q-bital.com\/wp-content\/uploads\/sites\/8\/2026\/01\/mark-of-trust-certificate-of-conformity-BIMdesignandconstruction-black-logo-En-GB-0524.jpg\" alt=\"\" class=\"wp-image-7292 size-full\" srcset=\"https:\/\/www.q-bital.com\/wp-content\/uploads\/sites\/8\/2026\/01\/mark-of-trust-certificate-of-conformity-BIMdesignandconstruction-black-logo-En-GB-0524.jpg 1280w, https:\/\/www.q-bital.com\/wp-content\/uploads\/sites\/8\/2026\/01\/mark-of-trust-certificate-of-conformity-BIMdesignandconstruction-black-logo-En-GB-0524-300x152.jpg 300w, https:\/\/www.q-bital.com\/wp-content\/uploads\/sites\/8\/2026\/01\/mark-of-trust-certificate-of-conformity-BIMdesignandconstruction-black-logo-En-GB-0524-768x390.jpg 768w, https:\/\/www.q-bital.com\/wp-content\/uploads\/sites\/8\/2026\/01\/mark-of-trust-certificate-of-conformity-BIMdesignandconstruction-black-logo-En-GB-0524-18x9.jpg 18w\" sizes=\"auto, (max-width: 1280px) 100vw, 1280px\" \/><\/figure>\n<div class=\"wp-block-media-text__content\">\n<p><strong><strong>Certifica\u00e7\u00e3o ISO 19650-2<\/strong><\/strong><\/p>\n<p>Certifica\u00e7\u00e3o BSI para&nbsp;<strong>BS EN ISO 19650-2:2018<\/strong>&nbsp;Isso demonstra que a Vanguard Healthcare Solutions gerencia informa\u00e7\u00f5es durante a entrega de instala\u00e7\u00f5es de sa\u00fade de forma consistente, segura e reconhecida internacionalmente. Para nossos clientes, isso garante que as informa\u00e7\u00f5es de projeto cl\u00ednico e de contrata\u00e7\u00e3o sejam precisas, bem governadas e gerenciadas de forma colaborativa usando a Modelagem da Informa\u00e7\u00e3o da Constru\u00e7\u00e3o (BIM), ajudando a reduzir riscos, melhorar a coordena\u00e7\u00e3o e apoiar a tomada de decis\u00f5es confiantes em projetos complexos de sa\u00fade.<\/p>\n<\/div>\n<\/div>\n<div class=\"wp-block-media-text is-stacked-on-mobile is-vertically-aligned-center\" style=\"grid-template-columns:25% auto\">\n<figure class=\"wp-block-media-text__media\"><img decoding=\"async\" src=\"https:\/\/www.vanguardhealthcare.co.uk\/wp-content\/uploads\/2025\/07\/White-VF-CHAS_LtBG_jpg-1024x725.jpg\" alt=\"\" class=\"wp-image-8067 size-full\" \/><\/figure>\n<div class=\"wp-block-media-text__content\">\n<p><strong>CHAS Elite<\/strong><\/p>\n<p>A conquista do status de Elite da CHAS garante que atendemos a crit\u00e9rios rigorosos, assegurando n\u00e3o apenas a conformidade com os requisitos legais, mas tamb\u00e9m a implementa\u00e7\u00e3o das melhores pr\u00e1ticas na prote\u00e7\u00e3o de funcion\u00e1rios e clientes. Isso refor\u00e7a nossa dedica\u00e7\u00e3o em manter um ambiente de trabalho seguro e mitigar riscos com efic\u00e1cia. O status de Elite da CHAS oferece a tranquilidade de saber que operamos com integridade, responsabilidade e profissionalismo. <\/p>\n<\/p>\n<\/p>\n<\/div>\n<\/div>\n<div style=\"height:42px\" aria-hidden=\"true\" class=\"wp-block-spacer\"><\/div>\n<h2 class=\"wp-block-heading has-text-align-center\">Austr\u00e1lia<\/h2>\n<div style=\"height:38px\" aria-hidden=\"true\" class=\"wp-block-spacer\"><\/div>\n<div class=\"wp-block-media-text is-stacked-on-mobile is-vertically-aligned-center\" style=\"grid-template-columns:25% auto\">\n<figure class=\"wp-block-media-text__media\"><img loading=\"lazy\" decoding=\"async\" width=\"569\" height=\"1024\" src=\"https:\/\/www.q-bital.com\/wp-content\/uploads\/sites\/8\/2026\/01\/Certifi_StandardsLogos_PORTRAIT_11.04.24_9001-569x1024.png\" alt=\"\" class=\"wp-image-7287 size-full\" srcset=\"https:\/\/www.q-bital.com\/wp-content\/uploads\/sites\/8\/2026\/01\/Certifi_StandardsLogos_PORTRAIT_11.04.24_9001-569x1024.png 569w, https:\/\/www.q-bital.com\/wp-content\/uploads\/sites\/8\/2026\/01\/Certifi_StandardsLogos_PORTRAIT_11.04.24_9001-167x300.png 167w, https:\/\/www.q-bital.com\/wp-content\/uploads\/sites\/8\/2026\/01\/Certifi_StandardsLogos_PORTRAIT_11.04.24_9001-768x1382.png 768w, https:\/\/www.q-bital.com\/wp-content\/uploads\/sites\/8\/2026\/01\/Certifi_StandardsLogos_PORTRAIT_11.04.24_9001-853x1536.png 853w, https:\/\/www.q-bital.com\/wp-content\/uploads\/sites\/8\/2026\/01\/Certifi_StandardsLogos_PORTRAIT_11.04.24_9001-7x12.png 7w, https:\/\/www.q-bital.com\/wp-content\/uploads\/sites\/8\/2026\/01\/Certifi_StandardsLogos_PORTRAIT_11.04.24_9001.png 945w\" sizes=\"auto, (max-width: 569px) 100vw, 569px\" \/><\/figure>\n<div class=\"wp-block-media-text__content\">\n<p><strong>Acredita\u00e7\u00e3o ISO 9001 em Gest\u00e3o da Qualidade<\/strong><\/p>\n<p>Estamos empenhados em superar as expectativas dos clientes e em fornecer um servi\u00e7o excepcional. Nossa certifica\u00e7\u00e3o ISO 9001 refor\u00e7a esse compromisso, garantindo que atendamos consistentemente \u00e0s necessidades dos clientes e busquemos ativamente seu feedback. Essa abordagem nos ajuda a identificar oportunidades de melhoria, aprimorando a experi\u00eancia do cliente e garantindo que ofere\u00e7amos consistentemente um servi\u00e7o de cinco estrelas.<\/p>\n<\/p>\n<\/p>\n<\/div>\n<\/div>\n<div class=\"wp-block-media-text is-stacked-on-mobile is-vertically-aligned-center\" style=\"grid-template-columns:25% auto\">\n<figure class=\"wp-block-media-text__media\"><img loading=\"lazy\" decoding=\"async\" width=\"569\" height=\"1024\" src=\"https:\/\/www.q-bital.com\/wp-content\/uploads\/sites\/8\/2026\/01\/Certifi_StandardsLogos_PORTRAIT_11.04.24_14001-569x1024.png\" alt=\"\" class=\"wp-image-7288 size-full\" srcset=\"https:\/\/www.q-bital.com\/wp-content\/uploads\/sites\/8\/2026\/01\/Certifi_StandardsLogos_PORTRAIT_11.04.24_14001-569x1024.png 569w, https:\/\/www.q-bital.com\/wp-content\/uploads\/sites\/8\/2026\/01\/Certifi_StandardsLogos_PORTRAIT_11.04.24_14001-167x300.png 167w, https:\/\/www.q-bital.com\/wp-content\/uploads\/sites\/8\/2026\/01\/Certifi_StandardsLogos_PORTRAIT_11.04.24_14001-768x1382.png 768w, https:\/\/www.q-bital.com\/wp-content\/uploads\/sites\/8\/2026\/01\/Certifi_StandardsLogos_PORTRAIT_11.04.24_14001-853x1536.png 853w, https:\/\/www.q-bital.com\/wp-content\/uploads\/sites\/8\/2026\/01\/Certifi_StandardsLogos_PORTRAIT_11.04.24_14001-7x12.png 7w, https:\/\/www.q-bital.com\/wp-content\/uploads\/sites\/8\/2026\/01\/Certifi_StandardsLogos_PORTRAIT_11.04.24_14001.png 945w\" sizes=\"auto, (max-width: 569px) 100vw, 569px\" \/><\/figure>\n<div class=\"wp-block-media-text__content\">\n<p><strong>Certifica\u00e7\u00e3o ISO 14001 em Gest\u00e3o Ambiental<\/strong><\/p>\n<p>Para os clientes que priorizam a sustentabilidade, podem ter certeza de que estamos empenhados em minimizar nosso impacto ambiental.<\/p>\n<p>Nossa certifica\u00e7\u00e3o ISO 14001 nos permite implementar medidas eficazes para gerenciar nosso impacto ambiental.<\/p>\n<\/p>\n<\/p>\n<\/div>\n<\/div>","protected":false},"excerpt":{"rendered":"<p>We know the value that certification brings to businesses and their customers, which is why we are externally audited on an annual basis against the following standards. The accreditations and certifications below are grouped by operational location for clarity. UK &amp; Ireland Cyber Essentials Plus Certification&nbsp; Cyber Essentials Plus is a UK government-backed scheme designed [&hellip;]<\/p>\n","protected":false},"author":11,"featured_media":0,"parent":0,"menu_order":0,"comment_status":"closed","ping_status":"closed","template":"","meta":{"_acf_changed":false,"footnotes":""},"class_list":["post-7284","page","type-page","status-publish","hentry"],"acf":[],"yoast_head":"<!-- This site is optimized with the Yoast SEO plugin v27.3 - https:\/\/yoast.com\/product\/yoast-seo-wordpress\/ -->\n<title>Accreditations and Certifications - Q-bital Healthcare Solutions<\/title>\n<meta name=\"robots\" content=\"index, follow, max-snippet:-1, max-image-preview:large, max-video-preview:-1\" \/>\n<link rel=\"canonical\" href=\"https:\/\/www.q-bital.com\/pt_pt\/accreditations-and-certifications\/\" \/>\n<meta property=\"og:locale\" content=\"pt_PT\" \/>\n<meta property=\"og:type\" content=\"article\" \/>\n<meta property=\"og:title\" content=\"Accreditations and Certifications - Q-bital Healthcare Solutions\" \/>\n<meta property=\"og:description\" content=\"We know the value that certification brings to businesses and their customers, which is why we are externally audited on an annual basis against the following standards. The accreditations and certifications below are grouped by operational location for clarity. UK &amp; Ireland Cyber Essentials Plus Certification&nbsp; Cyber Essentials Plus is a UK government-backed scheme designed [&hellip;]\" \/>\n<meta property=\"og:url\" content=\"https:\/\/www.q-bital.com\/pt_pt\/accreditations-and-certifications\/\" \/>\n<meta property=\"og:site_name\" content=\"Q-bital Healthcare Solutions\" \/>\n<meta property=\"article:modified_time\" content=\"2026-01-13T16:04:17+00:00\" \/>\n<meta name=\"twitter:card\" content=\"summary_large_image\" \/>\n<meta name=\"twitter:label1\" content=\"Tempo estimado de leitura\" \/>\n\t<meta name=\"twitter:data1\" content=\"4 minutos\" \/>\n<script type=\"application\/ld+json\" class=\"yoast-schema-graph\">{\"@context\":\"https:\\\/\\\/schema.org\",\"@graph\":[{\"@type\":\"WebPage\",\"@id\":\"https:\\\/\\\/www.q-bital.com\\\/accreditations-and-certifications\\\/\",\"url\":\"https:\\\/\\\/www.q-bital.com\\\/accreditations-and-certifications\\\/\",\"name\":\"Accreditations and Certifications - Q-bital Healthcare Solutions\",\"isPartOf\":{\"@id\":\"https:\\\/\\\/www.q-bital.com\\\/#website\"},\"primaryImageOfPage\":{\"@id\":\"https:\\\/\\\/www.q-bital.com\\\/accreditations-and-certifications\\\/#primaryimage\"},\"image\":{\"@id\":\"https:\\\/\\\/www.q-bital.com\\\/accreditations-and-certifications\\\/#primaryimage\"},\"thumbnailUrl\":\"https:\\\/\\\/www.vanguardhealthcare.co.uk\\\/wp-content\\\/uploads\\\/2025\\\/03\\\/Untitled-design-2.png\",\"datePublished\":\"2025-02-12T17:18:20+00:00\",\"dateModified\":\"2026-01-13T16:04:17+00:00\",\"inLanguage\":\"pt-PT\",\"potentialAction\":[{\"@type\":\"ReadAction\",\"target\":[\"https:\\\/\\\/www.q-bital.com\\\/accreditations-and-certifications\\\/\"]}]},{\"@type\":\"ImageObject\",\"inLanguage\":\"pt-PT\",\"@id\":\"https:\\\/\\\/www.q-bital.com\\\/accreditations-and-certifications\\\/#primaryimage\",\"url\":\"https:\\\/\\\/www.vanguardhealthcare.co.uk\\\/wp-content\\\/uploads\\\/2025\\\/03\\\/Untitled-design-2.png\",\"contentUrl\":\"https:\\\/\\\/www.vanguardhealthcare.co.uk\\\/wp-content\\\/uploads\\\/2025\\\/03\\\/Untitled-design-2.png\"},{\"@type\":\"WebSite\",\"@id\":\"https:\\\/\\\/www.q-bital.com\\\/#website\",\"url\":\"https:\\\/\\\/www.q-bital.com\\\/\",\"name\":\"Q-bital Healthcare Solutions\",\"description\":\"\",\"potentialAction\":[{\"@type\":\"SearchAction\",\"target\":{\"@type\":\"EntryPoint\",\"urlTemplate\":\"https:\\\/\\\/www.q-bital.com\\\/?s={search_term_string}\"},\"query-input\":{\"@type\":\"PropertyValueSpecification\",\"valueRequired\":true,\"valueName\":\"search_term_string\"}}],\"inLanguage\":\"pt-PT\"}]}<\/script>\n<!-- \/ Yoast SEO plugin. -->","yoast_head_json":{"title":"Acredita\u00e7\u00f5es e Certifica\u00e7\u00f5es - Q-bital Healthcare Solutions","robots":{"index":"index","follow":"follow","max-snippet":"max-snippet:-1","max-image-preview":"max-image-preview:large","max-video-preview":"max-video-preview:-1"},"canonical":"https:\/\/www.q-bital.com\/pt_pt\/accreditations-and-certifications\/","og_locale":"pt_PT","og_type":"article","og_title":"Accreditations and Certifications - Q-bital Healthcare Solutions","og_description":"We know the value that certification brings to businesses and their customers, which is why we are externally audited on an annual basis against the following standards. The accreditations and certifications below are grouped by operational location for clarity. UK &amp; Ireland Cyber Essentials Plus Certification&nbsp; Cyber Essentials Plus is a UK government-backed scheme designed [&hellip;]","og_url":"https:\/\/www.q-bital.com\/pt_pt\/accreditations-and-certifications\/","og_site_name":"Q-bital Healthcare Solutions","article_modified_time":"2026-01-13T16:04:17+00:00","twitter_card":"summary_large_image","twitter_misc":{"Tempo estimado de leitura":"4 minutos"},"schema":{"@context":"https:\/\/schema.org","@graph":[{"@type":"WebPage","@id":"https:\/\/www.q-bital.com\/accreditations-and-certifications\/","url":"https:\/\/www.q-bital.com\/accreditations-and-certifications\/","name":"Acredita\u00e7\u00f5es e Certifica\u00e7\u00f5es - Q-bital Healthcare Solutions","isPartOf":{"@id":"https:\/\/www.q-bital.com\/#website"},"primaryImageOfPage":{"@id":"https:\/\/www.q-bital.com\/accreditations-and-certifications\/#primaryimage"},"image":{"@id":"https:\/\/www.q-bital.com\/accreditations-and-certifications\/#primaryimage"},"thumbnailUrl":"https:\/\/www.vanguardhealthcare.co.uk\/wp-content\/uploads\/2025\/03\/Untitled-design-2.png","datePublished":"2025-02-12T17:18:20+00:00","dateModified":"2026-01-13T16:04:17+00:00","inLanguage":"pt-PT","potentialAction":[{"@type":"ReadAction","target":["https:\/\/www.q-bital.com\/accreditations-and-certifications\/"]}]},{"@type":"ImageObject","inLanguage":"pt-PT","@id":"https:\/\/www.q-bital.com\/accreditations-and-certifications\/#primaryimage","url":"https:\/\/www.vanguardhealthcare.co.uk\/wp-content\/uploads\/2025\/03\/Untitled-design-2.png","contentUrl":"https:\/\/www.vanguardhealthcare.co.uk\/wp-content\/uploads\/2025\/03\/Untitled-design-2.png"},{"@type":"WebSite","@id":"https:\/\/www.q-bital.com\/#website","url":"https:\/\/www.q-bital.com\/","name":"Q-bital Healthcare Solutions","description":"","potentialAction":[{"@type":"SearchAction","target":{"@type":"EntryPoint","urlTemplate":"https:\/\/www.q-bital.com\/?s={search_term_string}"},"query-input":{"@type":"PropertyValueSpecification","valueRequired":true,"valueName":"search_term_string"}}],"inLanguage":"pt-PT"}]}},"_links":{"self":[{"href":"https:\/\/www.q-bital.com\/pt_pt\/wp-json\/wp\/v2\/pages\/7284","targetHints":{"allow":["GET"]}}],"collection":[{"href":"https:\/\/www.q-bital.com\/pt_pt\/wp-json\/wp\/v2\/pages"}],"about":[{"href":"https:\/\/www.q-bital.com\/pt_pt\/wp-json\/wp\/v2\/types\/page"}],"author":[{"embeddable":true,"href":"https:\/\/www.q-bital.com\/pt_pt\/wp-json\/wp\/v2\/users\/11"}],"replies":[{"embeddable":true,"href":"https:\/\/www.q-bital.com\/pt_pt\/wp-json\/wp\/v2\/comments?post=7284"}],"version-history":[{"count":0,"href":"https:\/\/www.q-bital.com\/pt_pt\/wp-json\/wp\/v2\/pages\/7284\/revisions"}],"wp:attachment":[{"href":"https:\/\/www.q-bital.com\/pt_pt\/wp-json\/wp\/v2\/media?parent=7284"}],"curies":[{"name":"wp","href":"https:\/\/api.w.org\/{rel}","templated":true}]}}