{"id":191,"date":"2023-06-13T14:14:32","date_gmt":"2023-06-13T14:14:32","guid":{"rendered":"https:\/\/www.q-bital.com\/?page_id=191"},"modified":"2023-07-27T08:47:06","modified_gmt":"2023-07-27T08:47:06","slug":"our-services","status":"publish","type":"page","link":"https:\/\/www.q-bital.com\/ro_ro\/our-services\/","title":{"rendered":"Serviciile noastre"},"content":{"rendered":"<section id=\"section-2-59\" class=\"ct-section\" style=\"background-image:url(https:\/\/www.q-bital.com\/wp-content\/uploads\/sites\/8\/2023\/05\/boulders-right.png);background-size: auto;\" >\n<div class=\"ct-section-inner-wrap\">\n<div id=\"div_block-8-59\" class=\"ct-div-block\" ><a id=\"link_text-6-59\" class=\"ct-link-text\" href=\"\/ro_ro\/\" target=\"_self\"  >Acas\u0103<\/a><\/p>\n<h1 id=\"headline-3-59\" class=\"ct-headline\"><span id=\"span-4-59\" class=\"ct-span\" >Serviciile noastre<\/span><\/h1>\n<\/div>\n<\/div>\n<\/section>\n<section id=\"section-68-14-text-left-white\" class=\"ct-section\" >\n<div class=\"ct-section-inner-wrap\">\n<div id=\"new_columns-69-14text-left-white\" class=\"ct-new-columns\" >\n<div id=\"div_block-70-14\" class=\"ct-div-block\" >\n<h2 id=\"headline-71-14\" class=\"ct-headline\">V\u0103 putem ajuta s\u0103 r\u0103spunde\u021bi provoc\u0103rilor legate de \u00eengrijirea pacien\u021bilor<\/h2>\n<div id=\"_rich_text-72-14\" class=\"oxy-rich-text\" >\n<p>Oferim o gam\u0103 larg\u0103 de servicii pentru a v\u0103 ajuta s\u0103 v\u0103 face\u021bi fa\u021b\u0103 listei de a\u0219teptare, reamenaj\u0103rilor \u0219i provoc\u0103rilor de r\u0103spuns \u00een caz de urgen\u021b\u0103.&nbsp;<\/p>\n<p>\u00cen plus, putem oferi solu\u021bii complete la cheie, care includ op\u021biuni de proiectare \u0219i construc\u021bie personalizate, lucr\u00e2nd \u00een colaborare cu organiza\u021biile din domeniul s\u0103n\u0103t\u0103\u021bii pentru a satisface nevoile de capacitate necesare.&nbsp;<\/p>\n<\/div>\n<\/div>\n<div id=\"div_block-74-14\" class=\"ct-div-block\" ><img decoding=\"async\"  id=\"image-75-14\" alt=\"\" src=\"https:\/\/www.q-bital.com\/wp-content\/uploads\/sites\/8\/2023\/07\/We-can-help-you-respond-to-the-challenges-of-patient-care-image.jpg\" class=\"ct-image\"\/><\/div>\n<\/div>\n<\/div>\n<\/section>\n<section id=\"section-13-59\" class=\"ct-section\" >\n<div class=\"ct-section-inner-wrap\">\n<div id=\"_dynamic_list-16-59\" class=\"oxy-dynamic-list\">\n<div id=\"div_block-17-59-1\" class=\"ct-div-block\" data-id=\"div_block-17-59\"><a id=\"link-141-59-1\" class=\"ct-link\" href=\"https:\/\/www.q-bital.com\/ro_ro\/service\/additional-capacity\/\" data-id=\"link-141-59\"><img decoding=\"async\" id=\"image-25-59-1\" alt=\"\" src=\"https:\/\/www.q-bital.com\/wp-content\/uploads\/sites\/8\/2023\/06\/day-case-bay-1-1-1024x768.jpg\" class=\"ct-image\" data-id=\"image-25-59\"><\/a><\/p>\n<div id=\"div_block-49-59-1\" class=\"ct-div-block\" data-id=\"div_block-49-59\">\n<h3 id=\"headline-34-59-1\" class=\"ct-headline\" data-id=\"headline-34-59\"><span id=\"span-42-59\" class=\"ct-span\" ><a href='https:\/\/www.q-bital.com\/ro_ro\/service\/additional-capacity\/'>Capacitate suplimentar\u0103<\/a><\/span><\/h3>\n<p><a id=\"link_button-73-167-1\" class=\"ct-link-button button-pink\" href=\"https:\/\/www.q-bital.com\/ro_ro\/service\/additional-capacity\/\" target=\"_self\" data-id=\"link_button-73-167\">Afl\u0103 mai multe<\/a><\/div>\n<\/div>\n<div id=\"div_block-17-59-2\" class=\"ct-div-block\" data-id=\"div_block-17-59\"><a id=\"link-141-59-2\" class=\"ct-link\" href=\"https:\/\/www.q-bital.com\/ro_ro\/service\/turnkey-solutions\/\" data-id=\"link-141-59\"><img decoding=\"async\" id=\"image-25-59-2\" alt=\"\" src=\"https:\/\/www.q-bital.com\/wp-content\/uploads\/sites\/8\/2023\/06\/modular-operating-theatre-1-1024x769.jpg\" class=\"ct-image\" data-id=\"image-25-59\"><\/a><\/p>\n<div id=\"div_block-49-59-2\" class=\"ct-div-block\" data-id=\"div_block-49-59\">\n<h3 id=\"headline-34-59-2\" class=\"ct-headline\" data-id=\"headline-34-59\"><span id=\"span-42-59\" class=\"ct-span\" ><a href='https:\/\/www.q-bital.com\/ro_ro\/service\/turnkey-solutions\/'>Solu\u021bii la cheie<\/a><\/span><\/h3>\n<p><a id=\"link_button-73-167-2\" class=\"ct-link-button button-pink\" href=\"https:\/\/www.q-bital.com\/ro_ro\/service\/turnkey-solutions\/\" target=\"_self\" data-id=\"link_button-73-167\">Afl\u0103 mai multe<\/a><\/div>\n<\/div>\n<div id=\"div_block-17-59-3\" class=\"ct-div-block\" data-id=\"div_block-17-59\"><a id=\"link-141-59-3\" class=\"ct-link\" href=\"https:\/\/www.q-bital.com\/ro_ro\/service\/design-and-build\/\" data-id=\"link-141-59\"><img decoding=\"async\" id=\"image-25-59-3\" alt=\"\" src=\"https:\/\/www.q-bital.com\/wp-content\/uploads\/sites\/8\/legacy\/2020\/12\/YM-Modular-18-1024x637.jpg\" class=\"ct-image\" data-id=\"image-25-59\"><\/a><\/p>\n<div id=\"div_block-49-59-3\" class=\"ct-div-block\" data-id=\"div_block-49-59\">\n<h3 id=\"headline-34-59-3\" class=\"ct-headline\" data-id=\"headline-34-59\"><span id=\"span-42-59\" class=\"ct-span\" ><a href='https:\/\/www.q-bital.com\/ro_ro\/service\/design-and-build\/'>Proiecta\u021bi \u0219i construi\u021bi<\/a><\/span><\/h3>\n<p><a id=\"link_button-73-167-3\" class=\"ct-link-button button-pink\" href=\"https:\/\/www.q-bital.com\/ro_ro\/service\/design-and-build\/\" target=\"_self\" data-id=\"link_button-73-167\">Afl\u0103 mai multe<\/a><\/div>\n<\/div>\n<div id=\"div_block-17-59-4\" class=\"ct-div-block\" data-id=\"div_block-17-59\"><a id=\"link-141-59-4\" class=\"ct-link\" href=\"https:\/\/www.q-bital.com\/ro_ro\/service\/community-healthcare-and-diagnostics\/\" data-id=\"link-141-59\"><img decoding=\"async\" id=\"image-25-59-4\" alt=\"\" src=\"https:\/\/www.q-bital.com\/wp-content\/uploads\/sites\/8\/2023\/06\/healthcare-portability.jpg\" class=\"ct-image\" data-id=\"image-25-59\"><\/a><\/p>\n<div id=\"div_block-49-59-4\" class=\"ct-div-block\" data-id=\"div_block-49-59\">\n<h3 id=\"headline-34-59-4\" class=\"ct-headline\" data-id=\"headline-34-59\"><span id=\"span-42-59\" class=\"ct-span\" ><a href='https:\/\/www.q-bital.com\/ro_ro\/service\/community-healthcare-and-diagnostics\/'>Asisten\u021b\u0103 medical\u0103 comunitar\u0103 \u0219i diagnosticare<\/a><\/span><\/h3>\n<p><a id=\"link_button-73-167-4\" class=\"ct-link-button button-pink\" href=\"https:\/\/www.q-bital.com\/ro_ro\/service\/community-healthcare-and-diagnostics\/\" target=\"_self\" data-id=\"link_button-73-167\">Afl\u0103 mai multe<\/a><\/div>\n<\/div>\n<div id=\"div_block-17-59-5\" class=\"ct-div-block\" data-id=\"div_block-17-59\"><a id=\"link-141-59-5\" class=\"ct-link\" href=\"https:\/\/www.q-bital.com\/ro_ro\/service\/emergency-response\/\" data-id=\"link-141-59\"><img decoding=\"async\" id=\"image-25-59-5\" alt=\"\" src=\"https:\/\/www.q-bital.com\/wp-content\/uploads\/sites\/8\/2023\/06\/Rectangle-31-1.jpg\" class=\"ct-image\" data-id=\"image-25-59\"><\/a><\/p>\n<div id=\"div_block-49-59-5\" class=\"ct-div-block\" data-id=\"div_block-49-59\">\n<h3 id=\"headline-34-59-5\" class=\"ct-headline\" data-id=\"headline-34-59\"><span id=\"span-42-59\" class=\"ct-span\" ><a href='https:\/\/www.q-bital.com\/ro_ro\/service\/emergency-response\/'>Interven\u021bii de urgen\u021b\u0103<\/a><\/span><\/h3>\n<p><a id=\"link_button-73-167-5\" class=\"ct-link-button button-pink\" href=\"https:\/\/www.q-bital.com\/ro_ro\/service\/emergency-response\/\" target=\"_self\" data-id=\"link_button-73-167\">Afl\u0103 mai multe<\/a><\/div>\n<\/div>\n<div id=\"div_block-17-59-6\" class=\"ct-div-block\" data-id=\"div_block-17-59\"><a id=\"link-141-59-6\" class=\"ct-link\" href=\"https:\/\/www.q-bital.com\/ro_ro\/service\/disaster-recovery-planning\/\" data-id=\"link-141-59\"><img decoding=\"async\" id=\"image-25-59-6\" alt=\"\" src=\"https:\/\/www.q-bital.com\/wp-content\/uploads\/sites\/8\/2023\/06\/Disaster-Recovery-1024x683.jpg\" class=\"ct-image\" data-id=\"image-25-59\"><\/a><\/p>\n<div id=\"div_block-49-59-6\" class=\"ct-div-block\" data-id=\"div_block-49-59\">\n<h3 id=\"headline-34-59-6\" class=\"ct-headline\" data-id=\"headline-34-59\"><span id=\"span-42-59\" class=\"ct-span\" ><a href='https:\/\/www.q-bital.com\/ro_ro\/service\/disaster-recovery-planning\/'>Planificarea recuper\u0103rii \u00een caz de dezastru<\/a><\/span><\/h3>\n<p><a id=\"link_button-73-167-6\" class=\"ct-link-button button-pink\" href=\"https:\/\/www.q-bital.com\/ro_ro\/service\/disaster-recovery-planning\/\" target=\"_self\" data-id=\"link_button-73-167\">Afl\u0103 mai multe<\/a><\/div>\n<\/div>\n<div id=\"div_block-17-59-7\" class=\"ct-div-block\" data-id=\"div_block-17-59\"><a id=\"link-141-59-7\" class=\"ct-link\" href=\"https:\/\/www.q-bital.com\/ro_ro\/service\/refurbishment-or-reconfiguration\/\" data-id=\"link-141-59\"><img decoding=\"async\" id=\"image-25-59-7\" alt=\"\" src=\"https:\/\/www.q-bital.com\/wp-content\/uploads\/sites\/8\/2023\/06\/Rectangle-31-1.jpg\" class=\"ct-image\" data-id=\"image-25-59\"><\/a><\/p>\n<div id=\"div_block-49-59-7\" class=\"ct-div-block\" data-id=\"div_block-49-59\">\n<h3 id=\"headline-34-59-7\" class=\"ct-headline\" data-id=\"headline-34-59\"><span id=\"span-42-59\" class=\"ct-span\" ><a href='https:\/\/www.q-bital.com\/ro_ro\/service\/refurbishment-or-reconfiguration\/'>Reconfigurare sau reconfigurare<\/a><\/span><\/h3>\n<p><a id=\"link_button-73-167-7\" class=\"ct-link-button button-pink\" href=\"https:\/\/www.q-bital.com\/ro_ro\/service\/refurbishment-or-reconfiguration\/\" target=\"_self\" data-id=\"link_button-73-167\">Afl\u0103 mai multe<\/a><\/div>\n<\/div>\n<div id=\"div_block-17-59-8\" class=\"ct-div-block\" data-id=\"div_block-17-59\"><a id=\"link-141-59-8\" class=\"ct-link\" href=\"https:\/\/www.q-bital.com\/ro_ro\/service\/equipment-inventory\/\" data-id=\"link-141-59\"><img decoding=\"async\" id=\"image-25-59-8\" alt=\"\" src=\"https:\/\/www.q-bital.com\/wp-content\/uploads\/sites\/8\/2023\/06\/recovery-room-1-scaled-1024x683.jpeg\" class=\"ct-image\" data-id=\"image-25-59\"><\/a><\/p>\n<div id=\"div_block-49-59-8\" class=\"ct-div-block\" data-id=\"div_block-49-59\">\n<h3 id=\"headline-34-59-8\" class=\"ct-headline\" data-id=\"headline-34-59\"><span id=\"span-42-59\" class=\"ct-span\" ><a href='https:\/\/www.q-bital.com\/ro_ro\/service\/equipment-inventory\/'>Inventarul echipamentelor<\/a><\/span><\/h3>\n<p><a id=\"link_button-73-167-8\" class=\"ct-link-button button-pink\" href=\"https:\/\/www.q-bital.com\/ro_ro\/service\/equipment-inventory\/\" target=\"_self\" data-id=\"link_button-73-167\">Afl\u0103 mai multe<\/a><\/div>\n<\/div>\n<div id=\"div_block-17-59-9\" class=\"ct-div-block\" data-id=\"div_block-17-59\"><a id=\"link-141-59-9\" class=\"ct-link\" href=\"https:\/\/www.q-bital.com\/ro_ro\/service\/feedback\/\" data-id=\"link-141-59\"><img decoding=\"async\" id=\"image-25-59-9\" alt=\"\" src=\"https:\/\/www.q-bital.com\/wp-content\/uploads\/sites\/8\/2023\/05\/Staffed-operating-theatre1-1024x713.jpg\" class=\"ct-image\" data-id=\"image-25-59\"><\/a><\/p>\n<div id=\"div_block-49-59-9\" class=\"ct-div-block\" data-id=\"div_block-49-59\">\n<h3 id=\"headline-34-59-9\" class=\"ct-headline\" data-id=\"headline-34-59\"><span id=\"span-42-59\" class=\"ct-span\" ><a href='https:\/\/www.q-bital.com\/ro_ro\/service\/feedback\/'>P\u0103rere<\/a><\/span><\/h3>\n<p><a id=\"link_button-73-167-9\" class=\"ct-link-button button-pink\" href=\"https:\/\/www.q-bital.com\/ro_ro\/service\/feedback\/\" target=\"_self\" data-id=\"link_button-73-167\">Afl\u0103 mai multe<\/a><\/div>\n<\/div><\/div>\n<\/div>\n<\/section>\n<section id=\"section-144-59\" class=\"ct-section\" >\n<div class=\"ct-section-inner-wrap\">\n<div id=\"new_columns-145-59\" class=\"ct-new-columns\" >\n<div id=\"div_block-146-59\" class=\"ct-div-block\" >\n<div id=\"_rich_text-9-63\" class=\"oxy-rich-text\" >\n<p>G\u0103sirea unei solu\u021bii care func\u021bioneaz\u0103 pentru spitalul t\u0103u \u00eencepe aici...<\/p>\n<\/div>\n<p><a id=\"link_button-149-59\" class=\"ct-link-button\" href=\"\/ro_ro\/contact\/\" target=\"_self\"  >Intra\u021bi \u00een leg\u0103tur\u0103<\/a><\/div>\n<div id=\"div_block-150-59\" class=\"ct-div-block\" ><img decoding=\"async\"  id=\"image-151-59\" alt=\"\" src=\"https:\/\/www.q-bital.com\/wp-content\/uploads\/2023\/06\/kettering-2-scaled.jpg\" class=\"ct-image\"\/><\/div>\n<\/div>\n<\/div>\n<\/section>","protected":false},"excerpt":{"rendered":"","protected":false},"author":2,"featured_media":0,"parent":0,"menu_order":0,"comment_status":"closed","ping_status":"closed","template":"","meta":{"_acf_changed":false,"footnotes":""},"class_list":["post-191","page","type-page","status-publish","hentry"],"acf":[],"yoast_head":"<!-- This site is optimized with the Yoast SEO plugin v27.3 - https:\/\/yoast.com\/product\/yoast-seo-wordpress\/ -->\n<title>Our services - Q-bital Healthcare Solutions<\/title>\n<meta name=\"robots\" content=\"index, follow, max-snippet:-1, max-image-preview:large, max-video-preview:-1\" \/>\n<link rel=\"canonical\" href=\"https:\/\/www.q-bital.com\/ro_ro\/our-services\/\" \/>\n<meta property=\"og:locale\" content=\"ro_RO\" \/>\n<meta property=\"og:type\" content=\"article\" \/>\n<meta property=\"og:title\" content=\"Our services - Q-bital Healthcare Solutions\" \/>\n<meta property=\"og:url\" content=\"https:\/\/www.q-bital.com\/ro_ro\/our-services\/\" \/>\n<meta property=\"og:site_name\" content=\"Q-bital Healthcare Solutions\" \/>\n<meta property=\"article:modified_time\" content=\"2023-07-27T08:47:06+00:00\" \/>\n<meta name=\"twitter:card\" content=\"summary_large_image\" \/>\n<script type=\"application\/ld+json\" class=\"yoast-schema-graph\">{\"@context\":\"https:\\\/\\\/schema.org\",\"@graph\":[{\"@type\":\"WebPage\",\"@id\":\"https:\\\/\\\/www.q-bital.com\\\/our-services\\\/\",\"url\":\"https:\\\/\\\/www.q-bital.com\\\/our-services\\\/\",\"name\":\"Our services - Q-bital Healthcare Solutions\",\"isPartOf\":{\"@id\":\"https:\\\/\\\/www.q-bital.com\\\/#website\"},\"datePublished\":\"2023-06-13T14:14:32+00:00\",\"dateModified\":\"2023-07-27T08:47:06+00:00\",\"inLanguage\":\"ro-RO\",\"potentialAction\":[{\"@type\":\"ReadAction\",\"target\":[\"https:\\\/\\\/www.q-bital.com\\\/our-services\\\/\"]}]},{\"@type\":\"WebSite\",\"@id\":\"https:\\\/\\\/www.q-bital.com\\\/#website\",\"url\":\"https:\\\/\\\/www.q-bital.com\\\/\",\"name\":\"Q-bital Healthcare Solutions\",\"description\":\"\",\"potentialAction\":[{\"@type\":\"SearchAction\",\"target\":{\"@type\":\"EntryPoint\",\"urlTemplate\":\"https:\\\/\\\/www.q-bital.com\\\/?s={search_term_string}\"},\"query-input\":{\"@type\":\"PropertyValueSpecification\",\"valueRequired\":true,\"valueName\":\"search_term_string\"}}],\"inLanguage\":\"ro-RO\"}]}<\/script>\n<!-- \/ Yoast SEO plugin. -->","yoast_head_json":{"title":"Serviciile noastre - Q-bital Healthcare Solutions","robots":{"index":"index","follow":"follow","max-snippet":"max-snippet:-1","max-image-preview":"max-image-preview:large","max-video-preview":"max-video-preview:-1"},"canonical":"https:\/\/www.q-bital.com\/ro_ro\/our-services\/","og_locale":"ro_RO","og_type":"article","og_title":"Our services - Q-bital Healthcare Solutions","og_url":"https:\/\/www.q-bital.com\/ro_ro\/our-services\/","og_site_name":"Q-bital Healthcare Solutions","article_modified_time":"2023-07-27T08:47:06+00:00","twitter_card":"summary_large_image","schema":{"@context":"https:\/\/schema.org","@graph":[{"@type":"WebPage","@id":"https:\/\/www.q-bital.com\/our-services\/","url":"https:\/\/www.q-bital.com\/our-services\/","name":"Serviciile noastre - Q-bital Healthcare Solutions","isPartOf":{"@id":"https:\/\/www.q-bital.com\/#website"},"datePublished":"2023-06-13T14:14:32+00:00","dateModified":"2023-07-27T08:47:06+00:00","inLanguage":"ro-RO","potentialAction":[{"@type":"ReadAction","target":["https:\/\/www.q-bital.com\/our-services\/"]}]},{"@type":"WebSite","@id":"https:\/\/www.q-bital.com\/#website","url":"https:\/\/www.q-bital.com\/","name":"Q-bital Healthcare Solutions","description":"","potentialAction":[{"@type":"SearchAction","target":{"@type":"EntryPoint","urlTemplate":"https:\/\/www.q-bital.com\/?s={search_term_string}"},"query-input":{"@type":"PropertyValueSpecification","valueRequired":true,"valueName":"search_term_string"}}],"inLanguage":"ro-RO"}]}},"_links":{"self":[{"href":"https:\/\/www.q-bital.com\/ro_ro\/wp-json\/wp\/v2\/pages\/191","targetHints":{"allow":["GET"]}}],"collection":[{"href":"https:\/\/www.q-bital.com\/ro_ro\/wp-json\/wp\/v2\/pages"}],"about":[{"href":"https:\/\/www.q-bital.com\/ro_ro\/wp-json\/wp\/v2\/types\/page"}],"author":[{"embeddable":true,"href":"https:\/\/www.q-bital.com\/ro_ro\/wp-json\/wp\/v2\/users\/2"}],"replies":[{"embeddable":true,"href":"https:\/\/www.q-bital.com\/ro_ro\/wp-json\/wp\/v2\/comments?post=191"}],"version-history":[{"count":0,"href":"https:\/\/www.q-bital.com\/ro_ro\/wp-json\/wp\/v2\/pages\/191\/revisions"}],"wp:attachment":[{"href":"https:\/\/www.q-bital.com\/ro_ro\/wp-json\/wp\/v2\/media?parent=191"}],"curies":[{"name":"wp","href":"https:\/\/api.w.org\/{rel}","templated":true}]}}