{"id":209,"date":"2023-06-14T14:38:36","date_gmt":"2023-06-14T14:38:36","guid":{"rendered":"https:\/\/www.q-bital.com\/?page_id=209"},"modified":"2023-08-30T15:11:30","modified_gmt":"2023-08-30T15:11:30","slug":"environment","status":"publish","type":"page","link":"https:\/\/www.q-bital.com\/ro_ro\/environment\/","title":{"rendered":"Mediu inconjurator"},"content":{"rendered":"<section id=\"section-2-59\" class=\"ct-section\" style=\"background-image:url(https:\/\/www.q-bital.com\/wp-content\/uploads\/sites\/8\/2023\/05\/boulders-right.png);background-size: auto;\" >\n<div class=\"ct-section-inner-wrap\">\n<div id=\"div_block-8-59\" class=\"ct-div-block\" ><a id=\"link_text-6-59\" class=\"ct-link-text\" href=\"\/ro_ro\/\" target=\"_self\"  >Acas\u0103<\/a><\/p>\n<h1 id=\"headline-3-59\" class=\"ct-headline\"><span id=\"span-4-59\" class=\"ct-span\" >Mediu inconjurator<\/span><\/h1>\n<\/div>\n<\/div>\n<\/section>\n<section id=\"section-68-14-text-left-white\" class=\"ct-section\" >\n<div class=\"ct-section-inner-wrap\">\n<div id=\"new_columns-69-14text-left-white\" class=\"ct-new-columns\" >\n<div id=\"div_block-70-14\" class=\"ct-div-block\" >\n<h2 id=\"headline-71-14\" class=\"ct-headline\">Angajamentele noastre de sustenabilitate \u0219i responsabilitate social\u0103<\/h2>\n<div id=\"_rich_text-72-14\" class=\"oxy-rich-text\" >\n<p>Ne angaj\u0103m s\u0103 devenim o organiza\u021bie sustenabil\u0103 din punct de vedere al mediului \u0219i responsabil\u0103 din punct de vedere social, care creeaz\u0103 spa\u021bii clinice de asisten\u021b\u0103 medical\u0103 de v\u00e2rf la nivel mondial, cu impact minim asupra mediului.<\/p>\n<p><strong>Scopurile noastre<\/strong><\/p>\n<p>1. Practicile noastre de afaceri sunt \u00een continu\u0103 evolu\u021bie; Foaia noastr\u0103 de parcurs de mediu ne angajeaz\u0103 s\u0103 fim neutri din punct de vedere al emisiilor 1 \u0219i 2 p\u00e2n\u0103 la sf\u00e2r\u0219itul anului 2023 \u0219i s\u0103 devenim zero carbon p\u00e2n\u0103 \u00een 2035.<\/p>\n<p>2. Ne str\u0103duim \u00een mod constant s\u0103 oferim produse \u0219i servicii care s\u0103 ne ajute clien\u021bii s\u0103-\u0219i ating\u0103 propriile obiective de mediu. Spa\u021biile noastre de asisten\u021b\u0103 medical\u0103 vor fi neutre din punct de vedere al emisiilor de carbon pe o baz\u0103 de zi cu zi p\u00e2n\u0103 \u00een 2025.<\/p>\n<\/div>\n<\/div>\n<div id=\"div_block-74-14\" class=\"ct-div-block\" ><img decoding=\"async\"  id=\"image-75-14\" alt=\"\" src=\"https:\/\/www.q-bital.com\/wp-content\/uploads\/sites\/8\/2023\/07\/Solar-Panels.jpg\" class=\"ct-image\"\/><\/div>\n<\/div>\n<\/div>\n<\/section>\n<section id=\"section-88-34-blue\" class=\"ct-section\" >\n<div class=\"ct-section-inner-wrap\">\n<div id=\"new_columns-89-34-blue\" class=\"ct-new-columns\" >\n<div id=\"div_block-94-34\" class=\"ct-div-block\" ><img decoding=\"async\"  id=\"image-95-34\" alt=\"\" src=\"https:\/\/www.q-bital.com\/wp-content\/uploads\/sites\/8\/2023\/07\/CO2.jpg\" class=\"ct-image\"\/><\/div>\n<div id=\"div_block-90-34\" class=\"ct-div-block\" >\n<h2 id=\"headline-91-34\" class=\"ct-headline\">Angajamentele noastre <\/h2>\n<div id=\"_rich_text-92-34\" class=\"oxy-rich-text\" >\n<ul>\n<li>Av\u00e2nd un plan strategic clar, pe termen lung, cu obiective bazate pe \u0219tiin\u021b\u0103, pentru a ne asigura c\u0103 ne atingem obiectivele pe termen lung \u0219i ne realiz\u0103m activitatea tactic\u0103 anual\u0103<\/li>\n<li>Publicarea anual\u0103 a a <a href=\"\/ro_ro\/carbon-reduction-plan\/\">plan de reducere a carbonului<\/a><\/li>\n<li>M\u0103surarea anual\u0103 a amprentei noastre de carbon<\/li>\n<li>Oferi\u021bi un portofoliu modular de cl\u0103dire net zero p\u00e2n\u0103 \u00een 2024 &nbsp;<\/li>\n<li>Asigurarea c\u0103 avem un lan\u021b de aprovizionare durabil, folosind materiale \u0219i design capabile s\u0103 prelungeasc\u0103 durata de via\u021b\u0103 a cl\u0103dirilor noastre<\/li>\n<li>Maximizarea nivelului de reutilizare\/reutilizare sau reciclare pentru proiecte viitoare<\/li>\n<li>Cre\u0219terea utiliz\u0103rii surselor de energie regenerabil\u0103 \u00een sediul nostru p\u00e2n\u0103 c\u00e2nd vom fi alimenta\u021bi integral cu surse regenerabile \u00een 2025<\/li>\n<li>Trecerea la o flot\u0103 alimentat\u0103 cu energie electric\u0103 p\u00e2n\u0103 \u00een 2025, eliminarea treptat\u0103 a vehiculelor pe combustibili fosili<\/li>\n<li>Reducerea emisiilor din lan\u021bul de aprovizionare cu 80%<\/li>\n<li>Investi\u021bii \u00een curs de desf\u0103\u0219urare \u00een proiecte de eliminare a carbonului care capteaz\u0103 carbonul din atmosfer\u0103 pentru a elimina 500 t de CO2 pe an<\/li>\n<li>Ne asigur\u0103m c\u0103 lan\u021bul nostru de aprovizionare are practici de reducere a impactului asupra mediului, inclusiv alegerea materialelor&nbsp;<\/li>\n<li>Niciun de\u0219eu nu este livrat la groapa de gunoi<\/li>\n<\/ul>\n<p>Vede\u021bi c\u0103l\u0103toria noastr\u0103 c\u0103tre&nbsp;<a href=\"\/wp-content\/uploads\/sites\/8\/2023\/07\/Vanguard-Carbon-Net-Zero-Graphics-July-2023-1.pdf\" target=\"_blank\" rel=\"noopener\">Foaia de parcurs Carbon Net Zero<\/a><\/p>\n<\/div>\n<\/div>\n<\/div>\n<\/div>\n<\/section>\n<section id=\"section-68-14-text-left-white\" class=\"ct-section\" >\n<div class=\"ct-section-inner-wrap\">\n<div id=\"new_columns-69-14text-left-white\" class=\"ct-new-columns\" >\n<div id=\"div_block-70-14\" class=\"ct-div-block\" >\n<h2 id=\"headline-71-14\" class=\"ct-headline\">Cum livr\u0103m produse \u0219i servicii care ajut\u0103 clien\u021bii no\u0219tri s\u0103-\u0219i ating\u0103 obiectivele de mediu:<\/h2>\n<div id=\"_rich_text-72-14\" class=\"oxy-rich-text\" >\n<ul>\n<li>Spa\u021bii de asisten\u021b\u0103 medical\u0103 fabricate \u00een mediile proprii controlate de fabric\u0103<\/li>\n<li>Nivelurile de finalizare a fabricii 80% minimizeaz\u0103 activit\u0103\u021bile la fa\u021ba locului<\/li>\n<li>Introducerea unei cl\u0103diri modulare neutre din carbon \u00een portofoliul nostru de servicii&nbsp;<\/li>\n<li>Toate cl\u0103dirile pentru a atinge nivelurile BREEAM \u201eExcelent\u201d ca standard<\/li>\n<li>Livrarea de cl\u0103diri eficiente energetic, care nu compromit cerin\u021bele de siguran\u021b\u0103, practice sau func\u021bionale&nbsp;<\/li>\n<li>Utilizarea tehnologiilor moderne pentru captarea \u0219i utilizarea surselor de energie regenerabil\u0103 pentru a controla mediile de operare<\/li>\n<li>Module de substructur\u0103 din beton cu cadru din o\u021bel, fabricate \u00eentr-o fabric\u0103 neutr\u0103 din carbon<\/li>\n<\/ul>\n<\/div>\n<\/div>\n<div id=\"div_block-74-14\" class=\"ct-div-block\" ><img decoding=\"async\"  id=\"image-75-14\" alt=\"\" src=\"https:\/\/www.q-bital.com\/wp-content\/uploads\/sites\/8\/2023\/07\/Roof.jpg\" class=\"ct-image\"\/><\/div>\n<\/div>\n<\/div>\n<\/section>\n<section id=\"section-88-34-blue\" class=\"ct-section\" >\n<div class=\"ct-section-inner-wrap\">\n<div id=\"new_columns-89-34-blue\" class=\"ct-new-columns\" >\n<div id=\"div_block-94-34\" class=\"ct-div-block\" ><img decoding=\"async\"  id=\"image-95-34\" alt=\"\" src=\"https:\/\/www.q-bital.com\/wp-content\/uploads\/sites\/8\/2023\/07\/Crane.jpg\" class=\"ct-image\"\/><\/div>\n<div id=\"div_block-90-34\" class=\"ct-div-block\" >\n<h2 id=\"headline-91-34\" class=\"ct-headline\">O economie circular\u0103<\/h2>\n<div id=\"_rich_text-92-34\" class=\"oxy-rich-text\" >\n<p>Prin designul lor adaptabil \u0219i durabil, unit\u0103\u021bile de asisten\u021b\u0103 medical\u0103 modulare \u0219i mobile joac\u0103 un rol vital \u00een promovarea economiei circulare, oferind \u00een acela\u0219i timp beneficii de mediu \u0219i durabile. Utilizarea componentelor modulare permite dezasamblarea, relocarea \u0219i reconfigurarea u\u0219oar\u0103, permi\u021b\u00e2nd furnizarea eficient\u0103 a serviciilor de asisten\u021b\u0103 medical\u0103 acolo unde este necesar.&nbsp;<\/p>\n<p>Aceast\u0103 flexibilitate nu numai c\u0103 reduce costurile de construc\u021bie \u0219i opera\u021bionale, dar scade \u0219i amprenta asupra mediului asociat\u0103 structurilor fixe tradi\u021bionale de asisten\u021b\u0103 medical\u0103. Mai mult, instala\u021biile modulare promoveaz\u0103 reutilizarea \u0219i reciclarea materialelor, contribuind la economia circular\u0103 prin prelungirea duratei de via\u021b\u0103 a acestora \u0219i reducerea cererii de noi resurse.&nbsp;<\/p>\n<\/div>\n<\/div>\n<\/div>\n<\/div>\n<\/section>\n<section id=\"section-332-315\" class=\"ct-section\" >\n<div class=\"ct-section-inner-wrap\">\n<div id=\"new_columns-333-315\" class=\"ct-new-columns\" >\n<div id=\"div_block-334-315\" class=\"ct-div-block\" >\n<div id=\"div_block-345-315\" class=\"ct-div-block box-shadow\" >\n<div id=\"_rich_text-346-315\" class=\"oxy-rich-text\" >\n<h3>Lan\u021bul nostru de aprovizionare<\/h3>\n<p>\u2022 Modulele noastre de substructur\u0103 din beton, cu cadru din o\u021bel, sunt fabricate \u00eentr-o fabric\u0103 neutr\u0103 din carbon<\/p>\n<p>\u2022 Sistemele noastre de pere\u021bi sunt specificate \u0219i proiectate pentru cl\u0103dirile noastre, reduc\u00e2nd de\u0219eurile \u0219i reluarea defectelor<\/p>\n<p>\u2022 Lucr\u0103m cu lan\u021burile noastre de aprovizionare pentru a le reduce impactul asupra mediului prin materialele selectate \u0219i propriile practici<\/p>\n<\/div>\n<\/div>\n<\/div>\n<div id=\"div_block-335-315\" class=\"ct-div-block\" >\n<div id=\"div_block-342-315\" class=\"ct-div-block box-shadow\" >\n<div id=\"_rich_text-337-315\" class=\"oxy-rich-text\" >\n<h3>Mediu controlat din fabric\u0103<\/h3>\n<p>\u2022 Episoadele de reluare \u0219i de defecte sunt minimizate<\/p>\n<p>\u2022 Reducerea risipei de materiale prin controlul produc\u021biei<\/p>\n<p>\u2022 Cre\u0219terea nivelurilor noastre de segregare \u0219i reciclare a de\u0219eurilor<\/p>\n<\/div>\n<\/div>\n<\/div>\n<\/div>\n<div id=\"new_columns-350-315\" class=\"ct-new-columns\" >\n<div id=\"div_block-351-315\" class=\"ct-div-block\" >\n<div id=\"div_block-354-315\" class=\"ct-div-block box-shadow\" >\n<div id=\"_rich_text-355-315\" class=\"oxy-rich-text\" >\n<h3>Proiecte eficiente energetic<\/h3>\n<p>\u2022 Folosirea luminii naturale \u0219i a ventila\u021biei acolo unde este posibil<\/p>\n<p>\u2022 Oferirea unor valori ridicate de izolare \u00een cadrul sistemelor noastre modulare de pere\u021bi, acoperi\u0219uri \u0219i geamuri<\/p>\n<p>\u2022 Captarea energiei acolo unde este practic<\/p>\n<p>\u2022 Ziduri verzi<\/p>\n<\/div>\n<\/div>\n<\/div>\n<div id=\"div_block-356-315\" class=\"ct-div-block\" >\n<div id=\"div_block-359-315\" class=\"ct-div-block box-shadow\" >\n<div id=\"_rich_text-360-315\" class=\"oxy-rich-text\" >\n<h3>Utilizarea tehnologiilor moderne durabile<\/h3>\n<p>\u2022 Op\u021biuni de \u00eenc\u0103lzire la sol\/aer<\/p>\n<p>\u2022 Panouri fotovoltaice<\/p>\n<p>\u2022 Monitorizare integrat\u0103 a CO2<\/p>\n<p>\u2022 Recuperarea apei pluviale<\/p>\n<\/div>\n<\/div>\n<\/div>\n<\/div>\n<\/div>\n<\/section>\n<section id=\"section-68-14-text-left-white\" class=\"ct-section\" >\n<div class=\"ct-section-inner-wrap\">\n<div id=\"new_columns-69-14text-left-white\" class=\"ct-new-columns\" >\n<div id=\"div_block-70-14\" class=\"ct-div-block\" >\n<h2 id=\"headline-71-14\" class=\"ct-headline\">Responsabilitate social\u0103<\/h2>\n<div id=\"_rich_text-72-14\" class=\"oxy-rich-text\" >\n<p>Ne folosim acoperirea corporativ\u0103 pentru a beneficia de mediu, de comunit\u0103\u021bi \u0219i de a oferi spa\u021bii de \u00eengrijire medical\u0103 sigure \u0219i de \u00eenalt\u0103 calitate.&nbsp;<\/p>\n<p>Accentul nostru se pune pe:<\/p>\n<ul>\n<li>Realizarea standardelor ISO14001 \u0219i 45001<\/li>\n<li>Lucrul cu trusturi pentru conservarea faunei s\u0103lbatice pentru a \u00eembun\u0103t\u0103\u021bi calitatea r\u00e2urilor \u0219i canalelor din Regatul Unit&nbsp;<\/li>\n<li>Oferirea angaja\u021bilor de munc\u0103 de voluntariat pl\u0103tit\u0103 cu echipa Ark Business Conservation<\/li>\n<li>\u00cembun\u0103t\u0103\u021birea \u0219anselor de via\u021b\u0103 pentru tinerii cu acces la munc\u0103 \u00een domeniul asisten\u021bei medicale \u0219i al ingineriei medicale. Uceniciile \u0219i mentoratele direc\u021bionate reprezint\u0103 10% din for\u021ba noastr\u0103 de munc\u0103<\/li>\n<li>Preg\u0103tirea 10% a for\u021bei noastre de munc\u0103 pentru a deveni personal de prim ajutor \u00een s\u0103n\u0103tate mintal\u0103<\/li>\n<li>Sprijinirea cauzelor primelor na\u021biuni din Australia prin oportunit\u0103\u021bi de voluntariat pl\u0103tite<\/li>\n<li>\u00cembun\u0103t\u0103\u021birea mediilor la locul de munc\u0103<\/li>\n<li>Sprijinirea organiza\u021biilor medicale \u0219i a sectorului privat de asisten\u021b\u0103 medical\u0103 pentru a ajuta pacien\u021bii s\u0103 se \u00eentoarc\u0103 la locul de munc\u0103 sau la responsabilit\u0103\u021bile lor de \u00eengrijire<\/li>\n<li>Crearea unui sentiment de responsabilitate comun\u0103 \u0219i responsabilitate \u00een cadrul afacerii noastre prin instruire \u0219i dezvoltare, rute \u0219i sisteme de comunicare<\/li>\n<li>Asigurarea Acredit\u0103rii B Corp p\u00e2n\u0103 \u00een 2025 pentru a reflecta angajamentul nostru de a \u00eendeplini standarde \u00eenalte de performan\u021b\u0103 social\u0103 \u0219i de mediu, transparen\u021b\u0103 \u0219i responsabilitate.&nbsp;<\/li>\n<\/ul>\n<p>Vizualiza\u021bi <a href=\"\/wp-content\/uploads\/sites\/8\/2023\/07\/Vanguard-Corp-Responsibilty-Graphics-July-2023-1.pdf\" target=\"_blank\" rel=\"noopener\">foaia de parcurs pentru responsabilitatea social\u0103 corporativ\u0103<\/a><\/p>\n<\/div>\n<\/div>\n<div id=\"div_block-74-14\" class=\"ct-div-block\" ><img decoding=\"async\"  id=\"image-75-14\" alt=\"\" src=\"https:\/\/www.q-bital.com\/wp-content\/uploads\/sites\/8\/2023\/07\/Social-Responsibility.jpg\" class=\"ct-image\"\/><\/div>\n<\/div>\n<\/div>\n<\/section>\n<section id=\"section-88-34-blue\" class=\"ct-section\" >\n<div class=\"ct-section-inner-wrap\">\n<div id=\"new_columns-89-34-blue\" class=\"ct-new-columns\" >\n<div id=\"div_block-94-34\" class=\"ct-div-block\" ><img decoding=\"async\"  id=\"image-95-34\" alt=\"\" src=\"https:\/\/www.q-bital.com\/wp-content\/uploads\/sites\/8\/2023\/05\/Staffed-operating-theatre1.jpg\" class=\"ct-image\"\/><\/div>\n<div id=\"div_block-90-34\" class=\"ct-div-block\" >\n<h2 id=\"headline-91-34\" class=\"ct-headline\">Contractorii no\u0219tri \u0219i managementul lan\u021bului de aprovizionare<\/h2>\n<div id=\"_rich_text-92-34\" class=\"oxy-rich-text\" >\n<p>Ne asigur\u0103m c\u0103 contractan\u021bii no\u0219tri satisfac cele mai \u00eenalte standarde de func\u021bionare de s\u0103n\u0103tate \u0219i siguran\u021b\u0103, precum \u0219i respect\u0103 cerin\u021bele legale \u0219i de regularitate relevante, cum ar fi Legea egalit\u0103\u021bii \u0219i <a href=\"..\/modern-slavery-and-human-trafficking-statement\/\">Legea modern\u0103 a sclaviei \u0219i a traficului de persoane<\/a>.&nbsp;<\/p>\n<p>Ne angaj\u0103m s\u0103 adopt\u0103m practici de plat\u0103 corecte, a\u0219a cum sunt subliniate \u00een \u00eendrum\u0103rile fostului Oficiu pentru Comer\u021b Guvernamental \u0219i \u00een principiile Construc\u021biei 2025:&nbsp;<\/p>\n<ul>\n<li>Transparen\u021b\u0103 \u00een procedurile de plat\u0103&nbsp;<\/li>\n<li>Confirmarea pl\u0103\u021bilor fa\u021b\u0103 de etape&nbsp;<\/li>\n<li>Orice sume care sunt re\u021binute cu termen \u0219i motiv.&nbsp;<\/li>\n<\/ul>\n<p>Suntem un membru acreditat al Schemei de contractori considera\u021bi \u0219i oper\u0103m printr-un lan\u021b de aprovizionare de parteneri valoro\u0219i.&nbsp;<\/p>\n<\/div>\n<\/div>\n<\/div>\n<\/div>\n<\/section>\n<section id=\"section-68-14-text-left-white\" class=\"ct-section\" >\n<div class=\"ct-section-inner-wrap\">\n<div id=\"new_columns-69-14text-left-white\" class=\"ct-new-columns\" >\n<div id=\"div_block-70-14\" class=\"ct-div-block\" >\n<h2 id=\"headline-71-14\" class=\"ct-headline\">Guvernare<\/h2>\n<div id=\"_rich_text-72-14\" class=\"oxy-rich-text\" >\n<p>Politicile noastre riguroase de guvernare sus\u021bin siguran\u021ba \u0219i conformitatea. Siguran\u021ba pacien\u021bilor, a clien\u021bilor no\u0219tri \u0219i a personalului nostru este \u00een centrul a tot ceea ce facem. Sistemul nostru de guvernan\u021b\u0103 a fost conceput pentru a fi robust \u0219i pentru a oferi \u00eembun\u0103t\u0103\u021biri continue.<\/p>\n<p>Politica noastr\u0103 activ\u0103 de guvernan\u021b\u0103 integrat\u0103 este conceput\u0103 pentru a sprijini furnizarea unui serviciu sigur \u0219i conform. Audit\u0103m aceast\u0103 politic\u0103 \u0219i monitoriz\u0103m rezultatele acesteia la fiecare nivel al organiza\u021biei noastre. \u00cen rarele ocazii \u00een care lucrurile nu au mers conform planului, le-am corectat \u0219i le folosim pentru a ne \u00eembun\u0103t\u0103\u021bi serviciile viitoare.<\/p>\n<p>Exist\u0103 un proces strict de calitate pentru a identifica \u0219i aborda orice probleme clinice \u0219i pentru a aborda toate riscurile. Aceasta include at\u00e2t procese de audit intern, c\u00e2t \u0219i extern pentru monitorizarea \u0219i verificarea serviciilor oferite.<\/p>\n<\/div>\n<\/div>\n<div id=\"div_block-74-14\" class=\"ct-div-block\" ><img decoding=\"async\"  id=\"image-75-14\" alt=\"\" src=\"https:\/\/www.q-bital.com\/wp-content\/uploads\/sites\/8\/2023\/07\/Governance.jpg\" class=\"ct-image\"\/><\/div>\n<\/div>\n<\/div>\n<\/section>","protected":false},"excerpt":{"rendered":"","protected":false},"author":2,"featured_media":0,"parent":0,"menu_order":0,"comment_status":"closed","ping_status":"closed","template":"","meta":{"_acf_changed":false,"footnotes":""},"class_list":["post-209","page","type-page","status-publish","hentry"],"acf":[],"yoast_head":"<!-- This site is optimized with the Yoast SEO plugin v27.4 - https:\/\/yoast.com\/product\/yoast-seo-wordpress\/ -->\n<title>Environment - Q-bital Healthcare Solutions<\/title>\n<meta name=\"robots\" content=\"index, follow, max-snippet:-1, max-image-preview:large, max-video-preview:-1\" \/>\n<link rel=\"canonical\" href=\"https:\/\/www.q-bital.com\/ro_ro\/environment\/\" \/>\n<meta property=\"og:locale\" content=\"ro_RO\" \/>\n<meta property=\"og:type\" content=\"article\" \/>\n<meta property=\"og:title\" content=\"Environment - Q-bital Healthcare Solutions\" \/>\n<meta property=\"og:url\" content=\"https:\/\/www.q-bital.com\/ro_ro\/environment\/\" \/>\n<meta property=\"og:site_name\" content=\"Q-bital Healthcare Solutions\" \/>\n<meta property=\"article:modified_time\" content=\"2023-08-30T15:11:30+00:00\" \/>\n<meta name=\"twitter:card\" content=\"summary_large_image\" \/>\n<script type=\"application\/ld+json\" class=\"yoast-schema-graph\">{\"@context\":\"https:\\\/\\\/schema.org\",\"@graph\":[{\"@type\":\"WebPage\",\"@id\":\"https:\\\/\\\/www.q-bital.com\\\/environment\\\/\",\"url\":\"https:\\\/\\\/www.q-bital.com\\\/environment\\\/\",\"name\":\"Environment - Q-bital Healthcare Solutions\",\"isPartOf\":{\"@id\":\"https:\\\/\\\/www.q-bital.com\\\/#website\"},\"datePublished\":\"2023-06-14T14:38:36+00:00\",\"dateModified\":\"2023-08-30T15:11:30+00:00\",\"inLanguage\":\"ro-RO\",\"potentialAction\":[{\"@type\":\"ReadAction\",\"target\":[\"https:\\\/\\\/www.q-bital.com\\\/environment\\\/\"]}]},{\"@type\":\"WebSite\",\"@id\":\"https:\\\/\\\/www.q-bital.com\\\/#website\",\"url\":\"https:\\\/\\\/www.q-bital.com\\\/\",\"name\":\"Q-bital Healthcare Solutions\",\"description\":\"\",\"potentialAction\":[{\"@type\":\"SearchAction\",\"target\":{\"@type\":\"EntryPoint\",\"urlTemplate\":\"https:\\\/\\\/www.q-bital.com\\\/?s={search_term_string}\"},\"query-input\":{\"@type\":\"PropertyValueSpecification\",\"valueRequired\":true,\"valueName\":\"search_term_string\"}}],\"inLanguage\":\"ro-RO\"}]}<\/script>\n<!-- \/ Yoast SEO plugin. -->","yoast_head_json":{"title":"Mediu - Solu\u021bii medicale Q-bital","robots":{"index":"index","follow":"follow","max-snippet":"max-snippet:-1","max-image-preview":"max-image-preview:large","max-video-preview":"max-video-preview:-1"},"canonical":"https:\/\/www.q-bital.com\/ro_ro\/environment\/","og_locale":"ro_RO","og_type":"article","og_title":"Environment - Q-bital Healthcare Solutions","og_url":"https:\/\/www.q-bital.com\/ro_ro\/environment\/","og_site_name":"Q-bital Healthcare Solutions","article_modified_time":"2023-08-30T15:11:30+00:00","twitter_card":"summary_large_image","schema":{"@context":"https:\/\/schema.org","@graph":[{"@type":"WebPage","@id":"https:\/\/www.q-bital.com\/environment\/","url":"https:\/\/www.q-bital.com\/environment\/","name":"Mediu - Solu\u021bii medicale Q-bital","isPartOf":{"@id":"https:\/\/www.q-bital.com\/#website"},"datePublished":"2023-06-14T14:38:36+00:00","dateModified":"2023-08-30T15:11:30+00:00","inLanguage":"ro-RO","potentialAction":[{"@type":"ReadAction","target":["https:\/\/www.q-bital.com\/environment\/"]}]},{"@type":"WebSite","@id":"https:\/\/www.q-bital.com\/#website","url":"https:\/\/www.q-bital.com\/","name":"Q-bital Healthcare Solutions","description":"","potentialAction":[{"@type":"SearchAction","target":{"@type":"EntryPoint","urlTemplate":"https:\/\/www.q-bital.com\/?s={search_term_string}"},"query-input":{"@type":"PropertyValueSpecification","valueRequired":true,"valueName":"search_term_string"}}],"inLanguage":"ro-RO"}]}},"_links":{"self":[{"href":"https:\/\/www.q-bital.com\/ro_ro\/wp-json\/wp\/v2\/pages\/209","targetHints":{"allow":["GET"]}}],"collection":[{"href":"https:\/\/www.q-bital.com\/ro_ro\/wp-json\/wp\/v2\/pages"}],"about":[{"href":"https:\/\/www.q-bital.com\/ro_ro\/wp-json\/wp\/v2\/types\/page"}],"author":[{"embeddable":true,"href":"https:\/\/www.q-bital.com\/ro_ro\/wp-json\/wp\/v2\/users\/2"}],"replies":[{"embeddable":true,"href":"https:\/\/www.q-bital.com\/ro_ro\/wp-json\/wp\/v2\/comments?post=209"}],"version-history":[{"count":0,"href":"https:\/\/www.q-bital.com\/ro_ro\/wp-json\/wp\/v2\/pages\/209\/revisions"}],"wp:attachment":[{"href":"https:\/\/www.q-bital.com\/ro_ro\/wp-json\/wp\/v2\/media?parent=209"}],"curies":[{"name":"wp","href":"https:\/\/api.w.org\/{rel}","templated":true}]}}