{"id":316,"date":"2023-06-26T15:37:53","date_gmt":"2023-06-26T15:37:53","guid":{"rendered":"https:\/\/www.q-bital.com\/?page_id=316"},"modified":"2023-06-28T09:59:04","modified_gmt":"2023-06-28T09:59:04","slug":"partner-programme","status":"publish","type":"page","link":"https:\/\/www.q-bital.com\/ro_ro\/partner-programme\/","title":{"rendered":"Program de parteneriat"},"content":{"rendered":"<section id=\"section-319-315\" class=\"ct-section\" >\n<div class=\"ct-section-inner-wrap\">\n<div id=\"new_columns-320-315\" class=\"ct-new-columns\" >\n<div id=\"div_block-321-315\" class=\"ct-div-block\" >\n<h2 id=\"headline-322-315\" class=\"ct-headline\">Partenerii no\u0219tri atent selec\u021biona\u021bi adaug\u0103 valoare serviciului nostru<\/h2>\n<div id=\"_rich_text-323-315\" class=\"oxy-rich-text\" >\n<p>Programul Partner reune\u0219te experien\u021ba noastr\u0103 \u00een furnizarea de spa\u021bii \u0219i solu\u021bii flexibile de asisten\u021b\u0103 medical\u0103 cu al\u021bi furnizori cheie de asisten\u021b\u0103 medical\u0103 pentru a facilita un ecosistem de parteneri cu g\u00e2ndire de viitor care se angajeaz\u0103 \u00eentr-o abordare colaborativ\u0103 \u0219i inovatoare.<\/p>\n<p>Lucrul deschis \u0219i constructiv cu al\u021bi furnizori pentru a planifica, echipa, personal \u0219i furniza aceste noi facilit\u0103\u021bi \u00eembun\u0103t\u0103\u021be\u0219te calitatea noului mediu clinic, ofer\u0103 o abordare end-to-end \u0219i asigur\u0103 un raport calitate-pre\u021b pentru clien\u021bii no\u0219tri comuni.<\/p>\n<\/div>\n<\/div>\n<div id=\"div_block-324-315\" class=\"ct-div-block\" ><img decoding=\"async\"  id=\"image-325-315\" alt=\"\" src=\"https:\/\/www.q-bital.com\/wp-content\/uploads\/sites\/8\/2023\/06\/partners-info.png\" class=\"ct-image\"\/><\/div>\n<\/div>\n<\/div>\n<\/section>\n<section id=\"section-332-315\" class=\"ct-section\" >\n<div class=\"ct-section-inner-wrap\">\n<h3 id=\"headline-339-315\" class=\"ct-headline\">Exist\u0103 patru tipuri cheie de parteneri cu care lucr\u0103m de obicei:<\/h3>\n<div id=\"new_columns-333-315\" class=\"ct-new-columns\" >\n<div id=\"div_block-334-315\" class=\"ct-div-block\" >\n<div id=\"div_block-345-315\" class=\"ct-div-block box-shadow\" >\n<div id=\"_rich_text-346-315\" class=\"oxy-rich-text\" >\n<p><strong>Constructie<\/strong><br \/>Furniza\u021bi f\u0103r\u0103 probleme solu\u021bii modulare \u0219i mobile de asisten\u021b\u0103 medical\u0103 specializat\u0103 \u00een timpul construc\u021biei proiectelor de construc\u021bie nou\u0103 \u0219i de renovare a spitalelor pentru a men\u021bine \u0219i a \u00eembun\u0103t\u0103\u021bi continuitatea \u00eengrijirii.\u00a0<\/p>\n<\/div>\n<\/div>\n<\/div>\n<div id=\"div_block-335-315\" class=\"ct-div-block\" >\n<div id=\"div_block-342-315\" class=\"ct-div-block box-shadow\" >\n<div id=\"_rich_text-337-315\" class=\"oxy-rich-text\" >\n<p><strong>Produc\u0103tori de echipamente<\/strong><br \/>Acest parteneriat ofer\u0103 spitalelor o solu\u021bie complet\u0103. Facilit\u0103\u021bile modulare \u0219i mobile sunt livrate complet cu cele mai recente inova\u021bii \u00een echipamente medicale, \u00eentotdeauna concepute pentru a r\u0103spunde nevoilor clinicienilor care folosesc spa\u021biile noastre de asisten\u021b\u0103 medical\u0103.<\/p>\n<\/div>\n<\/div>\n<\/div>\n<\/div>\n<div id=\"new_columns-350-315\" class=\"ct-new-columns\" >\n<div id=\"div_block-351-315\" class=\"ct-div-block\" >\n<div id=\"div_block-354-315\" class=\"ct-div-block box-shadow\" >\n<div id=\"_rich_text-355-315\" class=\"oxy-rich-text\" >\n<p><strong>Consultativ<\/strong><br \/>Lucrul \u00eendeaproape cu arhitec\u021bii \u0219i designerii pentru a \u00eencorpora metodele moderne de construc\u021bie (MMC) \u00een programele de construc\u021bie \u0219i renovare a spitalelor. Rezultatul final este un mediu de lucru durabil, productiv \u0219i rentabil.\u00a0<\/p>\n<\/div>\n<\/div>\n<\/div>\n<div id=\"div_block-356-315\" class=\"ct-div-block\" >\n<div id=\"div_block-359-315\" class=\"ct-div-block box-shadow\" >\n<div id=\"_rich_text-360-315\" class=\"oxy-rich-text\" >\n<p><strong>Operatori de servicii clinice<\/strong><br \/>Spa\u021biile noastre medicale de \u00eenalt\u0103 calitate sunt completate de solu\u021bii de personal expert pentru a oferi un serviciu complet gestionat de la cap\u0103t la cap\u0103t, ajut\u00e2nd spitalele s\u0103 men\u021bin\u0103 nivelurile de servicii \u0219i productivitatea.\u00a0<\/p>\n<\/div>\n<\/div>\n<\/div>\n<\/div>\n<\/div>\n<\/section>","protected":false},"excerpt":{"rendered":"","protected":false},"author":2,"featured_media":0,"parent":0,"menu_order":0,"comment_status":"closed","ping_status":"closed","template":"","meta":{"_acf_changed":false,"footnotes":""},"class_list":["post-316","page","type-page","status-publish","hentry"],"acf":[],"yoast_head":"<!-- This site is optimized with the Yoast SEO plugin v27.5 - https:\/\/yoast.com\/product\/yoast-seo-wordpress\/ -->\n<title>Partner programme - Q-bital Healthcare Solutions<\/title>\n<meta name=\"robots\" content=\"index, follow, max-snippet:-1, max-image-preview:large, max-video-preview:-1\" \/>\n<link rel=\"canonical\" href=\"https:\/\/www.q-bital.com\/ro_ro\/partner-programme\/\" \/>\n<meta property=\"og:locale\" content=\"ro_RO\" \/>\n<meta property=\"og:type\" content=\"article\" \/>\n<meta property=\"og:title\" content=\"Partner programme - Q-bital Healthcare Solutions\" \/>\n<meta property=\"og:url\" content=\"https:\/\/www.q-bital.com\/ro_ro\/partner-programme\/\" \/>\n<meta property=\"og:site_name\" content=\"Q-bital Healthcare Solutions\" \/>\n<meta property=\"article:modified_time\" content=\"2023-06-28T09:59:04+00:00\" \/>\n<meta name=\"twitter:card\" content=\"summary_large_image\" \/>\n<script type=\"application\/ld+json\" class=\"yoast-schema-graph\">{\"@context\":\"https:\\\/\\\/schema.org\",\"@graph\":[{\"@type\":\"WebPage\",\"@id\":\"https:\\\/\\\/www.q-bital.com\\\/partner-programme\\\/\",\"url\":\"https:\\\/\\\/www.q-bital.com\\\/partner-programme\\\/\",\"name\":\"Partner programme - Q-bital Healthcare Solutions\",\"isPartOf\":{\"@id\":\"https:\\\/\\\/www.q-bital.com\\\/#website\"},\"datePublished\":\"2023-06-26T15:37:53+00:00\",\"dateModified\":\"2023-06-28T09:59:04+00:00\",\"inLanguage\":\"ro-RO\",\"potentialAction\":[{\"@type\":\"ReadAction\",\"target\":[\"https:\\\/\\\/www.q-bital.com\\\/partner-programme\\\/\"]}]},{\"@type\":\"WebSite\",\"@id\":\"https:\\\/\\\/www.q-bital.com\\\/#website\",\"url\":\"https:\\\/\\\/www.q-bital.com\\\/\",\"name\":\"Q-bital Healthcare Solutions\",\"description\":\"\",\"potentialAction\":[{\"@type\":\"SearchAction\",\"target\":{\"@type\":\"EntryPoint\",\"urlTemplate\":\"https:\\\/\\\/www.q-bital.com\\\/?s={search_term_string}\"},\"query-input\":{\"@type\":\"PropertyValueSpecification\",\"valueRequired\":true,\"valueName\":\"search_term_string\"}}],\"inLanguage\":\"ro-RO\"}]}<\/script>\n<!-- \/ Yoast SEO plugin. -->","yoast_head_json":{"title":"Program de parteneriat - Q-bital Healthcare Solutions","robots":{"index":"index","follow":"follow","max-snippet":"max-snippet:-1","max-image-preview":"max-image-preview:large","max-video-preview":"max-video-preview:-1"},"canonical":"https:\/\/www.q-bital.com\/ro_ro\/partner-programme\/","og_locale":"ro_RO","og_type":"article","og_title":"Partner programme - Q-bital Healthcare Solutions","og_url":"https:\/\/www.q-bital.com\/ro_ro\/partner-programme\/","og_site_name":"Q-bital Healthcare Solutions","article_modified_time":"2023-06-28T09:59:04+00:00","twitter_card":"summary_large_image","schema":{"@context":"https:\/\/schema.org","@graph":[{"@type":"WebPage","@id":"https:\/\/www.q-bital.com\/partner-programme\/","url":"https:\/\/www.q-bital.com\/partner-programme\/","name":"Program de parteneriat - Q-bital Healthcare Solutions","isPartOf":{"@id":"https:\/\/www.q-bital.com\/#website"},"datePublished":"2023-06-26T15:37:53+00:00","dateModified":"2023-06-28T09:59:04+00:00","inLanguage":"ro-RO","potentialAction":[{"@type":"ReadAction","target":["https:\/\/www.q-bital.com\/partner-programme\/"]}]},{"@type":"WebSite","@id":"https:\/\/www.q-bital.com\/#website","url":"https:\/\/www.q-bital.com\/","name":"Q-bital Healthcare Solutions","description":"","potentialAction":[{"@type":"SearchAction","target":{"@type":"EntryPoint","urlTemplate":"https:\/\/www.q-bital.com\/?s={search_term_string}"},"query-input":{"@type":"PropertyValueSpecification","valueRequired":true,"valueName":"search_term_string"}}],"inLanguage":"ro-RO"}]}},"_links":{"self":[{"href":"https:\/\/www.q-bital.com\/ro_ro\/wp-json\/wp\/v2\/pages\/316","targetHints":{"allow":["GET"]}}],"collection":[{"href":"https:\/\/www.q-bital.com\/ro_ro\/wp-json\/wp\/v2\/pages"}],"about":[{"href":"https:\/\/www.q-bital.com\/ro_ro\/wp-json\/wp\/v2\/types\/page"}],"author":[{"embeddable":true,"href":"https:\/\/www.q-bital.com\/ro_ro\/wp-json\/wp\/v2\/users\/2"}],"replies":[{"embeddable":true,"href":"https:\/\/www.q-bital.com\/ro_ro\/wp-json\/wp\/v2\/comments?post=316"}],"version-history":[{"count":0,"href":"https:\/\/www.q-bital.com\/ro_ro\/wp-json\/wp\/v2\/pages\/316\/revisions"}],"wp:attachment":[{"href":"https:\/\/www.q-bital.com\/ro_ro\/wp-json\/wp\/v2\/media?parent=316"}],"curies":[{"name":"wp","href":"https:\/\/api.w.org\/{rel}","templated":true}]}}