{"id":368,"date":"2023-06-28T14:02:03","date_gmt":"2023-06-28T14:02:03","guid":{"rendered":"https:\/\/www.q-bital.com\/?page_id=368"},"modified":"2023-08-25T15:20:02","modified_gmt":"2023-08-25T15:20:02","slug":"cookie-policy","status":"publish","type":"page","link":"https:\/\/www.q-bital.com\/ro_ro\/cookie-policy\/","title":{"rendered":"Politica de cookie-uri"},"content":{"rendered":"<style>\n    a.cky-banner-element {\n        padding: 8px 30px;\n        background: #F8F9FA;\n        color: #858A8F;\n        border: 1px solid #DEE2E6;\n        box-sizing: border-box;\n        border-radius: 2px;\n        cursor: pointer;\n}\n<\/style>\n<p>\n    Data intr\u0103rii \u00een vigoare: 25-aug-2023 <br \/>\n    Ultima actualizare: 25-aug-2023\n<\/p>\n<p>&nbsp;<\/p>\n<h5>Ce sunt cookie-urile?<\/h5>\n<div class=\"cookie-policy-p\">\n<p>Aceast\u0103 Politic\u0103 privind cookie-urile explic\u0103 ce sunt cookie-urile \u0219i cum le folosim, tipurile de cookie-uri pe care le folosim, adic\u0103 informa\u021biile pe care le colect\u0103m folosind cookie-uri \u0219i cum sunt utilizate acele informa\u021bii \u0219i cum s\u0103 gestion\u0103m set\u0103rile cookie-urilor.<\/p>\n<p>Cookie-urile sunt fi\u0219iere text mici care sunt folosite pentru a stoca mici informa\u021bii. Acestea sunt stocate pe dispozitivul dvs. atunci c\u00e2nd site-ul web este \u00eenc\u0103rcat \u00een browser. Aceste cookie-uri ne ajut\u0103 s\u0103 facem site-ul web s\u0103 func\u021bioneze corect, s\u0103 \u00eel facem mai sigur, s\u0103 oferim o experien\u021b\u0103 mai bun\u0103 pentru utilizator \u0219i s\u0103 \u00een\u021belegem cum func\u021bioneaz\u0103 site-ul web \u0219i s\u0103 analiz\u0103m ce func\u021bioneaz\u0103 \u0219i unde trebuie \u00eembun\u0103t\u0103\u021bit.<\/p>\n<\/div>\n<p>&nbsp;<\/p>\n<h5>Cum folosim cookie-urile?<\/h5>\n<div class=\"cookie-policy-p\">\n<p>Ca majoritatea serviciilor online, site-ul nostru web folose\u0219te cookie-uri de la prima parte \u0219i de la ter\u021bi \u00een mai multe scopuri. Cookie-urile de la prima parte sunt \u00een cea mai mare parte necesare pentru ca site-ul web s\u0103 func\u021bioneze corect \u0219i nu colecteaz\u0103 niciuna dintre datele dumneavoastr\u0103 de identificare personal\u0103.<\/p>\n<p>Cookie-urile ter\u021b\u0103 parte utilizate pe site-ul nostru sunt \u00een principal pentru a \u00een\u021belege modul \u00een care func\u021bioneaz\u0103 site-ul web, cum interac\u021biona\u021bi cu site-ul nostru, men\u021binerea serviciilor noastre \u00een siguran\u021b\u0103, furnizarea de reclame care sunt relevante pentru dvs. \u0219i, \u00een general, oferindu-v\u0103 un utilizator mai bun \u0219i \u00eembun\u0103t\u0103\u021bit. experien\u021b\u0103 \u0219i v\u0103 ajut\u0103 s\u0103 v\u0103 accelera\u021bi viitoarele interac\u021biuni cu site-ul nostru web.<\/p>\n<\/div>\n<p>&nbsp;<\/p>\n<h5>Tipuri de cookie-uri pe care le folosim<\/h5>\n<div class=\"cky-audit-table-element\"><\/div>\n<p>&nbsp;<\/p>\n<h5 style=\"margin-bottom:20px;\">Gestiona\u021bi preferin\u021bele cookie-urilor<\/h5>\n<p>    <a class=\"cky-banner-element\">Set\u0103ri cookie<\/a> <\/p>\n<div>\n<p>V\u0103 pute\u021bi modifica oric\u00e2nd preferin\u021bele pentru cookie-uri f\u0103c\u00e2nd clic pe butonul de mai sus. Acest lucru v\u0103 va permite s\u0103 revede\u021bi bannerul de consim\u021b\u0103m\u00e2nt pentru cookie-uri \u0219i s\u0103 v\u0103 schimba\u021bi preferin\u021bele sau s\u0103 v\u0103 retrage\u021bi imediat consim\u021b\u0103m\u00e2ntul. <\/p>\n<p>\u00cen plus, diferite browsere ofer\u0103 diferite metode de blocare \u0219i \u0219tergere a cookie-urilor utilizate de site-uri web. Pute\u021bi modifica set\u0103rile browserului dumneavoastr\u0103 pentru a bloca\/\u0219terge cookie-urile. Mai jos sunt enumerate linkurile c\u0103tre documentele de asisten\u021b\u0103 despre cum s\u0103 gestiona\u021bi \u0219i s\u0103 \u0219terge\u021bi cookie-urile din principalele browsere web.<\/p>\n<p>Crom: <a href=\"https:\/\/support.google.com\/accounts\/answer\/32050\" target=\"_blank\" rel=\"noopener\">https:\/\/support.google.com\/accounts\/answer\/32050<\/a><\/p>\n<p>Safari: <a href=\"https:\/\/support.apple.com\/en-in\/guide\/safari\/sfri11471\/mac\" target=\"_blank\" rel=\"noopener\">https:\/\/support.apple.com\/en-in\/guide\/safari\/sfri11471\/mac<\/a><\/p>\n<p>Firefox: <a href=\"https:\/\/support.mozilla.org\/en-US\/kb\/clear-cookies-and-site-data-firefox?redirectslug=delete-cookies-remove-info-websites-stored&redirectlocale=en-US\" target=\"_blank\" rel=\"noopener\">https:\/\/support.mozilla.org\/en-US\/kb\/clear-cookies-and-site-data-firefox?redirectslug=delete-cookies-remove-info-websites-stored&redirectlocale=en-US<\/a><\/p>\n<p>Internet Explorer: <a href=\"https:\/\/support.microsoft.com\/en-us\/topic\/how-to-delete-cookie-files-in-internet-explorer-bca9446f-d873-78de-77ba-d42645fa52fc\" target=\"_blank\" rel=\"noopener\">https:\/\/support.microsoft.com\/en-us\/topic\/how-to-delete-cookie-files-in-internet-explorer-bca9446f-d873-78de-77ba-d42645fa52fc<\/a><\/p>\n<p>Dac\u0103 utiliza\u021bi orice alt browser web, v\u0103 rug\u0103m s\u0103 vizita\u021bi documentele oficiale de asisten\u021b\u0103 ale browserului dvs.<\/p>\n<\/div>","protected":false},"excerpt":{"rendered":"<p>Effective Date: 25-Aug-2023 Last Updated: 25-Aug-2023 &nbsp; What are cookies? This Cookie Policy explains what cookies are and how we use them, the types of cookies we use i.e, the information we collect using cookies and how that information is used, and how to manage the cookie settings. Cookies are small text files that are [&hellip;]<\/p>\n","protected":false},"author":2,"featured_media":0,"parent":0,"menu_order":0,"comment_status":"closed","ping_status":"closed","template":"","meta":{"_acf_changed":false,"footnotes":""},"class_list":["post-368","page","type-page","status-publish","hentry"],"acf":[],"yoast_head":"<!-- This site is optimized with the Yoast SEO plugin v27.3 - https:\/\/yoast.com\/product\/yoast-seo-wordpress\/ -->\n<title>Cookie Policy - Q-bital Healthcare Solutions<\/title>\n<meta name=\"robots\" content=\"index, follow, max-snippet:-1, max-image-preview:large, max-video-preview:-1\" \/>\n<link rel=\"canonical\" href=\"https:\/\/www.q-bital.com\/ro_ro\/cookie-policy\/\" \/>\n<meta property=\"og:locale\" content=\"ro_RO\" \/>\n<meta property=\"og:type\" content=\"article\" \/>\n<meta property=\"og:title\" content=\"Cookie Policy - Q-bital Healthcare Solutions\" \/>\n<meta property=\"og:description\" content=\"Effective Date: 25-Aug-2023 Last Updated: 25-Aug-2023 &nbsp; What are cookies? This Cookie Policy explains what cookies are and how we use them, the types of cookies we use i.e, the information we collect using cookies and how that information is used, and how to manage the cookie settings. Cookies are small text files that are [&hellip;]\" \/>\n<meta property=\"og:url\" content=\"https:\/\/www.q-bital.com\/ro_ro\/cookie-policy\/\" \/>\n<meta property=\"og:site_name\" content=\"Q-bital Healthcare Solutions\" \/>\n<meta property=\"article:modified_time\" content=\"2023-08-25T15:20:02+00:00\" \/>\n<meta name=\"twitter:card\" content=\"summary_large_image\" \/>\n<meta name=\"twitter:label1\" content=\"Timp estimat pentru citire\" \/>\n\t<meta name=\"twitter:data1\" content=\"2 minute\" \/>\n<script type=\"application\/ld+json\" class=\"yoast-schema-graph\">{\"@context\":\"https:\\\/\\\/schema.org\",\"@graph\":[{\"@type\":\"WebPage\",\"@id\":\"https:\\\/\\\/www.q-bital.com\\\/cookie-policy\\\/\",\"url\":\"https:\\\/\\\/www.q-bital.com\\\/cookie-policy\\\/\",\"name\":\"Cookie Policy - Q-bital Healthcare Solutions\",\"isPartOf\":{\"@id\":\"https:\\\/\\\/www.q-bital.com\\\/#website\"},\"datePublished\":\"2023-06-28T14:02:03+00:00\",\"dateModified\":\"2023-08-25T15:20:02+00:00\",\"inLanguage\":\"ro-RO\",\"potentialAction\":[{\"@type\":\"ReadAction\",\"target\":[\"https:\\\/\\\/www.q-bital.com\\\/cookie-policy\\\/\"]}]},{\"@type\":\"WebSite\",\"@id\":\"https:\\\/\\\/www.q-bital.com\\\/#website\",\"url\":\"https:\\\/\\\/www.q-bital.com\\\/\",\"name\":\"Q-bital Healthcare Solutions\",\"description\":\"\",\"potentialAction\":[{\"@type\":\"SearchAction\",\"target\":{\"@type\":\"EntryPoint\",\"urlTemplate\":\"https:\\\/\\\/www.q-bital.com\\\/?s={search_term_string}\"},\"query-input\":{\"@type\":\"PropertyValueSpecification\",\"valueRequired\":true,\"valueName\":\"search_term_string\"}}],\"inLanguage\":\"ro-RO\"}]}<\/script>\n<!-- \/ Yoast SEO plugin. -->","yoast_head_json":{"title":"Politica privind cookie-urile - Q-bital Healthcare Solutions","robots":{"index":"index","follow":"follow","max-snippet":"max-snippet:-1","max-image-preview":"max-image-preview:large","max-video-preview":"max-video-preview:-1"},"canonical":"https:\/\/www.q-bital.com\/ro_ro\/cookie-policy\/","og_locale":"ro_RO","og_type":"article","og_title":"Cookie Policy - Q-bital Healthcare Solutions","og_description":"Effective Date: 25-Aug-2023 Last Updated: 25-Aug-2023 &nbsp; What are cookies? This Cookie Policy explains what cookies are and how we use them, the types of cookies we use i.e, the information we collect using cookies and how that information is used, and how to manage the cookie settings. Cookies are small text files that are [&hellip;]","og_url":"https:\/\/www.q-bital.com\/ro_ro\/cookie-policy\/","og_site_name":"Q-bital Healthcare Solutions","article_modified_time":"2023-08-25T15:20:02+00:00","twitter_card":"summary_large_image","twitter_misc":{"Timp estimat pentru citire":"2 minute"},"schema":{"@context":"https:\/\/schema.org","@graph":[{"@type":"WebPage","@id":"https:\/\/www.q-bital.com\/cookie-policy\/","url":"https:\/\/www.q-bital.com\/cookie-policy\/","name":"Politica privind cookie-urile - Q-bital Healthcare Solutions","isPartOf":{"@id":"https:\/\/www.q-bital.com\/#website"},"datePublished":"2023-06-28T14:02:03+00:00","dateModified":"2023-08-25T15:20:02+00:00","inLanguage":"ro-RO","potentialAction":[{"@type":"ReadAction","target":["https:\/\/www.q-bital.com\/cookie-policy\/"]}]},{"@type":"WebSite","@id":"https:\/\/www.q-bital.com\/#website","url":"https:\/\/www.q-bital.com\/","name":"Q-bital Healthcare Solutions","description":"","potentialAction":[{"@type":"SearchAction","target":{"@type":"EntryPoint","urlTemplate":"https:\/\/www.q-bital.com\/?s={search_term_string}"},"query-input":{"@type":"PropertyValueSpecification","valueRequired":true,"valueName":"search_term_string"}}],"inLanguage":"ro-RO"}]}},"_links":{"self":[{"href":"https:\/\/www.q-bital.com\/ro_ro\/wp-json\/wp\/v2\/pages\/368","targetHints":{"allow":["GET"]}}],"collection":[{"href":"https:\/\/www.q-bital.com\/ro_ro\/wp-json\/wp\/v2\/pages"}],"about":[{"href":"https:\/\/www.q-bital.com\/ro_ro\/wp-json\/wp\/v2\/types\/page"}],"author":[{"embeddable":true,"href":"https:\/\/www.q-bital.com\/ro_ro\/wp-json\/wp\/v2\/users\/2"}],"replies":[{"embeddable":true,"href":"https:\/\/www.q-bital.com\/ro_ro\/wp-json\/wp\/v2\/comments?post=368"}],"version-history":[{"count":0,"href":"https:\/\/www.q-bital.com\/ro_ro\/wp-json\/wp\/v2\/pages\/368\/revisions"}],"wp:attachment":[{"href":"https:\/\/www.q-bital.com\/ro_ro\/wp-json\/wp\/v2\/media?parent=368"}],"curies":[{"name":"wp","href":"https:\/\/api.w.org\/{rel}","templated":true}]}}