{"id":674,"date":"2023-07-19T14:17:08","date_gmt":"2023-07-19T14:17:08","guid":{"rendered":"https:\/\/www.q-bital.com\/?page_id=674"},"modified":"2024-01-18T10:20:31","modified_gmt":"2024-01-18T10:20:31","slug":"heritage","status":"publish","type":"page","link":"https:\/\/www.q-bital.com\/ro_ro\/heritage\/","title":{"rendered":"Patrimoniul"},"content":{"rendered":"<section id=\"section-2-59\" class=\"ct-section\" style=\"background-image:url(https:\/\/www.q-bital.com\/wp-content\/uploads\/sites\/8\/2023\/05\/boulders-right.png);background-size: auto;\" >\n<div class=\"ct-section-inner-wrap\">\n<div id=\"div_block-8-59\" class=\"ct-div-block\" ><a id=\"link_text-6-59\" class=\"ct-link-text\" href=\"\/ro_ro\/\" target=\"_self\"  >Acas\u0103<\/a><\/p>\n<h1 id=\"headline-3-59\" class=\"ct-headline\"><span id=\"span-4-59\" class=\"ct-span\" >Patrimoniul<\/span><\/h1>\n<\/div>\n<\/div>\n<\/section>\n<section id=\"section-68-14-text-left-white\" class=\"ct-section\" >\n<div class=\"ct-section-inner-wrap\">\n<div id=\"new_columns-69-14text-left-white\" class=\"ct-new-columns\" >\n<div id=\"div_block-70-14\" class=\"ct-div-block\" >\n<h2 id=\"headline-71-14\" class=\"ct-headline\">Crearea de solu\u021bii inovatoare pentru furnizorii de servicii medicale de peste dou\u0103 decenii<\/h2>\n<div id=\"_rich_text-72-14\" class=\"oxy-rich-text\" >\n<p dir=\"ltr\">\u00cenfiin\u021bat\u0103 \u00een 1999, reputa\u021bia noastr\u0103 ca furnizor global de frunte de infrastructur\u0103 \u0219i servicii clinice flexibile a crescut constant. Suntem m\u00e2ndri s\u0103 lucr\u0103m \u00een parteneriat cu furnizorii de servicii medicale \u0219i organiza\u021bii independente din sector \u0219i peste 50% de furnizori de spitale publice din Marea Britanie au utilizat acum unul dintre Spa\u021biile noastre de asisten\u021b\u0103 medical\u0103. Clien\u021bii no\u0219tri au \u00eencredere \u00een noi pentru a oferi solu\u021bii avansate din punct de vedere tehnic, de \u00eenalt\u0103 calitate, pentru a \u00eembun\u0103t\u0103\u021bi rezultatele s\u0103n\u0103t\u0103\u021bii \u00een ritm \u0219i revin la noi mereu c\u00e2nd nevoile se schimb\u0103.&nbsp;<\/p>\n<p dir=\"ltr\">\u00cen 2018 a fost lansat\u0103 oficial\u0103 divizia interna\u021bional\u0103 Q-bital Healthcare Solutions, iar expansiunea companiei a continuat f\u0103r\u0103 \u00eencetare at\u00e2t \u00een Marea Britanie, c\u00e2t \u0219i la nivel interna\u021bional.<\/p>\n<p dir=\"ltr\">Cu produc\u021bia deja stabilit\u0103 \u00een \u021a\u0103rile de Jos \u00een 2023, o nou\u0103 unitate de produc\u021bie special construit\u0103 \u00een Hull Marea Britanie a fost ad\u0103ugat\u0103 afacerii.<\/p>\n<p dir=\"ltr\">Oper\u0103m acum la nivel interna\u021bional \u00een \u021a\u0103rile de Jos, Suedia, Australia \u0219i Fran\u021ba \u0219i continu\u0103m s\u0103 ne uit\u0103m la noi pie\u021be pe care s\u0103 ne extindem, oferind asisten\u021b\u0103 oriunde este nevoie.&nbsp;<\/p>\n<\/div>\n<\/div>\n<div id=\"div_block-74-14\" class=\"ct-div-block\" ><img decoding=\"async\"  id=\"image-75-14\" alt=\"\" src=\"https:\/\/www.q-bital.com\/wp-content\/uploads\/sites\/8\/2023\/07\/Creating-innovative-solutions-for-healthcare-providers-for-over-two-decades-image.jpg\" class=\"ct-image\"\/><\/div>\n<\/div>\n<\/div>\n<\/section>\n<section id=\"section-132-34\" class=\"ct-section\" >\n<div class=\"ct-section-inner-wrap\">\n<div id=\"new_columns-133-34\" class=\"ct-new-columns\" >\n<div id=\"div_block-138-34\" class=\"ct-div-block\" ><img decoding=\"async\"  id=\"image-139-34\" alt=\"\" src=\"https:\/\/www.q-bital.com\/wp-content\/uploads\/sites\/8\/2023\/07\/Drone-1.jpg\" class=\"ct-image\"\/><\/div>\n<div id=\"div_block-134-34\" class=\"ct-div-block\" >\n<h2 id=\"headline-135-34\" class=\"ct-headline\">Fiecare detaliu este luat \u00een considerare pentru a face ca spa\u021biile noastre de asisten\u021b\u0103 medical\u0103 s\u0103 func\u021bioneze pentru clien\u021bii no\u0219tri<\/h2>\n<div id=\"_rich_text-136-34\" class=\"oxy-rich-text\" >\n<p dir=\"ltr\">Lucr\u0103m cu clien\u021bii no\u0219tri pentru a oferi solu\u021bii de \u00eengrijire medical\u0103 durabile \u0219i de \u00eenalt\u0103 calitate, cu spa\u021bii de asisten\u021b\u0103 medical\u0103 mobile \u0219i modulare personalizate care r\u0103spund nevoilor unice ale fiec\u0103rui sistem de s\u0103n\u0103tate. Facilit\u0103\u021bile noastre pot fi adaptate cu o gam\u0103 larg\u0103 de op\u021biuni, inclusiv s\u0103li de opera\u021bie, centre chirurgicale, centre comunitare de diagnosticare (CDC), s\u0103li de endoscopie, unit\u0103\u021bi de decontaminare \u0219i sterilizare, sec\u021bii, clinici \u0219i unit\u0103\u021bi de leziuni minore (MIU). Op\u021biunile noastre de produse \u0219i servicii pot fi combinate pentru a oferi posibilit\u0103\u021bi infinite; fiecare proiect nou este o oportunitate de a crea un spa\u021biu de \u00eengrijire medical\u0103 cu totul unic.<\/p>\n<p dir=\"ltr\">Reputa\u021bia noastr\u0103 a fost format\u0103 din capacitatea noastr\u0103 de a sprijini spitalele cu facilit\u0103\u021bi de capacitate suplimentar\u0103 care ar putea fi livrate \u00een c\u00e2teva zile. Cu toate acestea, oferim clien\u021bilor no\u0219tri mult mai mult, cu posibilit\u0103\u021bi infinite pentru partenerii no\u0219tri de \u00eencredere de a extinde limitele furniz\u0103rii lor de asisten\u021b\u0103 medical\u0103.&nbsp;<\/p>\n<p dir=\"ltr\">Expertiza noastr\u0103 se bazeaz\u0103 pe crearea de rela\u021bii puternice cu clien\u021bii no\u0219tri \u0219i dezvoltarea modalit\u0103\u021bilor de a \u00eembun\u0103t\u0103\u021bi infrastructura existent\u0103 a domeniului de asisten\u021b\u0103 medical\u0103. Ambi\u021bia noastr\u0103 de conducere este de a face parte din dezvoltarea celor mai flexibile solu\u021bii de infrastructur\u0103 de s\u0103n\u0103tate din lume. Pe l\u00e2ng\u0103 furnizarea de spa\u021bii de asisten\u021b\u0103 medical\u0103 pentru a asista cu o cerere mare de pacien\u021bi \u0219i cu liste lungi de a\u0219teptare, v\u0103 putem ajuta s\u0103 dep\u0103\u0219i\u021bi provoc\u0103rile opera\u021bionale, cum ar fi o renovare \u0219i s\u0103 v\u0103 oferim un r\u0103spuns de urgen\u021b\u0103 \u00een cazul \u00een care v\u0103 confrunta\u021bi cu un incendiu, o inunda\u021bie sau o defec\u021biune a teatrului.&nbsp;<\/p>\n<p dir=\"ltr\">O echip\u0103 dedicat\u0103 de exper\u021bi ajut\u0103 la gestionarea proiectelor, proiectarea, implementarea \u0219i furnizarea de servicii clinice a fiec\u0103rei unit\u0103\u021bi, de la concep\u021bia ini\u021bial\u0103 p\u00e2n\u0103 la \u00eendep\u0103rtarea de pe amplasament.<\/p>\n<\/div>\n<\/div>\n<\/div>\n<\/div>\n<\/section>\n<section id=\"section-2-202\" class=\"ct-section\" >\n<div class=\"ct-section-inner-wrap\">\n<div id=\"div_block-3-202\" class=\"ct-div-block\" >\n<h2 id=\"headline-4-202\" class=\"ct-headline\">Peste 350.000 de proceduri \u0219i \u00een num\u0103r...<\/h2>\n<div id=\"_rich_text-5-202\" class=\"oxy-rich-text\" >\n<p dir=\"ltr\">Peste 350.000 de proceduri au fost efectuate \u00een facilit\u0103\u021bile noastre mobile, dotate cu clinicieni p\u00e2n\u0103 \u00een prezent.<\/p>\n<p dir=\"ltr\">\u00cen calitate de furnizor de servicii clinice de clas\u0103 mondial\u0103, suntem m\u00e2ndri c\u0103 spa\u021biile noastre de asisten\u021b\u0103 medical\u0103 sunt potrivite pentru 75% din toate tipurile de proceduri clinice efectuate \u00eentr-un spital major de acut\u0103, de la proteze de \u0219old p\u00e2n\u0103 la opera\u021bia de cataract\u0103, proceduri de endoscopie p\u00e2n\u0103 la chirurgia plastic\u0103.<\/p>\n<\/div>\n<div id=\"div_block-6-202\" class=\"ct-div-block\" ><img decoding=\"async\"  id=\"image-7-202\" alt=\"\" src=\"https:\/\/www.q-bital.com\/wp-content\/uploads\/sites\/8\/2023\/07\/proceedures-infographic.png\" class=\"ct-image\"\/><\/div>\n<\/div>\n<\/div>\n<\/section>\n<section id=\"section-144-59\" class=\"ct-section\" >\n<div class=\"ct-section-inner-wrap\">\n<div id=\"new_columns-145-59\" class=\"ct-new-columns\" >\n<div id=\"div_block-146-59\" class=\"ct-div-block\" >\n<div id=\"_rich_text-9-63\" class=\"oxy-rich-text\" >\n<p>G\u0103sirea unei solu\u021bii care func\u021bioneaz\u0103 pentru spitalul t\u0103u \u00eencepe aici...<\/p>\n<\/div>\n<p><a id=\"link_button-149-59\" class=\"ct-link-button\" href=\"\/ro_ro\/contact\/\" target=\"_self\"  >Intra\u021bi \u00een leg\u0103tur\u0103<\/a><\/div>\n<div id=\"div_block-150-59\" class=\"ct-div-block\" ><img decoding=\"async\"  id=\"image-151-59\" alt=\"\" src=\"https:\/\/www.q-bital.com\/wp-content\/uploads\/2023\/06\/kettering-2-scaled.jpg\" class=\"ct-image\"\/><\/div>\n<\/div>\n<\/div>\n<\/section>","protected":false},"excerpt":{"rendered":"","protected":false},"author":2,"featured_media":0,"parent":0,"menu_order":0,"comment_status":"closed","ping_status":"closed","template":"","meta":{"_acf_changed":false,"footnotes":""},"class_list":["post-674","page","type-page","status-publish","hentry"],"acf":[],"yoast_head":"<!-- This site is optimized with the Yoast SEO plugin v27.4 - https:\/\/yoast.com\/product\/yoast-seo-wordpress\/ -->\n<title>Heritage - Q-bital Healthcare Solutions<\/title>\n<meta name=\"robots\" content=\"index, follow, max-snippet:-1, max-image-preview:large, max-video-preview:-1\" \/>\n<link rel=\"canonical\" href=\"https:\/\/www.q-bital.com\/ro_ro\/heritage\/\" \/>\n<meta property=\"og:locale\" content=\"ro_RO\" \/>\n<meta property=\"og:type\" content=\"article\" \/>\n<meta property=\"og:title\" content=\"Heritage - Q-bital Healthcare Solutions\" \/>\n<meta property=\"og:url\" content=\"https:\/\/www.q-bital.com\/ro_ro\/heritage\/\" \/>\n<meta property=\"og:site_name\" content=\"Q-bital Healthcare Solutions\" \/>\n<meta property=\"article:modified_time\" content=\"2024-01-18T10:20:31+00:00\" \/>\n<meta name=\"twitter:card\" content=\"summary_large_image\" \/>\n<meta name=\"twitter:label1\" content=\"Timp estimat pentru citire\" \/>\n\t<meta name=\"twitter:data1\" content=\"1 minut\" \/>\n<script type=\"application\/ld+json\" class=\"yoast-schema-graph\">{\"@context\":\"https:\\\/\\\/schema.org\",\"@graph\":[{\"@type\":\"WebPage\",\"@id\":\"https:\\\/\\\/www.q-bital.com\\\/heritage\\\/\",\"url\":\"https:\\\/\\\/www.q-bital.com\\\/heritage\\\/\",\"name\":\"Heritage - Q-bital Healthcare Solutions\",\"isPartOf\":{\"@id\":\"https:\\\/\\\/www.q-bital.com\\\/#website\"},\"datePublished\":\"2023-07-19T14:17:08+00:00\",\"dateModified\":\"2024-01-18T10:20:31+00:00\",\"inLanguage\":\"ro-RO\",\"potentialAction\":[{\"@type\":\"ReadAction\",\"target\":[\"https:\\\/\\\/www.q-bital.com\\\/heritage\\\/\"]}]},{\"@type\":\"WebSite\",\"@id\":\"https:\\\/\\\/www.q-bital.com\\\/#website\",\"url\":\"https:\\\/\\\/www.q-bital.com\\\/\",\"name\":\"Q-bital Healthcare Solutions\",\"description\":\"\",\"potentialAction\":[{\"@type\":\"SearchAction\",\"target\":{\"@type\":\"EntryPoint\",\"urlTemplate\":\"https:\\\/\\\/www.q-bital.com\\\/?s={search_term_string}\"},\"query-input\":{\"@type\":\"PropertyValueSpecification\",\"valueRequired\":true,\"valueName\":\"search_term_string\"}}],\"inLanguage\":\"ro-RO\"}]}<\/script>\n<!-- \/ Yoast SEO plugin. -->","yoast_head_json":{"title":"Mo\u0219tenire - Solu\u021bii medicale Q-bital","robots":{"index":"index","follow":"follow","max-snippet":"max-snippet:-1","max-image-preview":"max-image-preview:large","max-video-preview":"max-video-preview:-1"},"canonical":"https:\/\/www.q-bital.com\/ro_ro\/heritage\/","og_locale":"ro_RO","og_type":"article","og_title":"Heritage - Q-bital Healthcare Solutions","og_url":"https:\/\/www.q-bital.com\/ro_ro\/heritage\/","og_site_name":"Q-bital Healthcare Solutions","article_modified_time":"2024-01-18T10:20:31+00:00","twitter_card":"summary_large_image","twitter_misc":{"Timp estimat pentru citire":"1 minut"},"schema":{"@context":"https:\/\/schema.org","@graph":[{"@type":"WebPage","@id":"https:\/\/www.q-bital.com\/heritage\/","url":"https:\/\/www.q-bital.com\/heritage\/","name":"Mo\u0219tenire - Solu\u021bii medicale Q-bital","isPartOf":{"@id":"https:\/\/www.q-bital.com\/#website"},"datePublished":"2023-07-19T14:17:08+00:00","dateModified":"2024-01-18T10:20:31+00:00","inLanguage":"ro-RO","potentialAction":[{"@type":"ReadAction","target":["https:\/\/www.q-bital.com\/heritage\/"]}]},{"@type":"WebSite","@id":"https:\/\/www.q-bital.com\/#website","url":"https:\/\/www.q-bital.com\/","name":"Q-bital Healthcare Solutions","description":"","potentialAction":[{"@type":"SearchAction","target":{"@type":"EntryPoint","urlTemplate":"https:\/\/www.q-bital.com\/?s={search_term_string}"},"query-input":{"@type":"PropertyValueSpecification","valueRequired":true,"valueName":"search_term_string"}}],"inLanguage":"ro-RO"}]}},"_links":{"self":[{"href":"https:\/\/www.q-bital.com\/ro_ro\/wp-json\/wp\/v2\/pages\/674","targetHints":{"allow":["GET"]}}],"collection":[{"href":"https:\/\/www.q-bital.com\/ro_ro\/wp-json\/wp\/v2\/pages"}],"about":[{"href":"https:\/\/www.q-bital.com\/ro_ro\/wp-json\/wp\/v2\/types\/page"}],"author":[{"embeddable":true,"href":"https:\/\/www.q-bital.com\/ro_ro\/wp-json\/wp\/v2\/users\/2"}],"replies":[{"embeddable":true,"href":"https:\/\/www.q-bital.com\/ro_ro\/wp-json\/wp\/v2\/comments?post=674"}],"version-history":[{"count":0,"href":"https:\/\/www.q-bital.com\/ro_ro\/wp-json\/wp\/v2\/pages\/674\/revisions"}],"wp:attachment":[{"href":"https:\/\/www.q-bital.com\/ro_ro\/wp-json\/wp\/v2\/media?parent=674"}],"curies":[{"name":"wp","href":"https:\/\/api.w.org\/{rel}","templated":true}]}}