{"id":455,"date":"2023-07-03T14:28:23","date_gmt":"2023-07-03T14:28:23","guid":{"rendered":"https:\/\/www.q-bital.com\/?page_id=455"},"modified":"2023-09-07T11:11:00","modified_gmt":"2023-09-07T11:11:00","slug":"procurement","status":"publish","type":"page","link":"https:\/\/www.q-bital.com\/sq_al\/procurement\/","title":{"rendered":"Prokurimi"},"content":{"rendered":"<section id=\"section-2-59\" class=\"ct-section\" style=\"background-image:url(https:\/\/www.q-bital.com\/wp-content\/uploads\/sites\/8\/2023\/05\/boulders-right.png);background-size: auto;\" >\n<div class=\"ct-section-inner-wrap\">\n<div id=\"div_block-8-59\" class=\"ct-div-block\" ><a id=\"link_text-6-59\" class=\"ct-link-text\" href=\"\/sq_al\/\" target=\"_self\"  >Sht\u00ebpi<\/a><\/p>\n<h1 id=\"headline-3-59\" class=\"ct-headline\"><span id=\"span-4-59\" class=\"ct-span\" >Prokurimi<\/span><\/h1>\n<\/div>\n<\/div>\n<\/section>\n<section id=\"section-68-14-text-left-white\" class=\"ct-section\" >\n<div class=\"ct-section-inner-wrap\">\n<div id=\"new_columns-69-14text-left-white\" class=\"ct-new-columns\" >\n<div id=\"div_block-70-14\" class=\"ct-div-block\" >\n<h2 id=\"headline-71-14\" class=\"ct-headline\">Planet e prokurimit t\u00eb p\u00ebrshtatura p\u00ebr nevojat tuaja<\/h2>\n<div id=\"_rich_text-72-14\" class=\"oxy-rich-text\" >\n<p dir=\"ltr\">Ne jemi specialist\u00eb n\u00eb ofrimin e zgjidhjeve t\u00eb objekteve t\u00eb kujdesit sh\u00ebndet\u00ebsor q\u00eb mund t\u00eb standardizohen ose t\u00eb porositen, t\u00eb merren me qira ose t\u00eb blihen, n\u00eb var\u00ebsi t\u00eb k\u00ebrkesave tuaja.&nbsp;<\/p>\n<p dir=\"ltr\">Ne ofrojm\u00eb nj\u00eb s\u00ebr\u00eb opsionesh kontraktimi dhe mund t\u00eb funksionojm\u00eb sipas prioriteteve tuaja kapitale ose operative. Hap\u00ebsirat tona t\u00eb kujdesit sh\u00ebndet\u00ebsor jan\u00eb t\u00eb disponueshme n\u00eb disa korniza t\u00eb ndryshme p\u00ebr thjesht\u00ebsi dhe komoditet.&nbsp;<a href=\"\/sq_al\/our-team\/\">Ekipi yn\u00eb<\/a>&nbsp;do t&#039;ju \u00e7oj\u00eb n\u00ebp\u00ebr opsionet dhe do t&#039;ju udh\u00ebheq\u00eb n\u00eb \u00e7do hap t\u00eb rrug\u00ebs.<\/p>\n<\/div>\n<\/div>\n<div id=\"div_block-74-14\" class=\"ct-div-block\" ><img decoding=\"async\"  id=\"image-75-14\" alt=\"\" src=\"https:\/\/www.q-bital.com\/wp-content\/uploads\/sites\/8\/2023\/05\/Staffed-operating-theatre1.jpg\" class=\"ct-image\"\/><\/div>\n<\/div>\n<\/div>\n<\/section>\n<section id=\"section-88-34-blue\" class=\"ct-section\" >\n<div class=\"ct-section-inner-wrap\">\n<div id=\"new_columns-89-34-blue\" class=\"ct-new-columns\" >\n<div id=\"div_block-94-34\" class=\"ct-div-block\" ><img decoding=\"async\"  id=\"image-95-34\" alt=\"\" src=\"https:\/\/www.q-bital.com\/wp-content\/uploads\/sites\/8\/2023\/09\/CO2_v2-1024x1024.jpg\" class=\"ct-image\"\/><\/div>\n<div id=\"div_block-90-34\" class=\"ct-div-block\" >\n<h2 id=\"headline-91-34\" class=\"ct-headline\">Vlera mjedisore, sociale dhe qeverisja (ESG)<\/h2>\n<div id=\"_rich_text-92-34\" class=\"oxy-rich-text\" >\n<p dir=\"ltr\">Ne i marrim seriozisht dhe n\u00eb m\u00ebnyr\u00eb t\u00eb vazhdueshme p\u00ebrgjegj\u00ebsit\u00eb tona etike, t\u00eb q\u00ebndrueshme dhe sociale, duke i ngulitur dhe zbatuar vlerat tona shoq\u00ebrore t\u00eb korporat\u00ebs n\u00eb operacionet tona tregtare. Si nj\u00eb kompani nd\u00ebrkomb\u00ebtare, ne kemi prioritet gjetjen e m\u00ebnyrave p\u00ebr t\u00eb reduktuar kilometrat rrugor dhe udh\u00ebtimet nd\u00ebrkomb\u00ebtare kudo q\u00eb t\u00eb jet\u00eb e mundur. N\u00eb rastet kur kjo nuk \u00ebsht\u00eb e arritshme, ne kompensojm\u00eb ndikimin mjedisor t\u00eb udh\u00ebtimit ton\u00eb.<\/p>\n<p dir=\"ltr\">Si furnizues kryesor p\u00ebr ofruesit e kujdesit sh\u00ebndet\u00ebsor, ne kemi p\u00ebrgjegj\u00ebsi t\u00eb cilat duhet t\u00eb pasqyrohen n\u00eb operacionet tona dhe n\u00eb zinxhirin ton\u00eb t\u00eb furnizimit. Ne duam t&#039;i shohim k\u00ebto vlera etike t\u00eb demonstruara nga furnitor\u00ebt tan\u00eb, t\u00eb cil\u00ebt jan\u00eb kritik\u00eb p\u00ebr m\u00ebnyr\u00ebn se si ne operojm\u00eb, n\u00eb t\u00eb ardhmen duke shikuar drejt furnitor\u00ebve tan\u00eb kryesor\u00eb q\u00eb kan\u00eb standardet ISO 14001 dhe 45001 ose akreditime t\u00eb tjera profesionale p\u00ebrkat\u00ebse.&nbsp;&nbsp;<\/p>\n<p dir=\"ltr\">Pritshm\u00ebria jon\u00eb \u00ebsht\u00eb q\u00eb t\u00eb gjith\u00eb furnizuesit tan\u00eb t\u00eb jen\u00eb n\u00eb p\u00ebrputhje me ligjet, rregulloret dhe standardet mjedisore n\u00eb fuqi. N\u00ebse ata nuk po e b\u00ebjn\u00eb k\u00ebt\u00eb tashm\u00eb, ne k\u00ebrkojm\u00eb q\u00eb ata t\u00eb krijojn\u00eb sisteme dhe kontrolle p\u00ebr t\u00eb identifikuar dhe eliminuar rreziqet e mundshme p\u00ebr&nbsp;<a href=\"\/sq_al\/environment\/\">mjedisi<\/a>, t\u00eb cilat jan\u00eb proporcionale me rrezikun.&nbsp;<\/p>\n<p>&nbsp;<\/p>\n<p>&nbsp;<\/p>\n<\/div>\n<\/div>\n<\/div>\n<\/div>\n<\/section>\n<section id=\"section-68-14-text-left-white\" class=\"ct-section\" >\n<div class=\"ct-section-inner-wrap\">\n<div id=\"new_columns-69-14text-left-white\" class=\"ct-new-columns\" >\n<div id=\"div_block-70-14\" class=\"ct-div-block\" >\n<h2 id=\"headline-71-14\" class=\"ct-headline\">Zinxhiri yn\u00eb i furnizimit<\/h2>\n<div id=\"_rich_text-72-14\" class=\"oxy-rich-text\" >\n<p dir=\"ltr\">Zinxhiri yn\u00eb i furnizimit shtrihet n\u00eb MB, Evrop\u00eb ose Australi. Ne jemi t\u00eb qart\u00eb n\u00eb kontratat dhe marr\u00ebdh\u00ebniet tona tregtare t\u00eb standardeve t\u00eb funksionimit t\u00eb furnitorit ton\u00eb.&nbsp;&nbsp;<\/p>\n<p dir=\"ltr\">Ne inkorporojm\u00eb vlerat tona ESG n\u00eb operacionet tona, njer\u00ebzit tan\u00eb dhe zinxhirin ton\u00eb t\u00eb furnizimit. Ne mb\u00ebshtesim zinxhirin ton\u00eb t\u00eb furnizimit aty ku ka nevoj\u00eb t\u00eb p\u00ebrshtatemi p\u00ebr t\u00eb arritur ton\u00ebn&nbsp;<a href=\"..\/environment\/\">Q\u00ebllimet e ESG<\/a>.&nbsp;<\/p>\n<p dir=\"ltr\">Strategjia jon\u00eb ESG mb\u00ebshtetet nga:<\/p>\n<ul>\n<li dir=\"ltr\" aria-level=\"1\">\n<p dir=\"ltr\" role=\"presentation\">P\u00ebrgjegj\u00ebsit\u00eb si nj\u00eb furnizues kryesor i NHS<\/p>\n<\/li>\n<li dir=\"ltr\" aria-level=\"1\">\n<p dir=\"ltr\" role=\"presentation\">Objektivat e p\u00ebrbashk\u00ebta si\u00e7 p\u00ebrcaktohen n\u00eb Planin e Gjelb\u00ebr t\u00eb NHS<\/p>\n<\/li>\n<li dir=\"ltr\" aria-level=\"1\">\n<p dir=\"ltr\" role=\"presentation\">D\u00ebshira p\u00ebr t\u00eb vepruar n\u00eb m\u00ebnyr\u00eb etike dhe t\u00eb p\u00ebrgjegjshme<\/p>\n<\/li>\n<li dir=\"ltr\" aria-level=\"1\">\n<p dir=\"ltr\" role=\"presentation\">Gatishm\u00ebria p\u00ebr rregullimin e ESG<\/p>\n<\/li>\n<li dir=\"ltr\" aria-level=\"1\">\n<p dir=\"ltr\" role=\"presentation\">Aft\u00ebsia p\u00ebr t\u00eb demonstruar p\u00ebrkushtimin ton\u00eb ndaj ESG dhe operacioneve etike p\u00ebr investitor\u00ebt (aktuale dhe t\u00eb ardhshme)<\/p>\n<\/li>\n<\/ul>\n<\/div>\n<\/div>\n<div id=\"div_block-74-14\" class=\"ct-div-block\" ><img decoding=\"async\"  id=\"image-75-14\" alt=\"\" src=\"https:\/\/www.q-bital.com\/wp-content\/uploads\/sites\/8\/2023\/08\/Hospital_ward_delivery2-1024x768.jpg\" class=\"ct-image\"\/><\/div>\n<\/div>\n<\/div>\n<\/section>\n<section id=\"section-88-34-blue\" class=\"ct-section\" >\n<div class=\"ct-section-inner-wrap\">\n<div id=\"new_columns-89-34-blue\" class=\"ct-new-columns\" >\n<div id=\"div_block-94-34\" class=\"ct-div-block\" ><img decoding=\"async\"  id=\"image-95-34\" alt=\"\" src=\"https:\/\/www.q-bital.com\/wp-content\/uploads\/sites\/8\/2023\/06\/modular-surgical-hub-1024x683.jpg\" class=\"ct-image\"\/><\/div>\n<div id=\"div_block-90-34\" class=\"ct-div-block\" >\n<h2 id=\"headline-91-34\" class=\"ct-headline\">Ne vler\u00ebsojm\u00eb furnitor\u00ebt tan\u00eb sipas rrezikut dhe pjekuris\u00eb s\u00eb tyre<\/h2>\n<div id=\"_rich_text-92-34\" class=\"oxy-rich-text\" >\n<p dir=\"ltr\">Ne konsiderojm\u00eb furnizuesit tan\u00eb:<\/p>\n<ul>\n<li dir=\"ltr\" aria-level=\"1\">\n<p dir=\"ltr\" role=\"presentation\"><a href=\"..\/environment\/\">P\u00ebrgjegj\u00ebsia sociale e korporat\u00ebs<\/a>&nbsp;(CSR)<\/p>\n<\/li>\n<li dir=\"ltr\" aria-level=\"1\">\n<p dir=\"ltr\" role=\"presentation\">Efikasiteti i energjis\u00eb dhe karburantit<\/p>\n<\/li>\n<li dir=\"ltr\" aria-level=\"1\">\n<p dir=\"ltr\" role=\"presentation\">Politikat e sh\u00ebndetit dhe siguris\u00eb<\/p>\n<\/li>\n<li dir=\"ltr\" aria-level=\"1\">\n<p dir=\"ltr\" role=\"presentation\">Politikat e transportit<\/p>\n<\/li>\n<li dir=\"ltr\" aria-level=\"1\">\n<p dir=\"ltr\" role=\"presentation\">P\u00ebrdorimi i pun\u00ebsimit lokal<\/p>\n<\/li>\n<li dir=\"ltr\" aria-level=\"1\">\n<p dir=\"ltr\" role=\"presentation\">T\u00eb dh\u00ebnat e praktikave dhe trajnimeve<\/p>\n<\/li>\n<\/ul>\n<p dir=\"ltr\">Si ofrues i zgjidhjeve t\u00eb kujdesit sh\u00ebndet\u00ebsor, ne jemi t\u00eb fokusuar tek pacienti. N\u00eb \u00e7do koh\u00eb, prioritetet tona jan\u00eb kujdesi dhe siguria e pacient\u00ebve dhe klient\u00ebve tan\u00eb; ne presim q\u00eb furnizuesit tan\u00eb t\u00eb ndajn\u00eb k\u00ebto prioritete.&nbsp;&nbsp;<\/p>\n<p dir=\"ltr\">Reputacioni yn\u00eb \u00ebsht\u00eb nd\u00ebrtuar mbi aft\u00ebsin\u00eb ton\u00eb p\u00ebr t\u00eb ofruar hap\u00ebsira t\u00eb kujdesit sh\u00ebndet\u00ebsor me cil\u00ebsi t\u00eb lart\u00eb. Nd\u00ebrsa k\u00ebrkesat tona rregullatore rriten, ne d\u00ebshirojm\u00eb t\u00eb mbajm\u00eb ata furnizues q\u00eb ofrojn\u00eb standardet tona n\u00eb m\u00ebnyr\u00eb q\u00eb ne t\u00eb mund t\u00eb vazhdojm\u00eb t\u00eb nd\u00ebrtojm\u00eb suksesin ton\u00eb deri m\u00eb sot.<\/p>\n<\/div>\n<\/div>\n<\/div>\n<\/div>\n<\/section>\n<section id=\"section-68-14-text-left-white\" class=\"ct-section\" >\n<div class=\"ct-section-inner-wrap\">\n<div id=\"new_columns-69-14text-left-white\" class=\"ct-new-columns\" >\n<div id=\"div_block-70-14\" class=\"ct-div-block\" >\n<h2 id=\"headline-71-14\" class=\"ct-headline\">Metodat moderne t\u00eb nd\u00ebrtimit dhe inovacionit<\/h2>\n<div id=\"_rich_text-72-14\" class=\"oxy-rich-text\" >\n<p dir=\"ltr\">Nd\u00ebrsa mbetemi konkurrues, ne sigurojm\u00eb q\u00eb zinxhiri yn\u00eb i furnizimit t\u00eb mb\u00ebshtet ambiciet tona t\u00eb korporat\u00ebs, duke eksploruar dhe pilotuar produkte, materiale dhe sh\u00ebrbime t\u00eb reja.<\/p>\n<\/div>\n<\/div>\n<div id=\"div_block-74-14\" class=\"ct-div-block\" ><img decoding=\"async\"  id=\"image-75-14\" alt=\"\" src=\"https:\/\/www.q-bital.com\/wp-content\/uploads\/sites\/8\/2023\/09\/Mobile_hospital_ward_first_floor_elevation_q-bital.jpg\" class=\"ct-image\"\/><\/div>\n<\/div>\n<\/div>\n<\/section>\n<section id=\"section-88-34-blue\" class=\"ct-section\" >\n<div class=\"ct-section-inner-wrap\">\n<div id=\"new_columns-89-34-blue\" class=\"ct-new-columns\" >\n<div id=\"div_block-94-34\" class=\"ct-div-block\" ><img decoding=\"async\"  id=\"image-95-34\" alt=\"\" src=\"https:\/\/www.q-bital.com\/wp-content\/uploads\/sites\/8\/2023\/09\/ESG_-_Earth_with_stethoscope-1017x1024.jpg\" class=\"ct-image\"\/><\/div>\n<div id=\"div_block-90-34\" class=\"ct-div-block\" >\n<h2 id=\"headline-91-34\" class=\"ct-headline\">Q\u00ebndrueshm\u00ebria<\/h2>\n<div id=\"_rich_text-92-34\" class=\"oxy-rich-text\" >\n<p dir=\"ltr\">Ne jemi nj\u00eb grup nd\u00ebrkomb\u00ebtar dhe jemi n\u00eb nj\u00eb rrug\u00ebtim drejt b\u00ebrjes neutrale ndaj karbonit. Duke u mb\u00ebshtetur n\u00eb angazhimin ton\u00eb ekzistues, ne do t\u00eb vazhdojm\u00eb t\u00eb p\u00ebrmir\u00ebsojm\u00eb kredencialet tona mjedisore p\u00ebr t\u00eb na mund\u00ebsuar t\u00eb p\u00ebrmbushim objektivat e q\u00ebndrueshm\u00ebris\u00eb q\u00eb i kemi vendosur vetes n\u00eb ton\u00eb&nbsp;<a href=\"..\/environment\/\">Strategjia ESG<\/a>&nbsp;2022-2035.<\/p>\n<\/div>\n<\/div>\n<\/div>\n<\/div>\n<\/section>\n<section id=\"section-144-59\" class=\"ct-section\" >\n<div class=\"ct-section-inner-wrap\">\n<div id=\"new_columns-145-59\" class=\"ct-new-columns\" >\n<div id=\"div_block-146-59\" class=\"ct-div-block\" >\n<div id=\"_rich_text-9-63\" class=\"oxy-rich-text\" >\n<p>Gjetja e nj\u00eb zgjidhjeje q\u00eb funksionon p\u00ebr spitalin tuaj fillon k\u00ebtu\u2026<\/p>\n<\/div>\n<p><a id=\"link_button-149-59\" class=\"ct-link-button\" href=\"\/sq_al\/contact\/\" target=\"_self\"  >Kontaktoni<\/a><\/div>\n<div id=\"div_block-150-59\" class=\"ct-div-block\" ><img decoding=\"async\"  id=\"image-151-59\" alt=\"\" src=\"https:\/\/www.q-bital.com\/wp-content\/uploads\/2023\/06\/kettering-2-scaled.jpg\" class=\"ct-image\"\/><\/div>\n<\/div>\n<\/div>\n<\/section>","protected":false},"excerpt":{"rendered":"","protected":false},"author":2,"featured_media":0,"parent":0,"menu_order":0,"comment_status":"closed","ping_status":"closed","template":"","meta":{"_acf_changed":false,"footnotes":""},"class_list":["post-455","page","type-page","status-publish","hentry"],"acf":[],"yoast_head":"<!-- This site is optimized with the Yoast SEO plugin v27.3 - https:\/\/yoast.com\/product\/yoast-seo-wordpress\/ -->\n<title>Procurement - Q-bital Healthcare Solutions<\/title>\n<meta name=\"robots\" content=\"index, follow, max-snippet:-1, max-image-preview:large, max-video-preview:-1\" \/>\n<link rel=\"canonical\" href=\"https:\/\/www.q-bital.com\/sq_al\/procurement\/\" \/>\n<meta property=\"og:locale\" content=\"sq_AL\" \/>\n<meta property=\"og:type\" content=\"article\" \/>\n<meta property=\"og:title\" content=\"Procurement - Q-bital Healthcare Solutions\" \/>\n<meta property=\"og:url\" content=\"https:\/\/www.q-bital.com\/sq_al\/procurement\/\" \/>\n<meta property=\"og:site_name\" content=\"Q-bital Healthcare Solutions\" \/>\n<meta property=\"article:modified_time\" content=\"2023-09-07T11:11:00+00:00\" \/>\n<meta name=\"twitter:card\" content=\"summary_large_image\" \/>\n<script type=\"application\/ld+json\" class=\"yoast-schema-graph\">{\"@context\":\"https:\\\/\\\/schema.org\",\"@graph\":[{\"@type\":\"WebPage\",\"@id\":\"https:\\\/\\\/www.q-bital.com\\\/procurement\\\/\",\"url\":\"https:\\\/\\\/www.q-bital.com\\\/procurement\\\/\",\"name\":\"Procurement - Q-bital Healthcare Solutions\",\"isPartOf\":{\"@id\":\"https:\\\/\\\/www.q-bital.com\\\/#website\"},\"datePublished\":\"2023-07-03T14:28:23+00:00\",\"dateModified\":\"2023-09-07T11:11:00+00:00\",\"inLanguage\":\"sq\",\"potentialAction\":[{\"@type\":\"ReadAction\",\"target\":[\"https:\\\/\\\/www.q-bital.com\\\/procurement\\\/\"]}]},{\"@type\":\"WebSite\",\"@id\":\"https:\\\/\\\/www.q-bital.com\\\/#website\",\"url\":\"https:\\\/\\\/www.q-bital.com\\\/\",\"name\":\"Q-bital Healthcare Solutions\",\"description\":\"\",\"potentialAction\":[{\"@type\":\"SearchAction\",\"target\":{\"@type\":\"EntryPoint\",\"urlTemplate\":\"https:\\\/\\\/www.q-bital.com\\\/?s={search_term_string}\"},\"query-input\":{\"@type\":\"PropertyValueSpecification\",\"valueRequired\":true,\"valueName\":\"search_term_string\"}}],\"inLanguage\":\"sq\"}]}<\/script>\n<!-- \/ Yoast SEO plugin. -->","yoast_head_json":{"title":"Prokurimi - Zgjidhjet e Kujdesit Sh\u00ebndet\u00ebsor Q-bital","robots":{"index":"index","follow":"follow","max-snippet":"max-snippet:-1","max-image-preview":"max-image-preview:large","max-video-preview":"max-video-preview:-1"},"canonical":"https:\/\/www.q-bital.com\/sq_al\/procurement\/","og_locale":"sq_AL","og_type":"article","og_title":"Procurement - Q-bital Healthcare Solutions","og_url":"https:\/\/www.q-bital.com\/sq_al\/procurement\/","og_site_name":"Q-bital Healthcare Solutions","article_modified_time":"2023-09-07T11:11:00+00:00","twitter_card":"summary_large_image","schema":{"@context":"https:\/\/schema.org","@graph":[{"@type":"WebPage","@id":"https:\/\/www.q-bital.com\/procurement\/","url":"https:\/\/www.q-bital.com\/procurement\/","name":"Prokurimi - Zgjidhjet e Kujdesit Sh\u00ebndet\u00ebsor Q-bital","isPartOf":{"@id":"https:\/\/www.q-bital.com\/#website"},"datePublished":"2023-07-03T14:28:23+00:00","dateModified":"2023-09-07T11:11:00+00:00","inLanguage":"sq","potentialAction":[{"@type":"ReadAction","target":["https:\/\/www.q-bital.com\/procurement\/"]}]},{"@type":"WebSite","@id":"https:\/\/www.q-bital.com\/#website","url":"https:\/\/www.q-bital.com\/","name":"Q-bital Healthcare Solutions","description":"","potentialAction":[{"@type":"SearchAction","target":{"@type":"EntryPoint","urlTemplate":"https:\/\/www.q-bital.com\/?s={search_term_string}"},"query-input":{"@type":"PropertyValueSpecification","valueRequired":true,"valueName":"search_term_string"}}],"inLanguage":"sq"}]}},"_links":{"self":[{"href":"https:\/\/www.q-bital.com\/sq_al\/wp-json\/wp\/v2\/pages\/455","targetHints":{"allow":["GET"]}}],"collection":[{"href":"https:\/\/www.q-bital.com\/sq_al\/wp-json\/wp\/v2\/pages"}],"about":[{"href":"https:\/\/www.q-bital.com\/sq_al\/wp-json\/wp\/v2\/types\/page"}],"author":[{"embeddable":true,"href":"https:\/\/www.q-bital.com\/sq_al\/wp-json\/wp\/v2\/users\/2"}],"replies":[{"embeddable":true,"href":"https:\/\/www.q-bital.com\/sq_al\/wp-json\/wp\/v2\/comments?post=455"}],"version-history":[{"count":0,"href":"https:\/\/www.q-bital.com\/sq_al\/wp-json\/wp\/v2\/pages\/455\/revisions"}],"wp:attachment":[{"href":"https:\/\/www.q-bital.com\/sq_al\/wp-json\/wp\/v2\/media?parent=455"}],"curies":[{"name":"wp","href":"https:\/\/api.w.org\/{rel}","templated":true}]}}