{"id":674,"date":"2023-07-19T14:17:08","date_gmt":"2023-07-19T14:17:08","guid":{"rendered":"https:\/\/www.q-bital.com\/?page_id=674"},"modified":"2024-01-18T10:20:31","modified_gmt":"2024-01-18T10:20:31","slug":"heritage","status":"publish","type":"page","link":"https:\/\/www.q-bital.com\/sq_al\/heritage\/","title":{"rendered":"Trash\u00ebgimia"},"content":{"rendered":"<section id=\"section-2-59\" class=\"ct-section\" style=\"background-image:url(https:\/\/www.q-bital.com\/wp-content\/uploads\/sites\/8\/2023\/05\/boulders-right.png);background-size: auto;\" >\n<div class=\"ct-section-inner-wrap\">\n<div id=\"div_block-8-59\" class=\"ct-div-block\" ><a id=\"link_text-6-59\" class=\"ct-link-text\" href=\"\/sq_al\/\" target=\"_self\"  >Sht\u00ebpi<\/a><\/p>\n<h1 id=\"headline-3-59\" class=\"ct-headline\"><span id=\"span-4-59\" class=\"ct-span\" >Trash\u00ebgimia<\/span><\/h1>\n<\/div>\n<\/div>\n<\/section>\n<section id=\"section-68-14-text-left-white\" class=\"ct-section\" >\n<div class=\"ct-section-inner-wrap\">\n<div id=\"new_columns-69-14text-left-white\" class=\"ct-new-columns\" >\n<div id=\"div_block-70-14\" class=\"ct-div-block\" >\n<h2 id=\"headline-71-14\" class=\"ct-headline\">Krijimi i zgjidhjeve inovative p\u00ebr ofruesit e kujdesit sh\u00ebndet\u00ebsor p\u00ebr m\u00eb shum\u00eb se dy dekada<\/h2>\n<div id=\"_rich_text-72-14\" class=\"oxy-rich-text\" >\n<p dir=\"ltr\">E themeluar n\u00eb vitin 1999, reputacioni yn\u00eb si ofruesi kryesor global i infrastruktur\u00ebs dhe sh\u00ebrbimeve klinike fleksib\u00ebl \u00ebsht\u00eb rritur n\u00eb m\u00ebnyr\u00eb t\u00eb q\u00ebndrueshme. Ne jemi krenar\u00eb q\u00eb punojm\u00eb n\u00eb partneritet me ofruesit e kujdesit sh\u00ebndet\u00ebsor dhe organizatat e sektorit t\u00eb pavarur dhe mbi 50% ofruesve t\u00eb spitaleve publike n\u00eb Mbret\u00ebrin\u00eb e Bashkuar kan\u00eb p\u00ebrdorur tani nj\u00eb nga hap\u00ebsirat tona t\u00eb kujdesit sh\u00ebndet\u00ebsor. Klient\u00ebt tan\u00eb na besojn\u00eb neve p\u00ebr t\u00eb ofruar zgjidhje me cil\u00ebsi t\u00eb lart\u00eb, teknikisht t\u00eb avancuar p\u00ebr t\u00eb p\u00ebrmir\u00ebsuar rezultatet sh\u00ebndet\u00ebsore me rit\u00ebm dhe p\u00ebr t&#039;u kthyer tek ne her\u00eb pas here kur nevojat ndryshojn\u00eb.&nbsp;<\/p>\n<p dir=\"ltr\">2018 pa fillimin zyrtar t\u00eb ndarjes nd\u00ebrkomb\u00ebtare t\u00eb Q-bital Healthcare Solutions dhe zgjerimi i kompanis\u00eb ka vazhduar i pand\u00ebrprer\u00eb si n\u00eb Mbret\u00ebrin\u00eb e Bashkuar ashtu edhe n\u00eb at\u00eb nd\u00ebrkomb\u00ebtar.<\/p>\n<p dir=\"ltr\">Me prodhimin e krijuar tashm\u00eb n\u00eb Holand\u00eb n\u00eb vitin 2023, nj\u00eb objekt tjet\u00ebr prodhimi i nd\u00ebrtuar me q\u00ebllim n\u00eb Hull MB iu shtua biznesit.<\/p>\n<p dir=\"ltr\">Tani operojm\u00eb nd\u00ebrkomb\u00ebtarisht n\u00eb Holand\u00eb, Suedi, Australi dhe Franc\u00eb dhe vazhdojm\u00eb t\u00eb shikojm\u00eb tregje t\u00eb reja p\u00ebr t&#039;u zgjeruar, duke ofruar mb\u00ebshtetje kudo q\u00eb \u00ebsht\u00eb e nevojshme.&nbsp;<\/p>\n<\/div>\n<\/div>\n<div id=\"div_block-74-14\" class=\"ct-div-block\" ><img decoding=\"async\"  id=\"image-75-14\" alt=\"\" src=\"https:\/\/www.q-bital.com\/wp-content\/uploads\/sites\/8\/2023\/07\/Creating-innovative-solutions-for-healthcare-providers-for-over-two-decades-image.jpg\" class=\"ct-image\"\/><\/div>\n<\/div>\n<\/div>\n<\/section>\n<section id=\"section-132-34\" class=\"ct-section\" >\n<div class=\"ct-section-inner-wrap\">\n<div id=\"new_columns-133-34\" class=\"ct-new-columns\" >\n<div id=\"div_block-138-34\" class=\"ct-div-block\" ><img decoding=\"async\"  id=\"image-139-34\" alt=\"\" src=\"https:\/\/www.q-bital.com\/wp-content\/uploads\/sites\/8\/2023\/07\/Drone-1.jpg\" class=\"ct-image\"\/><\/div>\n<div id=\"div_block-134-34\" class=\"ct-div-block\" >\n<h2 id=\"headline-135-34\" class=\"ct-headline\">\u00c7do detaj konsiderohet p\u00ebr t\u00eb b\u00ebr\u00eb q\u00eb hap\u00ebsirat tona t\u00eb kujdesit sh\u00ebndet\u00ebsor t\u00eb funksionojn\u00eb p\u00ebr klient\u00ebt tan\u00eb<\/h2>\n<div id=\"_rich_text-136-34\" class=\"oxy-rich-text\" >\n<p dir=\"ltr\">Ne punojm\u00eb me klient\u00ebt tan\u00eb p\u00ebr t\u00eb ofruar zgjidhje t\u00eb cil\u00ebsis\u00eb s\u00eb lart\u00eb, t\u00eb q\u00ebndrueshme t\u00eb kujdesit sh\u00ebndet\u00ebsor, me hap\u00ebsira t\u00eb kujdesit sh\u00ebndet\u00ebsor celular dhe modular\u00eb me porosi q\u00eb adresojn\u00eb nevojat unike t\u00eb \u00e7do sistemi t\u00eb kujdesit sh\u00ebndet\u00ebsor. Objektet tona mund t\u00eb p\u00ebrshtaten me nj\u00eb s\u00ebr\u00eb zgjedhjesh, duke p\u00ebrfshir\u00eb dhomat e operacionit, qendrat kirurgjikale, qendrat e diagnostikimit t\u00eb komunitetit (CDCs), suitat e endoskopis\u00eb, objektet e dekontaminimit dhe sterilizimit, repartet, klinikat dhe nj\u00ebsit\u00eb e l\u00ebndimeve t\u00eb lehta (MIU). Opsionet e produkteve dhe sh\u00ebrbimeve tona mund t\u00eb kombinohen p\u00ebr t\u00eb ofruar mund\u00ebsi t\u00eb pafundme; \u00e7do projekt i ri \u00ebsht\u00eb nj\u00eb mund\u00ebsi p\u00ebr t\u00eb krijuar nj\u00eb hap\u00ebsir\u00eb t\u00ebr\u00ebsisht unike t\u00eb kujdesit sh\u00ebndet\u00ebsor.<\/p>\n<p dir=\"ltr\">Reputacioni yn\u00eb u krijua nga aft\u00ebsia jon\u00eb p\u00ebr t\u00eb mb\u00ebshtetur spitalet me kapacitete shtes\u00eb q\u00eb mund t\u00eb shp\u00ebrndaheshin brenda pak dit\u00ebsh. Megjithat\u00eb, ne u ofrojm\u00eb klient\u00ebve tan\u00eb shum\u00eb m\u00eb tep\u00ebr, me mund\u00ebsi t\u00eb pafundme q\u00eb partner\u00ebt tan\u00eb t\u00eb besuar t\u00eb zgjerojn\u00eb kufijt\u00eb e ofrimit t\u00eb kujdesit t\u00eb tyre sh\u00ebndet\u00ebsor.&nbsp;<\/p>\n<p dir=\"ltr\">Ekspertiza jon\u00eb bazohet n\u00eb krijimin e marr\u00ebdh\u00ebnieve t\u00eb forta me klient\u00ebt tan\u00eb dhe zhvillimin e m\u00ebnyrave p\u00ebr t\u00eb p\u00ebrmir\u00ebsuar infrastruktur\u00ebn ekzistuese t\u00eb pasuris\u00eb s\u00eb kujdesit sh\u00ebndet\u00ebsor. Ambicia jon\u00eb shtyt\u00ebse \u00ebsht\u00eb t\u00eb jemi pjes\u00eb e zhvillimit t\u00eb zgjidhjeve m\u00eb fleksib\u00ebl t\u00eb infrastruktur\u00ebs s\u00eb kujdesit sh\u00ebndet\u00ebsor n\u00eb bot\u00eb. Krahas ofrimit t\u00eb Hap\u00ebsirave t\u00eb Kujdesit Sh\u00ebndet\u00ebsor p\u00ebr t\u00eb ndihmuar me k\u00ebrkesat e larta t\u00eb pacient\u00ebve dhe listat e gjata t\u00eb pritjes, ne mund t&#039;ju ndihmojm\u00eb t\u00eb kap\u00ebrceni sfidat operacionale t\u00eb tilla si rinovimi dhe t\u00eb ofrojm\u00eb nj\u00eb p\u00ebrgjigje urgjente n\u00ebse p\u00ebrjetoni nj\u00eb zjarr, p\u00ebrmbytje ose prishje teatri.&nbsp;<\/p>\n<p dir=\"ltr\">Nj\u00eb ekip i p\u00ebrkushtuar ekspert\u00ebsh ndihmojn\u00eb n\u00eb menaxhimin e projektit, projektimin, zbatimin dhe ofrimin e sh\u00ebrbimit klinik t\u00eb \u00e7do objekti q\u00eb nga konceptimi fillestar deri n\u00eb largimin nga vendi.<\/p>\n<\/div>\n<\/div>\n<\/div>\n<\/div>\n<\/section>\n<section id=\"section-2-202\" class=\"ct-section\" >\n<div class=\"ct-section-inner-wrap\">\n<div id=\"div_block-3-202\" class=\"ct-div-block\" >\n<h2 id=\"headline-4-202\" class=\"ct-headline\">Mbi 350,000 procedura dhe duke num\u00ebruar\u2026<\/h2>\n<div id=\"_rich_text-5-202\" class=\"oxy-rich-text\" >\n<p dir=\"ltr\">Mbi 350,000 procedura jan\u00eb kryer n\u00eb objektet tona t\u00eb l\u00ebvizshme me staf klinik deri m\u00eb sot.<\/p>\n<p dir=\"ltr\">Si nj\u00eb ofrues i sh\u00ebrbimit klinik t\u00eb klasit bot\u00ebror, ne jemi krenar\u00eb q\u00eb Hap\u00ebsirat tona t\u00eb Kujdesit Sh\u00ebndet\u00ebsor jan\u00eb t\u00eb p\u00ebrshtatshme p\u00ebr 75% t\u00eb t\u00eb gjitha llojeve t\u00eb procedurave klinike t\u00eb kryera n\u00eb nj\u00eb spital t\u00eb madh akut, nga z\u00ebvend\u00ebsimet e ijeve deri te operacioni i kataraktit, procedurat e endoskopis\u00eb deri te kirurgjia plastike.<\/p>\n<\/div>\n<div id=\"div_block-6-202\" class=\"ct-div-block\" ><img decoding=\"async\"  id=\"image-7-202\" alt=\"\" src=\"https:\/\/www.q-bital.com\/wp-content\/uploads\/sites\/8\/2023\/07\/proceedures-infographic.png\" class=\"ct-image\"\/><\/div>\n<\/div>\n<\/div>\n<\/section>\n<section id=\"section-144-59\" class=\"ct-section\" >\n<div class=\"ct-section-inner-wrap\">\n<div id=\"new_columns-145-59\" class=\"ct-new-columns\" >\n<div id=\"div_block-146-59\" class=\"ct-div-block\" >\n<div id=\"_rich_text-9-63\" class=\"oxy-rich-text\" >\n<p>Gjetja e nj\u00eb zgjidhjeje q\u00eb funksionon p\u00ebr spitalin tuaj fillon k\u00ebtu\u2026<\/p>\n<\/div>\n<p><a id=\"link_button-149-59\" class=\"ct-link-button\" href=\"\/sq_al\/contact\/\" target=\"_self\"  >Kontaktoni<\/a><\/div>\n<div id=\"div_block-150-59\" class=\"ct-div-block\" ><img decoding=\"async\"  id=\"image-151-59\" alt=\"\" src=\"https:\/\/www.q-bital.com\/wp-content\/uploads\/2023\/06\/kettering-2-scaled.jpg\" class=\"ct-image\"\/><\/div>\n<\/div>\n<\/div>\n<\/section>","protected":false},"excerpt":{"rendered":"","protected":false},"author":2,"featured_media":0,"parent":0,"menu_order":0,"comment_status":"closed","ping_status":"closed","template":"","meta":{"_acf_changed":false,"footnotes":""},"class_list":["post-674","page","type-page","status-publish","hentry"],"acf":[],"yoast_head":"<!-- This site is optimized with the Yoast SEO plugin v27.3 - https:\/\/yoast.com\/product\/yoast-seo-wordpress\/ -->\n<title>Heritage - Q-bital Healthcare Solutions<\/title>\n<meta name=\"robots\" content=\"index, follow, max-snippet:-1, max-image-preview:large, max-video-preview:-1\" \/>\n<link rel=\"canonical\" href=\"https:\/\/www.q-bital.com\/sq_al\/heritage\/\" \/>\n<meta property=\"og:locale\" content=\"sq_AL\" \/>\n<meta property=\"og:type\" content=\"article\" \/>\n<meta property=\"og:title\" content=\"Heritage - Q-bital Healthcare Solutions\" \/>\n<meta property=\"og:url\" content=\"https:\/\/www.q-bital.com\/sq_al\/heritage\/\" \/>\n<meta property=\"og:site_name\" content=\"Q-bital Healthcare Solutions\" \/>\n<meta property=\"article:modified_time\" content=\"2024-01-18T10:20:31+00:00\" \/>\n<meta name=\"twitter:card\" content=\"summary_large_image\" \/>\n<meta name=\"twitter:label1\" content=\"Est. reading time\" \/>\n\t<meta name=\"twitter:data1\" content=\"1 minut\u00eb\" \/>\n<script type=\"application\/ld+json\" class=\"yoast-schema-graph\">{\"@context\":\"https:\\\/\\\/schema.org\",\"@graph\":[{\"@type\":\"WebPage\",\"@id\":\"https:\\\/\\\/www.q-bital.com\\\/heritage\\\/\",\"url\":\"https:\\\/\\\/www.q-bital.com\\\/heritage\\\/\",\"name\":\"Heritage - Q-bital Healthcare Solutions\",\"isPartOf\":{\"@id\":\"https:\\\/\\\/www.q-bital.com\\\/#website\"},\"datePublished\":\"2023-07-19T14:17:08+00:00\",\"dateModified\":\"2024-01-18T10:20:31+00:00\",\"inLanguage\":\"sq\",\"potentialAction\":[{\"@type\":\"ReadAction\",\"target\":[\"https:\\\/\\\/www.q-bital.com\\\/heritage\\\/\"]}]},{\"@type\":\"WebSite\",\"@id\":\"https:\\\/\\\/www.q-bital.com\\\/#website\",\"url\":\"https:\\\/\\\/www.q-bital.com\\\/\",\"name\":\"Q-bital Healthcare Solutions\",\"description\":\"\",\"potentialAction\":[{\"@type\":\"SearchAction\",\"target\":{\"@type\":\"EntryPoint\",\"urlTemplate\":\"https:\\\/\\\/www.q-bital.com\\\/?s={search_term_string}\"},\"query-input\":{\"@type\":\"PropertyValueSpecification\",\"valueRequired\":true,\"valueName\":\"search_term_string\"}}],\"inLanguage\":\"sq\"}]}<\/script>\n<!-- \/ Yoast SEO plugin. -->","yoast_head_json":{"title":"Trash\u00ebgimia - Zgjidhjet e Kujdesit Sh\u00ebndet\u00ebsor Q-bital","robots":{"index":"index","follow":"follow","max-snippet":"max-snippet:-1","max-image-preview":"max-image-preview:large","max-video-preview":"max-video-preview:-1"},"canonical":"https:\/\/www.q-bital.com\/sq_al\/heritage\/","og_locale":"sq_AL","og_type":"article","og_title":"Heritage - Q-bital Healthcare Solutions","og_url":"https:\/\/www.q-bital.com\/sq_al\/heritage\/","og_site_name":"Q-bital Healthcare Solutions","article_modified_time":"2024-01-18T10:20:31+00:00","twitter_card":"summary_large_image","twitter_misc":{"Est. reading time":"1 minut\u00eb"},"schema":{"@context":"https:\/\/schema.org","@graph":[{"@type":"WebPage","@id":"https:\/\/www.q-bital.com\/heritage\/","url":"https:\/\/www.q-bital.com\/heritage\/","name":"Trash\u00ebgimia - Zgjidhjet e Kujdesit Sh\u00ebndet\u00ebsor Q-bital","isPartOf":{"@id":"https:\/\/www.q-bital.com\/#website"},"datePublished":"2023-07-19T14:17:08+00:00","dateModified":"2024-01-18T10:20:31+00:00","inLanguage":"sq","potentialAction":[{"@type":"ReadAction","target":["https:\/\/www.q-bital.com\/heritage\/"]}]},{"@type":"WebSite","@id":"https:\/\/www.q-bital.com\/#website","url":"https:\/\/www.q-bital.com\/","name":"Q-bital Healthcare Solutions","description":"","potentialAction":[{"@type":"SearchAction","target":{"@type":"EntryPoint","urlTemplate":"https:\/\/www.q-bital.com\/?s={search_term_string}"},"query-input":{"@type":"PropertyValueSpecification","valueRequired":true,"valueName":"search_term_string"}}],"inLanguage":"sq"}]}},"_links":{"self":[{"href":"https:\/\/www.q-bital.com\/sq_al\/wp-json\/wp\/v2\/pages\/674","targetHints":{"allow":["GET"]}}],"collection":[{"href":"https:\/\/www.q-bital.com\/sq_al\/wp-json\/wp\/v2\/pages"}],"about":[{"href":"https:\/\/www.q-bital.com\/sq_al\/wp-json\/wp\/v2\/types\/page"}],"author":[{"embeddable":true,"href":"https:\/\/www.q-bital.com\/sq_al\/wp-json\/wp\/v2\/users\/2"}],"replies":[{"embeddable":true,"href":"https:\/\/www.q-bital.com\/sq_al\/wp-json\/wp\/v2\/comments?post=674"}],"version-history":[{"count":0,"href":"https:\/\/www.q-bital.com\/sq_al\/wp-json\/wp\/v2\/pages\/674\/revisions"}],"wp:attachment":[{"href":"https:\/\/www.q-bital.com\/sq_al\/wp-json\/wp\/v2\/media?parent=674"}],"curies":[{"name":"wp","href":"https:\/\/api.w.org\/{rel}","templated":true}]}}