{"id":7284,"date":"2025-02-12T17:18:20","date_gmt":"2025-02-12T17:18:20","guid":{"rendered":"https:\/\/www.vanguardhealthcare.co.uk\/?page_id=7785"},"modified":"2026-01-13T16:04:17","modified_gmt":"2026-01-13T16:04:17","slug":"accreditations-and-certifications","status":"publish","type":"page","link":"https:\/\/www.q-bital.com\/sq_al\/accreditations-and-certifications\/","title":{"rendered":"Akreditime dhe Certifikime"},"content":{"rendered":"<p>Ne e dim\u00eb vler\u00ebn q\u00eb certifikimi u sjell bizneseve dhe klient\u00ebve t\u00eb tyre, prandaj auditohemi nga jasht\u00eb \u00e7do vit sipas standardeve t\u00eb m\u00ebposhtme. <strong>Akreditimet dhe certifikimet m\u00eb posht\u00eb jan\u00eb grupuar sipas vendndodhjes operative p\u00ebr qart\u00ebsi.<\/strong><\/p>\n<div style=\"height:58px\" aria-hidden=\"true\" class=\"wp-block-spacer\"><\/div>\n<h2 class=\"wp-block-heading has-text-align-center\">Mbret\u00ebria e Bashkuar dhe Irlanda<\/h2>\n<div style=\"height:24px\" aria-hidden=\"true\" class=\"wp-block-spacer\"><\/div>\n<div class=\"wp-block-media-text is-stacked-on-mobile\" style=\"grid-template-columns:25% auto\">\n<figure class=\"wp-block-media-text__media\"><img decoding=\"async\" src=\"https:\/\/www.vanguardhealthcare.co.uk\/wp-content\/uploads\/2025\/03\/Untitled-design-2.png\" alt=\"\" class=\"wp-image-7876 size-full\" \/><\/figure>\n<div class=\"wp-block-media-text__content\">\n<p><strong>Certifikimi Cyber Essentials Plus<\/strong>&nbsp;<\/p>\n<p>Cyber Essentials Plus \u00ebsht\u00eb nj\u00eb skem\u00eb e mb\u00ebshtetur nga qeveria e Mbret\u00ebris\u00eb s\u00eb Bashkuar, e projektuar p\u00ebr t\u00eb ndihmuar organizatat t\u00eb mbrohen nga k\u00ebrc\u00ebnimet e zakonshme online. Kjo ofron siguri shtes\u00eb se ne po i mbrojm\u00eb t\u00eb dh\u00ebnat e klient\u00ebve nga k\u00ebrc\u00ebnimet kibernetike me kontrollet e nevojshme teknike.<\/p>\n<\/div>\n<\/div>\n<div class=\"wp-block-media-text is-stacked-on-mobile\" style=\"grid-template-columns:25% auto\">\n<figure class=\"wp-block-media-text__media\"><img decoding=\"async\" src=\"https:\/\/www.vanguardhealthcare.co.uk\/wp-content\/uploads\/2025\/02\/ISO9001_BAB-1024x1024.jpg\" alt=\"\" class=\"wp-image-7787 size-full\" \/><\/figure>\n<div class=\"wp-block-media-text__content\">\n<p><strong>Akreditimi i Menaxhimit t\u00eb Cil\u00ebsis\u00eb ISO 9001<\/strong><\/p>\n<p>Ne jemi t\u00eb p\u00ebrkushtuar p\u00ebr t\u00eb tejkaluar pritjet e klient\u00ebve dhe p\u00ebr t\u00eb ofruar sh\u00ebrbim t\u00eb jasht\u00ebzakonsh\u00ebm. Certifikimi yn\u00eb ISO 9001 p\u00ebrforcon k\u00ebt\u00eb p\u00ebrkushtim, duke siguruar q\u00eb ne t&#039;i p\u00ebrmbushim vazhdimisht nevojat e klient\u00ebve dhe t\u00eb k\u00ebrkojm\u00eb n\u00eb m\u00ebnyr\u00eb aktive reagimet e tyre. Kjo qasje na ndihmon t\u00eb identifikojm\u00eb mund\u00ebsit\u00eb e p\u00ebrmir\u00ebsimit, duke p\u00ebrmir\u00ebsuar p\u00ebrvoj\u00ebn ton\u00eb ndaj klientit dhe duke siguruar q\u00eb ne t\u00eb ofrojm\u00eb vazhdimisht sh\u00ebrbim me pes\u00eb yje.<\/p>\n<\/div>\n<\/div>\n<div class=\"wp-block-media-text is-stacked-on-mobile\" style=\"grid-template-columns:25% auto\">\n<figure class=\"wp-block-media-text__media\"><img decoding=\"async\" src=\"https:\/\/www.vanguardhealthcare.co.uk\/wp-content\/uploads\/2025\/02\/ISO14001_BAB-1024x1024.jpg\" alt=\"\" class=\"wp-image-7788 size-full\" \/><\/figure>\n<div class=\"wp-block-media-text__content\">\n<p><strong>Akreditimi i Menaxhimit Mjedisor ISO 14001<\/strong><\/p>\n<p>P\u00ebr klient\u00ebt q\u00eb i japin p\u00ebrpar\u00ebsi q\u00ebndrueshm\u00ebris\u00eb, jini t\u00eb sigurt se ne jemi t\u00eb p\u00ebrkushtuar p\u00ebr t\u00eb minimizuar gjurm\u00ebn ton\u00eb mjedisore.<\/p>\n<p>Certifikimi yn\u00eb ISO 14001 na mund\u00ebson t\u00eb zbatojm\u00eb masa efektive p\u00ebr t\u00eb menaxhuar ndikimin ton\u00eb mjedisor. <\/p>\n<\/div>\n<\/div>\n<div class=\"wp-block-media-text is-stacked-on-mobile\" style=\"grid-template-columns:25% auto\">\n<figure class=\"wp-block-media-text__media\"><img decoding=\"async\" src=\"https:\/\/www.vanguardhealthcare.co.uk\/wp-content\/uploads\/2025\/02\/ISO45001_BAB-1024x1024.jpg\" alt=\"\" class=\"wp-image-7789 size-full\" \/><\/figure>\n<div class=\"wp-block-media-text__content\">\n<p><strong>Akreditimi i Menaxhimit t\u00eb Sh\u00ebndetit dhe Siguris\u00eb ISO 45001<\/strong><\/p>\n<p>Ne jemi t\u00eb p\u00ebrkushtuar p\u00ebr t\u00eb tejkaluar pritjet e klient\u00ebve tan\u00eb dhe p\u00ebr t\u00eb ofruar sh\u00ebrbim t\u00eb jasht\u00ebzakonsh\u00ebm. Certifikimi yn\u00eb ISO 45001 n\u00ebnvizon k\u00ebt\u00eb angazhim, duke siguruar q\u00eb ne t\u00eb p\u00ebrmbushim vazhdimisht k\u00ebrkesat e sh\u00ebndetit dhe siguris\u00eb n\u00eb pun\u00eb dhe t\u00eb k\u00ebrkojm\u00eb n\u00eb m\u00ebnyr\u00eb aktive reagime. Kjo qasje na ndihmon t\u00eb identifikojm\u00eb mund\u00ebsit\u00eb p\u00ebr p\u00ebrmir\u00ebsim, duke rritur sigurin\u00eb n\u00eb vendin e pun\u00ebs dhe duke siguruar q\u00eb ne vazhdimisht t\u00eb ofrojm\u00eb nj\u00eb mjedis t\u00eb sigurt dhe t\u00eb sh\u00ebndetsh\u00ebm p\u00ebr punonj\u00ebsit dhe klient\u00ebt tan\u00eb.<\/p>\n<\/div>\n<\/div>\n<div class=\"wp-block-media-text is-stacked-on-mobile is-vertically-aligned-center\" style=\"grid-template-columns:25% auto\">\n<figure class=\"wp-block-media-text__media\"><img loading=\"lazy\" decoding=\"async\" width=\"1280\" height=\"650\" src=\"https:\/\/www.q-bital.com\/wp-content\/uploads\/sites\/8\/2026\/01\/mark-of-trust-certificate-of-conformity-BIMdesignandconstruction-black-logo-En-GB-0524.jpg\" alt=\"\" class=\"wp-image-7292 size-full\" srcset=\"https:\/\/www.q-bital.com\/wp-content\/uploads\/sites\/8\/2026\/01\/mark-of-trust-certificate-of-conformity-BIMdesignandconstruction-black-logo-En-GB-0524.jpg 1280w, https:\/\/www.q-bital.com\/wp-content\/uploads\/sites\/8\/2026\/01\/mark-of-trust-certificate-of-conformity-BIMdesignandconstruction-black-logo-En-GB-0524-300x152.jpg 300w, https:\/\/www.q-bital.com\/wp-content\/uploads\/sites\/8\/2026\/01\/mark-of-trust-certificate-of-conformity-BIMdesignandconstruction-black-logo-En-GB-0524-768x390.jpg 768w, https:\/\/www.q-bital.com\/wp-content\/uploads\/sites\/8\/2026\/01\/mark-of-trust-certificate-of-conformity-BIMdesignandconstruction-black-logo-En-GB-0524-18x9.jpg 18w\" sizes=\"auto, (max-width: 1280px) 100vw, 1280px\" \/><\/figure>\n<div class=\"wp-block-media-text__content\">\n<p><strong><strong>Certifikimi ISO 19650-2<\/strong><\/strong><\/p>\n<p>Certifikimi BSI p\u00ebr&nbsp;<strong>BS EN ISO 19650-2:2018<\/strong>&nbsp;demonstron se Vanguard Healthcare Solutions menaxhon informacionin gjat\u00eb ofrimit t\u00eb sh\u00ebrbimeve t\u00eb kujdesit sh\u00ebndet\u00ebsor n\u00eb nj\u00eb m\u00ebnyr\u00eb t\u00eb q\u00ebndrueshme, t\u00eb sigurt dhe t\u00eb njohur nd\u00ebrkomb\u00ebtarisht. P\u00ebr klient\u00ebt tan\u00eb, kjo ofron siguri se informacioni i projektimit klinik dhe kontraktimit \u00ebsht\u00eb i sakt\u00eb, i qeverisur mir\u00eb dhe i menaxhuar n\u00eb m\u00ebnyr\u00eb bashk\u00ebpunuese duke p\u00ebrdorur Modelimin e Informacionit t\u00eb Nd\u00ebrtimit, duke ndihmuar n\u00eb uljen e rrezikut, p\u00ebrmir\u00ebsimin e koordinimit dhe mb\u00ebshtetjen e vendimmarrjes s\u00eb sigurt n\u00eb projektet komplekse t\u00eb kujdesit sh\u00ebndet\u00ebsor.<\/p>\n<\/div>\n<\/div>\n<div class=\"wp-block-media-text is-stacked-on-mobile is-vertically-aligned-center\" style=\"grid-template-columns:25% auto\">\n<figure class=\"wp-block-media-text__media\"><img decoding=\"async\" src=\"https:\/\/www.vanguardhealthcare.co.uk\/wp-content\/uploads\/2025\/07\/White-VF-CHAS_LtBG_jpg-1024x725.jpg\" alt=\"\" class=\"wp-image-8067 size-full\" \/><\/figure>\n<div class=\"wp-block-media-text__content\">\n<p><strong>CHAS Elite<\/strong><\/p>\n<p>Arritja e Akreditimit t\u00eb Statusit Elite t\u00eb CHAS ofron siguri se ne p\u00ebrmbushim kritere rigoroze, duke siguruar jo vet\u00ebm pajtueshm\u00ebrin\u00eb me k\u00ebrkesat ligjore, por edhe zbatimin e praktikave m\u00eb t\u00eb mira n\u00eb mbrojtjen si t\u00eb stafit ashtu edhe t\u00eb klient\u00ebve. Kjo p\u00ebrforcon p\u00ebrkushtimin ton\u00eb p\u00ebr t\u00eb ruajtur nj\u00eb mjedis pune t\u00eb sigurt dhe p\u00ebr t\u00eb zbutur rreziqet n\u00eb m\u00ebnyr\u00eb efektive. Statusi Elite i CHAS ofron qet\u00ebsi mendore se ne veprojm\u00eb me integritet, p\u00ebrgjegj\u00ebsi dhe profesionaliz\u00ebm. <\/p>\n<\/p>\n<\/p>\n<\/div>\n<\/div>\n<div style=\"height:42px\" aria-hidden=\"true\" class=\"wp-block-spacer\"><\/div>\n<h2 class=\"wp-block-heading has-text-align-center\">Australia<\/h2>\n<div style=\"height:38px\" aria-hidden=\"true\" class=\"wp-block-spacer\"><\/div>\n<div class=\"wp-block-media-text is-stacked-on-mobile is-vertically-aligned-center\" style=\"grid-template-columns:25% auto\">\n<figure class=\"wp-block-media-text__media\"><img loading=\"lazy\" decoding=\"async\" width=\"569\" height=\"1024\" src=\"https:\/\/www.q-bital.com\/wp-content\/uploads\/sites\/8\/2026\/01\/Certifi_StandardsLogos_PORTRAIT_11.04.24_9001-569x1024.png\" alt=\"\" class=\"wp-image-7287 size-full\" srcset=\"https:\/\/www.q-bital.com\/wp-content\/uploads\/sites\/8\/2026\/01\/Certifi_StandardsLogos_PORTRAIT_11.04.24_9001-569x1024.png 569w, https:\/\/www.q-bital.com\/wp-content\/uploads\/sites\/8\/2026\/01\/Certifi_StandardsLogos_PORTRAIT_11.04.24_9001-167x300.png 167w, https:\/\/www.q-bital.com\/wp-content\/uploads\/sites\/8\/2026\/01\/Certifi_StandardsLogos_PORTRAIT_11.04.24_9001-768x1382.png 768w, https:\/\/www.q-bital.com\/wp-content\/uploads\/sites\/8\/2026\/01\/Certifi_StandardsLogos_PORTRAIT_11.04.24_9001-853x1536.png 853w, https:\/\/www.q-bital.com\/wp-content\/uploads\/sites\/8\/2026\/01\/Certifi_StandardsLogos_PORTRAIT_11.04.24_9001-7x12.png 7w, https:\/\/www.q-bital.com\/wp-content\/uploads\/sites\/8\/2026\/01\/Certifi_StandardsLogos_PORTRAIT_11.04.24_9001.png 945w\" sizes=\"auto, (max-width: 569px) 100vw, 569px\" \/><\/figure>\n<div class=\"wp-block-media-text__content\">\n<p><strong>Akreditimi i Menaxhimit t\u00eb Cil\u00ebsis\u00eb ISO 9001<\/strong><\/p>\n<p>Ne jemi t\u00eb p\u00ebrkushtuar p\u00ebr t\u00eb tejkaluar pritjet e klient\u00ebve dhe p\u00ebr t\u00eb ofruar sh\u00ebrbim t\u00eb jasht\u00ebzakonsh\u00ebm. Certifikimi yn\u00eb ISO 9001 p\u00ebrforcon k\u00ebt\u00eb p\u00ebrkushtim, duke siguruar q\u00eb ne t&#039;i p\u00ebrmbushim vazhdimisht nevojat e klient\u00ebve dhe t\u00eb k\u00ebrkojm\u00eb n\u00eb m\u00ebnyr\u00eb aktive reagimet e tyre. Kjo qasje na ndihmon t\u00eb identifikojm\u00eb mund\u00ebsit\u00eb e p\u00ebrmir\u00ebsimit, duke p\u00ebrmir\u00ebsuar p\u00ebrvoj\u00ebn ton\u00eb ndaj klientit dhe duke siguruar q\u00eb ne t\u00eb ofrojm\u00eb vazhdimisht sh\u00ebrbim me pes\u00eb yje.<\/p>\n<\/p>\n<\/p>\n<\/div>\n<\/div>\n<div class=\"wp-block-media-text is-stacked-on-mobile is-vertically-aligned-center\" style=\"grid-template-columns:25% auto\">\n<figure class=\"wp-block-media-text__media\"><img loading=\"lazy\" decoding=\"async\" width=\"569\" height=\"1024\" src=\"https:\/\/www.q-bital.com\/wp-content\/uploads\/sites\/8\/2026\/01\/Certifi_StandardsLogos_PORTRAIT_11.04.24_14001-569x1024.png\" alt=\"\" class=\"wp-image-7288 size-full\" srcset=\"https:\/\/www.q-bital.com\/wp-content\/uploads\/sites\/8\/2026\/01\/Certifi_StandardsLogos_PORTRAIT_11.04.24_14001-569x1024.png 569w, https:\/\/www.q-bital.com\/wp-content\/uploads\/sites\/8\/2026\/01\/Certifi_StandardsLogos_PORTRAIT_11.04.24_14001-167x300.png 167w, https:\/\/www.q-bital.com\/wp-content\/uploads\/sites\/8\/2026\/01\/Certifi_StandardsLogos_PORTRAIT_11.04.24_14001-768x1382.png 768w, https:\/\/www.q-bital.com\/wp-content\/uploads\/sites\/8\/2026\/01\/Certifi_StandardsLogos_PORTRAIT_11.04.24_14001-853x1536.png 853w, https:\/\/www.q-bital.com\/wp-content\/uploads\/sites\/8\/2026\/01\/Certifi_StandardsLogos_PORTRAIT_11.04.24_14001-7x12.png 7w, https:\/\/www.q-bital.com\/wp-content\/uploads\/sites\/8\/2026\/01\/Certifi_StandardsLogos_PORTRAIT_11.04.24_14001.png 945w\" sizes=\"auto, (max-width: 569px) 100vw, 569px\" \/><\/figure>\n<div class=\"wp-block-media-text__content\">\n<p><strong>Akreditimi i Menaxhimit Mjedisor ISO 14001<\/strong><\/p>\n<p>P\u00ebr klient\u00ebt q\u00eb i japin p\u00ebrpar\u00ebsi q\u00ebndrueshm\u00ebris\u00eb, jini t\u00eb sigurt se ne jemi t\u00eb p\u00ebrkushtuar p\u00ebr t\u00eb minimizuar gjurm\u00ebn ton\u00eb mjedisore.<\/p>\n<p>Certifikimi yn\u00eb ISO 14001 na mund\u00ebson t\u00eb zbatojm\u00eb masa efektive p\u00ebr t\u00eb menaxhuar ndikimin ton\u00eb mjedisor.<\/p>\n<\/p>\n<\/p>\n<\/div>\n<\/div>","protected":false},"excerpt":{"rendered":"<p>We know the value that certification brings to businesses and their customers, which is why we are externally audited on an annual basis against the following standards. The accreditations and certifications below are grouped by operational location for clarity. UK &amp; Ireland Cyber Essentials Plus Certification&nbsp; Cyber Essentials Plus is a UK government-backed scheme designed [&hellip;]<\/p>\n","protected":false},"author":11,"featured_media":0,"parent":0,"menu_order":0,"comment_status":"closed","ping_status":"closed","template":"","meta":{"_acf_changed":false,"footnotes":""},"class_list":["post-7284","page","type-page","status-publish","hentry"],"acf":[],"yoast_head":"<!-- This site is optimized with the Yoast SEO plugin v27.3 - https:\/\/yoast.com\/product\/yoast-seo-wordpress\/ -->\n<title>Accreditations and Certifications - Q-bital Healthcare Solutions<\/title>\n<meta name=\"robots\" content=\"index, follow, max-snippet:-1, max-image-preview:large, max-video-preview:-1\" \/>\n<link rel=\"canonical\" href=\"https:\/\/www.q-bital.com\/sq_al\/accreditations-and-certifications\/\" \/>\n<meta property=\"og:locale\" content=\"sq_AL\" \/>\n<meta property=\"og:type\" content=\"article\" \/>\n<meta property=\"og:title\" content=\"Accreditations and Certifications - Q-bital Healthcare Solutions\" \/>\n<meta property=\"og:description\" content=\"We know the value that certification brings to businesses and their customers, which is why we are externally audited on an annual basis against the following standards. The accreditations and certifications below are grouped by operational location for clarity. UK &amp; Ireland Cyber Essentials Plus Certification&nbsp; Cyber Essentials Plus is a UK government-backed scheme designed [&hellip;]\" \/>\n<meta property=\"og:url\" content=\"https:\/\/www.q-bital.com\/sq_al\/accreditations-and-certifications\/\" \/>\n<meta property=\"og:site_name\" content=\"Q-bital Healthcare Solutions\" \/>\n<meta property=\"article:modified_time\" content=\"2026-01-13T16:04:17+00:00\" \/>\n<meta name=\"twitter:card\" content=\"summary_large_image\" \/>\n<meta name=\"twitter:label1\" content=\"Est. reading time\" \/>\n\t<meta name=\"twitter:data1\" content=\"4 minuta\" \/>\n<script type=\"application\/ld+json\" class=\"yoast-schema-graph\">{\"@context\":\"https:\\\/\\\/schema.org\",\"@graph\":[{\"@type\":\"WebPage\",\"@id\":\"https:\\\/\\\/www.q-bital.com\\\/accreditations-and-certifications\\\/\",\"url\":\"https:\\\/\\\/www.q-bital.com\\\/accreditations-and-certifications\\\/\",\"name\":\"Accreditations and Certifications - Q-bital Healthcare Solutions\",\"isPartOf\":{\"@id\":\"https:\\\/\\\/www.q-bital.com\\\/#website\"},\"primaryImageOfPage\":{\"@id\":\"https:\\\/\\\/www.q-bital.com\\\/accreditations-and-certifications\\\/#primaryimage\"},\"image\":{\"@id\":\"https:\\\/\\\/www.q-bital.com\\\/accreditations-and-certifications\\\/#primaryimage\"},\"thumbnailUrl\":\"https:\\\/\\\/www.vanguardhealthcare.co.uk\\\/wp-content\\\/uploads\\\/2025\\\/03\\\/Untitled-design-2.png\",\"datePublished\":\"2025-02-12T17:18:20+00:00\",\"dateModified\":\"2026-01-13T16:04:17+00:00\",\"inLanguage\":\"sq\",\"potentialAction\":[{\"@type\":\"ReadAction\",\"target\":[\"https:\\\/\\\/www.q-bital.com\\\/accreditations-and-certifications\\\/\"]}]},{\"@type\":\"ImageObject\",\"inLanguage\":\"sq\",\"@id\":\"https:\\\/\\\/www.q-bital.com\\\/accreditations-and-certifications\\\/#primaryimage\",\"url\":\"https:\\\/\\\/www.vanguardhealthcare.co.uk\\\/wp-content\\\/uploads\\\/2025\\\/03\\\/Untitled-design-2.png\",\"contentUrl\":\"https:\\\/\\\/www.vanguardhealthcare.co.uk\\\/wp-content\\\/uploads\\\/2025\\\/03\\\/Untitled-design-2.png\"},{\"@type\":\"WebSite\",\"@id\":\"https:\\\/\\\/www.q-bital.com\\\/#website\",\"url\":\"https:\\\/\\\/www.q-bital.com\\\/\",\"name\":\"Q-bital Healthcare Solutions\",\"description\":\"\",\"potentialAction\":[{\"@type\":\"SearchAction\",\"target\":{\"@type\":\"EntryPoint\",\"urlTemplate\":\"https:\\\/\\\/www.q-bital.com\\\/?s={search_term_string}\"},\"query-input\":{\"@type\":\"PropertyValueSpecification\",\"valueRequired\":true,\"valueName\":\"search_term_string\"}}],\"inLanguage\":\"sq\"}]}<\/script>\n<!-- \/ Yoast SEO plugin. -->","yoast_head_json":{"title":"Akreditime dhe Certifikime - Q-bital Healthcare Solutions","robots":{"index":"index","follow":"follow","max-snippet":"max-snippet:-1","max-image-preview":"max-image-preview:large","max-video-preview":"max-video-preview:-1"},"canonical":"https:\/\/www.q-bital.com\/sq_al\/accreditations-and-certifications\/","og_locale":"sq_AL","og_type":"article","og_title":"Accreditations and Certifications - Q-bital Healthcare Solutions","og_description":"We know the value that certification brings to businesses and their customers, which is why we are externally audited on an annual basis against the following standards. The accreditations and certifications below are grouped by operational location for clarity. UK &amp; Ireland Cyber Essentials Plus Certification&nbsp; Cyber Essentials Plus is a UK government-backed scheme designed [&hellip;]","og_url":"https:\/\/www.q-bital.com\/sq_al\/accreditations-and-certifications\/","og_site_name":"Q-bital Healthcare Solutions","article_modified_time":"2026-01-13T16:04:17+00:00","twitter_card":"summary_large_image","twitter_misc":{"Est. reading time":"4 minuta"},"schema":{"@context":"https:\/\/schema.org","@graph":[{"@type":"WebPage","@id":"https:\/\/www.q-bital.com\/accreditations-and-certifications\/","url":"https:\/\/www.q-bital.com\/accreditations-and-certifications\/","name":"Akreditime dhe Certifikime - Q-bital Healthcare Solutions","isPartOf":{"@id":"https:\/\/www.q-bital.com\/#website"},"primaryImageOfPage":{"@id":"https:\/\/www.q-bital.com\/accreditations-and-certifications\/#primaryimage"},"image":{"@id":"https:\/\/www.q-bital.com\/accreditations-and-certifications\/#primaryimage"},"thumbnailUrl":"https:\/\/www.vanguardhealthcare.co.uk\/wp-content\/uploads\/2025\/03\/Untitled-design-2.png","datePublished":"2025-02-12T17:18:20+00:00","dateModified":"2026-01-13T16:04:17+00:00","inLanguage":"sq","potentialAction":[{"@type":"ReadAction","target":["https:\/\/www.q-bital.com\/accreditations-and-certifications\/"]}]},{"@type":"ImageObject","inLanguage":"sq","@id":"https:\/\/www.q-bital.com\/accreditations-and-certifications\/#primaryimage","url":"https:\/\/www.vanguardhealthcare.co.uk\/wp-content\/uploads\/2025\/03\/Untitled-design-2.png","contentUrl":"https:\/\/www.vanguardhealthcare.co.uk\/wp-content\/uploads\/2025\/03\/Untitled-design-2.png"},{"@type":"WebSite","@id":"https:\/\/www.q-bital.com\/#website","url":"https:\/\/www.q-bital.com\/","name":"Q-bital Healthcare Solutions","description":"","potentialAction":[{"@type":"SearchAction","target":{"@type":"EntryPoint","urlTemplate":"https:\/\/www.q-bital.com\/?s={search_term_string}"},"query-input":{"@type":"PropertyValueSpecification","valueRequired":true,"valueName":"search_term_string"}}],"inLanguage":"sq"}]}},"_links":{"self":[{"href":"https:\/\/www.q-bital.com\/sq_al\/wp-json\/wp\/v2\/pages\/7284","targetHints":{"allow":["GET"]}}],"collection":[{"href":"https:\/\/www.q-bital.com\/sq_al\/wp-json\/wp\/v2\/pages"}],"about":[{"href":"https:\/\/www.q-bital.com\/sq_al\/wp-json\/wp\/v2\/types\/page"}],"author":[{"embeddable":true,"href":"https:\/\/www.q-bital.com\/sq_al\/wp-json\/wp\/v2\/users\/11"}],"replies":[{"embeddable":true,"href":"https:\/\/www.q-bital.com\/sq_al\/wp-json\/wp\/v2\/comments?post=7284"}],"version-history":[{"count":0,"href":"https:\/\/www.q-bital.com\/sq_al\/wp-json\/wp\/v2\/pages\/7284\/revisions"}],"wp:attachment":[{"href":"https:\/\/www.q-bital.com\/sq_al\/wp-json\/wp\/v2\/media?parent=7284"}],"curies":[{"name":"wp","href":"https:\/\/api.w.org\/{rel}","templated":true}]}}