{"id":366,"date":"2023-06-28T13:13:23","date_gmt":"2023-06-28T13:13:23","guid":{"rendered":"https:\/\/www.q-bital.com\/?page_id=366"},"modified":"2025-06-18T10:30:44","modified_gmt":"2025-06-18T10:30:44","slug":"modern-slavery-and-human-trafficking-statement","status":"publish","type":"page","link":"https:\/\/www.q-bital.com\/sv_se\/modern-slavery-and-human-trafficking-statement\/","title":{"rendered":"Modernt slaveri och m\u00e4nniskohandel uttalande"},"content":{"rendered":"<h3 class=\"wp-block-heading\">Politik<\/h3>\n<p>Modernt slaveri \u00e4r ett brott och en kr\u00e4nkning av grundl\u00e4ggande m\u00e4nskliga r\u00e4ttigheter. Det tar sig olika former, s\u00e5som slaveri, tr\u00e4ldom, tv\u00e5ngs- och tv\u00e5ngsarbete och m\u00e4nniskohandel, som alla har det gemensamt att en annan ber\u00f6var en persons frihet f\u00f6r att utnyttja dem f\u00f6r personlig eller kommersiell vinning. Koncernen har en nolltolerans f\u00f6r modernt slaveri. Vi kommer att agera etiskt och med integritet i alla v\u00e5ra aff\u00e4rsf\u00f6rbindelser och relationer, implementera och uppr\u00e4tth\u00e5lla effektiva system och kontroller f\u00f6r att s\u00e4kerst\u00e4lla att modernt slaveri inte \u00e4ger rum n\u00e5gonstans i v\u00e5r koncern eller v\u00e5ra leveranskedjor. Vi f\u00f6rst\u00e5r att slaveri och m\u00e4nniskohandel ofta anv\u00e4nds kollektivt.<\/p>\n<p>Vi \u00e4r engagerade i att s\u00e4kerst\u00e4lla att det finns transparens i v\u00e5r koncern, aff\u00e4rsverksamhet och i v\u00e5r strategi f\u00f6r att ta itu med modernt slaveri genom hela v\u00e5ra leveranskedjor. Detta \u00e4r f\u00f6renligt med v\u00e5ra avsl\u00f6jandeskyldigheter enligt Modern Slavery Act 2015.<\/p>\n<h4 class=\"wp-block-heading\">V\u00e5r f\u00f6rs\u00f6rjningskedja och m\u00e4nniskor<\/h4>\n<p>Vi f\u00f6rv\u00e4ntar oss samma h\u00f6ga etiska standarder fr\u00e5n alla v\u00e5ra entrepren\u00f6rer, leverant\u00f6rer och andra aff\u00e4rspartners. Som en del av v\u00e5r entreprenadprocess ing\u00e5r dessa standarder och krav i v\u00e5rt avtal med v\u00e5ra underleverant\u00f6rer.<\/p>\n<p>Detta uttalande g\u00e4ller alla personer som arbetar f\u00f6r oss i v\u00e5r f\u00f6rs\u00f6rjningskedja, f\u00f6r v\u00e5r r\u00e4kning oavsett kapacitet. Detta inkluderar anst\u00e4llda p\u00e5 alla niv\u00e5er, direkt\u00f6rer, tj\u00e4nstem\u00e4n, byr\u00e5arbetare, utstationerade arbetare, volont\u00e4rer, agenter, entrepren\u00f6rer, externa konsulter, representanter f\u00f6r tredje part och aff\u00e4rspartners.<\/p>\n<p>Vi har ett n\u00e4ra samarbete med v\u00e5ra leverant\u00f6rer, vilket g\u00f6r det m\u00f6jligt f\u00f6r oss att identifiera eventuella risker f\u00f6r bristande efterlevnad.<\/p>\n<h4 class=\"wp-block-heading\">Styrning<\/h4>\n<p>Vi utvecklar kontinuerligt v\u00e5r styrning och interna kontroll f\u00f6r att identifiera problem eller risker kring anv\u00e4ndningen av tv\u00e5ngsarbete, obligatoriskt arbete eller m\u00e4nniskohandel, eller n\u00e5gon som h\u00e5lls i slaveri eller tr\u00e4ldom, oavsett om det \u00e4r vuxna eller barn. Vi har etablerat kontroller f\u00f6r att h\u00e5lla leveranskedjan till samma h\u00f6ga standarder. Vi \u00e4r medvetna om riskerna och har kontroller f\u00f6r att hantera dem, och v\u00e5r styrningsstruktur tillhandah\u00e5ller f\u00f6rs\u00e4kran.<\/p>\n<h3 class=\"wp-block-heading\">P\u00e5st\u00e5ende<\/h3>\n<ol class=\"wp-block-list\">\n<li><strong>Introduktion<\/strong><br \/>Detta uttalande g\u00f6rs i enlighet med avsnitt 54(6) i Modern Slavery Act 2015 och beskriver v\u00e5ra \u00e5tg\u00e4rder f\u00f6r att f\u00f6rst\u00e5 alla potentiella risker f\u00f6r modernt slaveri relaterade till v\u00e5ra verksamheter och f\u00f6r att inf\u00f6ra kontroller som syftar till att s\u00e4kerst\u00e4lla att det inte f\u00f6rekommer slaveri eller m\u00e4nniskohandel inom v\u00e5ra egna verksamheter och leveranskedjor. Detta uttalande avser \u00e5tg\u00e4rder och aktiviteter under r\u00e4kenskaps\u00e5ret som slutade den 31 december 2024.<\/li>\n<\/ol>\n<p>2. <strong>Verksamheten<\/strong><br \/>Detta uttalande omfattar verksamheterna hos f\u00f6ljande brittiska enheter inom ###Vanguard###-koncernen (\u201dKoncernen\u201d):<\/p>\n<ul class=\"wp-block-list\">\n<li>###Vanguard#### H\u00e4lsov\u00e5rdsl\u00f6sningar Limited<\/li>\n<li>Armada Topco Limited <\/li>\n<li>Armada Midco Limited<\/li>\n<li>Armada Bidco Limited <\/li>\n<li>Projekt Darwin Bidco Limited<\/li>\n<li>###Vanguard#### H\u00e4lso- och sjukv\u00e5rdsl\u00f6sningar (modul\u00e4ra) Limited<\/li>\n<\/ul>\n<p>Koncernen har tillhandah\u00e5llit flexibel klinisk infrastruktur i \u00f6ver 25 \u00e5r, inklusive utrustning, personal och kringtj\u00e4nster till b\u00e5de offentlig och privat h\u00e4lso- och sjukv\u00e5rd i Storbritannien och utomlands. Koncernen har anl\u00e4ggningar i Storbritannien och Australien. \u00c5r 2024 hade vi i genomsnitt 153 anst\u00e4llda, men som organisation \u00e4r vi beroende av bemanningsanst\u00e4llda och entrepren\u00f6rer.<\/p>\n<p>3. <strong>F\u00f6rs\u00f6rjningskedjan och v\u00e5ra m\u00e4nniskor<\/strong><br \/>F\u00f6rs\u00f6rjningskedjan som \u00e4r involverad i driften av och designen, tillverkningen och installationen av v\u00e5r flexibla kliniska struktur, och det efterf\u00f6ljande tillhandah\u00e5llandet av personal och utrustning \u00e4r komplex. Det involverar flera niv\u00e5er och organisationer av olika storlek. Alla v\u00e5ra leverant\u00f6rer \u00e4r antingen baserade i Storbritannien, Europa eller Australien. Vi kommer att anv\u00e4nda v\u00e5ra direkta leverant\u00f6rer f\u00f6r att hantera riskerna med modernt slaveri och m\u00e4nniskohandel genom hela leveranskedjan. Vi har kommunicerat v\u00e5ra f\u00f6rv\u00e4ntningar och krav p\u00e5 standarderna f\u00f6r att bli en av v\u00e5ra godk\u00e4nda leverant\u00f6rer till v\u00e5r koncern, och detta genom leverant\u00f6rskedjan.<\/p>\n<p>Vi har anst\u00e4llningspolicyer och rutiner som \u00e4r utformade f\u00f6r att behandla alla individer som arbetar inom v\u00e5r verksamhet med v\u00e4rdighet och respekt. Vi bel\u00f6nar dem r\u00e4ttvist f\u00f6r deras arbete och utnyttjar dem inte. Detta g\u00e4ller engagemang med inhyrda arbetare och entrepren\u00f6rer. \u00c5rliga granskningar g\u00f6rs f\u00f6r att bed\u00f6ma att l\u00f6neniv\u00e5erna f\u00f6rblir tillr\u00e4ckligt \u00f6verstigande den nationella levnadsl\u00f6nen. Vi genomf\u00f6r l\u00e4mpliga kontroller f\u00f6re anst\u00e4llning av alla v\u00e5ra anst\u00e4llda. Vi kr\u00e4ver att alla arbetsf\u00f6rmedlingar g\u00f6r detsamma och v\u00e5rt personalteam s\u00f6ker en f\u00f6rs\u00e4kran om att detta har genomf\u00f6rts. Vi uppr\u00e4tth\u00e5ller professionella uppf\u00f6randekoder f\u00f6r alla v\u00e5ra kvalificerade anst\u00e4llda och arbetare.<\/p>\n<p>N\u00e4r vi utvecklas vill vi s\u00e4kerst\u00e4lla att vi uppr\u00e4tth\u00e5ller r\u00e4tt kultur i hela koncernen. Anst\u00e4llda och arbetare uppmuntras att rapportera eventuella problem i enlighet med v\u00e5r policy f\u00f6r Freedom to Speak Up: Raising Concerns (Whistleblowing) Policy. Vi har genomf\u00f6rt Human Factors-utbildning i hela koncernen. Vi forts\u00e4tter att bygga v\u00e5rt <em>Bara kultur<\/em>, vilket s\u00e4kerst\u00e4ller en s\u00e4ker milj\u00f6 d\u00e4r individer litar p\u00e5 att de kan och b\u00f6r rapportera problem utan att klandra. Vi har en h\u00e4lso-, s\u00e4kerhets- och milj\u00f6chef f\u00f6r v\u00e5r koncern, som ansvarar f\u00f6r att s\u00e4kerst\u00e4lla att r\u00e4tt arbetskultur uppr\u00e4tth\u00e5lls. V\u00e5r styrningsstruktur inneb\u00e4r att l\u00e4rdomar eller fel rapporteras organisatoriskt och f\u00f6ljs upp, vilket informerar v\u00e5r kontinuerliga f\u00f6rb\u00e4ttring och ISO 9001.<\/p>\n<p>Vi har en f\u00f6rkvalificeringsprocess f\u00f6r v\u00e5r leveranskedja som utv\u00e4rderar v\u00e5ra leveranskedjor och de potentiella riskerna f\u00f6r slaveri, barnarbete och m\u00e4nniskohandel. Eftersom de flesta av v\u00e5ra leverant\u00f6rer \u00e4r baserade i Storbritannien och Australien, och m\u00e5nga \u00e4r verksamma inom specialiserade snarare \u00e4n l\u00e5gkvalificerade industrier, har v\u00e5ra leveranskedjor \u00f6verlag bed\u00f6mts som att de utg\u00f6r en l\u00e5g risk n\u00e4r det g\u00e4ller bristande efterlevnad av lagen. Riskerna f\u00f6r v\u00e5r leveranskedja \u00f6vervakas dock och vi uppdaterar v\u00e5r f\u00f6rkvalificeringsprocess vid behov.<\/p>\n<p>Vi kommer endast att arbeta med organisationer i v\u00e5r f\u00f6rs\u00f6rjningskedja som har \u00e5taganden i linje med koncernen och som kan garantera att de inte \u00e4r involverade i modernt slaveri eller m\u00e4nniskohandel. \u00c4ven om det \u00e4r dessa organisationers skyldighet att anv\u00e4nda sina egna policyer och procedurer f\u00f6r att uppn\u00e5 detta m\u00e5l, \u00f6vervakar vi genom v\u00e5r f\u00f6rkvalificeringsprocess, kontraktshantering och v\u00e5r befintliga praxis f\u00f6r att s\u00e4kerst\u00e4lla att vi vidtar alla rimliga \u00e5tg\u00e4rder f\u00f6r att verifiera efterlevnaden av lagen.<\/p>\n<p>4. <strong>\u00c5tg\u00e4rder vidtagna under de senaste 12 m\u00e5naderna<\/strong><\/p>\n<p>Vi har:<\/p>\n<ul class=\"wp-block-list\">\n<li>Granskade och f\u00f6rb\u00e4ttrade riskerna och \u00e5tg\u00e4rderna relaterade till v\u00e5r leveranskedja.<\/li>\n<li>Genomf\u00f6rde en \u00f6versyn av v\u00e5r f\u00f6rs\u00f6rjningskedja f\u00f6r att s\u00e4kerst\u00e4lla efterlevnad av lagen.<\/li>\n<li>Vi har granskat v\u00e5ra leverant\u00f6rsstandarder och till\u00e4mpar dem genom hela v\u00e5r leveranskedja, f\u00f6r befintliga leverant\u00f6rer och nya leverant\u00f6rer.<\/li>\n<li>Kontinuerligt utv\u00e4rdera effektiviteten i v\u00e5r ledningsstruktur och g\u00f6ra \u00e4ndringar f\u00f6r att s\u00e4kerst\u00e4lla att kontroller finns p\u00e5 plats f\u00f6r att f\u00f6lja lagen.<\/li>\n<li>Fortsatte att \u00f6ka medvetenheten om lagen och tillh\u00f6rande risker som en del av v\u00e5r introduktionsprocess.<\/li>\n<\/ul>\n<p>5. <strong>F\u00f6rb\u00e4ttringsplaner<\/strong><\/p>\n<p>Vi kommer bli:<\/p>\n<ul class=\"wp-block-list\">\n<li>\u00d6vervaka framstegen med den potentiella \u00e4ndringen av lagen om modernt slaveri och kontinuerligt granska lagens best\u00e4mmelser i den utstr\u00e4ckning de \u00e4r till\u00e4mpliga p\u00e5 v\u00e5r aff\u00e4rsverksamhet.<\/li>\n<li>Att utveckla v\u00e5rt engagemang f\u00f6r milj\u00f6, social och styrning (ESG) i hela v\u00e5r koncern.<\/li>\n<li>Uppdaterar v\u00e5r styrning f\u00f6r att s\u00e4kerst\u00e4lla att ESG-m\u00e5l uppn\u00e5s och \u00f6vervakas.<\/li>\n<li>Granska v\u00e5r leveranskedja minst en g\u00e5ng per \u00e5r, eller n\u00e4r risken identifieras som en del av v\u00e5r leveranskedjas hantering.<\/li>\n<li>Genomf\u00f6r en modern slaveririskbed\u00f6mning med v\u00e5ra byr\u00e5er och kritiska leverant\u00f6rer.<\/li>\n<li>Uppr\u00e4tth\u00e5ll v\u00e5r leverant\u00f6rsstandard f\u00f6r att s\u00e4kerst\u00e4lla att den uppfyller v\u00e5ra ESG- och Social Value-ambitioner.<\/li>\n<li>\u00d6vervakar kraven i NHS-leverant\u00f6rens standardkrav s\u00e5 att vi uppfyller dem, men v\u00e5r ambition forts\u00e4tter att vara att \u00f6vertr\u00e4ffa dem.<\/li>\n<li>Aktivera v\u00e5r f\u00f6rvaltningsstruktur s\u00e5 att den st\u00f6djer kontinuerliga f\u00f6rb\u00e4ttringar f\u00f6r att minska risker f\u00f6rknippade med bristande efterlevnad av lagen eller d\u00e5lig praxis i v\u00e5r leveranskedja.<\/li>\n<li>Att f\u00f6rb\u00e4ttra gruppens medvetenhet om efterlevnad av lagen, inklusive mutor och korruption och barnarbete.<\/li>\n<li>Att etablera kontroller och en kultur f\u00f6r att uppmuntra \u00e5tg\u00e4rder f\u00f6r att minska riskerna f\u00f6r att lagen inte f\u00f6ljs i hela v\u00e5r koncern.<\/li>\n<\/ul>\n<p>Detta uttalande har godk\u00e4nts av styrelsen den 6 juni 2025, som kommer att granska och uppdatera det \u00e5rligen.<\/p>\n<p><strong>Chris Blackwell-Frost<br \/>vd<br \/>6 juni 2025<\/strong><\/p>","protected":false},"excerpt":{"rendered":"<p>Policy Modern slavery is a crime and a violation of fundamental human rights. It takes various forms, such as slavery, servitude, forced and compulsory labour and human trafficking, all of which have in common the deprivation of a person\u2019s liberty by another in order to exploit them for personal or commercial gain. The Group has [&hellip;]<\/p>\n","protected":false},"author":2,"featured_media":0,"parent":0,"menu_order":0,"comment_status":"closed","ping_status":"closed","template":"","meta":{"_acf_changed":false,"footnotes":""},"class_list":["post-366","page","type-page","status-publish","hentry"],"acf":[],"yoast_head":"<!-- This site is optimized with the Yoast SEO plugin v27.3 - https:\/\/yoast.com\/product\/yoast-seo-wordpress\/ -->\n<title>Modern slavery and human trafficking statement - Q-bital Healthcare Solutions<\/title>\n<meta name=\"robots\" content=\"index, follow, max-snippet:-1, max-image-preview:large, max-video-preview:-1\" \/>\n<link rel=\"canonical\" href=\"https:\/\/www.q-bital.com\/sv_se\/modern-slavery-and-human-trafficking-statement\/\" \/>\n<meta property=\"og:locale\" content=\"sv_SE\" \/>\n<meta property=\"og:type\" content=\"article\" \/>\n<meta property=\"og:title\" content=\"Modern slavery and human trafficking statement - Q-bital Healthcare Solutions\" \/>\n<meta property=\"og:description\" content=\"Policy Modern slavery is a crime and a violation of fundamental human rights. It takes various forms, such as slavery, servitude, forced and compulsory labour and human trafficking, all of which have in common the deprivation of a person\u2019s liberty by another in order to exploit them for personal or commercial gain. The Group has [&hellip;]\" \/>\n<meta property=\"og:url\" content=\"https:\/\/www.q-bital.com\/sv_se\/modern-slavery-and-human-trafficking-statement\/\" \/>\n<meta property=\"og:site_name\" content=\"Q-bital Healthcare Solutions\" \/>\n<meta property=\"article:modified_time\" content=\"2025-06-18T10:30:44+00:00\" \/>\n<meta name=\"twitter:card\" content=\"summary_large_image\" \/>\n<meta name=\"twitter:label1\" content=\"Ber\u00e4knad l\u00e4stid\" \/>\n\t<meta name=\"twitter:data1\" content=\"6 minuter\" \/>\n<script type=\"application\/ld+json\" class=\"yoast-schema-graph\">{\"@context\":\"https:\\\/\\\/schema.org\",\"@graph\":[{\"@type\":\"WebPage\",\"@id\":\"https:\\\/\\\/www.q-bital.com\\\/modern-slavery-and-human-trafficking-statement\\\/\",\"url\":\"https:\\\/\\\/www.q-bital.com\\\/modern-slavery-and-human-trafficking-statement\\\/\",\"name\":\"Modern slavery and human trafficking statement - Q-bital Healthcare Solutions\",\"isPartOf\":{\"@id\":\"https:\\\/\\\/www.q-bital.com\\\/#website\"},\"datePublished\":\"2023-06-28T13:13:23+00:00\",\"dateModified\":\"2025-06-18T10:30:44+00:00\",\"inLanguage\":\"sv-SE\",\"potentialAction\":[{\"@type\":\"ReadAction\",\"target\":[\"https:\\\/\\\/www.q-bital.com\\\/modern-slavery-and-human-trafficking-statement\\\/\"]}]},{\"@type\":\"WebSite\",\"@id\":\"https:\\\/\\\/www.q-bital.com\\\/#website\",\"url\":\"https:\\\/\\\/www.q-bital.com\\\/\",\"name\":\"Q-bital Healthcare Solutions\",\"description\":\"\",\"potentialAction\":[{\"@type\":\"SearchAction\",\"target\":{\"@type\":\"EntryPoint\",\"urlTemplate\":\"https:\\\/\\\/www.q-bital.com\\\/?s={search_term_string}\"},\"query-input\":{\"@type\":\"PropertyValueSpecification\",\"valueRequired\":true,\"valueName\":\"search_term_string\"}}],\"inLanguage\":\"sv-SE\"}]}<\/script>\n<!-- \/ Yoast SEO plugin. -->","yoast_head_json":{"title":"Uttalande om modernt slaveri och m\u00e4nniskohandel - Q-bital Healthcare Solutions","robots":{"index":"index","follow":"follow","max-snippet":"max-snippet:-1","max-image-preview":"max-image-preview:large","max-video-preview":"max-video-preview:-1"},"canonical":"https:\/\/www.q-bital.com\/sv_se\/modern-slavery-and-human-trafficking-statement\/","og_locale":"sv_SE","og_type":"article","og_title":"Modern slavery and human trafficking statement - Q-bital Healthcare Solutions","og_description":"Policy Modern slavery is a crime and a violation of fundamental human rights. It takes various forms, such as slavery, servitude, forced and compulsory labour and human trafficking, all of which have in common the deprivation of a person\u2019s liberty by another in order to exploit them for personal or commercial gain. The Group has [&hellip;]","og_url":"https:\/\/www.q-bital.com\/sv_se\/modern-slavery-and-human-trafficking-statement\/","og_site_name":"Q-bital Healthcare Solutions","article_modified_time":"2025-06-18T10:30:44+00:00","twitter_card":"summary_large_image","twitter_misc":{"Ber\u00e4knad l\u00e4stid":"6 minuter"},"schema":{"@context":"https:\/\/schema.org","@graph":[{"@type":"WebPage","@id":"https:\/\/www.q-bital.com\/modern-slavery-and-human-trafficking-statement\/","url":"https:\/\/www.q-bital.com\/modern-slavery-and-human-trafficking-statement\/","name":"Uttalande om modernt slaveri och m\u00e4nniskohandel - Q-bital Healthcare Solutions","isPartOf":{"@id":"https:\/\/www.q-bital.com\/#website"},"datePublished":"2023-06-28T13:13:23+00:00","dateModified":"2025-06-18T10:30:44+00:00","inLanguage":"sv-SE","potentialAction":[{"@type":"ReadAction","target":["https:\/\/www.q-bital.com\/modern-slavery-and-human-trafficking-statement\/"]}]},{"@type":"WebSite","@id":"https:\/\/www.q-bital.com\/#website","url":"https:\/\/www.q-bital.com\/","name":"Q-bital Healthcare Solutions","description":"","potentialAction":[{"@type":"SearchAction","target":{"@type":"EntryPoint","urlTemplate":"https:\/\/www.q-bital.com\/?s={search_term_string}"},"query-input":{"@type":"PropertyValueSpecification","valueRequired":true,"valueName":"search_term_string"}}],"inLanguage":"sv-SE"}]}},"_links":{"self":[{"href":"https:\/\/www.q-bital.com\/sv_se\/wp-json\/wp\/v2\/pages\/366","targetHints":{"allow":["GET"]}}],"collection":[{"href":"https:\/\/www.q-bital.com\/sv_se\/wp-json\/wp\/v2\/pages"}],"about":[{"href":"https:\/\/www.q-bital.com\/sv_se\/wp-json\/wp\/v2\/types\/page"}],"author":[{"embeddable":true,"href":"https:\/\/www.q-bital.com\/sv_se\/wp-json\/wp\/v2\/users\/2"}],"replies":[{"embeddable":true,"href":"https:\/\/www.q-bital.com\/sv_se\/wp-json\/wp\/v2\/comments?post=366"}],"version-history":[{"count":0,"href":"https:\/\/www.q-bital.com\/sv_se\/wp-json\/wp\/v2\/pages\/366\/revisions"}],"wp:attachment":[{"href":"https:\/\/www.q-bital.com\/sv_se\/wp-json\/wp\/v2\/media?parent=366"}],"curies":[{"name":"wp","href":"https:\/\/api.w.org\/{rel}","templated":true}]}}