{"id":693,"date":"2023-07-19T15:41:55","date_gmt":"2023-07-19T15:41:55","guid":{"rendered":"https:\/\/www.q-bital.com\/?page_id=693"},"modified":"2023-10-20T11:41:54","modified_gmt":"2023-10-20T11:41:54","slug":"faqs","status":"publish","type":"page","link":"https:\/\/www.q-bital.com\/sv_se\/faqs\/","title":{"rendered":"Vanliga fr\u00e5gor"},"content":{"rendered":"<section id=\"section-2-59\" class=\"ct-section\" style=\"background-image:url(https:\/\/www.q-bital.com\/wp-content\/uploads\/sites\/8\/2023\/05\/boulders-right.png);background-size: auto;\" >\n<div class=\"ct-section-inner-wrap\">\n<div id=\"div_block-8-59\" class=\"ct-div-block\" ><a id=\"link_text-6-59\" class=\"ct-link-text\" href=\"\/sv_se\/\" target=\"_self\"  >Hem<\/a><\/p>\n<h1 id=\"headline-3-59\" class=\"ct-headline\"><span id=\"span-4-59\" class=\"ct-span\" >Vanliga fr\u00e5gor<\/span><\/h1>\n<\/div>\n<\/div>\n<\/section>\n<div class=\"wp-block-vanguard-concertina\">\n<section class=\"ct-section\">\n<div class=\"ct-section-inner-wrap\">\n<div id=\"accordion-i9PUm1SAuAIPWb4o\" class=\"concertina accordion concertina-2col\">\n<div class=\"wp-block-vanguard-concertina-item accordion-item\">\n<h2 class=\"accordion-header\" id=\"heading-d078635e-3876-4394-8c4b-860ab9bdab1a\">\n<div class=\"title\">Hur l\u00e5ng tid tar det att installera en modul\u00e4r anl\u00e4ggning?<\/div>\n<p><span class=\"indicator\"><\/span><\/h2>\n<div id=\"collapse-d078635e-3876-4394-8c4b-860ab9bdab1a\" class=\"accordion-collapse collapse\" aria-labelledby=\"heading-d078635e-3876-4394-8c4b-860ab9bdab1a\" data-bs-parent=\"#accordion-i9PUm1SAuAIPWb4o\">\n<div class=\"accordion-body\">\n<div class=\"text\">Det korta svaret \u00e4r mindre tid \u00e4n du kanske tror. Modul\u00e4ra anl\u00e4ggningar som anv\u00e4nder moderna konstruktionsmetoder kan utvecklas mycket snabbare \u00e4n traditionella tegel- och murbruksbyggnader. Som ett exempel, fr\u00e5n ink\u00f6psorder till \u00f6verl\u00e4mning, kan byggandet av fyra modul\u00e4ra operationssalar f\u00f6r dagskada, \u00e5terh\u00e4mtningsutrymme och andra st\u00f6drum p\u00e5 ett sjukhus ta s\u00e5 lite som 12 veckor eller upp till 26 veckor om en skr\u00e4ddarsydd Healthcare Space-l\u00f6sning kr\u00e4vs.<\/p>\n<p><a href=\"\/sv_se\/facilities\/operating-rooms\/\">Uppt\u00e4ck hur snabbt en modul\u00e4r anl\u00e4ggning kan komma fram till din sjukhusplats<\/a>.<\/div>\n<\/div>\n<\/div>\n<\/div>\n<div class=\"wp-block-vanguard-concertina-item accordion-item\">\n<h2 class=\"accordion-header\" id=\"heading-1de95927-d811-4aff-adcf-0aefddbe059e\">\n<div class=\"title\">Kan jag hyra eller k\u00f6pa en anl\u00e4ggning?<\/div>\n<p><span class=\"indicator\"><\/span><\/h2>\n<div id=\"collapse-1de95927-d811-4aff-adcf-0aefddbe059e\" class=\"accordion-collapse collapse\" aria-labelledby=\"heading-1de95927-d811-4aff-adcf-0aefddbe059e\" data-bs-parent=\"#accordion-i9PUm1SAuAIPWb4o\">\n<div class=\"accordion-body\">\n<div class=\"text\">Svaret \u00e4r ja p\u00e5 b\u00e5da. Vi erbjuder en flexibel <a data-type=\"page\" data-id=\"455\" href=\"\/sv_se\/procurement\/\">upphandlingsmetod<\/a> f\u00f6r v\u00e5ra modul\u00e4ra anl\u00e4ggningar med alternativ f\u00f6r uthyrning, uthyrning\/k\u00f6p och k\u00f6p tillg\u00e4ngliga antingen direkt eller genom olika ramverk.<\/p>\n<p><a data-type=\"page\" data-id=\"164\" href=\"\/sv_se\/our-facilities\/\">V\u00e5ra mobila enheter<\/a> \u00e4r endast tillg\u00e4ngliga f\u00f6r uthyrning, detta g\u00f6r att vi kan svara p\u00e5 akuta behov.<\/div>\n<\/div>\n<\/div>\n<\/div>\n<div class=\"wp-block-vanguard-concertina-item accordion-item\">\n<h2 class=\"accordion-header\" id=\"heading-6af607bb-17f3-405d-a620-f36c0dc0e622\">\n<div class=\"title\">Finns det en l\u00e4gsta hyresperiod?<\/div>\n<p><span class=\"indicator\"><\/span><\/h2>\n<div id=\"collapse-6af607bb-17f3-405d-a620-f36c0dc0e622\" class=\"accordion-collapse collapse\" aria-labelledby=\"heading-6af607bb-17f3-405d-a620-f36c0dc0e622\" data-bs-parent=\"#accordion-i9PUm1SAuAIPWb4o\">\n<div class=\"accordion-body\">\n<div class=\"text\">I allm\u00e4nhet finns det en hyresperiod p\u00e5 minst 13 veckor f\u00f6r v\u00e5ra mobila anl\u00e4ggningar och vi kan konstruera en prismodell f\u00f6r v\u00e5ra modulanl\u00e4ggningar fr\u00e5n 26 veckor och fram\u00e5t. Vi antar dock ett flexibelt tillv\u00e4gag\u00e5ngss\u00e4tt eftersom v\u00e5r prioritet alltid \u00e4r att basera v\u00e5ra l\u00f6sningar p\u00e5 v\u00e5ra kunders behov i motsats till att inf\u00f6ra begr\u00e4nsningar.<\/div>\n<\/div>\n<\/div>\n<\/div>\n<div class=\"wp-block-vanguard-concertina-item accordion-item\">\n<h2 class=\"accordion-header\" id=\"heading-343fc496-20ba-4e00-a725-9d3b2efbdbb7\">\n<div class=\"title\">Vilka ingrepp kan utf\u00f6ras i en mobil operationsavdelning?<\/div>\n<p><span class=\"indicator\"><\/span><\/h2>\n<div id=\"collapse-343fc496-20ba-4e00-a725-9d3b2efbdbb7\" class=\"accordion-collapse collapse\" aria-labelledby=\"heading-343fc496-20ba-4e00-a725-9d3b2efbdbb7\" data-bs-parent=\"#accordion-i9PUm1SAuAIPWb4o\">\n<div class=\"accordion-body\">\n<div class=\"text\">75% av alla typer av kliniska ingrepp som utf\u00f6rs p\u00e5 ett st\u00f6rre akutsjukhus kan utf\u00f6ras i v\u00e5ra mobila operationssalar, fr\u00e5n h\u00f6ftproteser till kataraktkirurgi, endoskopi till plastikkirurgi. Plus specialisthj\u00e4rtkirurgi och komplexa canceringrepp. Den fullst\u00e4ndiga listan \u00e4r alldeles f\u00f6r l\u00e5ng f\u00f6r att inkluderas h\u00e4r, men du kan ta reda p\u00e5 mer p\u00e5 v\u00e5r <a data-type=\"page\" data-id=\"674\" href=\"\/sv_se\/heritage\/\">Arvssida<\/a>.<\/div>\n<\/div>\n<\/div>\n<\/div>\n<div class=\"wp-block-vanguard-concertina-item accordion-item\">\n<h2 class=\"accordion-header\" id=\"heading-63aa3f64-7374-48b4-9834-2e0222f8eb3d\">\n<div class=\"title\">Vilka f\u00f6rdelar erbjuder modulbyggnader j\u00e4mf\u00f6rt med traditionella v\u00e5rdbyggnader?<\/div>\n<p><span class=\"indicator\"><\/span><\/h2>\n<div id=\"collapse-63aa3f64-7374-48b4-9834-2e0222f8eb3d\" class=\"accordion-collapse collapse\" aria-labelledby=\"heading-63aa3f64-7374-48b4-9834-2e0222f8eb3d\" data-bs-parent=\"#accordion-i9PUm1SAuAIPWb4o\">\n<div class=\"accordion-body\">\n<div class=\"text\">Den st\u00f6rsta f\u00f6rdelen \u00e4r hur snabbt de kan komma till platsen och sl\u00e4ppa in de f\u00f6rsta patienterna genom d\u00f6rren. MMC och off-site byggbyggnader \u00e4r lika robusta och h\u00f6gkvalitativa som traditionella tegelbyggnader, den stora skillnaden \u00e4r att de kan byggas samtidigt som underbyggnadsarbetet p\u00e5 plats utf\u00f6rs.<\/p>\n<p>Moduldesign och MMC kan minska byggtiden med upp till 45%, minska kostnaderna med 16% och \u00f6ka produktiviteten med 30% under hela byggprocessen.<sup>1<\/sup> Det finns ocks\u00e5 milj\u00f6f\u00f6rdelar, med begr\u00e4nsat avfall och minskat koldioxidutsl\u00e4pp j\u00e4mf\u00f6rt med traditionella byggarbetsplatser.<\/p>\n<p>Som ett exempel - St Joseph&#039;s Hospital i Denver, Colorado fann att byggandet av deras anl\u00e4ggningar utanf\u00f6r anl\u00e4ggningen rakade 72 dagar fr\u00e5n leveranstiden och minskade kostnaden med uppskattningsvis $4,3 miljoner.<sup>2<\/sup><\/p>\n<p>1. Bygga b\u00e4ttre sjukv\u00e5rd vitbok.<br \/>2. Geiger, 2017.<\/div>\n<\/div>\n<\/div>\n<\/div>\n<div class=\"wp-block-vanguard-concertina-item accordion-item\">\n<h2 class=\"accordion-header\" id=\"heading-34124cfa-e6e2-45a3-bf73-0b32f35190c3\">\n<div class=\"title\">Kan du g\u00f6ra en anl\u00e4ggning som \u00e4r skr\u00e4ddarsydd efter v\u00e5ra krav?<\/div>\n<p><span class=\"indicator\"><\/span><\/h2>\n<div id=\"collapse-34124cfa-e6e2-45a3-bf73-0b32f35190c3\" class=\"accordion-collapse collapse\" aria-labelledby=\"heading-34124cfa-e6e2-45a3-bf73-0b32f35190c3\" data-bs-parent=\"#accordion-i9PUm1SAuAIPWb4o\">\n<div class=\"accordion-body\">\n<div class=\"text\">Absolut, det \u00e4r vad vi \u00e4r k\u00e4nda f\u00f6r. Vi kommer att arbeta med dig f\u00f6r att skapa ett v\u00e5rdomr\u00e5de som \u00e4r designat f\u00f6r att matcha dina specifika krav, fr\u00e5n hantering av patientfl\u00f6det, effektivitets\u00e5tg\u00e4rder till det yttre utseendet och k\u00e4nslan.<\/div>\n<\/div>\n<\/div>\n<\/div>\n<div class=\"wp-block-vanguard-concertina-item accordion-item\">\n<h2 class=\"accordion-header\" id=\"heading-b2903f31-9b7b-4f6b-8001-9561a50b590e\">\n<div class=\"title\">Hur kan jag ta reda p\u00e5 mer om att f\u00e5 en operationssal p\u00e5 plats?<\/div>\n<p><span class=\"indicator\"><\/span><\/h2>\n<div id=\"collapse-b2903f31-9b7b-4f6b-8001-9561a50b590e\" class=\"accordion-collapse collapse\" aria-labelledby=\"heading-b2903f31-9b7b-4f6b-8001-9561a50b590e\" data-bs-parent=\"#accordion-i9PUm1SAuAIPWb4o\">\n<div class=\"accordion-body\">\n<div class=\"text\">Ta bara kontakt med v\u00e5rt v\u00e4nliga team s\u00e5 tar de dig genom stegen, du kommer f\u00f6rmodligen att tycka att processen \u00e4r enklare \u00e4n du hade f\u00f6rest\u00e4llt dig. Vi kan ta bort det h\u00e5rda arbetet \u00e5t dig och till och med tillhandah\u00e5lla en <a data-type=\"service\" href=\"\/sv_se\/service\/turnkey-solutions\/\">helhetsl\u00f6sning<\/a> om det passar dig b\u00e4st.<\/p>\n<p><a data-type=\"page\" data-id=\"117\" href=\"\/sv_se\/contact\/\" class=\"gform_button\">Komma i kontakt<\/a><\/div>\n<\/div>\n<\/div>\n<\/div>\n<div class=\"wp-block-vanguard-concertina-item accordion-item\">\n<h2 class=\"accordion-header\" id=\"heading-868c76d8-3257-4fcf-957d-67bf4859f5ec\">\n<div class=\"title\">Levererar ni anl\u00e4ggningar \u00f6ver hela v\u00e4rlden?<\/div>\n<p><span class=\"indicator\"><\/span><\/h2>\n<div id=\"collapse-868c76d8-3257-4fcf-957d-67bf4859f5ec\" class=\"accordion-collapse collapse\" aria-labelledby=\"heading-868c76d8-3257-4fcf-957d-67bf4859f5ec\" data-bs-parent=\"#accordion-i9PUm1SAuAIPWb4o\">\n<div class=\"accordion-body\">\n<div class=\"text\">Ja, vi verkar internationellt. Vi har erfarenhet av att tillhandah\u00e5lla anl\u00e4ggningar i Australien, Nya Zeeland, Benelux, Norden, Irland och Storbritannien. Inom Storbritannien verkar vi under v\u00e5rt varum\u00e4rke ###Vanguard### Healthcare Solutions, f\u00f6r mer information bes\u00f6k <a href=\"https:\/\/www.vanguardhealthcare.co.uk\">www.vanguardhealthcare.co.uk<\/a>.<\/div>\n<\/div>\n<\/div>\n<\/div>\n<div class=\"wp-block-vanguard-concertina-item accordion-item\">\n<h2 class=\"accordion-header\" id=\"heading-32b61ab8-f388-43b3-8c99-1399b90140cf\">\n<div class=\"title\">Hur hanterar du din p\u00e5verkan p\u00e5 milj\u00f6n, s\u00e4rskilt med dina st\u00f6rre anl\u00e4ggningar?<\/div>\n<p><span class=\"indicator\"><\/span><\/h2>\n<div id=\"collapse-32b61ab8-f388-43b3-8c99-1399b90140cf\" class=\"accordion-collapse collapse\" aria-labelledby=\"heading-32b61ab8-f388-43b3-8c99-1399b90140cf\" data-bs-parent=\"#accordion-i9PUm1SAuAIPWb4o\">\n<div class=\"accordion-body\">\n<div class=\"text\">V\u00e5ra l\u00f6sningar \u00e4r designade, byggda och levererade med stor omsorg och h\u00e4nsyn till milj\u00f6n, vilket minskar koldioxidutsl\u00e4ppen i varje steg av v\u00e5r tillverkningsprocess. Vi letar st\u00e4ndigt efter s\u00e4tt att minimera effekten av hur vi anv\u00e4nder resurser med ett s\u00e4rskilt fokus p\u00e5 att s\u00e4kerst\u00e4lla att vi bidrar till den globala agendan f\u00f6r klimatf\u00f6r\u00e4ndringar.<\/p>\n<p>V\u00e5rt m\u00e5l \u00e4r att vara nettokoldioxidnoll f\u00f6r scope 1 &amp; 2-utsl\u00e4pp i slutet av 2023, och f\u00f6r scope 3 till 2035; vi har en robust koldioxidreduktionsplan p\u00e5 plats f\u00f6r att hj\u00e4lpa oss uppn\u00e5 detta. Vi \u00e4r stolta \u00f6ver v\u00e5ra framsteg p\u00e5 resan mot noll koldioxid, <a data-type=\"page\" data-id=\"705\" href=\"\/sv_se\/carbon-reduction-plan\/\">ta en n\u00e4rmare titt h\u00e4r...<\/a> <\/p>\n<p>Vi samarbetade nyligen med Klimate f\u00f6r att skapa en strategi f\u00f6r att avl\u00e4gsna koldioxid f\u00f6r att hj\u00e4lpa oss uppn\u00e5 v\u00e5ra nollm\u00e5l. Den innovativa portf\u00f6ljen av kolborttagningsprojekt inkluderar projekt som direkt luftavskiljning, djuplagring av bioolja, havskelp och \u00e5terst\u00e4llande tr\u00e4dplantering. Alla \u00e4r oberoende verifierade f\u00f6r att s\u00e4kerst\u00e4lla deras integritet.<\/p><\/div>\n<\/div>\n<\/div>\n<\/div>\n<div class=\"wp-block-vanguard-concertina-item accordion-item\">\n<h2 class=\"accordion-header\" id=\"heading-7562bf47-5278-48e0-b4d4-61a2e1dac74f\">\n<div class=\"title\">Arbetar du med partners?<\/div>\n<p><span class=\"indicator\"><\/span><\/h2>\n<div id=\"collapse-7562bf47-5278-48e0-b4d4-61a2e1dac74f\" class=\"accordion-collapse collapse\" aria-labelledby=\"heading-7562bf47-5278-48e0-b4d4-61a2e1dac74f\" data-bs-parent=\"#accordion-i9PUm1SAuAIPWb4o\">\n<div class=\"accordion-body\">\n<div class=\"text\">Ja, vi \u00e4r alltid villiga att unders\u00f6ka <a href=\"\/sv_se\/partner-programme\/\" data-type=\"page\" data-id=\"316\">partnerskapsm\u00f6jligheter<\/a> och arbetar f\u00f6r n\u00e4rvarande med utrustningstillverkare, arkitekter, konstruktions- och kliniska tj\u00e4nster.<\/div>\n<\/div>\n<\/div>\n<\/div>\n<div class=\"wp-block-vanguard-concertina-item accordion-item\">\n<h2 class=\"accordion-header\" id=\"heading-fa666c52-3c78-40f9-895c-adcd67fb5d8b\">\n<div class=\"title\">Finns en komplett nyckelf\u00e4rdig l\u00f6sning?<\/div>\n<p><span class=\"indicator\"><\/span><\/h2>\n<div id=\"collapse-fa666c52-3c78-40f9-895c-adcd67fb5d8b\" class=\"accordion-collapse collapse\" aria-labelledby=\"heading-fa666c52-3c78-40f9-895c-adcd67fb5d8b\" data-bs-parent=\"#accordion-i9PUm1SAuAIPWb4o\">\n<div class=\"accordion-body\">\n<div class=\"text\">Absolut, vi kan ta hand om hela processen och leverera en <a href=\"\/sv_se\/service\/turnkey-solutions\/\" data-type=\"service\" data-id=\"185\">helhetsl\u00f6sning<\/a>. Den h\u00e4r tj\u00e4nsten inkluderar fullst\u00e4ndig hantering av designprocessen (inklusive godk\u00e4nnande av aff\u00e4rsfall), egen tillverkning, installation p\u00e5 plats och projektdrifts\u00e4ttning. Vi har stor erfarenhet av att upphandla och leverera alla anl\u00e4ggningsarbeten genom v\u00e5rt specialistteam f\u00f6r sjukv\u00e5rdsdesign.<\/div>\n<\/div>\n<\/div>\n<\/div>\n<\/div>\n<\/div>\n<\/section>\n<\/div>\n<section id=\"section-144-59\" class=\"ct-section\" >\n<div class=\"ct-section-inner-wrap\">\n<div id=\"new_columns-145-59\" class=\"ct-new-columns\" >\n<div id=\"div_block-146-59\" class=\"ct-div-block\" >\n<div id=\"_rich_text-9-63\" class=\"oxy-rich-text\" >\n<p>Att hitta en l\u00f6sning som fungerar f\u00f6r ditt sjukhus b\u00f6rjar h\u00e4r...<\/p>\n<\/div>\n<p><a id=\"link_button-149-59\" class=\"ct-link-button\" href=\"\/sv_se\/contact\/\" target=\"_self\"  >Komma i kontakt<\/a><\/div>\n<div id=\"div_block-150-59\" class=\"ct-div-block\" ><img decoding=\"async\"  id=\"image-151-59\" alt=\"\" src=\"https:\/\/www.q-bital.com\/wp-content\/uploads\/2023\/06\/kettering-2-scaled.jpg\" class=\"ct-image\"\/><\/div>\n<\/div>\n<\/div>\n<\/section>","protected":false},"excerpt":{"rendered":"","protected":false},"author":2,"featured_media":0,"parent":0,"menu_order":0,"comment_status":"closed","ping_status":"closed","template":"","meta":{"_acf_changed":false,"footnotes":""},"class_list":["post-693","page","type-page","status-publish","hentry"],"acf":[],"yoast_head":"<!-- This site is optimized with the Yoast SEO plugin v27.4 - https:\/\/yoast.com\/product\/yoast-seo-wordpress\/ -->\n<title>FAQs - Q-bital Healthcare Solutions<\/title>\n<meta name=\"robots\" content=\"index, follow, max-snippet:-1, max-image-preview:large, max-video-preview:-1\" \/>\n<link rel=\"canonical\" href=\"https:\/\/www.q-bital.com\/sv_se\/faqs\/\" \/>\n<meta property=\"og:locale\" content=\"sv_SE\" \/>\n<meta property=\"og:type\" content=\"article\" \/>\n<meta property=\"og:title\" content=\"FAQs - Q-bital Healthcare Solutions\" \/>\n<meta property=\"og:url\" content=\"https:\/\/www.q-bital.com\/sv_se\/faqs\/\" \/>\n<meta property=\"og:site_name\" content=\"Q-bital Healthcare Solutions\" \/>\n<meta property=\"article:modified_time\" content=\"2023-10-20T11:41:54+00:00\" \/>\n<meta name=\"twitter:card\" content=\"summary_large_image\" \/>\n<meta name=\"twitter:label1\" content=\"Ber\u00e4knad l\u00e4stid\" \/>\n\t<meta name=\"twitter:data1\" content=\"4 minuter\" \/>\n<script type=\"application\/ld+json\" class=\"yoast-schema-graph\">{\"@context\":\"https:\\\/\\\/schema.org\",\"@graph\":[{\"@type\":\"WebPage\",\"@id\":\"https:\\\/\\\/www.q-bital.com\\\/faqs\\\/\",\"url\":\"https:\\\/\\\/www.q-bital.com\\\/faqs\\\/\",\"name\":\"FAQs - Q-bital Healthcare Solutions\",\"isPartOf\":{\"@id\":\"https:\\\/\\\/www.q-bital.com\\\/#website\"},\"datePublished\":\"2023-07-19T15:41:55+00:00\",\"dateModified\":\"2023-10-20T11:41:54+00:00\",\"inLanguage\":\"sv-SE\",\"potentialAction\":[{\"@type\":\"ReadAction\",\"target\":[\"https:\\\/\\\/www.q-bital.com\\\/faqs\\\/\"]}]},{\"@type\":\"WebSite\",\"@id\":\"https:\\\/\\\/www.q-bital.com\\\/#website\",\"url\":\"https:\\\/\\\/www.q-bital.com\\\/\",\"name\":\"Q-bital Healthcare Solutions\",\"description\":\"\",\"potentialAction\":[{\"@type\":\"SearchAction\",\"target\":{\"@type\":\"EntryPoint\",\"urlTemplate\":\"https:\\\/\\\/www.q-bital.com\\\/?s={search_term_string}\"},\"query-input\":{\"@type\":\"PropertyValueSpecification\",\"valueRequired\":true,\"valueName\":\"search_term_string\"}}],\"inLanguage\":\"sv-SE\"}]}<\/script>\n<!-- \/ Yoast SEO plugin. -->","yoast_head_json":{"title":"Vanliga fr\u00e5gor - Q-bital Healthcare Solutions","robots":{"index":"index","follow":"follow","max-snippet":"max-snippet:-1","max-image-preview":"max-image-preview:large","max-video-preview":"max-video-preview:-1"},"canonical":"https:\/\/www.q-bital.com\/sv_se\/faqs\/","og_locale":"sv_SE","og_type":"article","og_title":"FAQs - Q-bital Healthcare Solutions","og_url":"https:\/\/www.q-bital.com\/sv_se\/faqs\/","og_site_name":"Q-bital Healthcare Solutions","article_modified_time":"2023-10-20T11:41:54+00:00","twitter_card":"summary_large_image","twitter_misc":{"Ber\u00e4knad l\u00e4stid":"4 minuter"},"schema":{"@context":"https:\/\/schema.org","@graph":[{"@type":"WebPage","@id":"https:\/\/www.q-bital.com\/faqs\/","url":"https:\/\/www.q-bital.com\/faqs\/","name":"Vanliga fr\u00e5gor - Q-bital Healthcare Solutions","isPartOf":{"@id":"https:\/\/www.q-bital.com\/#website"},"datePublished":"2023-07-19T15:41:55+00:00","dateModified":"2023-10-20T11:41:54+00:00","inLanguage":"sv-SE","potentialAction":[{"@type":"ReadAction","target":["https:\/\/www.q-bital.com\/faqs\/"]}]},{"@type":"WebSite","@id":"https:\/\/www.q-bital.com\/#website","url":"https:\/\/www.q-bital.com\/","name":"Q-bital Healthcare Solutions","description":"","potentialAction":[{"@type":"SearchAction","target":{"@type":"EntryPoint","urlTemplate":"https:\/\/www.q-bital.com\/?s={search_term_string}"},"query-input":{"@type":"PropertyValueSpecification","valueRequired":true,"valueName":"search_term_string"}}],"inLanguage":"sv-SE"}]}},"_links":{"self":[{"href":"https:\/\/www.q-bital.com\/sv_se\/wp-json\/wp\/v2\/pages\/693","targetHints":{"allow":["GET"]}}],"collection":[{"href":"https:\/\/www.q-bital.com\/sv_se\/wp-json\/wp\/v2\/pages"}],"about":[{"href":"https:\/\/www.q-bital.com\/sv_se\/wp-json\/wp\/v2\/types\/page"}],"author":[{"embeddable":true,"href":"https:\/\/www.q-bital.com\/sv_se\/wp-json\/wp\/v2\/users\/2"}],"replies":[{"embeddable":true,"href":"https:\/\/www.q-bital.com\/sv_se\/wp-json\/wp\/v2\/comments?post=693"}],"version-history":[{"count":0,"href":"https:\/\/www.q-bital.com\/sv_se\/wp-json\/wp\/v2\/pages\/693\/revisions"}],"wp:attachment":[{"href":"https:\/\/www.q-bital.com\/sv_se\/wp-json\/wp\/v2\/media?parent=693"}],"curies":[{"name":"wp","href":"https:\/\/api.w.org\/{rel}","templated":true}]}}