{"id":674,"date":"2023-07-19T14:17:08","date_gmt":"2023-07-19T14:17:08","guid":{"rendered":"https:\/\/www.q-bital.com\/?page_id=674"},"modified":"2024-01-18T10:20:31","modified_gmt":"2024-01-18T10:20:31","slug":"heritage","status":"publish","type":"page","link":"https:\/\/www.q-bital.com\/tr_tr\/heritage\/","title":{"rendered":"Miras"},"content":{"rendered":"<section id=\"section-2-59\" class=\"ct-section\" style=\"background-image:url(https:\/\/www.q-bital.com\/wp-content\/uploads\/sites\/8\/2023\/05\/boulders-right.png);background-size: auto;\" >\n<div class=\"ct-section-inner-wrap\">\n<div id=\"div_block-8-59\" class=\"ct-div-block\" ><a id=\"link_text-6-59\" class=\"ct-link-text\" href=\"\/tr_tr\/\" target=\"_self\"  >Ev<\/a><\/p>\n<h1 id=\"headline-3-59\" class=\"ct-headline\"><span id=\"span-4-59\" class=\"ct-span\" >Miras<\/span><\/h1>\n<\/div>\n<\/div>\n<\/section>\n<section id=\"section-68-14-text-left-white\" class=\"ct-section\" >\n<div class=\"ct-section-inner-wrap\">\n<div id=\"new_columns-69-14text-left-white\" class=\"ct-new-columns\" >\n<div id=\"div_block-70-14\" class=\"ct-div-block\" >\n<h2 id=\"headline-71-14\" class=\"ct-headline\">Yirmi y\u0131l\u0131 a\u015fk\u0131n s\u00fcredir sa\u011fl\u0131k hizmeti sa\u011flay\u0131c\u0131lar\u0131 i\u00e7in yenilik\u00e7i \u00e7\u00f6z\u00fcmler \u00fcretiyoruz<\/h2>\n<div id=\"_rich_text-72-14\" class=\"oxy-rich-text\" >\n<p dir=\"ltr\">1999 y\u0131l\u0131nda kurulan, esnek klinik altyap\u0131 ve hizmetlerin lider k\u00fcresel sa\u011flay\u0131c\u0131s\u0131 olarak itibar\u0131m\u0131z istikrarl\u0131 bir \u015fekilde artt\u0131. Sa\u011fl\u0131k hizmeti sa\u011flay\u0131c\u0131lar\u0131 ve ba\u011f\u0131ms\u0131z sekt\u00f6r kurulu\u015flar\u0131yla ortak \u00e7al\u0131\u015fmaktan gurur duyuyoruz ve 50%&#039;den fazla Birle\u015fik Krall\u0131k kamu hastanesi sa\u011flay\u0131c\u0131s\u0131 art\u0131k Sa\u011fl\u0131k Alanlar\u0131m\u0131zdan birini kullan\u0131yor. M\u00fc\u015fterilerimiz, sa\u011fl\u0131k sonu\u00e7lar\u0131n\u0131 h\u0131zla iyile\u015ftirmek i\u00e7in y\u00fcksek kaliteli, teknik a\u00e7\u0131dan geli\u015fmi\u015f \u00e7\u00f6z\u00fcmler sunaca\u011f\u0131m\u0131za ve ihtiya\u00e7lar de\u011fi\u015fti\u011finde tekrar tekrar bize d\u00f6nece\u011fimize g\u00fcveniyor.&nbsp;<\/p>\n<p dir=\"ltr\">2018, Q-bital Sa\u011fl\u0131k \u00c7\u00f6z\u00fcmleri&#039;nin uluslararas\u0131 b\u00f6l\u00fcm\u00fcn\u00fcn resmi lansman\u0131na tan\u0131k oldu ve \u015firketin b\u00fcy\u00fcmesi hem Birle\u015fik Krall\u0131k&#039;ta hem de uluslararas\u0131 alanda h\u0131z kesmeden devam etti.<\/p>\n<p dir=\"ltr\">\u00dcretimin 2023 y\u0131l\u0131nda Hollanda&#039;da kurulmas\u0131yla birlikte, Hull UK&#039;de \u00f6zel olarak in\u015fa edilmi\u015f bir \u00fcretim tesisi de i\u015fletmeye eklendi.<\/p>\n<p dir=\"ltr\">Art\u0131k Hollanda, \u0130sve\u00e7, Avustralya ve Fransa&#039;da uluslararas\u0131 alanda faaliyet g\u00f6steriyoruz ve ihtiya\u00e7 duyulan her yerde destek sa\u011flayarak geni\u015flemek i\u00e7in yeni pazarlar aramaya devam ediyoruz.&nbsp;<\/p>\n<\/div>\n<\/div>\n<div id=\"div_block-74-14\" class=\"ct-div-block\" ><img decoding=\"async\"  id=\"image-75-14\" alt=\"\" src=\"https:\/\/www.q-bital.com\/wp-content\/uploads\/sites\/8\/2023\/07\/Creating-innovative-solutions-for-healthcare-providers-for-over-two-decades-image.jpg\" class=\"ct-image\"\/><\/div>\n<\/div>\n<\/div>\n<\/section>\n<section id=\"section-132-34\" class=\"ct-section\" >\n<div class=\"ct-section-inner-wrap\">\n<div id=\"new_columns-133-34\" class=\"ct-new-columns\" >\n<div id=\"div_block-138-34\" class=\"ct-div-block\" ><img decoding=\"async\"  id=\"image-139-34\" alt=\"\" src=\"https:\/\/www.q-bital.com\/wp-content\/uploads\/sites\/8\/2023\/07\/Drone-1.jpg\" class=\"ct-image\"\/><\/div>\n<div id=\"div_block-134-34\" class=\"ct-div-block\" >\n<h2 id=\"headline-135-34\" class=\"ct-headline\">Sa\u011fl\u0131k Alanlar\u0131m\u0131z\u0131n m\u00fc\u015fterilerimiz i\u00e7in i\u015fe yaramas\u0131 i\u00e7in her ayr\u0131nt\u0131 d\u00fc\u015f\u00fcn\u00fclm\u00fc\u015ft\u00fcr.<\/h2>\n<div id=\"_rich_text-136-34\" class=\"oxy-rich-text\" >\n<p dir=\"ltr\">Her sa\u011fl\u0131k sisteminin benzersiz ihtiya\u00e7lar\u0131n\u0131 kar\u015f\u0131layan \u00f6zel mobil ve mod\u00fcler Sa\u011fl\u0131k Alanlar\u0131 ile y\u00fcksek kaliteli, s\u00fcrd\u00fcr\u00fclebilir sa\u011fl\u0131k hizmetleri \u00e7\u00f6z\u00fcmleri sunmak i\u00e7in m\u00fc\u015fterilerimizle birlikte \u00e7al\u0131\u015f\u0131yoruz. Tesislerimiz ameliyathaneler, cerrahi merkezler, toplum te\u015fhis merkezleri (CDC&#039;ler), endoskopi odalar\u0131, dekontaminasyon ve sterilizasyon tesisleri, ko\u011fu\u015flar, klinikler ve k\u00fc\u00e7\u00fck yaralanma birimleri (MIU) dahil olmak \u00fczere bir dizi se\u00e7enekle \u00f6zelle\u015ftirilebilir. \u00dcr\u00fcn ve hizmet se\u00e7eneklerimiz sonsuz olanaklar sunacak \u015fekilde birle\u015ftirilebilir; Her yeni proje tamamen benzersiz bir Sa\u011fl\u0131k Alan\u0131 yaratmak i\u00e7in bir f\u0131rsatt\u0131r.<\/p>\n<p dir=\"ltr\">\u0130tibar\u0131m\u0131z, hastanelere birka\u00e7 g\u00fcn i\u00e7inde teslim edilebilecek ilave kapasite tesisleriyle destek verebilme yetene\u011fimizden olu\u015fmu\u015ftur. Ancak m\u00fc\u015fterilerimize \u00e7ok daha fazlas\u0131n\u0131, g\u00fcvenilir ortaklar\u0131m\u0131z\u0131n sa\u011fl\u0131k hizmetlerinin s\u0131n\u0131rlar\u0131n\u0131 geni\u015fletmeleri i\u00e7in sonsuz olanaklar sunuyoruz.&nbsp;<\/p>\n<p dir=\"ltr\">Uzmanl\u0131\u011f\u0131m\u0131z m\u00fc\u015fterilerimizle g\u00fc\u00e7l\u00fc ili\u015fkiler kurmaya ve sa\u011fl\u0131k sekt\u00f6r\u00fcn\u00fcn mevcut altyap\u0131s\u0131n\u0131 iyile\u015ftirmenin yollar\u0131n\u0131 geli\u015ftirmeye dayanmaktad\u0131r. \u0130tici tutkumuz, d\u00fcnyan\u0131n en esnek sa\u011fl\u0131k altyap\u0131s\u0131 \u00e7\u00f6z\u00fcmlerini geli\u015ftirmenin bir par\u00e7as\u0131 olmakt\u0131r. Y\u00fcksek hasta talebi ve uzun bekleme listelerine yard\u0131mc\u0131 olmak i\u00e7in Sa\u011fl\u0131k Bak\u0131m Alanlar\u0131 sa\u011flaman\u0131n yan\u0131 s\u0131ra, yenileme gibi operasyonel zorluklar\u0131n \u00fcstesinden gelmenize yard\u0131mc\u0131 olabilir ve bir yang\u0131n, sel veya ameliyathanede ar\u0131za ya\u015fanmas\u0131 durumunda acil m\u00fcdahale sunabiliriz.&nbsp;<\/p>\n<p dir=\"ltr\">Uzmanlardan olu\u015fan \u00f6zel bir ekip, her tesisin tasar\u0131m, uygulama ve klinik hizmet sunumunun ilk konseptinden sahadan kald\u0131r\u0131lmas\u0131na kadar proje y\u00f6netimine yard\u0131mc\u0131 olur.<\/p>\n<\/div>\n<\/div>\n<\/div>\n<\/div>\n<\/section>\n<section id=\"section-2-202\" class=\"ct-section\" >\n<div class=\"ct-section-inner-wrap\">\n<div id=\"div_block-3-202\" class=\"ct-div-block\" >\n<h2 id=\"headline-4-202\" class=\"ct-headline\">350.000&#039;den fazla prosed\u00fcr ve devam ediyor\u2026<\/h2>\n<div id=\"_rich_text-5-202\" class=\"oxy-rich-text\" >\n<p dir=\"ltr\">Klinisyenlerin g\u00f6rev yapt\u0131\u011f\u0131 mobil tesislerimizde bug\u00fcne kadar 350.000&#039;den fazla prosed\u00fcr ger\u00e7ekle\u015ftirildi.<\/p>\n<p dir=\"ltr\">Birinci s\u0131n\u0131f bir klinik hizmet sa\u011flay\u0131c\u0131s\u0131 olarak Sa\u011fl\u0131k Alanlar\u0131m\u0131z\u0131n, kal\u00e7a protezinden katarakt ameliyat\u0131na, endoskopi prosed\u00fcrlerinden plastik cerrahiye kadar b\u00fcy\u00fck bir akut hastanede ger\u00e7ekle\u015ftirilen t\u00fcm klinik prosed\u00fcr t\u00fcrlerinin 75%&#039;sine uygun olmas\u0131ndan gurur duyuyoruz.<\/p>\n<\/div>\n<div id=\"div_block-6-202\" class=\"ct-div-block\" ><img decoding=\"async\"  id=\"image-7-202\" alt=\"\" src=\"https:\/\/www.q-bital.com\/wp-content\/uploads\/sites\/8\/2023\/07\/proceedures-infographic.png\" class=\"ct-image\"\/><\/div>\n<\/div>\n<\/div>\n<\/section>\n<section id=\"section-144-59\" class=\"ct-section\" >\n<div class=\"ct-section-inner-wrap\">\n<div id=\"new_columns-145-59\" class=\"ct-new-columns\" >\n<div id=\"div_block-146-59\" class=\"ct-div-block\" >\n<div id=\"_rich_text-9-63\" class=\"oxy-rich-text\" >\n<p>Hastaneniz i\u00e7in i\u015fe yarayan bir \u00e7\u00f6z\u00fcm bulmak buradan ba\u015fl\u0131yor\u2026<\/p>\n<\/div>\n<p><a id=\"link_button-149-59\" class=\"ct-link-button\" href=\"\/tr_tr\/contact\/\" target=\"_self\"  >Temasta olmak<\/a><\/div>\n<div id=\"div_block-150-59\" class=\"ct-div-block\" ><img decoding=\"async\"  id=\"image-151-59\" alt=\"\" src=\"https:\/\/www.q-bital.com\/wp-content\/uploads\/2023\/06\/kettering-2-scaled.jpg\" class=\"ct-image\"\/><\/div>\n<\/div>\n<\/div>\n<\/section>","protected":false},"excerpt":{"rendered":"","protected":false},"author":2,"featured_media":0,"parent":0,"menu_order":0,"comment_status":"closed","ping_status":"closed","template":"","meta":{"_acf_changed":false,"footnotes":""},"class_list":["post-674","page","type-page","status-publish","hentry"],"acf":[],"yoast_head":"<!-- This site is optimized with the Yoast SEO plugin v27.4 - https:\/\/yoast.com\/product\/yoast-seo-wordpress\/ -->\n<title>Heritage - Q-bital Healthcare Solutions<\/title>\n<meta name=\"robots\" content=\"index, follow, max-snippet:-1, max-image-preview:large, max-video-preview:-1\" \/>\n<link rel=\"canonical\" href=\"https:\/\/www.q-bital.com\/tr_tr\/heritage\/\" \/>\n<meta property=\"og:locale\" content=\"tr_TR\" \/>\n<meta property=\"og:type\" content=\"article\" \/>\n<meta property=\"og:title\" content=\"Heritage - Q-bital Healthcare Solutions\" \/>\n<meta property=\"og:url\" content=\"https:\/\/www.q-bital.com\/tr_tr\/heritage\/\" \/>\n<meta property=\"og:site_name\" content=\"Q-bital Healthcare Solutions\" \/>\n<meta property=\"article:modified_time\" content=\"2024-01-18T10:20:31+00:00\" \/>\n<meta name=\"twitter:card\" content=\"summary_large_image\" \/>\n<meta name=\"twitter:label1\" content=\"Tahmini okuma s\u00fcresi\" \/>\n\t<meta name=\"twitter:data1\" content=\"1 dakika\" \/>\n<script type=\"application\/ld+json\" class=\"yoast-schema-graph\">{\"@context\":\"https:\\\/\\\/schema.org\",\"@graph\":[{\"@type\":\"WebPage\",\"@id\":\"https:\\\/\\\/www.q-bital.com\\\/heritage\\\/\",\"url\":\"https:\\\/\\\/www.q-bital.com\\\/heritage\\\/\",\"name\":\"Heritage - Q-bital Healthcare Solutions\",\"isPartOf\":{\"@id\":\"https:\\\/\\\/www.q-bital.com\\\/#website\"},\"datePublished\":\"2023-07-19T14:17:08+00:00\",\"dateModified\":\"2024-01-18T10:20:31+00:00\",\"inLanguage\":\"tr\",\"potentialAction\":[{\"@type\":\"ReadAction\",\"target\":[\"https:\\\/\\\/www.q-bital.com\\\/heritage\\\/\"]}]},{\"@type\":\"WebSite\",\"@id\":\"https:\\\/\\\/www.q-bital.com\\\/#website\",\"url\":\"https:\\\/\\\/www.q-bital.com\\\/\",\"name\":\"Q-bital Healthcare Solutions\",\"description\":\"\",\"potentialAction\":[{\"@type\":\"SearchAction\",\"target\":{\"@type\":\"EntryPoint\",\"urlTemplate\":\"https:\\\/\\\/www.q-bital.com\\\/?s={search_term_string}\"},\"query-input\":{\"@type\":\"PropertyValueSpecification\",\"valueRequired\":true,\"valueName\":\"search_term_string\"}}],\"inLanguage\":\"tr\"}]}<\/script>\n<!-- \/ Yoast SEO plugin. -->","yoast_head_json":{"title":"Miras - Q-bital Sa\u011fl\u0131k \u00c7\u00f6z\u00fcmleri","robots":{"index":"index","follow":"follow","max-snippet":"max-snippet:-1","max-image-preview":"max-image-preview:large","max-video-preview":"max-video-preview:-1"},"canonical":"https:\/\/www.q-bital.com\/tr_tr\/heritage\/","og_locale":"tr_TR","og_type":"article","og_title":"Heritage - Q-bital Healthcare Solutions","og_url":"https:\/\/www.q-bital.com\/tr_tr\/heritage\/","og_site_name":"Q-bital Healthcare Solutions","article_modified_time":"2024-01-18T10:20:31+00:00","twitter_card":"summary_large_image","twitter_misc":{"Tahmini okuma s\u00fcresi":"1 dakika"},"schema":{"@context":"https:\/\/schema.org","@graph":[{"@type":"WebPage","@id":"https:\/\/www.q-bital.com\/heritage\/","url":"https:\/\/www.q-bital.com\/heritage\/","name":"Miras - Q-bital Sa\u011fl\u0131k \u00c7\u00f6z\u00fcmleri","isPartOf":{"@id":"https:\/\/www.q-bital.com\/#website"},"datePublished":"2023-07-19T14:17:08+00:00","dateModified":"2024-01-18T10:20:31+00:00","inLanguage":"tr","potentialAction":[{"@type":"ReadAction","target":["https:\/\/www.q-bital.com\/heritage\/"]}]},{"@type":"WebSite","@id":"https:\/\/www.q-bital.com\/#website","url":"https:\/\/www.q-bital.com\/","name":"Q-bital Healthcare Solutions","description":"","potentialAction":[{"@type":"SearchAction","target":{"@type":"EntryPoint","urlTemplate":"https:\/\/www.q-bital.com\/?s={search_term_string}"},"query-input":{"@type":"PropertyValueSpecification","valueRequired":true,"valueName":"search_term_string"}}],"inLanguage":"tr"}]}},"_links":{"self":[{"href":"https:\/\/www.q-bital.com\/tr_tr\/wp-json\/wp\/v2\/pages\/674","targetHints":{"allow":["GET"]}}],"collection":[{"href":"https:\/\/www.q-bital.com\/tr_tr\/wp-json\/wp\/v2\/pages"}],"about":[{"href":"https:\/\/www.q-bital.com\/tr_tr\/wp-json\/wp\/v2\/types\/page"}],"author":[{"embeddable":true,"href":"https:\/\/www.q-bital.com\/tr_tr\/wp-json\/wp\/v2\/users\/2"}],"replies":[{"embeddable":true,"href":"https:\/\/www.q-bital.com\/tr_tr\/wp-json\/wp\/v2\/comments?post=674"}],"version-history":[{"count":0,"href":"https:\/\/www.q-bital.com\/tr_tr\/wp-json\/wp\/v2\/pages\/674\/revisions"}],"wp:attachment":[{"href":"https:\/\/www.q-bital.com\/tr_tr\/wp-json\/wp\/v2\/media?parent=674"}],"curies":[{"name":"wp","href":"https:\/\/api.w.org\/{rel}","templated":true}]}}