{"id":689,"date":"2023-07-19T15:15:33","date_gmt":"2023-07-19T15:15:33","guid":{"rendered":"https:\/\/www.q-bital.com\/?page_id=689"},"modified":"2023-09-08T13:41:12","modified_gmt":"2023-09-08T13:41:12","slug":"who-we-help","status":"publish","type":"page","link":"https:\/\/www.q-bital.com\/tr_tr\/who-we-help\/","title":{"rendered":"kime yard\u0131m ediyoruz"},"content":{"rendered":"<section id=\"section-2-59\" class=\"ct-section\" style=\"background-image:url(https:\/\/www.q-bital.com\/wp-content\/uploads\/sites\/8\/2023\/05\/boulders-right.png);background-size: auto;\" >\n<div class=\"ct-section-inner-wrap\">\n<div id=\"div_block-8-59\" class=\"ct-div-block\" ><a id=\"link_text-6-59\" class=\"ct-link-text\" href=\"\/tr_tr\/\" target=\"_self\"  >Ev<\/a><\/p>\n<h1 id=\"headline-3-59\" class=\"ct-headline\"><span id=\"span-4-59\" class=\"ct-span\" >kime yard\u0131m ediyoruz<\/span><\/h1>\n<\/div>\n<\/div>\n<\/section>\n<section id=\"section-68-14-text-left-white\" class=\"ct-section\" >\n<div class=\"ct-section-inner-wrap\">\n<div id=\"new_columns-69-14text-left-white\" class=\"ct-new-columns\" >\n<div id=\"div_block-70-14\" class=\"ct-div-block\" >\n<h2 id=\"headline-71-14\" class=\"ct-headline\">kime yard\u0131m ediyoruz<\/h2>\n<div id=\"_rich_text-72-14\" class=\"oxy-rich-text\" >\n<p dir=\"ltr\">Bir m\u00fc\u015fteriyle yeni bir proje \u00fczerinde \u00e7al\u0131\u015f\u0131rken s\u00fcrecin kat\u0131lan herkes i\u00e7in m\u00fcmk\u00fcn oldu\u011funca sorunsuz oldu\u011fundan emin olmak istiyoruz. Hastanelerdeki farkl\u0131 \u00fcst d\u00fczey y\u00f6netim ekiplerini nas\u0131l destekleyebilece\u011fimize dair baz\u0131 \u00f6rnekleri burada bulabilirsiniz.<\/p>\n<\/div>\n<\/div>\n<div id=\"div_block-74-14\" class=\"ct-div-block\" ><img decoding=\"async\"  id=\"image-75-14\" alt=\"\" src=\"https:\/\/www.q-bital.com\/wp-content\/uploads\/sites\/8\/2023\/07\/team-4.jpg\" class=\"ct-image\"\/><\/div>\n<\/div>\n<\/div>\n<\/section>\n<section id=\"section-88-34-blue\" class=\"ct-section\" >\n<div class=\"ct-section-inner-wrap\">\n<div id=\"new_columns-89-34-blue\" class=\"ct-new-columns\" >\n<div id=\"div_block-94-34\" class=\"ct-div-block\" ><img decoding=\"async\"  id=\"image-95-34\" alt=\"\" src=\"https:\/\/www.q-bital.com\/wp-content\/uploads\/sites\/8\/2023\/07\/How-we-help-management-executives-image.jpg\" class=\"ct-image\"\/><\/div>\n<div id=\"div_block-90-34\" class=\"ct-div-block\" >\n<h2 id=\"headline-91-34\" class=\"ct-headline\">Y\u00f6netim y\u00f6neticilerine nas\u0131l yard\u0131mc\u0131 oluyoruz?<\/h2>\n<div id=\"_rich_text-92-34\" class=\"oxy-rich-text\" >\n<p dir=\"ltr\">Ek hizmet sunumunun hastane i\u015f ak\u0131\u015f\u0131na entegrasyonuna y\u00f6nelik i\u015f senaryosunu geli\u015ftirirken, faydalar\u0131 ve temel performans g\u00f6stergelerini kolayca ifade edebilmek \u00e7ok \u00f6nemlidir. \u00d6zellikle \u00f6nemli \u00f6n maliyetlerin s\u00f6z konusu oldu\u011fu durumlarda, projenin yat\u0131r\u0131m getirisini g\u00f6stermek \u00f6nemli olabilir. Yirmi y\u0131ll\u0131k deneyimimiz bizi yard\u0131m etmek i\u00e7in m\u00fckemmel bir konuma getiriyor.<\/p>\n<p dir=\"ltr\">Her projenin kendine \u00f6zg\u00fc gereksinimleri ve a\u015f\u0131lmas\u0131 gereken zorluklar\u0131 vard\u0131r, ancak ba\u015far\u0131l\u0131 da\u011f\u0131t\u0131mlardan baz\u0131 \u00f6rnekler \u015funlar\u0131 i\u00e7erir:<\/p>\n<ul>\n<li dir=\"ltr\" aria-level=\"1\">\n<p dir=\"ltr\" role=\"presentation\">Ek prosed\u00fcrlerin yerine getirilmesi i\u00e7in gelirlerin art\u0131r\u0131lmas\u0131<\/p>\n<\/li>\n<li dir=\"ltr\" aria-level=\"1\">\n<p dir=\"ltr\" role=\"presentation\">Yeni hizmet geli\u015fmeleri i\u00e7in vakan\u0131n test edilmesi<\/p>\n<\/li>\n<li dir=\"ltr\" aria-level=\"1\">\n<p dir=\"ltr\" role=\"presentation\">Tesisin kapal\u0131 kald\u0131\u011f\u0131 s\u00fcre boyunca gelir kayb\u0131n\u0131 \u00f6nleme<\/p>\n<\/li>\n<li dir=\"ltr\" aria-level=\"1\">\n<p dir=\"ltr\" role=\"presentation\">S\u00f6zle\u015fme ihlali cezalar\u0131ndan ve di\u011fer performans \u00f6nlemlerinden ka\u00e7\u0131nmak<\/p>\n<\/li>\n<li dir=\"ltr\" aria-level=\"1\">\n<p dir=\"ltr\" role=\"presentation\">Klinisyenlerin sahalar aras\u0131ndaki seyahat s\u00fcresinin azalt\u0131lmas\u0131<\/p>\n<\/li>\n<li dir=\"ltr\" aria-level=\"1\">\n<p dir=\"ltr\" role=\"presentation\">Hasta sonu\u00e7lar\u0131n\u0131n iyile\u015ftirilmesi<\/p>\n<\/li>\n<li dir=\"ltr\" aria-level=\"1\">\n<p dir=\"ltr\" role=\"presentation\">Personelin \u00e7al\u0131\u015fma d\u00fczeninin bozulmas\u0131n\u0131n \u00f6nlenmesi<\/p>\n<\/li>\n<li dir=\"ltr\" aria-level=\"1\">\n<p dir=\"ltr\" role=\"presentation\">Hizmet kesintilerinin ortadan kald\u0131r\u0131lmas\u0131<\/p>\n<\/li>\n<li dir=\"ltr\" aria-level=\"1\">\n<p dir=\"ltr\" role=\"presentation\">Y\u0131k\u0131c\u0131 ba\u015far\u0131s\u0131zl\u0131\u011f\u0131n \u00fcstesinden gelmek<\/p>\n<\/li>\n<li dir=\"ltr\" aria-level=\"1\">\n<p dir=\"ltr\" role=\"presentation\">Proje zaman \u00e7izelgelerinin azalt\u0131lmas\u0131<\/p>\n<\/li>\n<\/ul>\n<p dir=\"ltr\">\u00d6zel ekibimiz s\u00fcrecin her ad\u0131m\u0131nda yard\u0131ma haz\u0131r olacak ve projenin farkl\u0131 bir y\u00f6ne gitmesi gerekti\u011finde de\u011fi\u015fikliklere uyum sa\u011flayacak \u015fekilde haz\u0131rl\u0131kl\u0131 olacakt\u0131r.<\/p>\n<\/div>\n<\/div>\n<\/div>\n<\/div>\n<\/section>\n<section id=\"section-68-14-text-left-white\" class=\"ct-section\" >\n<div class=\"ct-section-inner-wrap\">\n<div id=\"new_columns-69-14text-left-white\" class=\"ct-new-columns\" >\n<div id=\"div_block-70-14\" class=\"ct-div-block\" >\n<h2 id=\"headline-71-14\" class=\"ct-headline\">Klinisyenlere nas\u0131l yard\u0131mc\u0131 oluyoruz?<\/h2>\n<div id=\"_rich_text-72-14\" class=\"oxy-rich-text\" >\n<p dir=\"ltr\">Yirmi y\u0131l\u0131 a\u015fk\u0131n bir s\u00fcredir birden fazla uzmanl\u0131k alan\u0131nda y\u00fcksek kaliteli, g\u00fcvenli ve uyumlu klinik ortamlar\u0131n sa\u011flanmas\u0131ndan sorumluyuz; dolay\u0131s\u0131yla emin ellerdesiniz.<\/p>\n<p dir=\"ltr\"><strong>Klinik tesis yelpazemiz \u015funlar\u0131 i\u00e7erir:&nbsp;<\/strong><\/p>\n<ul>\n<li dir=\"ltr\" aria-level=\"1\">\n<p dir=\"ltr\" role=\"presentation\">Standart ameliyathaneler<\/p>\n<\/li>\n<li dir=\"ltr\" aria-level=\"1\">\n<p dir=\"ltr\" role=\"presentation\">Laminer ak\u0131\u015fl\u0131 ameliyathaneler<\/p>\n<\/li>\n<li dir=\"ltr\" aria-level=\"1\">\n<p dir=\"ltr\" role=\"presentation\">Ultra temiz ameliyathaneler<\/p>\n<\/li>\n<li dir=\"ltr\" aria-level=\"1\">\n<p dir=\"ltr\" role=\"presentation\">Hibrit ameliyathaneler<\/p>\n<\/li>\n<li dir=\"ltr\" aria-level=\"1\">\n<p dir=\"ltr\" role=\"presentation\">G\u00fcnl\u00fck kasa tesisleri<\/p>\n<\/li>\n<li dir=\"ltr\" aria-level=\"1\">\n<p dir=\"ltr\" role=\"presentation\">Endoskopi s\u00fcitleri<\/p>\n<\/li>\n<li dir=\"ltr\" aria-level=\"1\">\n<p dir=\"ltr\" role=\"presentation\">Endoskop dekontaminasyon tesisleri<\/p>\n<\/li>\n<li dir=\"ltr\" aria-level=\"1\">\n<p dir=\"ltr\" role=\"presentation\">Merkezi sterilizasyon hizmetleri departmanlar\u0131<\/p>\n<\/li>\n<li dir=\"ltr\" aria-level=\"1\">\n<p dir=\"ltr\" role=\"presentation\">poliklinikler<\/p>\n<\/li>\n<li dir=\"ltr\" aria-level=\"1\">\n<p dir=\"ltr\" role=\"presentation\">Hastane ko\u011fu\u015flar\u0131<\/p>\n<\/li>\n<li dir=\"ltr\" aria-level=\"1\">\n<p dir=\"ltr\" role=\"presentation\">Hastaneleri ziyaret etmek<\/p>\n<\/li>\n<li dir=\"ltr\" aria-level=\"1\">\n<p dir=\"ltr\" role=\"presentation\">Topluluk te\u015fhis merkezleri<\/p>\n<\/li>\n<\/ul>\n<p dir=\"ltr\">Bizimle \u00e7al\u0131\u015fman\u0131n benzersiz avantajlar\u0131ndan biri, tasar\u0131m a\u015famas\u0131ndan tamamlanma a\u015famas\u0131na kadar teslim etti\u011fimiz her s\u00f6zle\u015fmeye klinik g\u00f6zetim ve genel bak\u0131\u015f sunabilmemizdir. Her s\u00f6zle\u015fme, mevcut klinik kayd\u0131na (NMC veya HCPC) ve hem mobil hem de mod\u00fcler tesislerimiz hakk\u0131nda kapsaml\u0131 bilgiye sahip, deneyimli bir klinik lider olan bir klinik hizmetler y\u00f6neticisi (CSM) taraf\u0131ndan y\u00f6netilir.<\/p>\n<\/div>\n<\/div>\n<div id=\"div_block-74-14\" class=\"ct-div-block\" ><img decoding=\"async\"  id=\"image-75-14\" alt=\"\" src=\"https:\/\/www.q-bital.com\/wp-content\/uploads\/sites\/8\/2023\/07\/clinical.jpg\" class=\"ct-image\"\/><\/div>\n<\/div>\n<\/div>\n<\/section>\n<section id=\"section-144-59\" class=\"ct-section\" >\n<div class=\"ct-section-inner-wrap\">\n<div id=\"new_columns-145-59\" class=\"ct-new-columns\" >\n<div id=\"div_block-146-59\" class=\"ct-div-block\" >\n<div id=\"_rich_text-9-63\" class=\"oxy-rich-text\" >\n<p>Hastaneniz i\u00e7in i\u015fe yarayan bir \u00e7\u00f6z\u00fcm bulmak buradan ba\u015flayabilir...<\/p>\n<\/div>\n<p><a id=\"link_button-149-59\" class=\"ct-link-button\" href=\"\/tr_tr\/contact\/\" target=\"_self\"  >Temasta olmak<\/a><\/div>\n<div id=\"div_block-150-59\" class=\"ct-div-block\" ><img decoding=\"async\"  id=\"image-151-59\" alt=\"\" src=\"https:\/\/www.q-bital.com\/wp-content\/uploads\/sites\/8\/2023\/06\/kettering-2-1.jpg\" class=\"ct-image\"\/><\/div>\n<\/div>\n<\/div>\n<\/section>","protected":false},"excerpt":{"rendered":"","protected":false},"author":2,"featured_media":0,"parent":0,"menu_order":0,"comment_status":"closed","ping_status":"closed","template":"","meta":{"_acf_changed":false,"footnotes":""},"class_list":["post-689","page","type-page","status-publish","hentry"],"acf":[],"yoast_head":"<!-- This site is optimized with the Yoast SEO plugin v27.4 - https:\/\/yoast.com\/product\/yoast-seo-wordpress\/ -->\n<title>Who we help - Q-bital Healthcare Solutions<\/title>\n<meta name=\"robots\" content=\"index, follow, max-snippet:-1, max-image-preview:large, max-video-preview:-1\" \/>\n<link rel=\"canonical\" href=\"https:\/\/www.q-bital.com\/tr_tr\/who-we-help\/\" \/>\n<meta property=\"og:locale\" content=\"tr_TR\" \/>\n<meta property=\"og:type\" content=\"article\" \/>\n<meta property=\"og:title\" content=\"Who we help - Q-bital Healthcare Solutions\" \/>\n<meta property=\"og:url\" content=\"https:\/\/www.q-bital.com\/tr_tr\/who-we-help\/\" \/>\n<meta property=\"og:site_name\" content=\"Q-bital Healthcare Solutions\" \/>\n<meta property=\"article:modified_time\" content=\"2023-09-08T13:41:12+00:00\" \/>\n<meta name=\"twitter:card\" content=\"summary_large_image\" \/>\n<script type=\"application\/ld+json\" class=\"yoast-schema-graph\">{\"@context\":\"https:\\\/\\\/schema.org\",\"@graph\":[{\"@type\":\"WebPage\",\"@id\":\"https:\\\/\\\/www.q-bital.com\\\/who-we-help\\\/\",\"url\":\"https:\\\/\\\/www.q-bital.com\\\/who-we-help\\\/\",\"name\":\"Who we help - Q-bital Healthcare Solutions\",\"isPartOf\":{\"@id\":\"https:\\\/\\\/www.q-bital.com\\\/#website\"},\"datePublished\":\"2023-07-19T15:15:33+00:00\",\"dateModified\":\"2023-09-08T13:41:12+00:00\",\"inLanguage\":\"tr\",\"potentialAction\":[{\"@type\":\"ReadAction\",\"target\":[\"https:\\\/\\\/www.q-bital.com\\\/who-we-help\\\/\"]}]},{\"@type\":\"WebSite\",\"@id\":\"https:\\\/\\\/www.q-bital.com\\\/#website\",\"url\":\"https:\\\/\\\/www.q-bital.com\\\/\",\"name\":\"Q-bital Healthcare Solutions\",\"description\":\"\",\"potentialAction\":[{\"@type\":\"SearchAction\",\"target\":{\"@type\":\"EntryPoint\",\"urlTemplate\":\"https:\\\/\\\/www.q-bital.com\\\/?s={search_term_string}\"},\"query-input\":{\"@type\":\"PropertyValueSpecification\",\"valueRequired\":true,\"valueName\":\"search_term_string\"}}],\"inLanguage\":\"tr\"}]}<\/script>\n<!-- \/ Yoast SEO plugin. -->","yoast_head_json":{"title":"Kime yard\u0131m ediyoruz - Q-bital Sa\u011fl\u0131k \u00c7\u00f6z\u00fcmleri","robots":{"index":"index","follow":"follow","max-snippet":"max-snippet:-1","max-image-preview":"max-image-preview:large","max-video-preview":"max-video-preview:-1"},"canonical":"https:\/\/www.q-bital.com\/tr_tr\/who-we-help\/","og_locale":"tr_TR","og_type":"article","og_title":"Who we help - Q-bital Healthcare Solutions","og_url":"https:\/\/www.q-bital.com\/tr_tr\/who-we-help\/","og_site_name":"Q-bital Healthcare Solutions","article_modified_time":"2023-09-08T13:41:12+00:00","twitter_card":"summary_large_image","schema":{"@context":"https:\/\/schema.org","@graph":[{"@type":"WebPage","@id":"https:\/\/www.q-bital.com\/who-we-help\/","url":"https:\/\/www.q-bital.com\/who-we-help\/","name":"Kime yard\u0131m ediyoruz - Q-bital Sa\u011fl\u0131k \u00c7\u00f6z\u00fcmleri","isPartOf":{"@id":"https:\/\/www.q-bital.com\/#website"},"datePublished":"2023-07-19T15:15:33+00:00","dateModified":"2023-09-08T13:41:12+00:00","inLanguage":"tr","potentialAction":[{"@type":"ReadAction","target":["https:\/\/www.q-bital.com\/who-we-help\/"]}]},{"@type":"WebSite","@id":"https:\/\/www.q-bital.com\/#website","url":"https:\/\/www.q-bital.com\/","name":"Q-bital Healthcare Solutions","description":"","potentialAction":[{"@type":"SearchAction","target":{"@type":"EntryPoint","urlTemplate":"https:\/\/www.q-bital.com\/?s={search_term_string}"},"query-input":{"@type":"PropertyValueSpecification","valueRequired":true,"valueName":"search_term_string"}}],"inLanguage":"tr"}]}},"_links":{"self":[{"href":"https:\/\/www.q-bital.com\/tr_tr\/wp-json\/wp\/v2\/pages\/689","targetHints":{"allow":["GET"]}}],"collection":[{"href":"https:\/\/www.q-bital.com\/tr_tr\/wp-json\/wp\/v2\/pages"}],"about":[{"href":"https:\/\/www.q-bital.com\/tr_tr\/wp-json\/wp\/v2\/types\/page"}],"author":[{"embeddable":true,"href":"https:\/\/www.q-bital.com\/tr_tr\/wp-json\/wp\/v2\/users\/2"}],"replies":[{"embeddable":true,"href":"https:\/\/www.q-bital.com\/tr_tr\/wp-json\/wp\/v2\/comments?post=689"}],"version-history":[{"count":0,"href":"https:\/\/www.q-bital.com\/tr_tr\/wp-json\/wp\/v2\/pages\/689\/revisions"}],"wp:attachment":[{"href":"https:\/\/www.q-bital.com\/tr_tr\/wp-json\/wp\/v2\/media?parent=689"}],"curies":[{"name":"wp","href":"https:\/\/api.w.org\/{rel}","templated":true}]}}