{"id":7284,"date":"2025-02-12T17:18:20","date_gmt":"2025-02-12T17:18:20","guid":{"rendered":"https:\/\/www.vanguardhealthcare.co.uk\/?page_id=7785"},"modified":"2026-01-13T16:04:17","modified_gmt":"2026-01-13T16:04:17","slug":"accreditations-and-certifications","status":"publish","type":"page","link":"https:\/\/www.q-bital.com\/tr_tr\/accreditations-and-certifications\/","title":{"rendered":"Akreditasyonlar ve Sertifikalar"},"content":{"rendered":"<p>Sertifikasyonun i\u015fletmelere ve m\u00fc\u015fterilerine sa\u011flad\u0131\u011f\u0131 de\u011feri biliyoruz; bu nedenle a\u015fa\u011f\u0131daki standartlara g\u00f6re y\u0131ll\u0131k olarak harici denetimden ge\u00e7iyoruz. <strong>A\u015fa\u011f\u0131daki akreditasyonlar ve sertifikalar, daha anla\u015f\u0131l\u0131r olmas\u0131 i\u00e7in faaliyet g\u00f6sterilen yere g\u00f6re grupland\u0131r\u0131lm\u0131\u015ft\u0131r.<\/strong><\/p>\n<div style=\"height:58px\" aria-hidden=\"true\" class=\"wp-block-spacer\"><\/div>\n<h2 class=\"wp-block-heading has-text-align-center\">Birle\u015fik Krall\u0131k ve \u0130rlanda<\/h2>\n<div style=\"height:24px\" aria-hidden=\"true\" class=\"wp-block-spacer\"><\/div>\n<div class=\"wp-block-media-text is-stacked-on-mobile\" style=\"grid-template-columns:25% auto\">\n<figure class=\"wp-block-media-text__media\"><img decoding=\"async\" src=\"https:\/\/www.vanguardhealthcare.co.uk\/wp-content\/uploads\/2025\/03\/Untitled-design-2.png\" alt=\"\" class=\"wp-image-7876 size-full\" \/><\/figure>\n<div class=\"wp-block-media-text__content\">\n<p><strong>Siber G\u00fcvenlik Temelleri Plus Sertifikas\u0131<\/strong>&nbsp;<\/p>\n<p>Cyber Essentials Plus, kurulu\u015flar\u0131n yayg\u0131n \u00e7evrimi\u00e7i tehditlere kar\u015f\u0131 korunmas\u0131na yard\u0131mc\u0131 olmak i\u00e7in tasarlanm\u0131\u015f, Birle\u015fik Krall\u0131k h\u00fck\u00fcmeti destekli bir programd\u0131r. Bu, m\u00fc\u015fteri verilerini siber tehditlere kar\u015f\u0131 gerekli teknik kontrollerle korudu\u011fumuza dair ek g\u00fcvence sa\u011flar.<\/p>\n<\/div>\n<\/div>\n<div class=\"wp-block-media-text is-stacked-on-mobile\" style=\"grid-template-columns:25% auto\">\n<figure class=\"wp-block-media-text__media\"><img decoding=\"async\" src=\"https:\/\/www.vanguardhealthcare.co.uk\/wp-content\/uploads\/2025\/02\/ISO9001_BAB-1024x1024.jpg\" alt=\"\" class=\"wp-image-7787 size-full\" \/><\/figure>\n<div class=\"wp-block-media-text__content\">\n<p><strong>ISO 9001 Kalite Y\u00f6netim Akreditasyonu<\/strong><\/p>\n<p>M\u00fc\u015fteri beklentilerini a\u015fmaya ve ola\u011fan\u00fcst\u00fc hizmet sunmaya kendimizi adad\u0131k. ISO 9001 sertifikam\u0131z bu ba\u011fl\u0131l\u0131\u011f\u0131m\u0131z\u0131 peki\u015ftirerek, m\u00fc\u015fteri ihtiya\u00e7lar\u0131n\u0131 s\u00fcrekli olarak kar\u015f\u0131lad\u0131\u011f\u0131m\u0131zdan ve geri bildirimlerini aktif olarak arad\u0131\u011f\u0131m\u0131zdan emin olmam\u0131z\u0131 sa\u011flar. Bu yakla\u015f\u0131m, iyile\u015ftirme f\u0131rsatlar\u0131n\u0131 belirlememize, m\u00fc\u015fteri deneyimimizi geli\u015ftirmemize ve s\u00fcrekli olarak be\u015f y\u0131ld\u0131zl\u0131 hizmet sunmam\u0131za yard\u0131mc\u0131 olur.<\/p>\n<\/div>\n<\/div>\n<div class=\"wp-block-media-text is-stacked-on-mobile\" style=\"grid-template-columns:25% auto\">\n<figure class=\"wp-block-media-text__media\"><img decoding=\"async\" src=\"https:\/\/www.vanguardhealthcare.co.uk\/wp-content\/uploads\/2025\/02\/ISO14001_BAB-1024x1024.jpg\" alt=\"\" class=\"wp-image-7788 size-full\" \/><\/figure>\n<div class=\"wp-block-media-text__content\">\n<p><strong>ISO 14001 \u00c7evre Y\u00f6netimi Akreditasyonu<\/strong><\/p>\n<p>S\u00fcrd\u00fcr\u00fclebilirli\u011fe \u00f6ncelik veren m\u00fc\u015fterilerimiz i\u00e7in, \u00e7evresel ayak izimizi en aza indirmeye kendimizi adad\u0131\u011f\u0131m\u0131zdan emin olabilirsiniz.<\/p>\n<p>ISO 14001 sertifikam\u0131z, \u00e7evresel etkilerimizi y\u00f6netmek i\u00e7in etkili \u00f6nlemler almam\u0131z\u0131 sa\u011fl\u0131yor. <\/p>\n<\/div>\n<\/div>\n<div class=\"wp-block-media-text is-stacked-on-mobile\" style=\"grid-template-columns:25% auto\">\n<figure class=\"wp-block-media-text__media\"><img decoding=\"async\" src=\"https:\/\/www.vanguardhealthcare.co.uk\/wp-content\/uploads\/2025\/02\/ISO45001_BAB-1024x1024.jpg\" alt=\"\" class=\"wp-image-7789 size-full\" \/><\/figure>\n<div class=\"wp-block-media-text__content\">\n<p><strong>ISO 45001 \u0130\u015f Sa\u011fl\u0131\u011f\u0131 ve G\u00fcvenli\u011fi Y\u00f6netim Akreditasyonu<\/strong><\/p>\n<p>M\u00fc\u015fteri beklentilerini a\u015fmaya ve ola\u011fan\u00fcst\u00fc hizmet sunmaya kendimizi adad\u0131k. ISO 45001 sertifikam\u0131z bu taahh\u00fcd\u00fcm\u00fcz\u00fcn alt\u0131n\u0131 \u00e7izerek, i\u015f sa\u011fl\u0131\u011f\u0131 ve g\u00fcvenli\u011fi gerekliliklerini s\u00fcrekli olarak kar\u015f\u0131lad\u0131\u011f\u0131m\u0131z\u0131 ve aktif olarak geri bildirim arad\u0131\u011f\u0131m\u0131z\u0131 garanti eder. Bu yakla\u015f\u0131m, iyile\u015ftirme f\u0131rsatlar\u0131n\u0131 belirlememize, i\u015f yeri g\u00fcvenli\u011fimizi art\u0131rmam\u0131za ve \u00e7al\u0131\u015fanlar\u0131m\u0131z ve m\u00fc\u015fterilerimiz i\u00e7in s\u00fcrekli olarak g\u00fcvenli ve sa\u011fl\u0131kl\u0131 bir ortam sa\u011flamam\u0131za yard\u0131mc\u0131 olur.<\/p>\n<\/div>\n<\/div>\n<div class=\"wp-block-media-text is-stacked-on-mobile is-vertically-aligned-center\" style=\"grid-template-columns:25% auto\">\n<figure class=\"wp-block-media-text__media\"><img loading=\"lazy\" decoding=\"async\" width=\"1280\" height=\"650\" src=\"https:\/\/www.q-bital.com\/wp-content\/uploads\/sites\/8\/2026\/01\/mark-of-trust-certificate-of-conformity-BIMdesignandconstruction-black-logo-En-GB-0524.jpg\" alt=\"\" class=\"wp-image-7292 size-full\" srcset=\"https:\/\/www.q-bital.com\/wp-content\/uploads\/sites\/8\/2026\/01\/mark-of-trust-certificate-of-conformity-BIMdesignandconstruction-black-logo-En-GB-0524.jpg 1280w, https:\/\/www.q-bital.com\/wp-content\/uploads\/sites\/8\/2026\/01\/mark-of-trust-certificate-of-conformity-BIMdesignandconstruction-black-logo-En-GB-0524-300x152.jpg 300w, https:\/\/www.q-bital.com\/wp-content\/uploads\/sites\/8\/2026\/01\/mark-of-trust-certificate-of-conformity-BIMdesignandconstruction-black-logo-En-GB-0524-768x390.jpg 768w, https:\/\/www.q-bital.com\/wp-content\/uploads\/sites\/8\/2026\/01\/mark-of-trust-certificate-of-conformity-BIMdesignandconstruction-black-logo-En-GB-0524-18x9.jpg 18w\" sizes=\"auto, (max-width: 1280px) 100vw, 1280px\" \/><\/figure>\n<div class=\"wp-block-media-text__content\">\n<p><strong><strong>ISO 19650-2 Sertifikasyonu<\/strong><\/strong><\/p>\n<p>BSI sertifikas\u0131na&nbsp;<strong>BS EN ISO 19650-2:2018<\/strong>&nbsp;Bu, Vanguard Healthcare Solutions&#039;\u0131n sa\u011fl\u0131k tesislerinin teslimi s\u0131ras\u0131nda bilgileri tutarl\u0131, g\u00fcvenli ve uluslararas\u0131 kabul g\u00f6rm\u00fc\u015f bir \u015fekilde y\u00f6netti\u011fini g\u00f6stermektedir. M\u00fc\u015fterilerimiz i\u00e7in bu, klinik tasar\u0131m ve s\u00f6zle\u015fme bilgilerinin do\u011fru, iyi y\u00f6netilmi\u015f ve Yap\u0131 Bilgi Modellemesi (BIM) kullan\u0131larak i\u015f birli\u011fi i\u00e7inde y\u00f6netildi\u011fine dair g\u00fcvence sa\u011flar; bu da riski azaltmaya, koordinasyonu iyile\u015ftirmeye ve karma\u015f\u0131k sa\u011fl\u0131k projelerinde g\u00fcvenli karar vermeyi desteklemeye yard\u0131mc\u0131 olur.<\/p>\n<\/div>\n<\/div>\n<div class=\"wp-block-media-text is-stacked-on-mobile is-vertically-aligned-center\" style=\"grid-template-columns:25% auto\">\n<figure class=\"wp-block-media-text__media\"><img decoding=\"async\" src=\"https:\/\/www.vanguardhealthcare.co.uk\/wp-content\/uploads\/2025\/07\/White-VF-CHAS_LtBG_jpg-1024x725.jpg\" alt=\"\" class=\"wp-image-8067 size-full\" \/><\/figure>\n<div class=\"wp-block-media-text__content\">\n<p><strong>CHAS Elit<\/strong><\/p>\n<p>CHAS Elite Stat\u00fcs\u00fc Akreditasyonunu elde etmek, yaln\u0131zca yasal gerekliliklere uyumu de\u011fil, ayn\u0131 zamanda hem personel hem de m\u00fc\u015fterilerin g\u00fcvenli\u011fini sa\u011flamada en iyi uygulamalar\u0131 hayata ge\u00e7irmeyi de garanti eden titiz kriterleri kar\u015f\u0131lad\u0131\u011f\u0131m\u0131z\u0131n g\u00fcvencesini verir. G\u00fcvenli bir \u00e7al\u0131\u015fma ortam\u0131n\u0131 s\u00fcrd\u00fcrme ve riskleri etkin bir \u015fekilde azaltma konusundaki kararl\u0131l\u0131\u011f\u0131m\u0131z\u0131 peki\u015ftirir. CHAS Elite Stat\u00fcs\u00fc, d\u00fcr\u00fcstl\u00fck, sorumluluk ve profesyonellikle faaliyet g\u00f6sterdi\u011fimiz konusunda g\u00f6n\u00fcl rahatl\u0131\u011f\u0131 sa\u011flar. <\/p>\n<\/p>\n<\/p>\n<\/div>\n<\/div>\n<div style=\"height:42px\" aria-hidden=\"true\" class=\"wp-block-spacer\"><\/div>\n<h2 class=\"wp-block-heading has-text-align-center\">Avustralya<\/h2>\n<div style=\"height:38px\" aria-hidden=\"true\" class=\"wp-block-spacer\"><\/div>\n<div class=\"wp-block-media-text is-stacked-on-mobile is-vertically-aligned-center\" style=\"grid-template-columns:25% auto\">\n<figure class=\"wp-block-media-text__media\"><img loading=\"lazy\" decoding=\"async\" width=\"569\" height=\"1024\" src=\"https:\/\/www.q-bital.com\/wp-content\/uploads\/sites\/8\/2026\/01\/Certifi_StandardsLogos_PORTRAIT_11.04.24_9001-569x1024.png\" alt=\"\" class=\"wp-image-7287 size-full\" srcset=\"https:\/\/www.q-bital.com\/wp-content\/uploads\/sites\/8\/2026\/01\/Certifi_StandardsLogos_PORTRAIT_11.04.24_9001-569x1024.png 569w, https:\/\/www.q-bital.com\/wp-content\/uploads\/sites\/8\/2026\/01\/Certifi_StandardsLogos_PORTRAIT_11.04.24_9001-167x300.png 167w, https:\/\/www.q-bital.com\/wp-content\/uploads\/sites\/8\/2026\/01\/Certifi_StandardsLogos_PORTRAIT_11.04.24_9001-768x1382.png 768w, https:\/\/www.q-bital.com\/wp-content\/uploads\/sites\/8\/2026\/01\/Certifi_StandardsLogos_PORTRAIT_11.04.24_9001-853x1536.png 853w, https:\/\/www.q-bital.com\/wp-content\/uploads\/sites\/8\/2026\/01\/Certifi_StandardsLogos_PORTRAIT_11.04.24_9001-7x12.png 7w, https:\/\/www.q-bital.com\/wp-content\/uploads\/sites\/8\/2026\/01\/Certifi_StandardsLogos_PORTRAIT_11.04.24_9001.png 945w\" sizes=\"auto, (max-width: 569px) 100vw, 569px\" \/><\/figure>\n<div class=\"wp-block-media-text__content\">\n<p><strong>ISO 9001 Kalite Y\u00f6netim Akreditasyonu<\/strong><\/p>\n<p>M\u00fc\u015fteri beklentilerini a\u015fmaya ve ola\u011fan\u00fcst\u00fc hizmet sunmaya kendimizi adad\u0131k. ISO 9001 sertifikam\u0131z bu ba\u011fl\u0131l\u0131\u011f\u0131m\u0131z\u0131 peki\u015ftirerek, m\u00fc\u015fteri ihtiya\u00e7lar\u0131n\u0131 s\u00fcrekli olarak kar\u015f\u0131lad\u0131\u011f\u0131m\u0131zdan ve geri bildirimlerini aktif olarak arad\u0131\u011f\u0131m\u0131zdan emin olmam\u0131z\u0131 sa\u011flar. Bu yakla\u015f\u0131m, iyile\u015ftirme f\u0131rsatlar\u0131n\u0131 belirlememize, m\u00fc\u015fteri deneyimimizi geli\u015ftirmemize ve s\u00fcrekli olarak be\u015f y\u0131ld\u0131zl\u0131 hizmet sunmam\u0131za yard\u0131mc\u0131 olur.<\/p>\n<\/p>\n<\/p>\n<\/div>\n<\/div>\n<div class=\"wp-block-media-text is-stacked-on-mobile is-vertically-aligned-center\" style=\"grid-template-columns:25% auto\">\n<figure class=\"wp-block-media-text__media\"><img loading=\"lazy\" decoding=\"async\" width=\"569\" height=\"1024\" src=\"https:\/\/www.q-bital.com\/wp-content\/uploads\/sites\/8\/2026\/01\/Certifi_StandardsLogos_PORTRAIT_11.04.24_14001-569x1024.png\" alt=\"\" class=\"wp-image-7288 size-full\" srcset=\"https:\/\/www.q-bital.com\/wp-content\/uploads\/sites\/8\/2026\/01\/Certifi_StandardsLogos_PORTRAIT_11.04.24_14001-569x1024.png 569w, https:\/\/www.q-bital.com\/wp-content\/uploads\/sites\/8\/2026\/01\/Certifi_StandardsLogos_PORTRAIT_11.04.24_14001-167x300.png 167w, https:\/\/www.q-bital.com\/wp-content\/uploads\/sites\/8\/2026\/01\/Certifi_StandardsLogos_PORTRAIT_11.04.24_14001-768x1382.png 768w, https:\/\/www.q-bital.com\/wp-content\/uploads\/sites\/8\/2026\/01\/Certifi_StandardsLogos_PORTRAIT_11.04.24_14001-853x1536.png 853w, https:\/\/www.q-bital.com\/wp-content\/uploads\/sites\/8\/2026\/01\/Certifi_StandardsLogos_PORTRAIT_11.04.24_14001-7x12.png 7w, https:\/\/www.q-bital.com\/wp-content\/uploads\/sites\/8\/2026\/01\/Certifi_StandardsLogos_PORTRAIT_11.04.24_14001.png 945w\" sizes=\"auto, (max-width: 569px) 100vw, 569px\" \/><\/figure>\n<div class=\"wp-block-media-text__content\">\n<p><strong>ISO 14001 \u00c7evre Y\u00f6netimi Akreditasyonu<\/strong><\/p>\n<p>S\u00fcrd\u00fcr\u00fclebilirli\u011fe \u00f6ncelik veren m\u00fc\u015fterilerimiz i\u00e7in, \u00e7evresel ayak izimizi en aza indirmeye kendimizi adad\u0131\u011f\u0131m\u0131zdan emin olabilirsiniz.<\/p>\n<p>ISO 14001 sertifikam\u0131z, \u00e7evresel etkilerimizi y\u00f6netmek i\u00e7in etkili \u00f6nlemler almam\u0131z\u0131 sa\u011fl\u0131yor.<\/p>\n<\/p>\n<\/p>\n<\/div>\n<\/div>","protected":false},"excerpt":{"rendered":"<p>We know the value that certification brings to businesses and their customers, which is why we are externally audited on an annual basis against the following standards. The accreditations and certifications below are grouped by operational location for clarity. UK &amp; Ireland Cyber Essentials Plus Certification&nbsp; Cyber Essentials Plus is a UK government-backed scheme designed [&hellip;]<\/p>\n","protected":false},"author":11,"featured_media":0,"parent":0,"menu_order":0,"comment_status":"closed","ping_status":"closed","template":"","meta":{"_acf_changed":false,"footnotes":""},"class_list":["post-7284","page","type-page","status-publish","hentry"],"acf":[],"yoast_head":"<!-- This site is optimized with the Yoast SEO plugin v27.3 - https:\/\/yoast.com\/product\/yoast-seo-wordpress\/ -->\n<title>Accreditations and Certifications - Q-bital Healthcare Solutions<\/title>\n<meta name=\"robots\" content=\"index, follow, max-snippet:-1, max-image-preview:large, max-video-preview:-1\" \/>\n<link rel=\"canonical\" href=\"https:\/\/www.q-bital.com\/tr_tr\/accreditations-and-certifications\/\" \/>\n<meta property=\"og:locale\" content=\"tr_TR\" \/>\n<meta property=\"og:type\" content=\"article\" \/>\n<meta property=\"og:title\" content=\"Accreditations and Certifications - Q-bital Healthcare Solutions\" \/>\n<meta property=\"og:description\" content=\"We know the value that certification brings to businesses and their customers, which is why we are externally audited on an annual basis against the following standards. The accreditations and certifications below are grouped by operational location for clarity. UK &amp; Ireland Cyber Essentials Plus Certification&nbsp; Cyber Essentials Plus is a UK government-backed scheme designed [&hellip;]\" \/>\n<meta property=\"og:url\" content=\"https:\/\/www.q-bital.com\/tr_tr\/accreditations-and-certifications\/\" \/>\n<meta property=\"og:site_name\" content=\"Q-bital Healthcare Solutions\" \/>\n<meta property=\"article:modified_time\" content=\"2026-01-13T16:04:17+00:00\" \/>\n<meta name=\"twitter:card\" content=\"summary_large_image\" \/>\n<meta name=\"twitter:label1\" content=\"Tahmini okuma s\u00fcresi\" \/>\n\t<meta name=\"twitter:data1\" content=\"4 dakika\" \/>\n<script type=\"application\/ld+json\" class=\"yoast-schema-graph\">{\"@context\":\"https:\\\/\\\/schema.org\",\"@graph\":[{\"@type\":\"WebPage\",\"@id\":\"https:\\\/\\\/www.q-bital.com\\\/accreditations-and-certifications\\\/\",\"url\":\"https:\\\/\\\/www.q-bital.com\\\/accreditations-and-certifications\\\/\",\"name\":\"Accreditations and Certifications - Q-bital Healthcare Solutions\",\"isPartOf\":{\"@id\":\"https:\\\/\\\/www.q-bital.com\\\/#website\"},\"primaryImageOfPage\":{\"@id\":\"https:\\\/\\\/www.q-bital.com\\\/accreditations-and-certifications\\\/#primaryimage\"},\"image\":{\"@id\":\"https:\\\/\\\/www.q-bital.com\\\/accreditations-and-certifications\\\/#primaryimage\"},\"thumbnailUrl\":\"https:\\\/\\\/www.vanguardhealthcare.co.uk\\\/wp-content\\\/uploads\\\/2025\\\/03\\\/Untitled-design-2.png\",\"datePublished\":\"2025-02-12T17:18:20+00:00\",\"dateModified\":\"2026-01-13T16:04:17+00:00\",\"inLanguage\":\"tr\",\"potentialAction\":[{\"@type\":\"ReadAction\",\"target\":[\"https:\\\/\\\/www.q-bital.com\\\/accreditations-and-certifications\\\/\"]}]},{\"@type\":\"ImageObject\",\"inLanguage\":\"tr\",\"@id\":\"https:\\\/\\\/www.q-bital.com\\\/accreditations-and-certifications\\\/#primaryimage\",\"url\":\"https:\\\/\\\/www.vanguardhealthcare.co.uk\\\/wp-content\\\/uploads\\\/2025\\\/03\\\/Untitled-design-2.png\",\"contentUrl\":\"https:\\\/\\\/www.vanguardhealthcare.co.uk\\\/wp-content\\\/uploads\\\/2025\\\/03\\\/Untitled-design-2.png\"},{\"@type\":\"WebSite\",\"@id\":\"https:\\\/\\\/www.q-bital.com\\\/#website\",\"url\":\"https:\\\/\\\/www.q-bital.com\\\/\",\"name\":\"Q-bital Healthcare Solutions\",\"description\":\"\",\"potentialAction\":[{\"@type\":\"SearchAction\",\"target\":{\"@type\":\"EntryPoint\",\"urlTemplate\":\"https:\\\/\\\/www.q-bital.com\\\/?s={search_term_string}\"},\"query-input\":{\"@type\":\"PropertyValueSpecification\",\"valueRequired\":true,\"valueName\":\"search_term_string\"}}],\"inLanguage\":\"tr\"}]}<\/script>\n<!-- \/ Yoast SEO plugin. -->","yoast_head_json":{"title":"Akreditasyonlar ve Sertifikalar - Q-bital Sa\u011fl\u0131k \u00c7\u00f6z\u00fcmleri","robots":{"index":"index","follow":"follow","max-snippet":"max-snippet:-1","max-image-preview":"max-image-preview:large","max-video-preview":"max-video-preview:-1"},"canonical":"https:\/\/www.q-bital.com\/tr_tr\/accreditations-and-certifications\/","og_locale":"tr_TR","og_type":"article","og_title":"Accreditations and Certifications - Q-bital Healthcare Solutions","og_description":"We know the value that certification brings to businesses and their customers, which is why we are externally audited on an annual basis against the following standards. The accreditations and certifications below are grouped by operational location for clarity. UK &amp; Ireland Cyber Essentials Plus Certification&nbsp; Cyber Essentials Plus is a UK government-backed scheme designed [&hellip;]","og_url":"https:\/\/www.q-bital.com\/tr_tr\/accreditations-and-certifications\/","og_site_name":"Q-bital Healthcare Solutions","article_modified_time":"2026-01-13T16:04:17+00:00","twitter_card":"summary_large_image","twitter_misc":{"Tahmini okuma s\u00fcresi":"4 dakika"},"schema":{"@context":"https:\/\/schema.org","@graph":[{"@type":"WebPage","@id":"https:\/\/www.q-bital.com\/accreditations-and-certifications\/","url":"https:\/\/www.q-bital.com\/accreditations-and-certifications\/","name":"Akreditasyonlar ve Sertifikalar - Q-bital Sa\u011fl\u0131k \u00c7\u00f6z\u00fcmleri","isPartOf":{"@id":"https:\/\/www.q-bital.com\/#website"},"primaryImageOfPage":{"@id":"https:\/\/www.q-bital.com\/accreditations-and-certifications\/#primaryimage"},"image":{"@id":"https:\/\/www.q-bital.com\/accreditations-and-certifications\/#primaryimage"},"thumbnailUrl":"https:\/\/www.vanguardhealthcare.co.uk\/wp-content\/uploads\/2025\/03\/Untitled-design-2.png","datePublished":"2025-02-12T17:18:20+00:00","dateModified":"2026-01-13T16:04:17+00:00","inLanguage":"tr","potentialAction":[{"@type":"ReadAction","target":["https:\/\/www.q-bital.com\/accreditations-and-certifications\/"]}]},{"@type":"ImageObject","inLanguage":"tr","@id":"https:\/\/www.q-bital.com\/accreditations-and-certifications\/#primaryimage","url":"https:\/\/www.vanguardhealthcare.co.uk\/wp-content\/uploads\/2025\/03\/Untitled-design-2.png","contentUrl":"https:\/\/www.vanguardhealthcare.co.uk\/wp-content\/uploads\/2025\/03\/Untitled-design-2.png"},{"@type":"WebSite","@id":"https:\/\/www.q-bital.com\/#website","url":"https:\/\/www.q-bital.com\/","name":"Q-bital Healthcare Solutions","description":"","potentialAction":[{"@type":"SearchAction","target":{"@type":"EntryPoint","urlTemplate":"https:\/\/www.q-bital.com\/?s={search_term_string}"},"query-input":{"@type":"PropertyValueSpecification","valueRequired":true,"valueName":"search_term_string"}}],"inLanguage":"tr"}]}},"_links":{"self":[{"href":"https:\/\/www.q-bital.com\/tr_tr\/wp-json\/wp\/v2\/pages\/7284","targetHints":{"allow":["GET"]}}],"collection":[{"href":"https:\/\/www.q-bital.com\/tr_tr\/wp-json\/wp\/v2\/pages"}],"about":[{"href":"https:\/\/www.q-bital.com\/tr_tr\/wp-json\/wp\/v2\/types\/page"}],"author":[{"embeddable":true,"href":"https:\/\/www.q-bital.com\/tr_tr\/wp-json\/wp\/v2\/users\/11"}],"replies":[{"embeddable":true,"href":"https:\/\/www.q-bital.com\/tr_tr\/wp-json\/wp\/v2\/comments?post=7284"}],"version-history":[{"count":0,"href":"https:\/\/www.q-bital.com\/tr_tr\/wp-json\/wp\/v2\/pages\/7284\/revisions"}],"wp:attachment":[{"href":"https:\/\/www.q-bital.com\/tr_tr\/wp-json\/wp\/v2\/media?parent=7284"}],"curies":[{"name":"wp","href":"https:\/\/api.w.org\/{rel}","templated":true}]}}